{"id":35671,"date":"2018-08-07T10:51:40","date_gmt":"2018-08-07T08:51:40","guid":{"rendered":"https:\/\/choketopus.com\/produkt\/v-leggings-by-kamila-pavlickova-purple\/"},"modified":"2018-08-07T10:51:40","modified_gmt":"2018-08-07T08:51:40","slug":"v-leggings-by-kamila-pavlickova-purple","status":"publish","type":"product","link":"https:\/\/choketopus.com\/en\/produkt\/v-leggings-by-kamila-pavlickova-purple\/","title":{"rendered":"V LEGGINGS &#8211; by Kamila Pavl\u00ed\u010dkov\u00e1 &#8211; Purple"},"content":{"rendered":"<p>In these amazing V-waist leggings, your leg muscles and glutes will be extra prominent, thanks to the push-up ruching! We collaborated with Kamila Pavl\u00ed\u010dkov\u00e1 on this exceptional piece of clothing, from the graphic design to the cut and materials. If you work out, these leggings are a must-have for your gym gear! Available in light beige, mint, and purple colors!<\/p>\n<ul>\n<li>Compression wear is suitable as a base layer for most sports.<\/li>\n<li>Wicks away sweat and keeps your skin dry.<\/li>\n<li>Helps the body regulate temperature and prevent muscle injuries.<\/li>\n<li>Serves as a warm base layer in cold temperatures.<\/li>\n<li>Protects against abrasions and skin burns.<\/li>\n<li>Made from comfortable, elastic, yet durable material.<\/li>\n<li>High V-waist<\/li>\n<li>Push-up ruching effect<\/li>\n<li>Non-transparent<\/li>\n<\/ul>\n","protected":false},"excerpt":{"rendered":"<p>In these amazing V-waist leggings, your leg muscles and glutes will be extra prominent, thanks to the push-up ruching! We collaborated with Kamila Pavl\u00ed\u010dkov\u00e1 on this exceptional piece of clothing, from the graphic design to the cut and materials. If you work out, these leggings are a must-have for your gym gear! Available in light beige, mint, and purple colors!<\/p>\n","protected":false},"featured_media":30399,"comment_status":"open","ping_status":"closed","template":"","meta":[],"product_brand":[],"product_cat":[845,885,886,158,846],"product_tag":[181,176,180],"class_list":{"0":"post-35671","1":"product","2":"type-product","3":"status-publish","4":"has-post-thumbnail","6":"product_cat-clearance-sale","7":"product_cat-retro-week","8":"product_cat-retro-womens","9":"product_cat-women","10":"product_cat-womens-clearance","11":"product_tag-fitness-en","12":"product_tag-running","13":"product_tag-yoga","14":"description-off","16":"first","17":"instock","18":"sale","19":"taxable","20":"shipping-taxable","21":"purchasable","22":"product-type-variable","23":"has-default-attributes"},"yoast_head":"<!-- This site is optimized with the Yoast SEO plugin v27.4 - https:\/\/yoast.com\/product\/yoast-seo-wordpress\/ -->\n<title>V LEGGINGS - by Kamila Pavl\u00ed\u010dkov\u00e1 - Purple - Choketopus.com<\/title>\n<meta name=\"robots\" content=\"index, follow, max-snippet:-1, max-image-preview:large, max-video-preview:-1\" \/>\n<link rel=\"canonical\" href=\"https:\/\/choketopus.com\/en\/produkt\/v-leggings-by-kamila-pavlickova-purple\/\" \/>\n<meta property=\"og:locale\" content=\"en_US\" \/>\n<meta property=\"og:type\" content=\"article\" \/>\n<meta property=\"og:title\" content=\"V LEGGINGS - by Kamila Pavl\u00ed\u010dkov\u00e1 - Purple - Choketopus.com\" \/>\n<meta property=\"og:description\" content=\"In these amazing V-waist leggings, your leg muscles and glutes will be extra prominent, thanks to the push-up ruching! We collaborated with Kamila Pavl\u00ed\u010dkov\u00e1 on this exceptional piece of clothing, from the graphic design to the cut and materials. If you work out, these leggings are a must-have for your gym gear! Available in light beige, mint, and purple colors!\" \/>\n<meta property=\"og:url\" content=\"https:\/\/choketopus.com\/en\/produkt\/v-leggings-by-kamila-pavlickova-purple\/\" \/>\n<meta property=\"og:site_name\" content=\"Choketopus.com\" \/>\n<meta property=\"article:publisher\" content=\"https:\/\/www.facebook.com\/choketopus\/\" \/>\n<meta property=\"og:image\" content=\"https:\/\/choketopus.com\/wp-content\/uploads\/2018\/08\/KAMILA_filove_front_f1f1f1.jpg\" \/>\n\t<meta property=\"og:image:width\" content=\"417\" \/>\n\t<meta property=\"og:image:height\" content=\"545\" \/>\n\t<meta property=\"og:image:type\" content=\"image\/jpeg\" \/>\n<meta name=\"twitter:card\" content=\"summary_large_image\" \/>\n<meta name=\"twitter:site\" content=\"@choketopus\" \/>\n<meta name=\"twitter:label1\" content=\"Est. reading time\" \/>\n\t<meta name=\"twitter:data1\" content=\"1 minute\" \/>\n<script type=\"application\/ld+json\" class=\"yoast-schema-graph\">{\"@context\":\"https:\\\/\\\/schema.org\",\"@graph\":[{\"@type\":\"WebPage\",\"@id\":\"https:\\\/\\\/choketopus.com\\\/en\\\/produkt\\\/v-leggings-by-kamila-pavlickova-purple\\\/\",\"url\":\"https:\\\/\\\/choketopus.com\\\/en\\\/produkt\\\/v-leggings-by-kamila-pavlickova-purple\\\/\",\"name\":\"V LEGGINGS - by Kamila Pavl\u00ed\u010dkov\u00e1 - Purple - Choketopus.com\",\"isPartOf\":{\"@id\":\"https:\\\/\\\/choketopus.com\\\/#website\"},\"primaryImageOfPage\":{\"@id\":\"https:\\\/\\\/choketopus.com\\\/en\\\/produkt\\\/v-leggings-by-kamila-pavlickova-purple\\\/#primaryimage\"},\"image\":{\"@id\":\"https:\\\/\\\/choketopus.com\\\/en\\\/produkt\\\/v-leggings-by-kamila-pavlickova-purple\\\/#primaryimage\"},\"thumbnailUrl\":\"https:\\\/\\\/choketopus.com\\\/wp-content\\\/uploads\\\/2018\\\/08\\\/KAMILA_filove_front_f1f1f1.jpg\",\"datePublished\":\"2018-08-07T08:51:40+00:00\",\"breadcrumb\":{\"@id\":\"https:\\\/\\\/choketopus.com\\\/en\\\/produkt\\\/v-leggings-by-kamila-pavlickova-purple\\\/#breadcrumb\"},\"inLanguage\":\"en-US\",\"potentialAction\":[{\"@type\":\"ReadAction\",\"target\":[\"https:\\\/\\\/choketopus.com\\\/en\\\/produkt\\\/v-leggings-by-kamila-pavlickova-purple\\\/\"]}]},{\"@type\":\"ImageObject\",\"inLanguage\":\"en-US\",\"@id\":\"https:\\\/\\\/choketopus.com\\\/en\\\/produkt\\\/v-leggings-by-kamila-pavlickova-purple\\\/#primaryimage\",\"url\":\"https:\\\/\\\/choketopus.com\\\/wp-content\\\/uploads\\\/2018\\\/08\\\/KAMILA_filove_front_f1f1f1.jpg\",\"contentUrl\":\"https:\\\/\\\/choketopus.com\\\/wp-content\\\/uploads\\\/2018\\\/08\\\/KAMILA_filove_front_f1f1f1.jpg\",\"width\":\"417\",\"height\":\"545\"},{\"@type\":\"BreadcrumbList\",\"@id\":\"https:\\\/\\\/choketopus.com\\\/en\\\/produkt\\\/v-leggings-by-kamila-pavlickova-purple\\\/#breadcrumb\",\"itemListElement\":[{\"@type\":\"ListItem\",\"position\":1,\"name\":\"Dom\u016f\",\"item\":\"https:\\\/\\\/choketopus.com\\\/en\\\/\"},{\"@type\":\"ListItem\",\"position\":2,\"name\":\"Shop\",\"item\":\"https:\\\/\\\/choketopus.com\\\/shop\\\/\"},{\"@type\":\"ListItem\",\"position\":3,\"name\":\"V LEGGINGS &#8211; by Kamila Pavl\u00ed\u010dkov\u00e1 &#8211; Purple\"}]},{\"@type\":\"WebSite\",\"@id\":\"https:\\\/\\\/choketopus.com\\\/#website\",\"url\":\"https:\\\/\\\/choketopus.com\\\/\",\"name\":\"Choketopus.com\",\"description\":\"Original clothing for submissions and choking\",\"publisher\":{\"@id\":\"https:\\\/\\\/choketopus.com\\\/#organization\"},\"potentialAction\":[{\"@type\":\"SearchAction\",\"target\":{\"@type\":\"EntryPoint\",\"urlTemplate\":\"https:\\\/\\\/choketopus.com\\\/?s={search_term_string}\"},\"query-input\":{\"@type\":\"PropertyValueSpecification\",\"valueRequired\":true,\"valueName\":\"search_term_string\"}}],\"inLanguage\":\"en-US\"},{\"@type\":\"Organization\",\"@id\":\"https:\\\/\\\/choketopus.com\\\/#organization\",\"name\":\"Rashguard.cz s.r.o.\",\"url\":\"https:\\\/\\\/choketopus.com\\\/\",\"logo\":{\"@type\":\"ImageObject\",\"inLanguage\":\"en-US\",\"@id\":\"https:\\\/\\\/choketopus.com\\\/#\\\/schema\\\/logo\\\/image\\\/\",\"url\":\"\",\"contentUrl\":\"\",\"caption\":\"Rashguard.cz s.r.o.\"},\"image\":{\"@id\":\"https:\\\/\\\/choketopus.com\\\/#\\\/schema\\\/logo\\\/image\\\/\"},\"sameAs\":[\"https:\\\/\\\/www.facebook.com\\\/choketopus\\\/\",\"https:\\\/\\\/x.com\\\/choketopus\"]}]}<\/script>\n<!-- \/ Yoast SEO plugin. -->","yoast_head_json":{"title":"V LEGGINGS - by Kamila Pavl\u00ed\u010dkov\u00e1 - Purple - Choketopus.com","robots":{"index":"index","follow":"follow","max-snippet":"max-snippet:-1","max-image-preview":"max-image-preview:large","max-video-preview":"max-video-preview:-1"},"canonical":"https:\/\/choketopus.com\/en\/produkt\/v-leggings-by-kamila-pavlickova-purple\/","og_locale":"en_US","og_type":"article","og_title":"V LEGGINGS - by Kamila Pavl\u00ed\u010dkov\u00e1 - Purple - Choketopus.com","og_description":"In these amazing V-waist leggings, your leg muscles and glutes will be extra prominent, thanks to the push-up ruching! We collaborated with Kamila Pavl\u00ed\u010dkov\u00e1 on this exceptional piece of clothing, from the graphic design to the cut and materials. If you work out, these leggings are a must-have for your gym gear! Available in light beige, mint, and purple colors!","og_url":"https:\/\/choketopus.com\/en\/produkt\/v-leggings-by-kamila-pavlickova-purple\/","og_site_name":"Choketopus.com","article_publisher":"https:\/\/www.facebook.com\/choketopus\/","og_image":[{"width":417,"height":545,"url":"https:\/\/choketopus.com\/wp-content\/uploads\/2018\/08\/KAMILA_filove_front_f1f1f1.jpg","type":"image\/jpeg"}],"twitter_card":"summary_large_image","twitter_site":"@choketopus","twitter_misc":{"Est. reading time":"1 minute"},"schema":{"@context":"https:\/\/schema.org","@graph":[{"@type":"WebPage","@id":"https:\/\/choketopus.com\/en\/produkt\/v-leggings-by-kamila-pavlickova-purple\/","url":"https:\/\/choketopus.com\/en\/produkt\/v-leggings-by-kamila-pavlickova-purple\/","name":"V LEGGINGS - by Kamila Pavl\u00ed\u010dkov\u00e1 - Purple - Choketopus.com","isPartOf":{"@id":"https:\/\/choketopus.com\/#website"},"primaryImageOfPage":{"@id":"https:\/\/choketopus.com\/en\/produkt\/v-leggings-by-kamila-pavlickova-purple\/#primaryimage"},"image":{"@id":"https:\/\/choketopus.com\/en\/produkt\/v-leggings-by-kamila-pavlickova-purple\/#primaryimage"},"thumbnailUrl":"https:\/\/choketopus.com\/wp-content\/uploads\/2018\/08\/KAMILA_filove_front_f1f1f1.jpg","datePublished":"2018-08-07T08:51:40+00:00","breadcrumb":{"@id":"https:\/\/choketopus.com\/en\/produkt\/v-leggings-by-kamila-pavlickova-purple\/#breadcrumb"},"inLanguage":"en-US","potentialAction":[{"@type":"ReadAction","target":["https:\/\/choketopus.com\/en\/produkt\/v-leggings-by-kamila-pavlickova-purple\/"]}]},{"@type":"ImageObject","inLanguage":"en-US","@id":"https:\/\/choketopus.com\/en\/produkt\/v-leggings-by-kamila-pavlickova-purple\/#primaryimage","url":"https:\/\/choketopus.com\/wp-content\/uploads\/2018\/08\/KAMILA_filove_front_f1f1f1.jpg","contentUrl":"https:\/\/choketopus.com\/wp-content\/uploads\/2018\/08\/KAMILA_filove_front_f1f1f1.jpg","width":"417","height":"545"},{"@type":"BreadcrumbList","@id":"https:\/\/choketopus.com\/en\/produkt\/v-leggings-by-kamila-pavlickova-purple\/#breadcrumb","itemListElement":[{"@type":"ListItem","position":1,"name":"Dom\u016f","item":"https:\/\/choketopus.com\/en\/"},{"@type":"ListItem","position":2,"name":"Shop","item":"https:\/\/choketopus.com\/shop\/"},{"@type":"ListItem","position":3,"name":"V LEGGINGS &#8211; by Kamila Pavl\u00ed\u010dkov\u00e1 &#8211; Purple"}]},{"@type":"WebSite","@id":"https:\/\/choketopus.com\/#website","url":"https:\/\/choketopus.com\/","name":"Choketopus.com","description":"Original clothing for submissions and choking","publisher":{"@id":"https:\/\/choketopus.com\/#organization"},"potentialAction":[{"@type":"SearchAction","target":{"@type":"EntryPoint","urlTemplate":"https:\/\/choketopus.com\/?s={search_term_string}"},"query-input":{"@type":"PropertyValueSpecification","valueRequired":true,"valueName":"search_term_string"}}],"inLanguage":"en-US"},{"@type":"Organization","@id":"https:\/\/choketopus.com\/#organization","name":"Rashguard.cz s.r.o.","url":"https:\/\/choketopus.com\/","logo":{"@type":"ImageObject","inLanguage":"en-US","@id":"https:\/\/choketopus.com\/#\/schema\/logo\/image\/","url":"","contentUrl":"","caption":"Rashguard.cz s.r.o."},"image":{"@id":"https:\/\/choketopus.com\/#\/schema\/logo\/image\/"},"sameAs":["https:\/\/www.facebook.com\/choketopus\/","https:\/\/x.com\/choketopus"]}]}},"_links":{"self":[{"href":"https:\/\/choketopus.com\/en\/wp-json\/wp\/v2\/product\/35671","targetHints":{"allow":["GET"]}}],"collection":[{"href":"https:\/\/choketopus.com\/en\/wp-json\/wp\/v2\/product"}],"about":[{"href":"https:\/\/choketopus.com\/en\/wp-json\/wp\/v2\/types\/product"}],"replies":[{"embeddable":true,"href":"https:\/\/choketopus.com\/en\/wp-json\/wp\/v2\/comments?post=35671"}],"wp:featuredmedia":[{"embeddable":true,"href":"https:\/\/choketopus.com\/en\/wp-json\/wp\/v2\/media\/30399"}],"wp:attachment":[{"href":"https:\/\/choketopus.com\/en\/wp-json\/wp\/v2\/media?parent=35671"}],"wp:term":[{"taxonomy":"product_brand","embeddable":true,"href":"https:\/\/choketopus.com\/en\/wp-json\/wp\/v2\/product_brand?post=35671"},{"taxonomy":"product_cat","embeddable":true,"href":"https:\/\/choketopus.com\/en\/wp-json\/wp\/v2\/product_cat?post=35671"},{"taxonomy":"product_tag","embeddable":true,"href":"https:\/\/choketopus.com\/en\/wp-json\/wp\/v2\/product_tag?post=35671"}],"curies":[{"name":"wp","href":"https:\/\/api.w.org\/{rel}","templated":true}]}}