{"id":43398,"date":"2025-10-20T07:52:43","date_gmt":"2025-10-20T05:52:43","guid":{"rendered":"https:\/\/choketopus.com\/?post_type=product&#038;p=43398"},"modified":"2025-11-27T18:47:09","modified_gmt":"2025-11-27T17:47:09","slug":"dragon-herren-leggings-kopirovat-2","status":"publish","type":"product","link":"https:\/\/choketopus.com\/de\/produkt\/dragon-herren-leggings-kopirovat-2\/","title":{"rendered":"FLOWERS \/ Herren-Leggings"},"content":{"rendered":"<p>Originelles Design. Perfektes Material. Kompromisslose Qualit\u00e4t. In diesem wirst du ringen wie ein Traum.<\/p>\n<ul>\n<li>Kompressionsunterw\u00e4sche eignet sich als unterste Schicht f\u00fcr die meisten Sportarten.<\/li>\n<li>Sie leitet Schwei\u00df ab und h\u00e4lt die Haut trocken.<\/li>\n<li>Sie hilft dem K\u00f6rper, die Temperatur zu regulieren und Muskelverletzungen vorzubeugen.<\/li>\n<li>Bei niedrigen Temperaturen dient sie als untere W\u00e4rme-Schicht.<\/li>\n<li>Sie sch\u00fctzt vor Absch\u00fcrfungen und Sonnenbrand.<\/li>\n<li>Es besteht aus angenehmem, elastischem, aber dennoch robustem Material.<\/li>\n<\/ul>\n","protected":false},"excerpt":{"rendered":"<p data-start=\"50\" data-end=\"70\"><strong data-start=\"50\" data-end=\"70\">Flowers Leggings<\/strong><\/p>\n<p data-start=\"72\" data-end=\"353\">Sie leiten Schwei\u00df ab, sch\u00fctzen die Haut vor Kratzern und erm\u00f6glichen v\u00f6llige Bewegungsfreiheit. Damit eignen sie sich nicht nur f\u00fcrs Grappling, sondern auch f\u00fcr Yoga, das Fitnessstudio oder sogar f\u00fcr die Berge\u2026 einfach \u00fcberall dort, wo man ein hochwertiges Kleidungsst\u00fcck braucht.<\/p>\n<p data-start=\"355\" data-end=\"555\" data-is-last-node=\"\" data-is-only-node=\"\">Und das Design? Auf den ersten Blick zart, in Wirklichkeit gemacht f\u00fcr harte Trainings. Goldene Blumen, die selbst nach hunderten Rolls nicht verwelken. Eine Kollektion, die St\u00e4rke und Detail vereint.<\/p>\n","protected":false},"featured_media":43612,"comment_status":"open","ping_status":"closed","template":"","meta":[],"product_brand":[],"product_cat":[977,559,627,610],"product_tag":[],"class_list":{"0":"post-43398","1":"product","2":"type-product","3":"status-publish","4":"has-post-thumbnail","6":"product_cat-flowers","7":"product_cat-herren","8":"product_cat-herren-leggings","9":"product_cat-neue-kollektion","10":"description-off","12":"first","13":"instock","14":"taxable","15":"shipping-taxable","16":"purchasable","17":"product-type-variable"},"yoast_head":"<!-- This site is optimized with the Yoast SEO plugin v27.5 - https:\/\/yoast.com\/product\/yoast-seo-wordpress\/ -->\n<title>FLOWERS \/ Herren-Leggings - Choketopus.com<\/title>\n<meta name=\"robots\" content=\"index, follow, max-snippet:-1, max-image-preview:large, max-video-preview:-1\" \/>\n<link rel=\"canonical\" href=\"https:\/\/choketopus.com\/de\/produkt\/dragon-herren-leggings-kopirovat-2\/\" \/>\n<meta property=\"og:locale\" content=\"de_DE\" \/>\n<meta property=\"og:type\" content=\"article\" \/>\n<meta property=\"og:title\" content=\"FLOWERS \/ Herren-Leggings - Choketopus.com\" \/>\n<meta property=\"og:description\" content=\"Flowers Leggings Sie leiten Schwei\u00df ab, sch\u00fctzen die Haut vor Kratzern und erm\u00f6glichen v\u00f6llige Bewegungsfreiheit. Damit eignen sie sich nicht nur f\u00fcrs Grappling, sondern auch f\u00fcr Yoga, das Fitnessstudio oder sogar f\u00fcr die Berge\u2026 einfach \u00fcberall dort, wo man ein hochwertiges Kleidungsst\u00fcck braucht. Und das Design? Auf den ersten Blick zart, in Wirklichkeit gemacht f\u00fcr harte Trainings. Goldene Blumen, die selbst nach hunderten Rolls nicht verwelken. Eine Kollektion, die St\u00e4rke und Detail vereint.\" \/>\n<meta property=\"og:url\" content=\"https:\/\/choketopus.com\/de\/produkt\/dragon-herren-leggings-kopirovat-2\/\" \/>\n<meta property=\"og:site_name\" content=\"Choketopus.com\" \/>\n<meta property=\"article:publisher\" content=\"https:\/\/www.facebook.com\/choketopus\/\" \/>\n<meta property=\"article:modified_time\" content=\"2025-11-27T17:47:09+00:00\" \/>\n<meta property=\"og:image\" content=\"https:\/\/choketopus.com\/wp-content\/uploads\/2025\/10\/ngdbfgsa.png\" \/>\n\t<meta property=\"og:image:width\" content=\"459\" \/>\n\t<meta property=\"og:image:height\" content=\"600\" \/>\n\t<meta property=\"og:image:type\" content=\"image\/png\" \/>\n<meta name=\"twitter:card\" content=\"summary_large_image\" \/>\n<meta name=\"twitter:site\" content=\"@choketopus\" \/>\n<meta name=\"twitter:label1\" content=\"Gesch\u00e4tzte Lesezeit\" \/>\n\t<meta name=\"twitter:data1\" content=\"1\u00a0Minute\" \/>\n<script type=\"application\/ld+json\" class=\"yoast-schema-graph\">{\"@context\":\"https:\\\/\\\/schema.org\",\"@graph\":[{\"@type\":\"WebPage\",\"@id\":\"https:\\\/\\\/choketopus.com\\\/de\\\/produkt\\\/dragon-herren-leggings-kopirovat-2\\\/\",\"url\":\"https:\\\/\\\/choketopus.com\\\/de\\\/produkt\\\/dragon-herren-leggings-kopirovat-2\\\/\",\"name\":\"FLOWERS \\\/ Herren-Leggings - Choketopus.com\",\"isPartOf\":{\"@id\":\"https:\\\/\\\/choketopus.com\\\/#website\"},\"primaryImageOfPage\":{\"@id\":\"https:\\\/\\\/choketopus.com\\\/de\\\/produkt\\\/dragon-herren-leggings-kopirovat-2\\\/#primaryimage\"},\"image\":{\"@id\":\"https:\\\/\\\/choketopus.com\\\/de\\\/produkt\\\/dragon-herren-leggings-kopirovat-2\\\/#primaryimage\"},\"thumbnailUrl\":\"https:\\\/\\\/choketopus.com\\\/wp-content\\\/uploads\\\/2025\\\/10\\\/ngdbfgsa.png\",\"datePublished\":\"2025-10-20T05:52:43+00:00\",\"dateModified\":\"2025-11-27T17:47:09+00:00\",\"breadcrumb\":{\"@id\":\"https:\\\/\\\/choketopus.com\\\/de\\\/produkt\\\/dragon-herren-leggings-kopirovat-2\\\/#breadcrumb\"},\"inLanguage\":\"de\",\"potentialAction\":[{\"@type\":\"ReadAction\",\"target\":[\"https:\\\/\\\/choketopus.com\\\/de\\\/produkt\\\/dragon-herren-leggings-kopirovat-2\\\/\"]}]},{\"@type\":\"ImageObject\",\"inLanguage\":\"de\",\"@id\":\"https:\\\/\\\/choketopus.com\\\/de\\\/produkt\\\/dragon-herren-leggings-kopirovat-2\\\/#primaryimage\",\"url\":\"https:\\\/\\\/choketopus.com\\\/wp-content\\\/uploads\\\/2025\\\/10\\\/ngdbfgsa.png\",\"contentUrl\":\"https:\\\/\\\/choketopus.com\\\/wp-content\\\/uploads\\\/2025\\\/10\\\/ngdbfgsa.png\",\"width\":459,\"height\":600},{\"@type\":\"BreadcrumbList\",\"@id\":\"https:\\\/\\\/choketopus.com\\\/de\\\/produkt\\\/dragon-herren-leggings-kopirovat-2\\\/#breadcrumb\",\"itemListElement\":[{\"@type\":\"ListItem\",\"position\":1,\"name\":\"Dom\u016f\",\"item\":\"https:\\\/\\\/choketopus.com\\\/de\\\/\"},{\"@type\":\"ListItem\",\"position\":2,\"name\":\"Obchod\",\"item\":\"https:\\\/\\\/choketopus.com\\\/de\\\/obchod\\\/\"},{\"@type\":\"ListItem\",\"position\":3,\"name\":\"FLOWERS \\\/ Herren-Leggings\"}]},{\"@type\":\"WebSite\",\"@id\":\"https:\\\/\\\/choketopus.com\\\/#website\",\"url\":\"https:\\\/\\\/choketopus.com\\\/\",\"name\":\"Choketopus.com\",\"description\":\"Original clothing for submissions and choking\",\"publisher\":{\"@id\":\"https:\\\/\\\/choketopus.com\\\/#organization\"},\"potentialAction\":[{\"@type\":\"SearchAction\",\"target\":{\"@type\":\"EntryPoint\",\"urlTemplate\":\"https:\\\/\\\/choketopus.com\\\/?s={search_term_string}\"},\"query-input\":{\"@type\":\"PropertyValueSpecification\",\"valueRequired\":true,\"valueName\":\"search_term_string\"}}],\"inLanguage\":\"de\"},{\"@type\":\"Organization\",\"@id\":\"https:\\\/\\\/choketopus.com\\\/#organization\",\"name\":\"Rashguard.cz s.r.o.\",\"url\":\"https:\\\/\\\/choketopus.com\\\/\",\"logo\":{\"@type\":\"ImageObject\",\"inLanguage\":\"de\",\"@id\":\"https:\\\/\\\/choketopus.com\\\/#\\\/schema\\\/logo\\\/image\\\/\",\"url\":\"\",\"contentUrl\":\"\",\"caption\":\"Rashguard.cz s.r.o.\"},\"image\":{\"@id\":\"https:\\\/\\\/choketopus.com\\\/#\\\/schema\\\/logo\\\/image\\\/\"},\"sameAs\":[\"https:\\\/\\\/www.facebook.com\\\/choketopus\\\/\",\"https:\\\/\\\/x.com\\\/choketopus\"]}]}<\/script>\n<!-- \/ Yoast SEO plugin. -->","yoast_head_json":{"title":"FLOWERS \/ Herren-Leggings - Choketopus.com","robots":{"index":"index","follow":"follow","max-snippet":"max-snippet:-1","max-image-preview":"max-image-preview:large","max-video-preview":"max-video-preview:-1"},"canonical":"https:\/\/choketopus.com\/de\/produkt\/dragon-herren-leggings-kopirovat-2\/","og_locale":"de_DE","og_type":"article","og_title":"FLOWERS \/ Herren-Leggings - Choketopus.com","og_description":"Flowers Leggings Sie leiten Schwei\u00df ab, sch\u00fctzen die Haut vor Kratzern und erm\u00f6glichen v\u00f6llige Bewegungsfreiheit. Damit eignen sie sich nicht nur f\u00fcrs Grappling, sondern auch f\u00fcr Yoga, das Fitnessstudio oder sogar f\u00fcr die Berge\u2026 einfach \u00fcberall dort, wo man ein hochwertiges Kleidungsst\u00fcck braucht. Und das Design? Auf den ersten Blick zart, in Wirklichkeit gemacht f\u00fcr harte Trainings. Goldene Blumen, die selbst nach hunderten Rolls nicht verwelken. Eine Kollektion, die St\u00e4rke und Detail vereint.","og_url":"https:\/\/choketopus.com\/de\/produkt\/dragon-herren-leggings-kopirovat-2\/","og_site_name":"Choketopus.com","article_publisher":"https:\/\/www.facebook.com\/choketopus\/","article_modified_time":"2025-11-27T17:47:09+00:00","og_image":[{"width":459,"height":600,"url":"https:\/\/choketopus.com\/wp-content\/uploads\/2025\/10\/ngdbfgsa.png","type":"image\/png"}],"twitter_card":"summary_large_image","twitter_site":"@choketopus","twitter_misc":{"Gesch\u00e4tzte Lesezeit":"1\u00a0Minute"},"schema":{"@context":"https:\/\/schema.org","@graph":[{"@type":"WebPage","@id":"https:\/\/choketopus.com\/de\/produkt\/dragon-herren-leggings-kopirovat-2\/","url":"https:\/\/choketopus.com\/de\/produkt\/dragon-herren-leggings-kopirovat-2\/","name":"FLOWERS \/ Herren-Leggings - Choketopus.com","isPartOf":{"@id":"https:\/\/choketopus.com\/#website"},"primaryImageOfPage":{"@id":"https:\/\/choketopus.com\/de\/produkt\/dragon-herren-leggings-kopirovat-2\/#primaryimage"},"image":{"@id":"https:\/\/choketopus.com\/de\/produkt\/dragon-herren-leggings-kopirovat-2\/#primaryimage"},"thumbnailUrl":"https:\/\/choketopus.com\/wp-content\/uploads\/2025\/10\/ngdbfgsa.png","datePublished":"2025-10-20T05:52:43+00:00","dateModified":"2025-11-27T17:47:09+00:00","breadcrumb":{"@id":"https:\/\/choketopus.com\/de\/produkt\/dragon-herren-leggings-kopirovat-2\/#breadcrumb"},"inLanguage":"de","potentialAction":[{"@type":"ReadAction","target":["https:\/\/choketopus.com\/de\/produkt\/dragon-herren-leggings-kopirovat-2\/"]}]},{"@type":"ImageObject","inLanguage":"de","@id":"https:\/\/choketopus.com\/de\/produkt\/dragon-herren-leggings-kopirovat-2\/#primaryimage","url":"https:\/\/choketopus.com\/wp-content\/uploads\/2025\/10\/ngdbfgsa.png","contentUrl":"https:\/\/choketopus.com\/wp-content\/uploads\/2025\/10\/ngdbfgsa.png","width":459,"height":600},{"@type":"BreadcrumbList","@id":"https:\/\/choketopus.com\/de\/produkt\/dragon-herren-leggings-kopirovat-2\/#breadcrumb","itemListElement":[{"@type":"ListItem","position":1,"name":"Dom\u016f","item":"https:\/\/choketopus.com\/de\/"},{"@type":"ListItem","position":2,"name":"Obchod","item":"https:\/\/choketopus.com\/de\/obchod\/"},{"@type":"ListItem","position":3,"name":"FLOWERS \/ Herren-Leggings"}]},{"@type":"WebSite","@id":"https:\/\/choketopus.com\/#website","url":"https:\/\/choketopus.com\/","name":"Choketopus.com","description":"Original clothing for submissions and choking","publisher":{"@id":"https:\/\/choketopus.com\/#organization"},"potentialAction":[{"@type":"SearchAction","target":{"@type":"EntryPoint","urlTemplate":"https:\/\/choketopus.com\/?s={search_term_string}"},"query-input":{"@type":"PropertyValueSpecification","valueRequired":true,"valueName":"search_term_string"}}],"inLanguage":"de"},{"@type":"Organization","@id":"https:\/\/choketopus.com\/#organization","name":"Rashguard.cz s.r.o.","url":"https:\/\/choketopus.com\/","logo":{"@type":"ImageObject","inLanguage":"de","@id":"https:\/\/choketopus.com\/#\/schema\/logo\/image\/","url":"","contentUrl":"","caption":"Rashguard.cz s.r.o."},"image":{"@id":"https:\/\/choketopus.com\/#\/schema\/logo\/image\/"},"sameAs":["https:\/\/www.facebook.com\/choketopus\/","https:\/\/x.com\/choketopus"]}]}},"_links":{"self":[{"href":"https:\/\/choketopus.com\/de\/wp-json\/wp\/v2\/product\/43398","targetHints":{"allow":["GET"]}}],"collection":[{"href":"https:\/\/choketopus.com\/de\/wp-json\/wp\/v2\/product"}],"about":[{"href":"https:\/\/choketopus.com\/de\/wp-json\/wp\/v2\/types\/product"}],"replies":[{"embeddable":true,"href":"https:\/\/choketopus.com\/de\/wp-json\/wp\/v2\/comments?post=43398"}],"wp:featuredmedia":[{"embeddable":true,"href":"https:\/\/choketopus.com\/de\/wp-json\/wp\/v2\/media\/43612"}],"wp:attachment":[{"href":"https:\/\/choketopus.com\/de\/wp-json\/wp\/v2\/media?parent=43398"}],"wp:term":[{"taxonomy":"product_brand","embeddable":true,"href":"https:\/\/choketopus.com\/de\/wp-json\/wp\/v2\/product_brand?post=43398"},{"taxonomy":"product_cat","embeddable":true,"href":"https:\/\/choketopus.com\/de\/wp-json\/wp\/v2\/product_cat?post=43398"},{"taxonomy":"product_tag","embeddable":true,"href":"https:\/\/choketopus.com\/de\/wp-json\/wp\/v2\/product_tag?post=43398"}],"curies":[{"name":"wp","href":"https:\/\/api.w.org\/{rel}","templated":true}]}}