{"id":42611,"date":"2025-10-05T00:14:37","date_gmt":"2025-10-04T22:14:37","guid":{"rendered":"https:\/\/choketopus.com\/?post_type=product&#038;p=42611"},"modified":"2025-12-09T17:08:33","modified_gmt":"2025-12-09T16:08:33","slug":"weises-t-shirt-schwarz-kopirovat-kopirovat-kopirovat-kopirovat-kopirovat-3","status":"publish","type":"product","link":"https:\/\/choketopus.com\/de\/produkt\/weises-t-shirt-schwarz-kopirovat-kopirovat-kopirovat-kopirovat-kopirovat-3\/","title":{"rendered":"TRIUMPHALE R\u00dcCKKEHR \/ Oversize T-Shirt \u2013 Damen Schwarz"},"content":{"rendered":"<p data-start=\"65\" data-end=\"91\"><strong data-start=\"65\" data-end=\"91\">Kollektion Mat Gallery<\/strong><\/p>\n<p data-start=\"93\" data-end=\"333\">Unsere Kollektion zollt den alten Meistern Tribut und verbindet Kunst mit Tatami. Rubens und van Dyck h\u00e4tten es wohl nicht erwartet \u2013 doch ihre Werke leben jetzt ein neues Leben\u2026 nicht in einer Galerie, sondern auf den R\u00fccken von Grapplern.<\/p>\n<p data-start=\"335\" data-end=\"575\">Ihre Gem\u00e4lde haben Jahrhunderte \u00fcberdauert und nun einen neuen Platz gefunden. Nicht nur als modisches Motiv, sondern als Erinnerung daran, dass Kunst und Kampf etwas Gemeinsames haben: Geduld, Handwerk, Schmerz und die Sch\u00f6nheit im Detail.<\/p>\n<p data-start=\"577\" data-end=\"755\">Jedes Bild in der Kollektion hat seine eigene Geschichte und seine eigene Ironie.<br data-start=\"658\" data-end=\"661\" \/>Es ist eine Hommage \u2013 aber auf unsere Art. Ein wenig Respekt, ein wenig Ironie und viel Jitsu.<\/p>\n<p data-start=\"757\" data-end=\"991\">Und weil eine Hommage eine entsprechende Ausf\u00fchrung verdient, wurde auch diese Kollektion in Top-Qualit\u00e4t gefertigt. Oversize-Schnitte, hochwertiges Material und eine Verarbeitung, die der Zeit standh\u00e4lt\u2026 genau wie die Gem\u00e4lde selbst.<\/p>\n<hr \/>\n<p class=\"p1\">Das T-Shirt besteht aus <strong>100 % gek\u00e4mmter Baumwolle<\/strong> mit einem Gewicht von 230 g\/m\u00b2. Es hat einen <strong>Oversize-Schnitt<\/strong> mit weiter geschnittenen Schultern f\u00fcr maximalen Komfort und einen modernen Look. Der gerippte Rundhalsausschnitt und die stabilen N\u00e4hte sorgen f\u00fcr eine lange Lebensdauer. Der Druck wird mittels hochwertigem Siebdruck hergestellt, der sowohl dem Waschen als auch dem t\u00e4glichen Tragen standh\u00e4lt.<\/p>\n","protected":false},"excerpt":{"rendered":"<p data-start=\"105\" data-end=\"160\">Oversize T-Shirt aus unserer<strong data-start=\"105\" data-end=\"160\"> Mat-Gallery-Kollektion<\/strong><\/p>\n<p data-start=\"162\" data-end=\"376\">Ja, es ist teurer. Das wissen wir. Aber bei diesem Stoffgewicht und dieser Qualit\u00e4t wirst du sofort verstehen, warum. <strong>Oversize-Schnitt, Top-Baumwolle und das Gef\u00fchl, dass du kein anderes T-Shirt mehr tragen willst.<\/strong><\/p>\n<p data-start=\"378\" data-end=\"626\">Auf dem R\u00fccken tr\u00e4gst du den Moment voller Stolz \u2013 wenn du mit einer Medaille um den Hals nach Hause kommst\u2026 einer bronzenen\u2026 aus einer Dreier-Kategorie\u2026 <strong>ABER EINE MEDAILLE IST EINE MEDAILLE<\/strong>, und du hast sie dir genauso verdient wie dieses T-Shirt!<\/p>\n","protected":false},"featured_media":42739,"comment_status":"open","ping_status":"closed","template":"","meta":[],"product_brand":[],"product_cat":[560,696,979,610,927,694],"product_tag":[],"class_list":{"0":"post-42611","1":"product","2":"type-product","3":"status-publish","4":"has-post-thumbnail","6":"product_cat-damen","7":"product_cat-damen-t-shirts","8":"product_cat-mat-gallery","9":"product_cat-neue-kollektion","10":"product_cat-streetwear-de","11":"product_cat-t-shirts-de","12":"description-off","14":"first","15":"onbackorder","16":"taxable","17":"shipping-taxable","18":"purchasable","19":"product-type-variable"},"yoast_head":"<!-- This site is optimized with the Yoast SEO plugin v27.6 - https:\/\/yoast.com\/product\/yoast-seo-wordpress\/ -->\n<title>TRIUMPHALE R\u00dcCKKEHR \/ Oversize T-Shirt \u2013 Damen Schwarz - Choketopus.com<\/title>\n<meta name=\"robots\" content=\"index, follow, max-snippet:-1, max-image-preview:large, max-video-preview:-1\" \/>\n<link rel=\"canonical\" href=\"https:\/\/choketopus.com\/de\/produkt\/weises-t-shirt-schwarz-kopirovat-kopirovat-kopirovat-kopirovat-kopirovat-3\/\" \/>\n<meta property=\"og:locale\" content=\"de_DE\" \/>\n<meta property=\"og:type\" content=\"article\" \/>\n<meta property=\"og:title\" content=\"TRIUMPHALE R\u00dcCKKEHR \/ Oversize T-Shirt \u2013 Damen Schwarz - Choketopus.com\" \/>\n<meta property=\"og:description\" content=\"Oversize T-Shirt aus unserer Mat-Gallery-Kollektion Ja, es ist teurer. Das wissen wir. Aber bei diesem Stoffgewicht und dieser Qualit\u00e4t wirst du sofort verstehen, warum. Oversize-Schnitt, Top-Baumwolle und das Gef\u00fchl, dass du kein anderes T-Shirt mehr tragen willst. Auf dem R\u00fccken tr\u00e4gst du den Moment voller Stolz \u2013 wenn du mit einer Medaille um den Hals nach Hause kommst\u2026 einer bronzenen\u2026 aus einer Dreier-Kategorie\u2026 ABER EINE MEDAILLE IST EINE MEDAILLE, und du hast sie dir genauso verdient wie dieses T-Shirt!\" \/>\n<meta property=\"og:url\" content=\"https:\/\/choketopus.com\/de\/produkt\/weises-t-shirt-schwarz-kopirovat-kopirovat-kopirovat-kopirovat-kopirovat-3\/\" \/>\n<meta property=\"og:site_name\" content=\"Choketopus.com\" \/>\n<meta property=\"article:publisher\" content=\"https:\/\/www.facebook.com\/choketopus\/\" \/>\n<meta property=\"article:modified_time\" content=\"2025-12-09T16:08:33+00:00\" \/>\n<meta property=\"og:image\" content=\"https:\/\/choketopus.com\/wp-content\/uploads\/2025\/10\/c-main-2.png\" \/>\n\t<meta property=\"og:image:width\" content=\"459\" \/>\n\t<meta property=\"og:image:height\" content=\"600\" \/>\n\t<meta property=\"og:image:type\" content=\"image\/png\" \/>\n<meta name=\"twitter:card\" content=\"summary_large_image\" \/>\n<meta name=\"twitter:site\" content=\"@choketopus\" \/>\n<meta name=\"twitter:label1\" content=\"Gesch\u00e4tzte Lesezeit\" \/>\n\t<meta name=\"twitter:data1\" content=\"2\u00a0Minuten\" \/>\n<script type=\"application\/ld+json\" class=\"yoast-schema-graph\">{\"@context\":\"https:\\\/\\\/schema.org\",\"@graph\":[{\"@type\":\"WebPage\",\"@id\":\"https:\\\/\\\/choketopus.com\\\/de\\\/produkt\\\/weises-t-shirt-schwarz-kopirovat-kopirovat-kopirovat-kopirovat-kopirovat-3\\\/\",\"url\":\"https:\\\/\\\/choketopus.com\\\/de\\\/produkt\\\/weises-t-shirt-schwarz-kopirovat-kopirovat-kopirovat-kopirovat-kopirovat-3\\\/\",\"name\":\"TRIUMPHALE R\u00dcCKKEHR \\\/ Oversize T-Shirt \u2013 Damen Schwarz - Choketopus.com\",\"isPartOf\":{\"@id\":\"https:\\\/\\\/choketopus.com\\\/#website\"},\"primaryImageOfPage\":{\"@id\":\"https:\\\/\\\/choketopus.com\\\/de\\\/produkt\\\/weises-t-shirt-schwarz-kopirovat-kopirovat-kopirovat-kopirovat-kopirovat-3\\\/#primaryimage\"},\"image\":{\"@id\":\"https:\\\/\\\/choketopus.com\\\/de\\\/produkt\\\/weises-t-shirt-schwarz-kopirovat-kopirovat-kopirovat-kopirovat-kopirovat-3\\\/#primaryimage\"},\"thumbnailUrl\":\"https:\\\/\\\/choketopus.com\\\/wp-content\\\/uploads\\\/2025\\\/10\\\/c-main-2.png\",\"datePublished\":\"2025-10-04T22:14:37+00:00\",\"dateModified\":\"2025-12-09T16:08:33+00:00\",\"breadcrumb\":{\"@id\":\"https:\\\/\\\/choketopus.com\\\/de\\\/produkt\\\/weises-t-shirt-schwarz-kopirovat-kopirovat-kopirovat-kopirovat-kopirovat-3\\\/#breadcrumb\"},\"inLanguage\":\"de\",\"potentialAction\":[{\"@type\":\"ReadAction\",\"target\":[\"https:\\\/\\\/choketopus.com\\\/de\\\/produkt\\\/weises-t-shirt-schwarz-kopirovat-kopirovat-kopirovat-kopirovat-kopirovat-3\\\/\"]}]},{\"@type\":\"ImageObject\",\"inLanguage\":\"de\",\"@id\":\"https:\\\/\\\/choketopus.com\\\/de\\\/produkt\\\/weises-t-shirt-schwarz-kopirovat-kopirovat-kopirovat-kopirovat-kopirovat-3\\\/#primaryimage\",\"url\":\"https:\\\/\\\/choketopus.com\\\/wp-content\\\/uploads\\\/2025\\\/10\\\/c-main-2.png\",\"contentUrl\":\"https:\\\/\\\/choketopus.com\\\/wp-content\\\/uploads\\\/2025\\\/10\\\/c-main-2.png\",\"width\":459,\"height\":600},{\"@type\":\"BreadcrumbList\",\"@id\":\"https:\\\/\\\/choketopus.com\\\/de\\\/produkt\\\/weises-t-shirt-schwarz-kopirovat-kopirovat-kopirovat-kopirovat-kopirovat-3\\\/#breadcrumb\",\"itemListElement\":[{\"@type\":\"ListItem\",\"position\":1,\"name\":\"Dom\u016f\",\"item\":\"https:\\\/\\\/choketopus.com\\\/de\\\/\"},{\"@type\":\"ListItem\",\"position\":2,\"name\":\"Obchod\",\"item\":\"https:\\\/\\\/choketopus.com\\\/de\\\/obchod\\\/\"},{\"@type\":\"ListItem\",\"position\":3,\"name\":\"TRIUMPHALE R\u00dcCKKEHR \\\/ Oversize T-Shirt \u2013 Damen Schwarz\"}]},{\"@type\":\"WebSite\",\"@id\":\"https:\\\/\\\/choketopus.com\\\/#website\",\"url\":\"https:\\\/\\\/choketopus.com\\\/\",\"name\":\"Choketopus.com\",\"description\":\"Original clothing for submissions and choking\",\"publisher\":{\"@id\":\"https:\\\/\\\/choketopus.com\\\/#organization\"},\"potentialAction\":[{\"@type\":\"SearchAction\",\"target\":{\"@type\":\"EntryPoint\",\"urlTemplate\":\"https:\\\/\\\/choketopus.com\\\/?s={search_term_string}\"},\"query-input\":{\"@type\":\"PropertyValueSpecification\",\"valueRequired\":true,\"valueName\":\"search_term_string\"}}],\"inLanguage\":\"de\"},{\"@type\":\"Organization\",\"@id\":\"https:\\\/\\\/choketopus.com\\\/#organization\",\"name\":\"Rashguard.cz s.r.o.\",\"url\":\"https:\\\/\\\/choketopus.com\\\/\",\"logo\":{\"@type\":\"ImageObject\",\"inLanguage\":\"de\",\"@id\":\"https:\\\/\\\/choketopus.com\\\/#\\\/schema\\\/logo\\\/image\\\/\",\"url\":\"\",\"contentUrl\":\"\",\"caption\":\"Rashguard.cz s.r.o.\"},\"image\":{\"@id\":\"https:\\\/\\\/choketopus.com\\\/#\\\/schema\\\/logo\\\/image\\\/\"},\"sameAs\":[\"https:\\\/\\\/www.facebook.com\\\/choketopus\\\/\",\"https:\\\/\\\/x.com\\\/choketopus\"]}]}<\/script>\n<!-- \/ Yoast SEO plugin. -->","yoast_head_json":{"title":"TRIUMPHALE R\u00dcCKKEHR \/ Oversize T-Shirt \u2013 Damen Schwarz - Choketopus.com","robots":{"index":"index","follow":"follow","max-snippet":"max-snippet:-1","max-image-preview":"max-image-preview:large","max-video-preview":"max-video-preview:-1"},"canonical":"https:\/\/choketopus.com\/de\/produkt\/weises-t-shirt-schwarz-kopirovat-kopirovat-kopirovat-kopirovat-kopirovat-3\/","og_locale":"de_DE","og_type":"article","og_title":"TRIUMPHALE R\u00dcCKKEHR \/ Oversize T-Shirt \u2013 Damen Schwarz - Choketopus.com","og_description":"Oversize T-Shirt aus unserer Mat-Gallery-Kollektion Ja, es ist teurer. Das wissen wir. Aber bei diesem Stoffgewicht und dieser Qualit\u00e4t wirst du sofort verstehen, warum. Oversize-Schnitt, Top-Baumwolle und das Gef\u00fchl, dass du kein anderes T-Shirt mehr tragen willst. Auf dem R\u00fccken tr\u00e4gst du den Moment voller Stolz \u2013 wenn du mit einer Medaille um den Hals nach Hause kommst\u2026 einer bronzenen\u2026 aus einer Dreier-Kategorie\u2026 ABER EINE MEDAILLE IST EINE MEDAILLE, und du hast sie dir genauso verdient wie dieses T-Shirt!","og_url":"https:\/\/choketopus.com\/de\/produkt\/weises-t-shirt-schwarz-kopirovat-kopirovat-kopirovat-kopirovat-kopirovat-3\/","og_site_name":"Choketopus.com","article_publisher":"https:\/\/www.facebook.com\/choketopus\/","article_modified_time":"2025-12-09T16:08:33+00:00","og_image":[{"width":459,"height":600,"url":"https:\/\/choketopus.com\/wp-content\/uploads\/2025\/10\/c-main-2.png","type":"image\/png"}],"twitter_card":"summary_large_image","twitter_site":"@choketopus","twitter_misc":{"Gesch\u00e4tzte Lesezeit":"2\u00a0Minuten"},"schema":{"@context":"https:\/\/schema.org","@graph":[{"@type":"WebPage","@id":"https:\/\/choketopus.com\/de\/produkt\/weises-t-shirt-schwarz-kopirovat-kopirovat-kopirovat-kopirovat-kopirovat-3\/","url":"https:\/\/choketopus.com\/de\/produkt\/weises-t-shirt-schwarz-kopirovat-kopirovat-kopirovat-kopirovat-kopirovat-3\/","name":"TRIUMPHALE R\u00dcCKKEHR \/ Oversize T-Shirt \u2013 Damen Schwarz - Choketopus.com","isPartOf":{"@id":"https:\/\/choketopus.com\/#website"},"primaryImageOfPage":{"@id":"https:\/\/choketopus.com\/de\/produkt\/weises-t-shirt-schwarz-kopirovat-kopirovat-kopirovat-kopirovat-kopirovat-3\/#primaryimage"},"image":{"@id":"https:\/\/choketopus.com\/de\/produkt\/weises-t-shirt-schwarz-kopirovat-kopirovat-kopirovat-kopirovat-kopirovat-3\/#primaryimage"},"thumbnailUrl":"https:\/\/choketopus.com\/wp-content\/uploads\/2025\/10\/c-main-2.png","datePublished":"2025-10-04T22:14:37+00:00","dateModified":"2025-12-09T16:08:33+00:00","breadcrumb":{"@id":"https:\/\/choketopus.com\/de\/produkt\/weises-t-shirt-schwarz-kopirovat-kopirovat-kopirovat-kopirovat-kopirovat-3\/#breadcrumb"},"inLanguage":"de","potentialAction":[{"@type":"ReadAction","target":["https:\/\/choketopus.com\/de\/produkt\/weises-t-shirt-schwarz-kopirovat-kopirovat-kopirovat-kopirovat-kopirovat-3\/"]}]},{"@type":"ImageObject","inLanguage":"de","@id":"https:\/\/choketopus.com\/de\/produkt\/weises-t-shirt-schwarz-kopirovat-kopirovat-kopirovat-kopirovat-kopirovat-3\/#primaryimage","url":"https:\/\/choketopus.com\/wp-content\/uploads\/2025\/10\/c-main-2.png","contentUrl":"https:\/\/choketopus.com\/wp-content\/uploads\/2025\/10\/c-main-2.png","width":459,"height":600},{"@type":"BreadcrumbList","@id":"https:\/\/choketopus.com\/de\/produkt\/weises-t-shirt-schwarz-kopirovat-kopirovat-kopirovat-kopirovat-kopirovat-3\/#breadcrumb","itemListElement":[{"@type":"ListItem","position":1,"name":"Dom\u016f","item":"https:\/\/choketopus.com\/de\/"},{"@type":"ListItem","position":2,"name":"Obchod","item":"https:\/\/choketopus.com\/de\/obchod\/"},{"@type":"ListItem","position":3,"name":"TRIUMPHALE R\u00dcCKKEHR \/ Oversize T-Shirt \u2013 Damen Schwarz"}]},{"@type":"WebSite","@id":"https:\/\/choketopus.com\/#website","url":"https:\/\/choketopus.com\/","name":"Choketopus.com","description":"Original clothing for submissions and choking","publisher":{"@id":"https:\/\/choketopus.com\/#organization"},"potentialAction":[{"@type":"SearchAction","target":{"@type":"EntryPoint","urlTemplate":"https:\/\/choketopus.com\/?s={search_term_string}"},"query-input":{"@type":"PropertyValueSpecification","valueRequired":true,"valueName":"search_term_string"}}],"inLanguage":"de"},{"@type":"Organization","@id":"https:\/\/choketopus.com\/#organization","name":"Rashguard.cz s.r.o.","url":"https:\/\/choketopus.com\/","logo":{"@type":"ImageObject","inLanguage":"de","@id":"https:\/\/choketopus.com\/#\/schema\/logo\/image\/","url":"","contentUrl":"","caption":"Rashguard.cz s.r.o."},"image":{"@id":"https:\/\/choketopus.com\/#\/schema\/logo\/image\/"},"sameAs":["https:\/\/www.facebook.com\/choketopus\/","https:\/\/x.com\/choketopus"]}]}},"_links":{"self":[{"href":"https:\/\/choketopus.com\/de\/wp-json\/wp\/v2\/product\/42611","targetHints":{"allow":["GET"]}}],"collection":[{"href":"https:\/\/choketopus.com\/de\/wp-json\/wp\/v2\/product"}],"about":[{"href":"https:\/\/choketopus.com\/de\/wp-json\/wp\/v2\/types\/product"}],"replies":[{"embeddable":true,"href":"https:\/\/choketopus.com\/de\/wp-json\/wp\/v2\/comments?post=42611"}],"wp:featuredmedia":[{"embeddable":true,"href":"https:\/\/choketopus.com\/de\/wp-json\/wp\/v2\/media\/42739"}],"wp:attachment":[{"href":"https:\/\/choketopus.com\/de\/wp-json\/wp\/v2\/media?parent=42611"}],"wp:term":[{"taxonomy":"product_brand","embeddable":true,"href":"https:\/\/choketopus.com\/de\/wp-json\/wp\/v2\/product_brand?post=42611"},{"taxonomy":"product_cat","embeddable":true,"href":"https:\/\/choketopus.com\/de\/wp-json\/wp\/v2\/product_cat?post=42611"},{"taxonomy":"product_tag","embeddable":true,"href":"https:\/\/choketopus.com\/de\/wp-json\/wp\/v2\/product_tag?post=42611"}],"curies":[{"name":"wp","href":"https:\/\/api.w.org\/{rel}","templated":true}]}}