{"id":41564,"date":"2025-09-07T18:44:46","date_gmt":"2025-09-07T16:44:46","guid":{"rendered":"https:\/\/choketopus.com\/?post_type=product&#038;p=41564"},"modified":"2025-12-09T19:00:19","modified_gmt":"2025-12-09T18:00:19","slug":"sakura-bjj-gurtel-weis-blau-lila-braun-schwarz-kopirovat-2","status":"publish","type":"product","link":"https:\/\/choketopus.com\/de\/produkt\/sakura-bjj-gurtel-weis-blau-lila-braun-schwarz-kopirovat-2\/","title":{"rendered":"CHOKES&#8217;n&#8217;BONES \/ BJJ G\u00fcrtel &#8211; Wei\u00df, Blau, Lila, Braun, Schwarz"},"content":{"rendered":"<p>100% Baumwolle, pr\u00e4zise Verarbeitung.<br \/>\nHergestellt in Pakistan.<\/p>\n","protected":false},"excerpt":{"rendered":"<p data-start=\"75\" data-end=\"135\">Ein Choke\u2019n\u2019Bones-Kimono <em data-start=\"100\" data-end=\"120\">ohne diesen G\u00fcrtel<\/em>? Keine Chance!<\/p>\n<p data-start=\"137\" data-end=\"441\">Der BJJ-G\u00fcrtel von Choke\u2019n\u2019Bones h\u00e4lt l\u00e4nger durch als deine Gelenke. Er ist daf\u00fcr gemacht, jahrelange Wettk\u00e4mpfe und t\u00e4gliche Trainings zu \u00fcberstehen. Egal, ob du am Anfang deiner Reise stehst oder den wei\u00dfen G\u00fcrtel l\u00e4ngst gegen eine andere Farbe getauscht hast \u2013 dieses St\u00fcck wird dich nie entt\u00e4uschen.<\/p>\n","protected":false},"featured_media":41606,"comment_status":"open","ping_status":"closed","template":"","meta":[],"product_brand":[],"product_cat":[581,584,975,560,559,583],"product_tag":[586,585,587],"class_list":{"0":"post-41564","1":"product","2":"type-product","3":"status-publish","4":"has-post-thumbnail","6":"product_cat-accessoires","7":"product_cat-bjj-gurtel","8":"product_cat-chokesnbones","9":"product_cat-damen","10":"product_cat-herren","11":"product_cat-kimonos","12":"product_tag-belt-de","13":"product_tag-bjj-de","14":"product_tag-choketopus-de","15":"description-off","17":"first","18":"instock","19":"taxable","20":"shipping-taxable","21":"purchasable","22":"product-type-variable","23":"has-default-attributes"},"yoast_head":"<!-- This site is optimized with the Yoast SEO plugin v27.5 - https:\/\/yoast.com\/product\/yoast-seo-wordpress\/ -->\n<title>CHOKES&#039;n&#039;BONES \/ BJJ G\u00fcrtel - Wei\u00df, Blau, Lila, Braun, Schwarz - Choketopus.com<\/title>\n<meta name=\"description\" content=\"BJJ-G\u00fcrtel aus der Werkstatt von Choketopus. Qualit\u00e4tsg\u00fcrtel mit Motiven des japanischen Kirschbaums Sakura, ideal passend zum USSURI CRANE GI. Diesen G\u00fcrtel wirst du nicht mehr l\u00f6sen!\" \/>\n<meta name=\"robots\" content=\"index, follow, max-snippet:-1, max-image-preview:large, max-video-preview:-1\" \/>\n<link rel=\"canonical\" href=\"https:\/\/choketopus.com\/de\/produkt\/sakura-bjj-gurtel-weis-blau-lila-braun-schwarz-kopirovat-2\/\" \/>\n<meta property=\"og:locale\" content=\"de_DE\" \/>\n<meta property=\"og:type\" content=\"article\" \/>\n<meta property=\"og:title\" content=\"CHOKES&#039;n&#039;BONES \/ BJJ G\u00fcrtel - Wei\u00df, Blau, Lila, Braun, Schwarz - Choketopus.com\" \/>\n<meta property=\"og:description\" content=\"BJJ-G\u00fcrtel aus der Werkstatt von Choketopus. Qualit\u00e4tsg\u00fcrtel mit Motiven des japanischen Kirschbaums Sakura, ideal passend zum USSURI CRANE GI. Diesen G\u00fcrtel wirst du nicht mehr l\u00f6sen!\" \/>\n<meta property=\"og:url\" content=\"https:\/\/choketopus.com\/de\/produkt\/sakura-bjj-gurtel-weis-blau-lila-braun-schwarz-kopirovat-2\/\" \/>\n<meta property=\"og:site_name\" content=\"Choketopus.com\" \/>\n<meta property=\"article:publisher\" content=\"https:\/\/www.facebook.com\/choketopus\/\" \/>\n<meta property=\"article:modified_time\" content=\"2025-12-09T18:00:19+00:00\" \/>\n<meta property=\"og:image\" content=\"https:\/\/choketopus.com\/wp-content\/uploads\/2025\/09\/main-4.png\" \/>\n\t<meta property=\"og:image:width\" content=\"459\" \/>\n\t<meta property=\"og:image:height\" content=\"600\" \/>\n\t<meta property=\"og:image:type\" content=\"image\/png\" \/>\n<meta name=\"twitter:card\" content=\"summary_large_image\" \/>\n<meta name=\"twitter:site\" content=\"@choketopus\" \/>\n<meta name=\"twitter:label1\" content=\"Gesch\u00e4tzte Lesezeit\" \/>\n\t<meta name=\"twitter:data1\" content=\"1\u00a0Minute\" \/>\n<script type=\"application\/ld+json\" class=\"yoast-schema-graph\">{\"@context\":\"https:\\\/\\\/schema.org\",\"@graph\":[{\"@type\":\"WebPage\",\"@id\":\"https:\\\/\\\/choketopus.com\\\/de\\\/produkt\\\/sakura-bjj-gurtel-weis-blau-lila-braun-schwarz-kopirovat-2\\\/\",\"url\":\"https:\\\/\\\/choketopus.com\\\/de\\\/produkt\\\/sakura-bjj-gurtel-weis-blau-lila-braun-schwarz-kopirovat-2\\\/\",\"name\":\"CHOKES'n'BONES \\\/ BJJ G\u00fcrtel - Wei\u00df, Blau, Lila, Braun, Schwarz - Choketopus.com\",\"isPartOf\":{\"@id\":\"https:\\\/\\\/choketopus.com\\\/#website\"},\"primaryImageOfPage\":{\"@id\":\"https:\\\/\\\/choketopus.com\\\/de\\\/produkt\\\/sakura-bjj-gurtel-weis-blau-lila-braun-schwarz-kopirovat-2\\\/#primaryimage\"},\"image\":{\"@id\":\"https:\\\/\\\/choketopus.com\\\/de\\\/produkt\\\/sakura-bjj-gurtel-weis-blau-lila-braun-schwarz-kopirovat-2\\\/#primaryimage\"},\"thumbnailUrl\":\"https:\\\/\\\/choketopus.com\\\/wp-content\\\/uploads\\\/2025\\\/09\\\/main-4.png\",\"datePublished\":\"2025-09-07T16:44:46+00:00\",\"dateModified\":\"2025-12-09T18:00:19+00:00\",\"description\":\"BJJ-G\u00fcrtel aus der Werkstatt von Choketopus. Qualit\u00e4tsg\u00fcrtel mit Motiven des japanischen Kirschbaums Sakura, ideal passend zum USSURI CRANE GI. Diesen G\u00fcrtel wirst du nicht mehr l\u00f6sen!\",\"breadcrumb\":{\"@id\":\"https:\\\/\\\/choketopus.com\\\/de\\\/produkt\\\/sakura-bjj-gurtel-weis-blau-lila-braun-schwarz-kopirovat-2\\\/#breadcrumb\"},\"inLanguage\":\"de\",\"potentialAction\":[{\"@type\":\"ReadAction\",\"target\":[\"https:\\\/\\\/choketopus.com\\\/de\\\/produkt\\\/sakura-bjj-gurtel-weis-blau-lila-braun-schwarz-kopirovat-2\\\/\"]}]},{\"@type\":\"ImageObject\",\"inLanguage\":\"de\",\"@id\":\"https:\\\/\\\/choketopus.com\\\/de\\\/produkt\\\/sakura-bjj-gurtel-weis-blau-lila-braun-schwarz-kopirovat-2\\\/#primaryimage\",\"url\":\"https:\\\/\\\/choketopus.com\\\/wp-content\\\/uploads\\\/2025\\\/09\\\/main-4.png\",\"contentUrl\":\"https:\\\/\\\/choketopus.com\\\/wp-content\\\/uploads\\\/2025\\\/09\\\/main-4.png\",\"width\":459,\"height\":600},{\"@type\":\"BreadcrumbList\",\"@id\":\"https:\\\/\\\/choketopus.com\\\/de\\\/produkt\\\/sakura-bjj-gurtel-weis-blau-lila-braun-schwarz-kopirovat-2\\\/#breadcrumb\",\"itemListElement\":[{\"@type\":\"ListItem\",\"position\":1,\"name\":\"Dom\u016f\",\"item\":\"https:\\\/\\\/choketopus.com\\\/de\\\/\"},{\"@type\":\"ListItem\",\"position\":2,\"name\":\"Obchod\",\"item\":\"https:\\\/\\\/choketopus.com\\\/de\\\/obchod\\\/\"},{\"@type\":\"ListItem\",\"position\":3,\"name\":\"CHOKES&#8217;n&#8217;BONES \\\/ BJJ G\u00fcrtel &#8211; Wei\u00df, Blau, Lila, Braun, Schwarz\"}]},{\"@type\":\"WebSite\",\"@id\":\"https:\\\/\\\/choketopus.com\\\/#website\",\"url\":\"https:\\\/\\\/choketopus.com\\\/\",\"name\":\"Choketopus.com\",\"description\":\"Original clothing for submissions and choking\",\"publisher\":{\"@id\":\"https:\\\/\\\/choketopus.com\\\/#organization\"},\"potentialAction\":[{\"@type\":\"SearchAction\",\"target\":{\"@type\":\"EntryPoint\",\"urlTemplate\":\"https:\\\/\\\/choketopus.com\\\/?s={search_term_string}\"},\"query-input\":{\"@type\":\"PropertyValueSpecification\",\"valueRequired\":true,\"valueName\":\"search_term_string\"}}],\"inLanguage\":\"de\"},{\"@type\":\"Organization\",\"@id\":\"https:\\\/\\\/choketopus.com\\\/#organization\",\"name\":\"Rashguard.cz s.r.o.\",\"url\":\"https:\\\/\\\/choketopus.com\\\/\",\"logo\":{\"@type\":\"ImageObject\",\"inLanguage\":\"de\",\"@id\":\"https:\\\/\\\/choketopus.com\\\/#\\\/schema\\\/logo\\\/image\\\/\",\"url\":\"\",\"contentUrl\":\"\",\"caption\":\"Rashguard.cz s.r.o.\"},\"image\":{\"@id\":\"https:\\\/\\\/choketopus.com\\\/#\\\/schema\\\/logo\\\/image\\\/\"},\"sameAs\":[\"https:\\\/\\\/www.facebook.com\\\/choketopus\\\/\",\"https:\\\/\\\/x.com\\\/choketopus\"]}]}<\/script>\n<!-- \/ Yoast SEO plugin. -->","yoast_head_json":{"title":"CHOKES'n'BONES \/ BJJ G\u00fcrtel - Wei\u00df, Blau, Lila, Braun, Schwarz - Choketopus.com","description":"BJJ-G\u00fcrtel aus der Werkstatt von Choketopus. Qualit\u00e4tsg\u00fcrtel mit Motiven des japanischen Kirschbaums Sakura, ideal passend zum USSURI CRANE GI. Diesen G\u00fcrtel wirst du nicht mehr l\u00f6sen!","robots":{"index":"index","follow":"follow","max-snippet":"max-snippet:-1","max-image-preview":"max-image-preview:large","max-video-preview":"max-video-preview:-1"},"canonical":"https:\/\/choketopus.com\/de\/produkt\/sakura-bjj-gurtel-weis-blau-lila-braun-schwarz-kopirovat-2\/","og_locale":"de_DE","og_type":"article","og_title":"CHOKES'n'BONES \/ BJJ G\u00fcrtel - Wei\u00df, Blau, Lila, Braun, Schwarz - Choketopus.com","og_description":"BJJ-G\u00fcrtel aus der Werkstatt von Choketopus. Qualit\u00e4tsg\u00fcrtel mit Motiven des japanischen Kirschbaums Sakura, ideal passend zum USSURI CRANE GI. Diesen G\u00fcrtel wirst du nicht mehr l\u00f6sen!","og_url":"https:\/\/choketopus.com\/de\/produkt\/sakura-bjj-gurtel-weis-blau-lila-braun-schwarz-kopirovat-2\/","og_site_name":"Choketopus.com","article_publisher":"https:\/\/www.facebook.com\/choketopus\/","article_modified_time":"2025-12-09T18:00:19+00:00","og_image":[{"width":459,"height":600,"url":"https:\/\/choketopus.com\/wp-content\/uploads\/2025\/09\/main-4.png","type":"image\/png"}],"twitter_card":"summary_large_image","twitter_site":"@choketopus","twitter_misc":{"Gesch\u00e4tzte Lesezeit":"1\u00a0Minute"},"schema":{"@context":"https:\/\/schema.org","@graph":[{"@type":"WebPage","@id":"https:\/\/choketopus.com\/de\/produkt\/sakura-bjj-gurtel-weis-blau-lila-braun-schwarz-kopirovat-2\/","url":"https:\/\/choketopus.com\/de\/produkt\/sakura-bjj-gurtel-weis-blau-lila-braun-schwarz-kopirovat-2\/","name":"CHOKES'n'BONES \/ BJJ G\u00fcrtel - Wei\u00df, Blau, Lila, Braun, Schwarz - Choketopus.com","isPartOf":{"@id":"https:\/\/choketopus.com\/#website"},"primaryImageOfPage":{"@id":"https:\/\/choketopus.com\/de\/produkt\/sakura-bjj-gurtel-weis-blau-lila-braun-schwarz-kopirovat-2\/#primaryimage"},"image":{"@id":"https:\/\/choketopus.com\/de\/produkt\/sakura-bjj-gurtel-weis-blau-lila-braun-schwarz-kopirovat-2\/#primaryimage"},"thumbnailUrl":"https:\/\/choketopus.com\/wp-content\/uploads\/2025\/09\/main-4.png","datePublished":"2025-09-07T16:44:46+00:00","dateModified":"2025-12-09T18:00:19+00:00","description":"BJJ-G\u00fcrtel aus der Werkstatt von Choketopus. Qualit\u00e4tsg\u00fcrtel mit Motiven des japanischen Kirschbaums Sakura, ideal passend zum USSURI CRANE GI. Diesen G\u00fcrtel wirst du nicht mehr l\u00f6sen!","breadcrumb":{"@id":"https:\/\/choketopus.com\/de\/produkt\/sakura-bjj-gurtel-weis-blau-lila-braun-schwarz-kopirovat-2\/#breadcrumb"},"inLanguage":"de","potentialAction":[{"@type":"ReadAction","target":["https:\/\/choketopus.com\/de\/produkt\/sakura-bjj-gurtel-weis-blau-lila-braun-schwarz-kopirovat-2\/"]}]},{"@type":"ImageObject","inLanguage":"de","@id":"https:\/\/choketopus.com\/de\/produkt\/sakura-bjj-gurtel-weis-blau-lila-braun-schwarz-kopirovat-2\/#primaryimage","url":"https:\/\/choketopus.com\/wp-content\/uploads\/2025\/09\/main-4.png","contentUrl":"https:\/\/choketopus.com\/wp-content\/uploads\/2025\/09\/main-4.png","width":459,"height":600},{"@type":"BreadcrumbList","@id":"https:\/\/choketopus.com\/de\/produkt\/sakura-bjj-gurtel-weis-blau-lila-braun-schwarz-kopirovat-2\/#breadcrumb","itemListElement":[{"@type":"ListItem","position":1,"name":"Dom\u016f","item":"https:\/\/choketopus.com\/de\/"},{"@type":"ListItem","position":2,"name":"Obchod","item":"https:\/\/choketopus.com\/de\/obchod\/"},{"@type":"ListItem","position":3,"name":"CHOKES&#8217;n&#8217;BONES \/ BJJ G\u00fcrtel &#8211; Wei\u00df, Blau, Lila, Braun, Schwarz"}]},{"@type":"WebSite","@id":"https:\/\/choketopus.com\/#website","url":"https:\/\/choketopus.com\/","name":"Choketopus.com","description":"Original clothing for submissions and choking","publisher":{"@id":"https:\/\/choketopus.com\/#organization"},"potentialAction":[{"@type":"SearchAction","target":{"@type":"EntryPoint","urlTemplate":"https:\/\/choketopus.com\/?s={search_term_string}"},"query-input":{"@type":"PropertyValueSpecification","valueRequired":true,"valueName":"search_term_string"}}],"inLanguage":"de"},{"@type":"Organization","@id":"https:\/\/choketopus.com\/#organization","name":"Rashguard.cz s.r.o.","url":"https:\/\/choketopus.com\/","logo":{"@type":"ImageObject","inLanguage":"de","@id":"https:\/\/choketopus.com\/#\/schema\/logo\/image\/","url":"","contentUrl":"","caption":"Rashguard.cz s.r.o."},"image":{"@id":"https:\/\/choketopus.com\/#\/schema\/logo\/image\/"},"sameAs":["https:\/\/www.facebook.com\/choketopus\/","https:\/\/x.com\/choketopus"]}]}},"_links":{"self":[{"href":"https:\/\/choketopus.com\/de\/wp-json\/wp\/v2\/product\/41564","targetHints":{"allow":["GET"]}}],"collection":[{"href":"https:\/\/choketopus.com\/de\/wp-json\/wp\/v2\/product"}],"about":[{"href":"https:\/\/choketopus.com\/de\/wp-json\/wp\/v2\/types\/product"}],"replies":[{"embeddable":true,"href":"https:\/\/choketopus.com\/de\/wp-json\/wp\/v2\/comments?post=41564"}],"wp:featuredmedia":[{"embeddable":true,"href":"https:\/\/choketopus.com\/de\/wp-json\/wp\/v2\/media\/41606"}],"wp:attachment":[{"href":"https:\/\/choketopus.com\/de\/wp-json\/wp\/v2\/media?parent=41564"}],"wp:term":[{"taxonomy":"product_brand","embeddable":true,"href":"https:\/\/choketopus.com\/de\/wp-json\/wp\/v2\/product_brand?post=41564"},{"taxonomy":"product_cat","embeddable":true,"href":"https:\/\/choketopus.com\/de\/wp-json\/wp\/v2\/product_cat?post=41564"},{"taxonomy":"product_tag","embeddable":true,"href":"https:\/\/choketopus.com\/de\/wp-json\/wp\/v2\/product_tag?post=41564"}],"curies":[{"name":"wp","href":"https:\/\/api.w.org\/{rel}","templated":true}]}}