{"id":41466,"date":"2025-09-07T18:39:57","date_gmt":"2025-09-07T16:39:57","guid":{"rendered":"https:\/\/choketopus.com\/?post_type=product&#038;p=41466"},"modified":"2025-12-09T19:13:40","modified_gmt":"2025-12-09T18:13:40","slug":"ussuri-crane-gi-hose-snow-white-kopirovat-kopirovat","status":"publish","type":"product","link":"https:\/\/choketopus.com\/de\/produkt\/ussuri-crane-gi-hose-snow-white-kopirovat-kopirovat\/","title":{"rendered":"CHOKES&#8217;n&#8217;BONES GI \/ Hose &#8211; Damen LIGHT"},"content":{"rendered":"<p>In Tschechien waren wir bisher nicht in der Lage, die gew\u00fcnschte Verarbeitungsqualit\u00e4t zu finden, deshalb haben wir uns entschieden, einen Hersteller in Pakistan zu nutzen, der f\u00fcr weltweite Marken produziert. Dass wir direkt mit dem Hersteller kommunizieren, erm\u00f6glicht es uns, den gesamten Produktionsprozess zu steuern und selbst das letzte Detail abzustimmen.<\/p>\n<p>&nbsp;<\/p>\n<p><em><strong>*Gr\u00f6\u00dfentabelle zwischen den Bildern<\/strong><\/em><\/p>\n<p><b>Hose:<\/b><\/p>\n<ul>\n<li>10 oz Ripstop<\/li>\n<li>Stickerei<\/li>\n<\/ul>\n","protected":false},"excerpt":{"rendered":"<p data-start=\"76\" data-end=\"414\">Choke\u2019n\u2019Bones ist eine Kollektion, die Einfachheit und Funktionalit\u00e4t verbindet. Ein klares Design mit einigen ikonischen Patches, ein minimalistischer Look und ultraleichtes Material. Und weil wir wissen, dass jeder etwas anderes braucht, bieten wir Jacke und Hose auch einzeln an \u2013 stell dir dein Gi genau so zusammen, wie du es willst.<\/p>\n<p data-start=\"416\" data-end=\"783\">Leicht, atmungsaktiv und bequem \u2013 die ideale Wahl f\u00fcr alle, die kein unn\u00f6tiges Gewicht mit sich herumschleppen m\u00f6chten. Du wirst es bei Wettk\u00e4mpfen sch\u00e4tzen, wo jedes Gramm z\u00e4hlt, und im Training, wo es dir maximale Bewegungsfreiheit gibt. Das minimalistische Design mit einem dezenten Logo-Patch macht es sowohl einzeln als auch in Kombination mit der Jacke perfekt.<\/p>\n","protected":false},"featured_media":41518,"comment_status":"open","ping_status":"closed","template":"","meta":[],"product_brand":[],"product_cat":[975,560,583],"product_tag":[],"class_list":{"0":"post-41466","1":"product","2":"type-product","3":"status-publish","4":"has-post-thumbnail","6":"product_cat-chokesnbones","7":"product_cat-damen","8":"product_cat-kimonos","9":"description-off","11":"first","12":"instock","13":"taxable","14":"shipping-taxable","15":"purchasable","16":"product-type-variable","17":"has-default-attributes"},"yoast_head":"<!-- This site is optimized with the Yoast SEO plugin v27.5 - https:\/\/yoast.com\/product\/yoast-seo-wordpress\/ -->\n<title>CHOKES&#039;n&#039;BONES GI \/ Hose - Damen LIGHT - Choketopus.com<\/title>\n<meta name=\"description\" content=\"Premium Kimono mit dem Design der legend\u00e4ren japanischen Kraniche. Neuer Schnitt, kompromisslose Qualit\u00e4t und konkurrenzloses Design. Dieses BJJ-Kimono muss man haben!\" \/>\n<meta name=\"robots\" content=\"index, follow, max-snippet:-1, max-image-preview:large, max-video-preview:-1\" \/>\n<link rel=\"canonical\" href=\"https:\/\/choketopus.com\/de\/produkt\/ussuri-crane-gi-hose-snow-white-kopirovat-kopirovat\/\" \/>\n<meta property=\"og:locale\" content=\"de_DE\" \/>\n<meta property=\"og:type\" content=\"article\" \/>\n<meta property=\"og:title\" content=\"CHOKES&#039;n&#039;BONES GI \/ Hose - Damen LIGHT - Choketopus.com\" \/>\n<meta property=\"og:description\" content=\"Premium Kimono mit dem Design der legend\u00e4ren japanischen Kraniche. Neuer Schnitt, kompromisslose Qualit\u00e4t und konkurrenzloses Design. Dieses BJJ-Kimono muss man haben!\" \/>\n<meta property=\"og:url\" content=\"https:\/\/choketopus.com\/de\/produkt\/ussuri-crane-gi-hose-snow-white-kopirovat-kopirovat\/\" \/>\n<meta property=\"og:site_name\" content=\"Choketopus.com\" \/>\n<meta property=\"article:publisher\" content=\"https:\/\/www.facebook.com\/choketopus\/\" \/>\n<meta property=\"article:modified_time\" content=\"2025-12-09T18:13:40+00:00\" \/>\n<meta property=\"og:image\" content=\"https:\/\/choketopus.com\/wp-content\/uploads\/2025\/09\/main-3.png\" \/>\n\t<meta property=\"og:image:width\" content=\"459\" \/>\n\t<meta property=\"og:image:height\" content=\"600\" \/>\n\t<meta property=\"og:image:type\" content=\"image\/png\" \/>\n<meta name=\"twitter:card\" content=\"summary_large_image\" \/>\n<meta name=\"twitter:site\" content=\"@choketopus\" \/>\n<meta name=\"twitter:label1\" content=\"Gesch\u00e4tzte Lesezeit\" \/>\n\t<meta name=\"twitter:data1\" content=\"1\u00a0Minute\" \/>\n<script type=\"application\/ld+json\" class=\"yoast-schema-graph\">{\"@context\":\"https:\\\/\\\/schema.org\",\"@graph\":[{\"@type\":\"WebPage\",\"@id\":\"https:\\\/\\\/choketopus.com\\\/de\\\/produkt\\\/ussuri-crane-gi-hose-snow-white-kopirovat-kopirovat\\\/\",\"url\":\"https:\\\/\\\/choketopus.com\\\/de\\\/produkt\\\/ussuri-crane-gi-hose-snow-white-kopirovat-kopirovat\\\/\",\"name\":\"CHOKES'n'BONES GI \\\/ Hose - Damen LIGHT - Choketopus.com\",\"isPartOf\":{\"@id\":\"https:\\\/\\\/choketopus.com\\\/#website\"},\"primaryImageOfPage\":{\"@id\":\"https:\\\/\\\/choketopus.com\\\/de\\\/produkt\\\/ussuri-crane-gi-hose-snow-white-kopirovat-kopirovat\\\/#primaryimage\"},\"image\":{\"@id\":\"https:\\\/\\\/choketopus.com\\\/de\\\/produkt\\\/ussuri-crane-gi-hose-snow-white-kopirovat-kopirovat\\\/#primaryimage\"},\"thumbnailUrl\":\"https:\\\/\\\/choketopus.com\\\/wp-content\\\/uploads\\\/2025\\\/09\\\/main-3.png\",\"datePublished\":\"2025-09-07T16:39:57+00:00\",\"dateModified\":\"2025-12-09T18:13:40+00:00\",\"description\":\"Premium Kimono mit dem Design der legend\u00e4ren japanischen Kraniche. Neuer Schnitt, kompromisslose Qualit\u00e4t und konkurrenzloses Design. Dieses BJJ-Kimono muss man haben!\",\"breadcrumb\":{\"@id\":\"https:\\\/\\\/choketopus.com\\\/de\\\/produkt\\\/ussuri-crane-gi-hose-snow-white-kopirovat-kopirovat\\\/#breadcrumb\"},\"inLanguage\":\"de\",\"potentialAction\":[{\"@type\":\"ReadAction\",\"target\":[\"https:\\\/\\\/choketopus.com\\\/de\\\/produkt\\\/ussuri-crane-gi-hose-snow-white-kopirovat-kopirovat\\\/\"]}]},{\"@type\":\"ImageObject\",\"inLanguage\":\"de\",\"@id\":\"https:\\\/\\\/choketopus.com\\\/de\\\/produkt\\\/ussuri-crane-gi-hose-snow-white-kopirovat-kopirovat\\\/#primaryimage\",\"url\":\"https:\\\/\\\/choketopus.com\\\/wp-content\\\/uploads\\\/2025\\\/09\\\/main-3.png\",\"contentUrl\":\"https:\\\/\\\/choketopus.com\\\/wp-content\\\/uploads\\\/2025\\\/09\\\/main-3.png\",\"width\":459,\"height\":600},{\"@type\":\"BreadcrumbList\",\"@id\":\"https:\\\/\\\/choketopus.com\\\/de\\\/produkt\\\/ussuri-crane-gi-hose-snow-white-kopirovat-kopirovat\\\/#breadcrumb\",\"itemListElement\":[{\"@type\":\"ListItem\",\"position\":1,\"name\":\"Dom\u016f\",\"item\":\"https:\\\/\\\/choketopus.com\\\/de\\\/\"},{\"@type\":\"ListItem\",\"position\":2,\"name\":\"Obchod\",\"item\":\"https:\\\/\\\/choketopus.com\\\/de\\\/obchod\\\/\"},{\"@type\":\"ListItem\",\"position\":3,\"name\":\"CHOKES&#8217;n&#8217;BONES GI \\\/ Hose &#8211; Damen LIGHT\"}]},{\"@type\":\"WebSite\",\"@id\":\"https:\\\/\\\/choketopus.com\\\/#website\",\"url\":\"https:\\\/\\\/choketopus.com\\\/\",\"name\":\"Choketopus.com\",\"description\":\"Original clothing for submissions and choking\",\"publisher\":{\"@id\":\"https:\\\/\\\/choketopus.com\\\/#organization\"},\"potentialAction\":[{\"@type\":\"SearchAction\",\"target\":{\"@type\":\"EntryPoint\",\"urlTemplate\":\"https:\\\/\\\/choketopus.com\\\/?s={search_term_string}\"},\"query-input\":{\"@type\":\"PropertyValueSpecification\",\"valueRequired\":true,\"valueName\":\"search_term_string\"}}],\"inLanguage\":\"de\"},{\"@type\":\"Organization\",\"@id\":\"https:\\\/\\\/choketopus.com\\\/#organization\",\"name\":\"Rashguard.cz s.r.o.\",\"url\":\"https:\\\/\\\/choketopus.com\\\/\",\"logo\":{\"@type\":\"ImageObject\",\"inLanguage\":\"de\",\"@id\":\"https:\\\/\\\/choketopus.com\\\/#\\\/schema\\\/logo\\\/image\\\/\",\"url\":\"\",\"contentUrl\":\"\",\"caption\":\"Rashguard.cz s.r.o.\"},\"image\":{\"@id\":\"https:\\\/\\\/choketopus.com\\\/#\\\/schema\\\/logo\\\/image\\\/\"},\"sameAs\":[\"https:\\\/\\\/www.facebook.com\\\/choketopus\\\/\",\"https:\\\/\\\/x.com\\\/choketopus\"]}]}<\/script>\n<!-- \/ Yoast SEO plugin. -->","yoast_head_json":{"title":"CHOKES'n'BONES GI \/ Hose - Damen LIGHT - Choketopus.com","description":"Premium Kimono mit dem Design der legend\u00e4ren japanischen Kraniche. Neuer Schnitt, kompromisslose Qualit\u00e4t und konkurrenzloses Design. Dieses BJJ-Kimono muss man haben!","robots":{"index":"index","follow":"follow","max-snippet":"max-snippet:-1","max-image-preview":"max-image-preview:large","max-video-preview":"max-video-preview:-1"},"canonical":"https:\/\/choketopus.com\/de\/produkt\/ussuri-crane-gi-hose-snow-white-kopirovat-kopirovat\/","og_locale":"de_DE","og_type":"article","og_title":"CHOKES'n'BONES GI \/ Hose - Damen LIGHT - Choketopus.com","og_description":"Premium Kimono mit dem Design der legend\u00e4ren japanischen Kraniche. Neuer Schnitt, kompromisslose Qualit\u00e4t und konkurrenzloses Design. Dieses BJJ-Kimono muss man haben!","og_url":"https:\/\/choketopus.com\/de\/produkt\/ussuri-crane-gi-hose-snow-white-kopirovat-kopirovat\/","og_site_name":"Choketopus.com","article_publisher":"https:\/\/www.facebook.com\/choketopus\/","article_modified_time":"2025-12-09T18:13:40+00:00","og_image":[{"width":459,"height":600,"url":"https:\/\/choketopus.com\/wp-content\/uploads\/2025\/09\/main-3.png","type":"image\/png"}],"twitter_card":"summary_large_image","twitter_site":"@choketopus","twitter_misc":{"Gesch\u00e4tzte Lesezeit":"1\u00a0Minute"},"schema":{"@context":"https:\/\/schema.org","@graph":[{"@type":"WebPage","@id":"https:\/\/choketopus.com\/de\/produkt\/ussuri-crane-gi-hose-snow-white-kopirovat-kopirovat\/","url":"https:\/\/choketopus.com\/de\/produkt\/ussuri-crane-gi-hose-snow-white-kopirovat-kopirovat\/","name":"CHOKES'n'BONES GI \/ Hose - Damen LIGHT - Choketopus.com","isPartOf":{"@id":"https:\/\/choketopus.com\/#website"},"primaryImageOfPage":{"@id":"https:\/\/choketopus.com\/de\/produkt\/ussuri-crane-gi-hose-snow-white-kopirovat-kopirovat\/#primaryimage"},"image":{"@id":"https:\/\/choketopus.com\/de\/produkt\/ussuri-crane-gi-hose-snow-white-kopirovat-kopirovat\/#primaryimage"},"thumbnailUrl":"https:\/\/choketopus.com\/wp-content\/uploads\/2025\/09\/main-3.png","datePublished":"2025-09-07T16:39:57+00:00","dateModified":"2025-12-09T18:13:40+00:00","description":"Premium Kimono mit dem Design der legend\u00e4ren japanischen Kraniche. Neuer Schnitt, kompromisslose Qualit\u00e4t und konkurrenzloses Design. Dieses BJJ-Kimono muss man haben!","breadcrumb":{"@id":"https:\/\/choketopus.com\/de\/produkt\/ussuri-crane-gi-hose-snow-white-kopirovat-kopirovat\/#breadcrumb"},"inLanguage":"de","potentialAction":[{"@type":"ReadAction","target":["https:\/\/choketopus.com\/de\/produkt\/ussuri-crane-gi-hose-snow-white-kopirovat-kopirovat\/"]}]},{"@type":"ImageObject","inLanguage":"de","@id":"https:\/\/choketopus.com\/de\/produkt\/ussuri-crane-gi-hose-snow-white-kopirovat-kopirovat\/#primaryimage","url":"https:\/\/choketopus.com\/wp-content\/uploads\/2025\/09\/main-3.png","contentUrl":"https:\/\/choketopus.com\/wp-content\/uploads\/2025\/09\/main-3.png","width":459,"height":600},{"@type":"BreadcrumbList","@id":"https:\/\/choketopus.com\/de\/produkt\/ussuri-crane-gi-hose-snow-white-kopirovat-kopirovat\/#breadcrumb","itemListElement":[{"@type":"ListItem","position":1,"name":"Dom\u016f","item":"https:\/\/choketopus.com\/de\/"},{"@type":"ListItem","position":2,"name":"Obchod","item":"https:\/\/choketopus.com\/de\/obchod\/"},{"@type":"ListItem","position":3,"name":"CHOKES&#8217;n&#8217;BONES GI \/ Hose &#8211; Damen LIGHT"}]},{"@type":"WebSite","@id":"https:\/\/choketopus.com\/#website","url":"https:\/\/choketopus.com\/","name":"Choketopus.com","description":"Original clothing for submissions and choking","publisher":{"@id":"https:\/\/choketopus.com\/#organization"},"potentialAction":[{"@type":"SearchAction","target":{"@type":"EntryPoint","urlTemplate":"https:\/\/choketopus.com\/?s={search_term_string}"},"query-input":{"@type":"PropertyValueSpecification","valueRequired":true,"valueName":"search_term_string"}}],"inLanguage":"de"},{"@type":"Organization","@id":"https:\/\/choketopus.com\/#organization","name":"Rashguard.cz s.r.o.","url":"https:\/\/choketopus.com\/","logo":{"@type":"ImageObject","inLanguage":"de","@id":"https:\/\/choketopus.com\/#\/schema\/logo\/image\/","url":"","contentUrl":"","caption":"Rashguard.cz s.r.o."},"image":{"@id":"https:\/\/choketopus.com\/#\/schema\/logo\/image\/"},"sameAs":["https:\/\/www.facebook.com\/choketopus\/","https:\/\/x.com\/choketopus"]}]}},"_links":{"self":[{"href":"https:\/\/choketopus.com\/de\/wp-json\/wp\/v2\/product\/41466","targetHints":{"allow":["GET"]}}],"collection":[{"href":"https:\/\/choketopus.com\/de\/wp-json\/wp\/v2\/product"}],"about":[{"href":"https:\/\/choketopus.com\/de\/wp-json\/wp\/v2\/types\/product"}],"replies":[{"embeddable":true,"href":"https:\/\/choketopus.com\/de\/wp-json\/wp\/v2\/comments?post=41466"}],"wp:featuredmedia":[{"embeddable":true,"href":"https:\/\/choketopus.com\/de\/wp-json\/wp\/v2\/media\/41518"}],"wp:attachment":[{"href":"https:\/\/choketopus.com\/de\/wp-json\/wp\/v2\/media?parent=41466"}],"wp:term":[{"taxonomy":"product_brand","embeddable":true,"href":"https:\/\/choketopus.com\/de\/wp-json\/wp\/v2\/product_brand?post=41466"},{"taxonomy":"product_cat","embeddable":true,"href":"https:\/\/choketopus.com\/de\/wp-json\/wp\/v2\/product_cat?post=41466"},{"taxonomy":"product_tag","embeddable":true,"href":"https:\/\/choketopus.com\/de\/wp-json\/wp\/v2\/product_tag?post=41466"}],"curies":[{"name":"wp","href":"https:\/\/api.w.org\/{rel}","templated":true}]}}