{"id":29076,"date":"2023-11-02T23:39:58","date_gmt":"2023-11-02T22:39:58","guid":{"rendered":"https:\/\/choketopus.com\/?post_type=product&#038;p=29076"},"modified":"2024-10-01T13:35:53","modified_gmt":"2024-10-01T11:35:53","slug":"vousac-rashguard-s-kratkym-rukavem","status":"publish","type":"product","link":"https:\/\/choketopus.com\/de\/produkt\/vousac-rashguard-s-kratkym-rukavem\/","title":{"rendered":"Der Barttr\u00e4ger \/ Rashguard mit kurzen \u00c4rmeln"},"content":{"rendered":"<ul style=\"text-align: left;\">\n<li>Kompressionsunterw\u00e4sche eignet sich als unterste Schicht f\u00fcr die meisten Sportarten.<\/li>\n<li>Sie leitet Schwei\u00df ab und h\u00e4lt die Haut trocken.<\/li>\n<li>Sie hilft dem K\u00f6rper, die Temperatur zu regulieren und Muskelverletzungen vorzubeugen.<\/li>\n<li>Bei niedrigen Temperaturen dient sie als untere W\u00e4rme-Schicht.<\/li>\n<li>Sie sch\u00fctzt vor Absch\u00fcrfungen und Sonnenbrand.<\/li>\n<li>Es besteht aus angenehmem, elastischem, aber dennoch robustem Material.<\/li>\n<\/ul>\n<p style=\"text-align: left;\">Das Rashguard besteht aus hochwertigem, weichem und elastischem Material mit hoher Lebensdauer. Die F\u00e4rbung erfolgt mit dem modernsten m\u00f6glichen Verfahren durch Sublimation, bei dem die gesamte Faser eingef\u00e4rbt wird. Das Ergebnis sind satte Farben, die auch einem langanhaltenden harten Einsatz im Training standhalten und ewig halten. Der gesamte Herstellungsprozess, einschlie\u00dflich der N\u00e4harbeiten, findet in der Tschechischen Republik statt, was eine 100%ige Qualit\u00e4t in allen Produktionsphasen garantiert. Das Ergebnis ist ein Produkt, das f\u00fcr den professionellen Einsatz in jeder Sportart bereit ist. Bei diesem Rashguard wird eine Neuheit aus unserem Sortiment verwendet &#8211; am Bund ist ein spezieller Silikonstreifen gen\u00e4ht, der das Rashguard an Ort und Stelle h\u00e4lt und jegliche unerw\u00fcnschte Bewegung verhindert.<\/p>\n<p>&nbsp;<\/p>\n<h3><strong>\u00dcber die Illustratorin Veronika<\/strong><\/h3>\n<p>Veronika, die Sie auf Instagram unter dem Profil <a href=\"https:\/\/www.instagram.com\/vila.tvori\/\"><strong>@vila.tvori<\/strong><\/a> finden k\u00f6nnen, ist eine K\u00fcnstlerin, die ihre Inspiration sowohl aus der Natur als auch aus ihren Abenteuerreisen um die Welt sch\u00f6pft. Zu ihren beliebtesten Techniken geh\u00f6ren Leinwandmalerei, Cyanotypie, abstraktes Gie\u00dfen von Bildern und nicht zuletzt das Entwerfen von Motiven und Designs. Veronika liebt es, verschiedene k\u00fcnstlerische Techniken auszuprobieren, die sie immer wieder faszinieren.<\/p>\n<p>Die Liebe zur Kreativit\u00e4t und der Wunsch, die Natur in die Kunst zu \u00fcbertragen, wurden in ihr bereits in der Kindheit geweckt und begleiten sie ihr ganzes Leben lang. Derzeit gestaltet sie Bilder, Auftragsdesigns und ihre eigenen Kollektionen verschiedener Motive.<\/p>\n<p>Die Designs f\u00fcr die CHKTPS-Kollektion stellen drei verschiedene Wesen mit einzigartiger Pers\u00f6nlichkeit und einem Hauch von Natur vor. Hier findest du einen ausgeglichenen Herbstbarttr\u00e4ger, ein faszinierendes M\u00e4dchen mit Tentakeln oder eine zarte Muse aus dem Wald.<\/p>\n","protected":false},"excerpt":{"rendered":"<p><strong>Der Barttr\u00e4ger ist ein ausgeglichener und ruhiger Typ<\/strong>, <strong>der sich um keinen Preis aus der Ruhe bringen l\u00e4sst.<\/strong><br \/>\nEr \u00fcberwindet Hindernisse mit Leichtigkeit und einem kleinen L\u00e4cheln, das er unter einem ordentlichen Bart versteckt. Unser Barttr\u00e4ger sch\u00f6pft <strong>unendliche Ruhe und Weisheit aus der Natur,<\/strong> die er gerne um sich herum hat. Und das Gleiche wird er auch an dich weitergeben.<\/p>\n<p>&nbsp;<\/p>\n<p>Schon seit dem ersten Tag des Choketopus <strong>gehen wir gegen den Strom<\/strong> und experimentieren. <strong>Wir versuchen, neuen K\u00fcnstlern so viel Raum wie m\u00f6glich zu geben<\/strong>, daher entstanden die neuen Motive der Wesen aus unserer Herbstkollektion in <strong>Zusammenarbeit von Veronika (Illustratorin) und Luk\u00e1\u0161 (Art Director).<\/strong> Wenn Ihnen diese Kunst gef\u00e4llt, k\u00f6nnen Sie mehr dar\u00fcber und \u00fcber die K\u00fcnstlerin in der <strong>Bildunterschrift unter den Fotos erfahren.<\/strong><\/p>\n","protected":false},"featured_media":29125,"comment_status":"open","ping_status":"closed","template":"","meta":[],"product_brand":[],"product_cat":[560,613,559,608,929,926,607],"product_tag":[623,621,622,620],"class_list":{"0":"post-29076","1":"product","2":"type-product","3":"status-publish","4":"has-post-thumbnail","6":"product_cat-damen","7":"product_cat-damen-rashguard","8":"product_cat-herren","9":"product_cat-herren-rashguard","10":"product_cat-herren-mit-kurzem-aermel","11":"product_cat-damen-mit-kurzem-aermel","12":"product_cat-rashguards-de","13":"product_tag-brazilian-jiu-jitsu-de","14":"product_tag-grappling-de","15":"product_tag-krav-maga-de","16":"product_tag-mma-de","17":"description-off","19":"first","20":"instock","21":"featured","22":"taxable","23":"shipping-taxable","24":"purchasable","25":"product-type-variable","26":"has-default-attributes"},"yoast_head":"<!-- This site is optimized with the Yoast SEO plugin v27.4 - https:\/\/yoast.com\/product\/yoast-seo-wordpress\/ -->\n<title>Der Barttr\u00e4ger \/ Rashguard mit kurzen \u00c4rmeln - Choketopus.com<\/title>\n<meta name=\"description\" content=\"Neue RETRO-Kollektion von Rashguards. Das Rashguard besteht aus dem hochwertigsten Material und h\u00e4lt Sie in jeder Situation. Dar\u00fcber hinaus werden Sie in diesem Design ziemlich cool aussehen!\" \/>\n<meta name=\"robots\" content=\"index, follow, max-snippet:-1, max-image-preview:large, max-video-preview:-1\" \/>\n<link rel=\"canonical\" href=\"https:\/\/choketopus.com\/de\/produkt\/vousac-rashguard-s-kratkym-rukavem\/\" \/>\n<meta property=\"og:locale\" content=\"de_DE\" \/>\n<meta property=\"og:type\" content=\"article\" \/>\n<meta property=\"og:title\" content=\"Der Barttr\u00e4ger \/ Rashguard mit kurzen \u00c4rmeln - Choketopus.com\" \/>\n<meta property=\"og:description\" content=\"Neue RETRO-Kollektion von Rashguards. Das Rashguard besteht aus dem hochwertigsten Material und h\u00e4lt Sie in jeder Situation. Dar\u00fcber hinaus werden Sie in diesem Design ziemlich cool aussehen!\" \/>\n<meta property=\"og:url\" content=\"https:\/\/choketopus.com\/de\/produkt\/vousac-rashguard-s-kratkym-rukavem\/\" \/>\n<meta property=\"og:site_name\" content=\"Choketopus.com\" \/>\n<meta property=\"article:publisher\" content=\"https:\/\/www.facebook.com\/choketopus\/\" \/>\n<meta property=\"article:modified_time\" content=\"2024-10-01T11:35:53+00:00\" \/>\n<meta property=\"og:image\" content=\"https:\/\/choketopus.com\/wp-content\/uploads\/2023\/11\/fdgmf.jpg\" \/>\n\t<meta property=\"og:image:width\" content=\"1155\" \/>\n\t<meta property=\"og:image:height\" content=\"1511\" \/>\n\t<meta property=\"og:image:type\" content=\"image\/jpeg\" \/>\n<meta name=\"twitter:card\" content=\"summary_large_image\" \/>\n<meta name=\"twitter:site\" content=\"@choketopus\" \/>\n<meta name=\"twitter:label1\" content=\"Gesch\u00e4tzte Lesezeit\" \/>\n\t<meta name=\"twitter:data1\" content=\"2\u00a0Minuten\" \/>\n<script type=\"application\/ld+json\" class=\"yoast-schema-graph\">{\"@context\":\"https:\\\/\\\/schema.org\",\"@graph\":[{\"@type\":\"WebPage\",\"@id\":\"https:\\\/\\\/choketopus.com\\\/de\\\/produkt\\\/vousac-rashguard-s-kratkym-rukavem\\\/\",\"url\":\"https:\\\/\\\/choketopus.com\\\/de\\\/produkt\\\/vousac-rashguard-s-kratkym-rukavem\\\/\",\"name\":\"Der Barttr\u00e4ger \\\/ Rashguard mit kurzen \u00c4rmeln - Choketopus.com\",\"isPartOf\":{\"@id\":\"https:\\\/\\\/choketopus.com\\\/#website\"},\"primaryImageOfPage\":{\"@id\":\"https:\\\/\\\/choketopus.com\\\/de\\\/produkt\\\/vousac-rashguard-s-kratkym-rukavem\\\/#primaryimage\"},\"image\":{\"@id\":\"https:\\\/\\\/choketopus.com\\\/de\\\/produkt\\\/vousac-rashguard-s-kratkym-rukavem\\\/#primaryimage\"},\"thumbnailUrl\":\"https:\\\/\\\/choketopus.com\\\/wp-content\\\/uploads\\\/2023\\\/11\\\/fdgmf.jpg\",\"datePublished\":\"2023-11-02T22:39:58+00:00\",\"dateModified\":\"2024-10-01T11:35:53+00:00\",\"description\":\"Neue RETRO-Kollektion von Rashguards. Das Rashguard besteht aus dem hochwertigsten Material und h\u00e4lt Sie in jeder Situation. Dar\u00fcber hinaus werden Sie in diesem Design ziemlich cool aussehen!\",\"breadcrumb\":{\"@id\":\"https:\\\/\\\/choketopus.com\\\/de\\\/produkt\\\/vousac-rashguard-s-kratkym-rukavem\\\/#breadcrumb\"},\"inLanguage\":\"de\",\"potentialAction\":[{\"@type\":\"ReadAction\",\"target\":[\"https:\\\/\\\/choketopus.com\\\/de\\\/produkt\\\/vousac-rashguard-s-kratkym-rukavem\\\/\"]}]},{\"@type\":\"ImageObject\",\"inLanguage\":\"de\",\"@id\":\"https:\\\/\\\/choketopus.com\\\/de\\\/produkt\\\/vousac-rashguard-s-kratkym-rukavem\\\/#primaryimage\",\"url\":\"https:\\\/\\\/choketopus.com\\\/wp-content\\\/uploads\\\/2023\\\/11\\\/fdgmf.jpg\",\"contentUrl\":\"https:\\\/\\\/choketopus.com\\\/wp-content\\\/uploads\\\/2023\\\/11\\\/fdgmf.jpg\",\"width\":1155,\"height\":1511},{\"@type\":\"BreadcrumbList\",\"@id\":\"https:\\\/\\\/choketopus.com\\\/de\\\/produkt\\\/vousac-rashguard-s-kratkym-rukavem\\\/#breadcrumb\",\"itemListElement\":[{\"@type\":\"ListItem\",\"position\":1,\"name\":\"Dom\u016f\",\"item\":\"https:\\\/\\\/choketopus.com\\\/de\\\/\"},{\"@type\":\"ListItem\",\"position\":2,\"name\":\"Obchod\",\"item\":\"https:\\\/\\\/choketopus.com\\\/de\\\/obchod\\\/\"},{\"@type\":\"ListItem\",\"position\":3,\"name\":\"Der Barttr\u00e4ger \\\/ Rashguard mit kurzen \u00c4rmeln\"}]},{\"@type\":\"WebSite\",\"@id\":\"https:\\\/\\\/choketopus.com\\\/#website\",\"url\":\"https:\\\/\\\/choketopus.com\\\/\",\"name\":\"Choketopus.com\",\"description\":\"Original clothing for submissions and choking\",\"publisher\":{\"@id\":\"https:\\\/\\\/choketopus.com\\\/#organization\"},\"potentialAction\":[{\"@type\":\"SearchAction\",\"target\":{\"@type\":\"EntryPoint\",\"urlTemplate\":\"https:\\\/\\\/choketopus.com\\\/?s={search_term_string}\"},\"query-input\":{\"@type\":\"PropertyValueSpecification\",\"valueRequired\":true,\"valueName\":\"search_term_string\"}}],\"inLanguage\":\"de\"},{\"@type\":\"Organization\",\"@id\":\"https:\\\/\\\/choketopus.com\\\/#organization\",\"name\":\"Rashguard.cz s.r.o.\",\"url\":\"https:\\\/\\\/choketopus.com\\\/\",\"logo\":{\"@type\":\"ImageObject\",\"inLanguage\":\"de\",\"@id\":\"https:\\\/\\\/choketopus.com\\\/#\\\/schema\\\/logo\\\/image\\\/\",\"url\":\"\",\"contentUrl\":\"\",\"caption\":\"Rashguard.cz s.r.o.\"},\"image\":{\"@id\":\"https:\\\/\\\/choketopus.com\\\/#\\\/schema\\\/logo\\\/image\\\/\"},\"sameAs\":[\"https:\\\/\\\/www.facebook.com\\\/choketopus\\\/\",\"https:\\\/\\\/x.com\\\/choketopus\"]}]}<\/script>\n<!-- \/ Yoast SEO plugin. -->","yoast_head_json":{"title":"Der Barttr\u00e4ger \/ Rashguard mit kurzen \u00c4rmeln - Choketopus.com","description":"Neue RETRO-Kollektion von Rashguards. Das Rashguard besteht aus dem hochwertigsten Material und h\u00e4lt Sie in jeder Situation. Dar\u00fcber hinaus werden Sie in diesem Design ziemlich cool aussehen!","robots":{"index":"index","follow":"follow","max-snippet":"max-snippet:-1","max-image-preview":"max-image-preview:large","max-video-preview":"max-video-preview:-1"},"canonical":"https:\/\/choketopus.com\/de\/produkt\/vousac-rashguard-s-kratkym-rukavem\/","og_locale":"de_DE","og_type":"article","og_title":"Der Barttr\u00e4ger \/ Rashguard mit kurzen \u00c4rmeln - Choketopus.com","og_description":"Neue RETRO-Kollektion von Rashguards. Das Rashguard besteht aus dem hochwertigsten Material und h\u00e4lt Sie in jeder Situation. Dar\u00fcber hinaus werden Sie in diesem Design ziemlich cool aussehen!","og_url":"https:\/\/choketopus.com\/de\/produkt\/vousac-rashguard-s-kratkym-rukavem\/","og_site_name":"Choketopus.com","article_publisher":"https:\/\/www.facebook.com\/choketopus\/","article_modified_time":"2024-10-01T11:35:53+00:00","og_image":[{"width":1155,"height":1511,"url":"https:\/\/choketopus.com\/wp-content\/uploads\/2023\/11\/fdgmf.jpg","type":"image\/jpeg"}],"twitter_card":"summary_large_image","twitter_site":"@choketopus","twitter_misc":{"Gesch\u00e4tzte Lesezeit":"2\u00a0Minuten"},"schema":{"@context":"https:\/\/schema.org","@graph":[{"@type":"WebPage","@id":"https:\/\/choketopus.com\/de\/produkt\/vousac-rashguard-s-kratkym-rukavem\/","url":"https:\/\/choketopus.com\/de\/produkt\/vousac-rashguard-s-kratkym-rukavem\/","name":"Der Barttr\u00e4ger \/ Rashguard mit kurzen \u00c4rmeln - Choketopus.com","isPartOf":{"@id":"https:\/\/choketopus.com\/#website"},"primaryImageOfPage":{"@id":"https:\/\/choketopus.com\/de\/produkt\/vousac-rashguard-s-kratkym-rukavem\/#primaryimage"},"image":{"@id":"https:\/\/choketopus.com\/de\/produkt\/vousac-rashguard-s-kratkym-rukavem\/#primaryimage"},"thumbnailUrl":"https:\/\/choketopus.com\/wp-content\/uploads\/2023\/11\/fdgmf.jpg","datePublished":"2023-11-02T22:39:58+00:00","dateModified":"2024-10-01T11:35:53+00:00","description":"Neue RETRO-Kollektion von Rashguards. Das Rashguard besteht aus dem hochwertigsten Material und h\u00e4lt Sie in jeder Situation. Dar\u00fcber hinaus werden Sie in diesem Design ziemlich cool aussehen!","breadcrumb":{"@id":"https:\/\/choketopus.com\/de\/produkt\/vousac-rashguard-s-kratkym-rukavem\/#breadcrumb"},"inLanguage":"de","potentialAction":[{"@type":"ReadAction","target":["https:\/\/choketopus.com\/de\/produkt\/vousac-rashguard-s-kratkym-rukavem\/"]}]},{"@type":"ImageObject","inLanguage":"de","@id":"https:\/\/choketopus.com\/de\/produkt\/vousac-rashguard-s-kratkym-rukavem\/#primaryimage","url":"https:\/\/choketopus.com\/wp-content\/uploads\/2023\/11\/fdgmf.jpg","contentUrl":"https:\/\/choketopus.com\/wp-content\/uploads\/2023\/11\/fdgmf.jpg","width":1155,"height":1511},{"@type":"BreadcrumbList","@id":"https:\/\/choketopus.com\/de\/produkt\/vousac-rashguard-s-kratkym-rukavem\/#breadcrumb","itemListElement":[{"@type":"ListItem","position":1,"name":"Dom\u016f","item":"https:\/\/choketopus.com\/de\/"},{"@type":"ListItem","position":2,"name":"Obchod","item":"https:\/\/choketopus.com\/de\/obchod\/"},{"@type":"ListItem","position":3,"name":"Der Barttr\u00e4ger \/ Rashguard mit kurzen \u00c4rmeln"}]},{"@type":"WebSite","@id":"https:\/\/choketopus.com\/#website","url":"https:\/\/choketopus.com\/","name":"Choketopus.com","description":"Original clothing for submissions and choking","publisher":{"@id":"https:\/\/choketopus.com\/#organization"},"potentialAction":[{"@type":"SearchAction","target":{"@type":"EntryPoint","urlTemplate":"https:\/\/choketopus.com\/?s={search_term_string}"},"query-input":{"@type":"PropertyValueSpecification","valueRequired":true,"valueName":"search_term_string"}}],"inLanguage":"de"},{"@type":"Organization","@id":"https:\/\/choketopus.com\/#organization","name":"Rashguard.cz s.r.o.","url":"https:\/\/choketopus.com\/","logo":{"@type":"ImageObject","inLanguage":"de","@id":"https:\/\/choketopus.com\/#\/schema\/logo\/image\/","url":"","contentUrl":"","caption":"Rashguard.cz s.r.o."},"image":{"@id":"https:\/\/choketopus.com\/#\/schema\/logo\/image\/"},"sameAs":["https:\/\/www.facebook.com\/choketopus\/","https:\/\/x.com\/choketopus"]}]}},"_links":{"self":[{"href":"https:\/\/choketopus.com\/de\/wp-json\/wp\/v2\/product\/29076","targetHints":{"allow":["GET"]}}],"collection":[{"href":"https:\/\/choketopus.com\/de\/wp-json\/wp\/v2\/product"}],"about":[{"href":"https:\/\/choketopus.com\/de\/wp-json\/wp\/v2\/types\/product"}],"replies":[{"embeddable":true,"href":"https:\/\/choketopus.com\/de\/wp-json\/wp\/v2\/comments?post=29076"}],"wp:featuredmedia":[{"embeddable":true,"href":"https:\/\/choketopus.com\/de\/wp-json\/wp\/v2\/media\/29125"}],"wp:attachment":[{"href":"https:\/\/choketopus.com\/de\/wp-json\/wp\/v2\/media?parent=29076"}],"wp:term":[{"taxonomy":"product_brand","embeddable":true,"href":"https:\/\/choketopus.com\/de\/wp-json\/wp\/v2\/product_brand?post=29076"},{"taxonomy":"product_cat","embeddable":true,"href":"https:\/\/choketopus.com\/de\/wp-json\/wp\/v2\/product_cat?post=29076"},{"taxonomy":"product_tag","embeddable":true,"href":"https:\/\/choketopus.com\/de\/wp-json\/wp\/v2\/product_tag?post=29076"}],"curies":[{"name":"wp","href":"https:\/\/api.w.org\/{rel}","templated":true}]}}