{"id":26715,"date":"2018-08-07T10:51:40","date_gmt":"2018-08-07T08:51:40","guid":{"rendered":"https:\/\/choketopus.com\/produkt\/v-leggings-von-kamila-pavlickova-lila\/"},"modified":"2023-07-14T08:23:16","modified_gmt":"2023-07-14T06:23:16","slug":"v-leginy-by-kamila-pavlickova-fialove-damske","status":"publish","type":"product","link":"https:\/\/choketopus.com\/de\/produkt\/v-leginy-by-kamila-pavlickova-fialove-damske\/","title":{"rendered":"V LEGGINGS &#8211; von Kamila Pavl\u00ed\u010dkov\u00e1 &#8211; Lila"},"content":{"rendered":"<p style=\"text-align: left;\">In diesen tollen Leggings mit V-Taille werden deine Bein- und Ges\u00e4\u00dfmuskeln durch das Push-up-Raffung extra betont! An diesem au\u00dfergew\u00f6hnlichen St\u00fcck Textil haben wir mit Kamila Pavl\u00ed\u010dkov\u00e1 zusammengearbeitet &#8211; sowohl am Design der Grafik, als auch am Schnitt und den Materialien. Wenn du trainierst, d\u00fcrfen diese Leggings in deiner Fitnessstudio-Ausstattung nicht fehlen! Erh\u00e4ltlich in hellbeige, minzgr\u00fcn und lila!<\/p>\n<ul>\n<li style=\"text-align: left;\">Kompressionsunterw\u00e4sche eignet sich als unterste Schicht f\u00fcr die meisten Sportarten.<\/li>\n<li style=\"text-align: left;\">Sie leitet Schwei\u00df ab und h\u00e4lt die Haut trocken.<\/li>\n<li style=\"text-align: left;\">Sie hilft dem K\u00f6rper, die Temperatur zu regulieren und Muskelverletzungen vorzubeugen.<\/li>\n<li style=\"text-align: left;\">Bei niedrigen Temperaturen dient sie als untere W\u00e4rme-Schicht.<\/li>\n<li style=\"text-align: left;\">Sie sch\u00fctzt vor Absch\u00fcrfungen und Sonnenbrand.<\/li>\n<li style=\"text-align: left;\">Es besteht aus angenehmem, elastischem, aber dennoch robustem Material.<\/li>\n<li style=\"text-align: left;\">H\u00f6here V-Taille<\/li>\n<li style=\"text-align: left;\">Raffung mit Push-up-Effekt<\/li>\n<li>Blickdicht<\/li>\n<\/ul>\n","protected":false},"excerpt":{"rendered":"<p>In diesen tollen Leggings mit V-Taille werden deine Bein- und Ges\u00e4\u00dfmuskeln durch das Push-up-Raffung extra betont! An diesem au\u00dfergew\u00f6hnlichen St\u00fcck Textil haben wir mit Kamila Pavl\u00ed\u010dkov\u00e1 zusammengearbeitet &#8211; sowohl am Design der Grafik, als auch am Schnitt und den Materialien. Wenn du trainierst, d\u00fcrfen diese Leggings in deiner Fitnessstudio-Ausstattung nicht fehlen! Erh\u00e4ltlich in hellbeige, minzgr\u00fcn und lila!<\/p>\n","protected":false},"featured_media":21651,"comment_status":"open","ping_status":"closed","template":"","meta":[],"product_brand":[],"product_cat":[564,560,649,661,660],"product_tag":[665,760,664,663],"class_list":{"0":"post-26715","1":"product","2":"type-product","3":"status-publish","4":"has-post-thumbnail","6":"product_cat-ausverkauf","7":"product_cat-damen","8":"product_cat-damen-ausverkauf","9":"product_cat-retro-damen","10":"product_cat-retro-woche","11":"product_tag-fitness-de","12":"product_tag-kamila-de","13":"product_tag-laufen","14":"product_tag-yoga-de","15":"description-off","17":"first","18":"instock","19":"sale","20":"taxable","21":"shipping-taxable","22":"purchasable","23":"product-type-variable","24":"has-default-attributes"},"yoast_head":"<!-- This site is optimized with the Yoast SEO plugin v27.4 - https:\/\/yoast.com\/product\/yoast-seo-wordpress\/ -->\n<title>V LEGGINGS - von Kamila Pavl\u00ed\u010dkov\u00e1 - Lila - Choketopus.com<\/title>\n<meta name=\"robots\" content=\"index, follow, max-snippet:-1, max-image-preview:large, max-video-preview:-1\" \/>\n<link rel=\"canonical\" href=\"https:\/\/choketopus.com\/de\/produkt\/v-leginy-by-kamila-pavlickova-fialove-damske\/\" \/>\n<meta property=\"og:locale\" content=\"de_DE\" \/>\n<meta property=\"og:type\" content=\"article\" \/>\n<meta property=\"og:title\" content=\"V LEGGINGS - von Kamila Pavl\u00ed\u010dkov\u00e1 - Lila - Choketopus.com\" \/>\n<meta property=\"og:description\" content=\"In diesen tollen Leggings mit V-Taille werden deine Bein- und Ges\u00e4\u00dfmuskeln durch das Push-up-Raffung extra betont! An diesem au\u00dfergew\u00f6hnlichen St\u00fcck Textil haben wir mit Kamila Pavl\u00ed\u010dkov\u00e1 zusammengearbeitet - sowohl am Design der Grafik, als auch am Schnitt und den Materialien. Wenn du trainierst, d\u00fcrfen diese Leggings in deiner Fitnessstudio-Ausstattung nicht fehlen! Erh\u00e4ltlich in hellbeige, minzgr\u00fcn und lila!\" \/>\n<meta property=\"og:url\" content=\"https:\/\/choketopus.com\/de\/produkt\/v-leginy-by-kamila-pavlickova-fialove-damske\/\" \/>\n<meta property=\"og:site_name\" content=\"Choketopus.com\" \/>\n<meta property=\"article:publisher\" content=\"https:\/\/www.facebook.com\/choketopus\/\" \/>\n<meta property=\"article:modified_time\" content=\"2023-07-14T06:23:16+00:00\" \/>\n<meta property=\"og:image\" content=\"https:\/\/choketopus.com\/wp-content\/uploads\/2018\/08\/KAMILA_filove_front_f1f1f1.jpg\" \/>\n\t<meta property=\"og:image:width\" content=\"417\" \/>\n\t<meta property=\"og:image:height\" content=\"545\" \/>\n\t<meta property=\"og:image:type\" content=\"image\/jpeg\" \/>\n<meta name=\"twitter:card\" content=\"summary_large_image\" \/>\n<meta name=\"twitter:site\" content=\"@choketopus\" \/>\n<meta name=\"twitter:label1\" content=\"Gesch\u00e4tzte Lesezeit\" \/>\n\t<meta name=\"twitter:data1\" content=\"1\u00a0Minute\" \/>\n<script type=\"application\/ld+json\" class=\"yoast-schema-graph\">{\"@context\":\"https:\\\/\\\/schema.org\",\"@graph\":[{\"@type\":\"WebPage\",\"@id\":\"https:\\\/\\\/choketopus.com\\\/de\\\/produkt\\\/v-leginy-by-kamila-pavlickova-fialove-damske\\\/\",\"url\":\"https:\\\/\\\/choketopus.com\\\/de\\\/produkt\\\/v-leginy-by-kamila-pavlickova-fialove-damske\\\/\",\"name\":\"V LEGGINGS - von Kamila Pavl\u00ed\u010dkov\u00e1 - Lila - Choketopus.com\",\"isPartOf\":{\"@id\":\"https:\\\/\\\/choketopus.com\\\/#website\"},\"primaryImageOfPage\":{\"@id\":\"https:\\\/\\\/choketopus.com\\\/de\\\/produkt\\\/v-leginy-by-kamila-pavlickova-fialove-damske\\\/#primaryimage\"},\"image\":{\"@id\":\"https:\\\/\\\/choketopus.com\\\/de\\\/produkt\\\/v-leginy-by-kamila-pavlickova-fialove-damske\\\/#primaryimage\"},\"thumbnailUrl\":\"https:\\\/\\\/choketopus.com\\\/wp-content\\\/uploads\\\/2018\\\/08\\\/KAMILA_filove_front_f1f1f1.jpg\",\"datePublished\":\"2018-08-07T08:51:40+00:00\",\"dateModified\":\"2023-07-14T06:23:16+00:00\",\"breadcrumb\":{\"@id\":\"https:\\\/\\\/choketopus.com\\\/de\\\/produkt\\\/v-leginy-by-kamila-pavlickova-fialove-damske\\\/#breadcrumb\"},\"inLanguage\":\"de\",\"potentialAction\":[{\"@type\":\"ReadAction\",\"target\":[\"https:\\\/\\\/choketopus.com\\\/de\\\/produkt\\\/v-leginy-by-kamila-pavlickova-fialove-damske\\\/\"]}]},{\"@type\":\"ImageObject\",\"inLanguage\":\"de\",\"@id\":\"https:\\\/\\\/choketopus.com\\\/de\\\/produkt\\\/v-leginy-by-kamila-pavlickova-fialove-damske\\\/#primaryimage\",\"url\":\"https:\\\/\\\/choketopus.com\\\/wp-content\\\/uploads\\\/2018\\\/08\\\/KAMILA_filove_front_f1f1f1.jpg\",\"contentUrl\":\"https:\\\/\\\/choketopus.com\\\/wp-content\\\/uploads\\\/2018\\\/08\\\/KAMILA_filove_front_f1f1f1.jpg\",\"width\":\"417\",\"height\":\"545\"},{\"@type\":\"BreadcrumbList\",\"@id\":\"https:\\\/\\\/choketopus.com\\\/de\\\/produkt\\\/v-leginy-by-kamila-pavlickova-fialove-damske\\\/#breadcrumb\",\"itemListElement\":[{\"@type\":\"ListItem\",\"position\":1,\"name\":\"Dom\u016f\",\"item\":\"https:\\\/\\\/choketopus.com\\\/de\\\/\"},{\"@type\":\"ListItem\",\"position\":2,\"name\":\"Obchod\",\"item\":\"https:\\\/\\\/choketopus.com\\\/de\\\/obchod\\\/\"},{\"@type\":\"ListItem\",\"position\":3,\"name\":\"V LEGGINGS &#8211; von Kamila Pavl\u00ed\u010dkov\u00e1 &#8211; Lila\"}]},{\"@type\":\"WebSite\",\"@id\":\"https:\\\/\\\/choketopus.com\\\/#website\",\"url\":\"https:\\\/\\\/choketopus.com\\\/\",\"name\":\"Choketopus.com\",\"description\":\"Original clothing for submissions and choking\",\"publisher\":{\"@id\":\"https:\\\/\\\/choketopus.com\\\/#organization\"},\"potentialAction\":[{\"@type\":\"SearchAction\",\"target\":{\"@type\":\"EntryPoint\",\"urlTemplate\":\"https:\\\/\\\/choketopus.com\\\/?s={search_term_string}\"},\"query-input\":{\"@type\":\"PropertyValueSpecification\",\"valueRequired\":true,\"valueName\":\"search_term_string\"}}],\"inLanguage\":\"de\"},{\"@type\":\"Organization\",\"@id\":\"https:\\\/\\\/choketopus.com\\\/#organization\",\"name\":\"Rashguard.cz s.r.o.\",\"url\":\"https:\\\/\\\/choketopus.com\\\/\",\"logo\":{\"@type\":\"ImageObject\",\"inLanguage\":\"de\",\"@id\":\"https:\\\/\\\/choketopus.com\\\/#\\\/schema\\\/logo\\\/image\\\/\",\"url\":\"\",\"contentUrl\":\"\",\"caption\":\"Rashguard.cz s.r.o.\"},\"image\":{\"@id\":\"https:\\\/\\\/choketopus.com\\\/#\\\/schema\\\/logo\\\/image\\\/\"},\"sameAs\":[\"https:\\\/\\\/www.facebook.com\\\/choketopus\\\/\",\"https:\\\/\\\/x.com\\\/choketopus\"]}]}<\/script>\n<!-- \/ Yoast SEO plugin. -->","yoast_head_json":{"title":"V LEGGINGS - von Kamila Pavl\u00ed\u010dkov\u00e1 - Lila - Choketopus.com","robots":{"index":"index","follow":"follow","max-snippet":"max-snippet:-1","max-image-preview":"max-image-preview:large","max-video-preview":"max-video-preview:-1"},"canonical":"https:\/\/choketopus.com\/de\/produkt\/v-leginy-by-kamila-pavlickova-fialove-damske\/","og_locale":"de_DE","og_type":"article","og_title":"V LEGGINGS - von Kamila Pavl\u00ed\u010dkov\u00e1 - Lila - Choketopus.com","og_description":"In diesen tollen Leggings mit V-Taille werden deine Bein- und Ges\u00e4\u00dfmuskeln durch das Push-up-Raffung extra betont! An diesem au\u00dfergew\u00f6hnlichen St\u00fcck Textil haben wir mit Kamila Pavl\u00ed\u010dkov\u00e1 zusammengearbeitet - sowohl am Design der Grafik, als auch am Schnitt und den Materialien. Wenn du trainierst, d\u00fcrfen diese Leggings in deiner Fitnessstudio-Ausstattung nicht fehlen! Erh\u00e4ltlich in hellbeige, minzgr\u00fcn und lila!","og_url":"https:\/\/choketopus.com\/de\/produkt\/v-leginy-by-kamila-pavlickova-fialove-damske\/","og_site_name":"Choketopus.com","article_publisher":"https:\/\/www.facebook.com\/choketopus\/","article_modified_time":"2023-07-14T06:23:16+00:00","og_image":[{"width":417,"height":545,"url":"https:\/\/choketopus.com\/wp-content\/uploads\/2018\/08\/KAMILA_filove_front_f1f1f1.jpg","type":"image\/jpeg"}],"twitter_card":"summary_large_image","twitter_site":"@choketopus","twitter_misc":{"Gesch\u00e4tzte Lesezeit":"1\u00a0Minute"},"schema":{"@context":"https:\/\/schema.org","@graph":[{"@type":"WebPage","@id":"https:\/\/choketopus.com\/de\/produkt\/v-leginy-by-kamila-pavlickova-fialove-damske\/","url":"https:\/\/choketopus.com\/de\/produkt\/v-leginy-by-kamila-pavlickova-fialove-damske\/","name":"V LEGGINGS - von Kamila Pavl\u00ed\u010dkov\u00e1 - Lila - Choketopus.com","isPartOf":{"@id":"https:\/\/choketopus.com\/#website"},"primaryImageOfPage":{"@id":"https:\/\/choketopus.com\/de\/produkt\/v-leginy-by-kamila-pavlickova-fialove-damske\/#primaryimage"},"image":{"@id":"https:\/\/choketopus.com\/de\/produkt\/v-leginy-by-kamila-pavlickova-fialove-damske\/#primaryimage"},"thumbnailUrl":"https:\/\/choketopus.com\/wp-content\/uploads\/2018\/08\/KAMILA_filove_front_f1f1f1.jpg","datePublished":"2018-08-07T08:51:40+00:00","dateModified":"2023-07-14T06:23:16+00:00","breadcrumb":{"@id":"https:\/\/choketopus.com\/de\/produkt\/v-leginy-by-kamila-pavlickova-fialove-damske\/#breadcrumb"},"inLanguage":"de","potentialAction":[{"@type":"ReadAction","target":["https:\/\/choketopus.com\/de\/produkt\/v-leginy-by-kamila-pavlickova-fialove-damske\/"]}]},{"@type":"ImageObject","inLanguage":"de","@id":"https:\/\/choketopus.com\/de\/produkt\/v-leginy-by-kamila-pavlickova-fialove-damske\/#primaryimage","url":"https:\/\/choketopus.com\/wp-content\/uploads\/2018\/08\/KAMILA_filove_front_f1f1f1.jpg","contentUrl":"https:\/\/choketopus.com\/wp-content\/uploads\/2018\/08\/KAMILA_filove_front_f1f1f1.jpg","width":"417","height":"545"},{"@type":"BreadcrumbList","@id":"https:\/\/choketopus.com\/de\/produkt\/v-leginy-by-kamila-pavlickova-fialove-damske\/#breadcrumb","itemListElement":[{"@type":"ListItem","position":1,"name":"Dom\u016f","item":"https:\/\/choketopus.com\/de\/"},{"@type":"ListItem","position":2,"name":"Obchod","item":"https:\/\/choketopus.com\/de\/obchod\/"},{"@type":"ListItem","position":3,"name":"V LEGGINGS &#8211; von Kamila Pavl\u00ed\u010dkov\u00e1 &#8211; Lila"}]},{"@type":"WebSite","@id":"https:\/\/choketopus.com\/#website","url":"https:\/\/choketopus.com\/","name":"Choketopus.com","description":"Original clothing for submissions and choking","publisher":{"@id":"https:\/\/choketopus.com\/#organization"},"potentialAction":[{"@type":"SearchAction","target":{"@type":"EntryPoint","urlTemplate":"https:\/\/choketopus.com\/?s={search_term_string}"},"query-input":{"@type":"PropertyValueSpecification","valueRequired":true,"valueName":"search_term_string"}}],"inLanguage":"de"},{"@type":"Organization","@id":"https:\/\/choketopus.com\/#organization","name":"Rashguard.cz s.r.o.","url":"https:\/\/choketopus.com\/","logo":{"@type":"ImageObject","inLanguage":"de","@id":"https:\/\/choketopus.com\/#\/schema\/logo\/image\/","url":"","contentUrl":"","caption":"Rashguard.cz s.r.o."},"image":{"@id":"https:\/\/choketopus.com\/#\/schema\/logo\/image\/"},"sameAs":["https:\/\/www.facebook.com\/choketopus\/","https:\/\/x.com\/choketopus"]}]}},"_links":{"self":[{"href":"https:\/\/choketopus.com\/de\/wp-json\/wp\/v2\/product\/26715","targetHints":{"allow":["GET"]}}],"collection":[{"href":"https:\/\/choketopus.com\/de\/wp-json\/wp\/v2\/product"}],"about":[{"href":"https:\/\/choketopus.com\/de\/wp-json\/wp\/v2\/types\/product"}],"replies":[{"embeddable":true,"href":"https:\/\/choketopus.com\/de\/wp-json\/wp\/v2\/comments?post=26715"}],"wp:featuredmedia":[{"embeddable":true,"href":"https:\/\/choketopus.com\/de\/wp-json\/wp\/v2\/media\/21651"}],"wp:attachment":[{"href":"https:\/\/choketopus.com\/de\/wp-json\/wp\/v2\/media?parent=26715"}],"wp:term":[{"taxonomy":"product_brand","embeddable":true,"href":"https:\/\/choketopus.com\/de\/wp-json\/wp\/v2\/product_brand?post=26715"},{"taxonomy":"product_cat","embeddable":true,"href":"https:\/\/choketopus.com\/de\/wp-json\/wp\/v2\/product_cat?post=26715"},{"taxonomy":"product_tag","embeddable":true,"href":"https:\/\/choketopus.com\/de\/wp-json\/wp\/v2\/product_tag?post=26715"}],"curies":[{"name":"wp","href":"https:\/\/api.w.org\/{rel}","templated":true}]}}