{"id":26702,"date":"2018-10-08T14:27:14","date_gmt":"2018-10-08T12:27:14","guid":{"rendered":"https:\/\/choketopus.com\/produkt\/krasohledy-mma-shorts\/"},"modified":"2023-07-14T08:15:19","modified_gmt":"2023-07-14T06:15:19","slug":"krasohledy-mma-shorts","status":"publish","type":"product","link":"https:\/\/choketopus.com\/de\/produkt\/krasohledy-mma-shorts\/","title":{"rendered":"KRASOHLEDY \/ MMA Shorts"},"content":{"rendered":"<p>Blau ist gut! Und wie steht es mit blauen Ferngl\u00e4sern? Mit diesen MMA-Shorts reitest du auf der blauen Welle der Fantasie und endlosen M\u00f6glichkeiten! Die Shorts bestehen aus strapazierf\u00e4higem Polyester, aber die elastische Leiste, die auf der Innenseite der Oberschenkel eingen\u00e4ht ist, erm\u00f6glicht Ihnen freie Bewegung bei akrobatischen Positionen und hohen Tritten. Ein elastischer Streifen l\u00e4uft durch die Taille, den Sie mit festen Schn\u00fcren festziehen und mit einem Trockenrei\u00dfverschluss sichern k\u00f6nnen. Die Shorts bieten Freiheit, halten aber die h\u00e4rteste Belastung aus und trocknen zudem schnell nach dem Waschen. Was k\u00f6nnen Sie sich mehr von Shorts f\u00fcr das Ringen w\u00fcnschen?<\/p>\n","protected":false},"excerpt":{"rendered":"<p>Blau ist gut! Und wie steht es mit blauen Ferngl\u00e4sern? Mit diesen MMA-Shorts reitest du auf der blauen Welle der Fantasie und endlosen M\u00f6glichkeiten!<\/p>\n<p>Die Gr\u00f6\u00dfe entspricht der Taillenweite (genaue Gr\u00f6\u00dfentabelle unten)<\/p>\n<p>*Die Produktion von ma\u00dfgeschneiderten Shorts dauert 3-4 Wochen.<\/p>\n","protected":false},"featured_media":23769,"comment_status":"open","ping_status":"closed","template":"","meta":[],"product_brand":[],"product_cat":[559,561],"product_tag":[585,623,620],"class_list":{"0":"post-26702","1":"product","2":"type-product","3":"status-publish","4":"has-post-thumbnail","6":"product_cat-herren","7":"product_cat-shorts-de","8":"product_tag-bjj-de","9":"product_tag-brazilian-jiu-jitsu-de","10":"product_tag-mma-de","11":"description-off","13":"first","14":"instock","15":"taxable","16":"shipping-taxable","17":"purchasable","18":"product-type-variable","19":"has-default-attributes"},"yoast_head":"<!-- This site is optimized with the Yoast SEO plugin v27.4 - https:\/\/yoast.com\/product\/yoast-seo-wordpress\/ -->\n<title>KRASOHLEDY \/ MMA Shorts - Choketopus.com<\/title>\n<meta name=\"robots\" content=\"index, follow, max-snippet:-1, max-image-preview:large, max-video-preview:-1\" \/>\n<link rel=\"canonical\" href=\"https:\/\/choketopus.com\/de\/produkt\/krasohledy-mma-shorts\/\" \/>\n<meta property=\"og:locale\" content=\"de_DE\" \/>\n<meta property=\"og:type\" content=\"article\" \/>\n<meta property=\"og:title\" content=\"KRASOHLEDY \/ MMA Shorts - Choketopus.com\" \/>\n<meta property=\"og:description\" content=\"Blau ist gut! Und wie steht es mit blauen Ferngl\u00e4sern? Mit diesen MMA-Shorts reitest du auf der blauen Welle der Fantasie und endlosen M\u00f6glichkeiten! Die Gr\u00f6\u00dfe entspricht der Taillenweite (genaue Gr\u00f6\u00dfentabelle unten) *Die Produktion von ma\u00dfgeschneiderten Shorts dauert 3-4 Wochen.\" \/>\n<meta property=\"og:url\" content=\"https:\/\/choketopus.com\/de\/produkt\/krasohledy-mma-shorts\/\" \/>\n<meta property=\"og:site_name\" content=\"Choketopus.com\" \/>\n<meta property=\"article:publisher\" content=\"https:\/\/www.facebook.com\/choketopus\/\" \/>\n<meta property=\"article:modified_time\" content=\"2023-07-14T06:15:19+00:00\" \/>\n<meta property=\"og:image\" content=\"https:\/\/choketopus.com\/wp-content\/uploads\/2021\/11\/MBI09052.jpg\" \/>\n\t<meta property=\"og:image:width\" content=\"459\" \/>\n\t<meta property=\"og:image:height\" content=\"600\" \/>\n\t<meta property=\"og:image:type\" content=\"image\/jpeg\" \/>\n<meta name=\"twitter:card\" content=\"summary_large_image\" \/>\n<meta name=\"twitter:site\" content=\"@choketopus\" \/>\n<meta name=\"twitter:label1\" content=\"Gesch\u00e4tzte Lesezeit\" \/>\n\t<meta name=\"twitter:data1\" content=\"1\u00a0Minute\" \/>\n<script type=\"application\/ld+json\" class=\"yoast-schema-graph\">{\"@context\":\"https:\\\/\\\/schema.org\",\"@graph\":[{\"@type\":\"WebPage\",\"@id\":\"https:\\\/\\\/choketopus.com\\\/de\\\/produkt\\\/krasohledy-mma-shorts\\\/\",\"url\":\"https:\\\/\\\/choketopus.com\\\/de\\\/produkt\\\/krasohledy-mma-shorts\\\/\",\"name\":\"KRASOHLEDY \\\/ MMA Shorts - Choketopus.com\",\"isPartOf\":{\"@id\":\"https:\\\/\\\/choketopus.com\\\/#website\"},\"primaryImageOfPage\":{\"@id\":\"https:\\\/\\\/choketopus.com\\\/de\\\/produkt\\\/krasohledy-mma-shorts\\\/#primaryimage\"},\"image\":{\"@id\":\"https:\\\/\\\/choketopus.com\\\/de\\\/produkt\\\/krasohledy-mma-shorts\\\/#primaryimage\"},\"thumbnailUrl\":\"https:\\\/\\\/choketopus.com\\\/wp-content\\\/uploads\\\/2021\\\/11\\\/MBI09052.jpg\",\"datePublished\":\"2018-10-08T12:27:14+00:00\",\"dateModified\":\"2023-07-14T06:15:19+00:00\",\"breadcrumb\":{\"@id\":\"https:\\\/\\\/choketopus.com\\\/de\\\/produkt\\\/krasohledy-mma-shorts\\\/#breadcrumb\"},\"inLanguage\":\"de\",\"potentialAction\":[{\"@type\":\"ReadAction\",\"target\":[\"https:\\\/\\\/choketopus.com\\\/de\\\/produkt\\\/krasohledy-mma-shorts\\\/\"]}]},{\"@type\":\"ImageObject\",\"inLanguage\":\"de\",\"@id\":\"https:\\\/\\\/choketopus.com\\\/de\\\/produkt\\\/krasohledy-mma-shorts\\\/#primaryimage\",\"url\":\"https:\\\/\\\/choketopus.com\\\/wp-content\\\/uploads\\\/2021\\\/11\\\/MBI09052.jpg\",\"contentUrl\":\"https:\\\/\\\/choketopus.com\\\/wp-content\\\/uploads\\\/2021\\\/11\\\/MBI09052.jpg\",\"width\":459,\"height\":600},{\"@type\":\"BreadcrumbList\",\"@id\":\"https:\\\/\\\/choketopus.com\\\/de\\\/produkt\\\/krasohledy-mma-shorts\\\/#breadcrumb\",\"itemListElement\":[{\"@type\":\"ListItem\",\"position\":1,\"name\":\"Dom\u016f\",\"item\":\"https:\\\/\\\/choketopus.com\\\/de\\\/\"},{\"@type\":\"ListItem\",\"position\":2,\"name\":\"Obchod\",\"item\":\"https:\\\/\\\/choketopus.com\\\/de\\\/obchod\\\/\"},{\"@type\":\"ListItem\",\"position\":3,\"name\":\"KRASOHLEDY \\\/ MMA Shorts\"}]},{\"@type\":\"WebSite\",\"@id\":\"https:\\\/\\\/choketopus.com\\\/#website\",\"url\":\"https:\\\/\\\/choketopus.com\\\/\",\"name\":\"Choketopus.com\",\"description\":\"Original clothing for submissions and choking\",\"publisher\":{\"@id\":\"https:\\\/\\\/choketopus.com\\\/#organization\"},\"potentialAction\":[{\"@type\":\"SearchAction\",\"target\":{\"@type\":\"EntryPoint\",\"urlTemplate\":\"https:\\\/\\\/choketopus.com\\\/?s={search_term_string}\"},\"query-input\":{\"@type\":\"PropertyValueSpecification\",\"valueRequired\":true,\"valueName\":\"search_term_string\"}}],\"inLanguage\":\"de\"},{\"@type\":\"Organization\",\"@id\":\"https:\\\/\\\/choketopus.com\\\/#organization\",\"name\":\"Rashguard.cz s.r.o.\",\"url\":\"https:\\\/\\\/choketopus.com\\\/\",\"logo\":{\"@type\":\"ImageObject\",\"inLanguage\":\"de\",\"@id\":\"https:\\\/\\\/choketopus.com\\\/#\\\/schema\\\/logo\\\/image\\\/\",\"url\":\"\",\"contentUrl\":\"\",\"caption\":\"Rashguard.cz s.r.o.\"},\"image\":{\"@id\":\"https:\\\/\\\/choketopus.com\\\/#\\\/schema\\\/logo\\\/image\\\/\"},\"sameAs\":[\"https:\\\/\\\/www.facebook.com\\\/choketopus\\\/\",\"https:\\\/\\\/x.com\\\/choketopus\"]}]}<\/script>\n<!-- \/ Yoast SEO plugin. -->","yoast_head_json":{"title":"KRASOHLEDY \/ MMA Shorts - Choketopus.com","robots":{"index":"index","follow":"follow","max-snippet":"max-snippet:-1","max-image-preview":"max-image-preview:large","max-video-preview":"max-video-preview:-1"},"canonical":"https:\/\/choketopus.com\/de\/produkt\/krasohledy-mma-shorts\/","og_locale":"de_DE","og_type":"article","og_title":"KRASOHLEDY \/ MMA Shorts - Choketopus.com","og_description":"Blau ist gut! Und wie steht es mit blauen Ferngl\u00e4sern? Mit diesen MMA-Shorts reitest du auf der blauen Welle der Fantasie und endlosen M\u00f6glichkeiten! Die Gr\u00f6\u00dfe entspricht der Taillenweite (genaue Gr\u00f6\u00dfentabelle unten) *Die Produktion von ma\u00dfgeschneiderten Shorts dauert 3-4 Wochen.","og_url":"https:\/\/choketopus.com\/de\/produkt\/krasohledy-mma-shorts\/","og_site_name":"Choketopus.com","article_publisher":"https:\/\/www.facebook.com\/choketopus\/","article_modified_time":"2023-07-14T06:15:19+00:00","og_image":[{"width":459,"height":600,"url":"https:\/\/choketopus.com\/wp-content\/uploads\/2021\/11\/MBI09052.jpg","type":"image\/jpeg"}],"twitter_card":"summary_large_image","twitter_site":"@choketopus","twitter_misc":{"Gesch\u00e4tzte Lesezeit":"1\u00a0Minute"},"schema":{"@context":"https:\/\/schema.org","@graph":[{"@type":"WebPage","@id":"https:\/\/choketopus.com\/de\/produkt\/krasohledy-mma-shorts\/","url":"https:\/\/choketopus.com\/de\/produkt\/krasohledy-mma-shorts\/","name":"KRASOHLEDY \/ MMA Shorts - Choketopus.com","isPartOf":{"@id":"https:\/\/choketopus.com\/#website"},"primaryImageOfPage":{"@id":"https:\/\/choketopus.com\/de\/produkt\/krasohledy-mma-shorts\/#primaryimage"},"image":{"@id":"https:\/\/choketopus.com\/de\/produkt\/krasohledy-mma-shorts\/#primaryimage"},"thumbnailUrl":"https:\/\/choketopus.com\/wp-content\/uploads\/2021\/11\/MBI09052.jpg","datePublished":"2018-10-08T12:27:14+00:00","dateModified":"2023-07-14T06:15:19+00:00","breadcrumb":{"@id":"https:\/\/choketopus.com\/de\/produkt\/krasohledy-mma-shorts\/#breadcrumb"},"inLanguage":"de","potentialAction":[{"@type":"ReadAction","target":["https:\/\/choketopus.com\/de\/produkt\/krasohledy-mma-shorts\/"]}]},{"@type":"ImageObject","inLanguage":"de","@id":"https:\/\/choketopus.com\/de\/produkt\/krasohledy-mma-shorts\/#primaryimage","url":"https:\/\/choketopus.com\/wp-content\/uploads\/2021\/11\/MBI09052.jpg","contentUrl":"https:\/\/choketopus.com\/wp-content\/uploads\/2021\/11\/MBI09052.jpg","width":459,"height":600},{"@type":"BreadcrumbList","@id":"https:\/\/choketopus.com\/de\/produkt\/krasohledy-mma-shorts\/#breadcrumb","itemListElement":[{"@type":"ListItem","position":1,"name":"Dom\u016f","item":"https:\/\/choketopus.com\/de\/"},{"@type":"ListItem","position":2,"name":"Obchod","item":"https:\/\/choketopus.com\/de\/obchod\/"},{"@type":"ListItem","position":3,"name":"KRASOHLEDY \/ MMA Shorts"}]},{"@type":"WebSite","@id":"https:\/\/choketopus.com\/#website","url":"https:\/\/choketopus.com\/","name":"Choketopus.com","description":"Original clothing for submissions and choking","publisher":{"@id":"https:\/\/choketopus.com\/#organization"},"potentialAction":[{"@type":"SearchAction","target":{"@type":"EntryPoint","urlTemplate":"https:\/\/choketopus.com\/?s={search_term_string}"},"query-input":{"@type":"PropertyValueSpecification","valueRequired":true,"valueName":"search_term_string"}}],"inLanguage":"de"},{"@type":"Organization","@id":"https:\/\/choketopus.com\/#organization","name":"Rashguard.cz s.r.o.","url":"https:\/\/choketopus.com\/","logo":{"@type":"ImageObject","inLanguage":"de","@id":"https:\/\/choketopus.com\/#\/schema\/logo\/image\/","url":"","contentUrl":"","caption":"Rashguard.cz s.r.o."},"image":{"@id":"https:\/\/choketopus.com\/#\/schema\/logo\/image\/"},"sameAs":["https:\/\/www.facebook.com\/choketopus\/","https:\/\/x.com\/choketopus"]}]}},"_links":{"self":[{"href":"https:\/\/choketopus.com\/de\/wp-json\/wp\/v2\/product\/26702","targetHints":{"allow":["GET"]}}],"collection":[{"href":"https:\/\/choketopus.com\/de\/wp-json\/wp\/v2\/product"}],"about":[{"href":"https:\/\/choketopus.com\/de\/wp-json\/wp\/v2\/types\/product"}],"replies":[{"embeddable":true,"href":"https:\/\/choketopus.com\/de\/wp-json\/wp\/v2\/comments?post=26702"}],"wp:featuredmedia":[{"embeddable":true,"href":"https:\/\/choketopus.com\/de\/wp-json\/wp\/v2\/media\/23769"}],"wp:attachment":[{"href":"https:\/\/choketopus.com\/de\/wp-json\/wp\/v2\/media?parent=26702"}],"wp:term":[{"taxonomy":"product_brand","embeddable":true,"href":"https:\/\/choketopus.com\/de\/wp-json\/wp\/v2\/product_brand?post=26702"},{"taxonomy":"product_cat","embeddable":true,"href":"https:\/\/choketopus.com\/de\/wp-json\/wp\/v2\/product_cat?post=26702"},{"taxonomy":"product_tag","embeddable":true,"href":"https:\/\/choketopus.com\/de\/wp-json\/wp\/v2\/product_tag?post=26702"}],"curies":[{"name":"wp","href":"https:\/\/api.w.org\/{rel}","templated":true}]}}