{"id":26693,"date":"2018-12-17T14:15:54","date_gmt":"2018-12-17T13:15:54","guid":{"rendered":"https:\/\/choketopus.com\/produkt\/defense-duschgel\/"},"modified":"2025-09-09T08:53:57","modified_gmt":"2025-09-09T06:53:57","slug":"defense-soap-sprchovy-gel","status":"publish","type":"product","link":"https:\/\/choketopus.com\/de\/produkt\/defense-soap-sprchovy-gel\/","title":{"rendered":"DEFENSE \/ Duschgel"},"content":{"rendered":"<p style=\"text-align: left;\">Das Duschgel wird aus rein nat\u00fcrlichen Substanzen hergestellt, bildet einen dichten und reichen Schaum, der hilft, Schmutz von der Haut aufzunehmen. Eukalyptus- und Teebaum\u00f6le sorgen f\u00fcr eine breite antimikrobielle Wirkung, das Gel f\u00f6rdert die Gesundheit der Haut und sch\u00fctzt sie vor Infektionen. Kokos- und Jojoba\u00f6l helfen, die Haut hydratisiert und geschmeidig zu halten. Weitere wirksame Inhaltsstoffe sind Oliven\u00f6l, Rosmarinextrakt und Aloe Vera.<br \/>\nGeeignet f\u00fcr den t\u00e4glichen Gebrauch.<\/p>\n<p>Nat\u00fcrliche Inhaltsstoffe in Bio-Qualit\u00e4t, ohne Parabene, Sulfate, Parfums und andere chemische Stoffe.<\/p>\n<p>&nbsp;<\/p>\n<p>&nbsp;<\/p>\n<p>Defense ist eine amerikanische Marke, gegr\u00fcndet von Guy Sako, einem Athleten und Trainer, der sich seit seiner Kindheit mit Kampfsport besch\u00e4ftigt. H\u00e4ufige Hautinfektionen, die im Fitnessstudio verbreitet wurden, motivierten ihn, nach Wegen zu suchen, um ihnen auszuweichen. Da Guy mit der Zusammensetzung der verf\u00fcgbaren Seifen unzufrieden war, beschloss er, seine eigene Marke zu gr\u00fcnden. Defense Seifen enthalten effektive pflanzliche Inhaltsstoffe wie \u00e4therische \u00d6le und Teebaum\u00f6l, die antibakterielle, antimykotische und antivirale Wirkungen haben. Die Produkte dieser Marke basieren auf nat\u00fcrlichen Inhaltsstoffen, sind nicht an Tieren getestet, sicher und effektiv.<\/p>\n","protected":false},"excerpt":{"rendered":"<p style=\"text-align: left;\">Das Defense Duschgel, wie die urspr\u00fcngliche Original-Seife, wurde zum Schutz der Haut vor im Fitnessstudio \u00fcbertragenen Infektionen entwickelt. Das auf Kokos\u00f6l basierende feuchtigkeitsspendende Gel ist eine bessere Option f\u00fcr empfindlichere und trockenere Haut und beruhigt sie bei Reizungen.<\/p>\n","protected":false},"featured_media":24049,"comment_status":"open","ping_status":"closed","template":"","meta":[],"product_brand":[],"product_cat":[581,640],"product_tag":[585,715],"class_list":{"0":"post-26693","1":"product","2":"type-product","3":"status-publish","4":"has-post-thumbnail","6":"product_cat-accessoires","7":"product_cat-kosmetik-fur-athleten","8":"product_tag-bjj-de","9":"product_tag-defense-soap-de","10":"description-off","12":"first","13":"onbackorder","14":"sale","15":"taxable","16":"shipping-taxable","17":"purchasable","18":"product-type-simple"},"yoast_head":"<!-- This site is optimized with the Yoast SEO plugin v27.4 - https:\/\/yoast.com\/product\/yoast-seo-wordpress\/ -->\n<title>DEFENSE \/ Duschgel - Choketopus.com<\/title>\n<meta name=\"robots\" content=\"index, follow, max-snippet:-1, max-image-preview:large, max-video-preview:-1\" \/>\n<link rel=\"canonical\" href=\"https:\/\/choketopus.com\/de\/produkt\/defense-soap-sprchovy-gel\/\" \/>\n<meta property=\"og:locale\" content=\"de_DE\" \/>\n<meta property=\"og:type\" content=\"article\" \/>\n<meta property=\"og:title\" content=\"DEFENSE \/ Duschgel - Choketopus.com\" \/>\n<meta property=\"og:description\" content=\"Das Defense Duschgel, wie die urspr\u00fcngliche Original-Seife, wurde zum Schutz der Haut vor im Fitnessstudio \u00fcbertragenen Infektionen entwickelt. Das auf Kokos\u00f6l basierende feuchtigkeitsspendende Gel ist eine bessere Option f\u00fcr empfindlichere und trockenere Haut und beruhigt sie bei Reizungen.\" \/>\n<meta property=\"og:url\" content=\"https:\/\/choketopus.com\/de\/produkt\/defense-soap-sprchovy-gel\/\" \/>\n<meta property=\"og:site_name\" content=\"Choketopus.com\" \/>\n<meta property=\"article:publisher\" content=\"https:\/\/www.facebook.com\/choketopus\/\" \/>\n<meta property=\"article:modified_time\" content=\"2025-09-09T06:53:57+00:00\" \/>\n<meta property=\"og:image\" content=\"https:\/\/choketopus.com\/wp-content\/uploads\/2021\/07\/MBI09470.jpg\" \/>\n\t<meta property=\"og:image:width\" content=\"459\" \/>\n\t<meta property=\"og:image:height\" content=\"600\" \/>\n\t<meta property=\"og:image:type\" content=\"image\/jpeg\" \/>\n<meta name=\"twitter:card\" content=\"summary_large_image\" \/>\n<meta name=\"twitter:site\" content=\"@choketopus\" \/>\n<meta name=\"twitter:label1\" content=\"Gesch\u00e4tzte Lesezeit\" \/>\n\t<meta name=\"twitter:data1\" content=\"1\u00a0Minute\" \/>\n<script type=\"application\/ld+json\" class=\"yoast-schema-graph\">{\"@context\":\"https:\\\/\\\/schema.org\",\"@graph\":[{\"@type\":\"WebPage\",\"@id\":\"https:\\\/\\\/choketopus.com\\\/de\\\/produkt\\\/defense-soap-sprchovy-gel\\\/\",\"url\":\"https:\\\/\\\/choketopus.com\\\/de\\\/produkt\\\/defense-soap-sprchovy-gel\\\/\",\"name\":\"DEFENSE \\\/ Duschgel - Choketopus.com\",\"isPartOf\":{\"@id\":\"https:\\\/\\\/choketopus.com\\\/#website\"},\"primaryImageOfPage\":{\"@id\":\"https:\\\/\\\/choketopus.com\\\/de\\\/produkt\\\/defense-soap-sprchovy-gel\\\/#primaryimage\"},\"image\":{\"@id\":\"https:\\\/\\\/choketopus.com\\\/de\\\/produkt\\\/defense-soap-sprchovy-gel\\\/#primaryimage\"},\"thumbnailUrl\":\"https:\\\/\\\/choketopus.com\\\/wp-content\\\/uploads\\\/2021\\\/07\\\/MBI09470.jpg\",\"datePublished\":\"2018-12-17T13:15:54+00:00\",\"dateModified\":\"2025-09-09T06:53:57+00:00\",\"breadcrumb\":{\"@id\":\"https:\\\/\\\/choketopus.com\\\/de\\\/produkt\\\/defense-soap-sprchovy-gel\\\/#breadcrumb\"},\"inLanguage\":\"de\",\"potentialAction\":[{\"@type\":\"ReadAction\",\"target\":[\"https:\\\/\\\/choketopus.com\\\/de\\\/produkt\\\/defense-soap-sprchovy-gel\\\/\"]}]},{\"@type\":\"ImageObject\",\"inLanguage\":\"de\",\"@id\":\"https:\\\/\\\/choketopus.com\\\/de\\\/produkt\\\/defense-soap-sprchovy-gel\\\/#primaryimage\",\"url\":\"https:\\\/\\\/choketopus.com\\\/wp-content\\\/uploads\\\/2021\\\/07\\\/MBI09470.jpg\",\"contentUrl\":\"https:\\\/\\\/choketopus.com\\\/wp-content\\\/uploads\\\/2021\\\/07\\\/MBI09470.jpg\",\"width\":459,\"height\":600},{\"@type\":\"BreadcrumbList\",\"@id\":\"https:\\\/\\\/choketopus.com\\\/de\\\/produkt\\\/defense-soap-sprchovy-gel\\\/#breadcrumb\",\"itemListElement\":[{\"@type\":\"ListItem\",\"position\":1,\"name\":\"Dom\u016f\",\"item\":\"https:\\\/\\\/choketopus.com\\\/de\\\/\"},{\"@type\":\"ListItem\",\"position\":2,\"name\":\"Obchod\",\"item\":\"https:\\\/\\\/choketopus.com\\\/de\\\/obchod\\\/\"},{\"@type\":\"ListItem\",\"position\":3,\"name\":\"DEFENSE \\\/ Duschgel\"}]},{\"@type\":\"WebSite\",\"@id\":\"https:\\\/\\\/choketopus.com\\\/#website\",\"url\":\"https:\\\/\\\/choketopus.com\\\/\",\"name\":\"Choketopus.com\",\"description\":\"Original clothing for submissions and choking\",\"publisher\":{\"@id\":\"https:\\\/\\\/choketopus.com\\\/#organization\"},\"potentialAction\":[{\"@type\":\"SearchAction\",\"target\":{\"@type\":\"EntryPoint\",\"urlTemplate\":\"https:\\\/\\\/choketopus.com\\\/?s={search_term_string}\"},\"query-input\":{\"@type\":\"PropertyValueSpecification\",\"valueRequired\":true,\"valueName\":\"search_term_string\"}}],\"inLanguage\":\"de\"},{\"@type\":\"Organization\",\"@id\":\"https:\\\/\\\/choketopus.com\\\/#organization\",\"name\":\"Rashguard.cz s.r.o.\",\"url\":\"https:\\\/\\\/choketopus.com\\\/\",\"logo\":{\"@type\":\"ImageObject\",\"inLanguage\":\"de\",\"@id\":\"https:\\\/\\\/choketopus.com\\\/#\\\/schema\\\/logo\\\/image\\\/\",\"url\":\"\",\"contentUrl\":\"\",\"caption\":\"Rashguard.cz s.r.o.\"},\"image\":{\"@id\":\"https:\\\/\\\/choketopus.com\\\/#\\\/schema\\\/logo\\\/image\\\/\"},\"sameAs\":[\"https:\\\/\\\/www.facebook.com\\\/choketopus\\\/\",\"https:\\\/\\\/x.com\\\/choketopus\"]}]}<\/script>\n<!-- \/ Yoast SEO plugin. -->","yoast_head_json":{"title":"DEFENSE \/ Duschgel - Choketopus.com","robots":{"index":"index","follow":"follow","max-snippet":"max-snippet:-1","max-image-preview":"max-image-preview:large","max-video-preview":"max-video-preview:-1"},"canonical":"https:\/\/choketopus.com\/de\/produkt\/defense-soap-sprchovy-gel\/","og_locale":"de_DE","og_type":"article","og_title":"DEFENSE \/ Duschgel - Choketopus.com","og_description":"Das Defense Duschgel, wie die urspr\u00fcngliche Original-Seife, wurde zum Schutz der Haut vor im Fitnessstudio \u00fcbertragenen Infektionen entwickelt. Das auf Kokos\u00f6l basierende feuchtigkeitsspendende Gel ist eine bessere Option f\u00fcr empfindlichere und trockenere Haut und beruhigt sie bei Reizungen.","og_url":"https:\/\/choketopus.com\/de\/produkt\/defense-soap-sprchovy-gel\/","og_site_name":"Choketopus.com","article_publisher":"https:\/\/www.facebook.com\/choketopus\/","article_modified_time":"2025-09-09T06:53:57+00:00","og_image":[{"width":459,"height":600,"url":"https:\/\/choketopus.com\/wp-content\/uploads\/2021\/07\/MBI09470.jpg","type":"image\/jpeg"}],"twitter_card":"summary_large_image","twitter_site":"@choketopus","twitter_misc":{"Gesch\u00e4tzte Lesezeit":"1\u00a0Minute"},"schema":{"@context":"https:\/\/schema.org","@graph":[{"@type":"WebPage","@id":"https:\/\/choketopus.com\/de\/produkt\/defense-soap-sprchovy-gel\/","url":"https:\/\/choketopus.com\/de\/produkt\/defense-soap-sprchovy-gel\/","name":"DEFENSE \/ Duschgel - Choketopus.com","isPartOf":{"@id":"https:\/\/choketopus.com\/#website"},"primaryImageOfPage":{"@id":"https:\/\/choketopus.com\/de\/produkt\/defense-soap-sprchovy-gel\/#primaryimage"},"image":{"@id":"https:\/\/choketopus.com\/de\/produkt\/defense-soap-sprchovy-gel\/#primaryimage"},"thumbnailUrl":"https:\/\/choketopus.com\/wp-content\/uploads\/2021\/07\/MBI09470.jpg","datePublished":"2018-12-17T13:15:54+00:00","dateModified":"2025-09-09T06:53:57+00:00","breadcrumb":{"@id":"https:\/\/choketopus.com\/de\/produkt\/defense-soap-sprchovy-gel\/#breadcrumb"},"inLanguage":"de","potentialAction":[{"@type":"ReadAction","target":["https:\/\/choketopus.com\/de\/produkt\/defense-soap-sprchovy-gel\/"]}]},{"@type":"ImageObject","inLanguage":"de","@id":"https:\/\/choketopus.com\/de\/produkt\/defense-soap-sprchovy-gel\/#primaryimage","url":"https:\/\/choketopus.com\/wp-content\/uploads\/2021\/07\/MBI09470.jpg","contentUrl":"https:\/\/choketopus.com\/wp-content\/uploads\/2021\/07\/MBI09470.jpg","width":459,"height":600},{"@type":"BreadcrumbList","@id":"https:\/\/choketopus.com\/de\/produkt\/defense-soap-sprchovy-gel\/#breadcrumb","itemListElement":[{"@type":"ListItem","position":1,"name":"Dom\u016f","item":"https:\/\/choketopus.com\/de\/"},{"@type":"ListItem","position":2,"name":"Obchod","item":"https:\/\/choketopus.com\/de\/obchod\/"},{"@type":"ListItem","position":3,"name":"DEFENSE \/ Duschgel"}]},{"@type":"WebSite","@id":"https:\/\/choketopus.com\/#website","url":"https:\/\/choketopus.com\/","name":"Choketopus.com","description":"Original clothing for submissions and choking","publisher":{"@id":"https:\/\/choketopus.com\/#organization"},"potentialAction":[{"@type":"SearchAction","target":{"@type":"EntryPoint","urlTemplate":"https:\/\/choketopus.com\/?s={search_term_string}"},"query-input":{"@type":"PropertyValueSpecification","valueRequired":true,"valueName":"search_term_string"}}],"inLanguage":"de"},{"@type":"Organization","@id":"https:\/\/choketopus.com\/#organization","name":"Rashguard.cz s.r.o.","url":"https:\/\/choketopus.com\/","logo":{"@type":"ImageObject","inLanguage":"de","@id":"https:\/\/choketopus.com\/#\/schema\/logo\/image\/","url":"","contentUrl":"","caption":"Rashguard.cz s.r.o."},"image":{"@id":"https:\/\/choketopus.com\/#\/schema\/logo\/image\/"},"sameAs":["https:\/\/www.facebook.com\/choketopus\/","https:\/\/x.com\/choketopus"]}]}},"_links":{"self":[{"href":"https:\/\/choketopus.com\/de\/wp-json\/wp\/v2\/product\/26693","targetHints":{"allow":["GET"]}}],"collection":[{"href":"https:\/\/choketopus.com\/de\/wp-json\/wp\/v2\/product"}],"about":[{"href":"https:\/\/choketopus.com\/de\/wp-json\/wp\/v2\/types\/product"}],"replies":[{"embeddable":true,"href":"https:\/\/choketopus.com\/de\/wp-json\/wp\/v2\/comments?post=26693"}],"wp:featuredmedia":[{"embeddable":true,"href":"https:\/\/choketopus.com\/de\/wp-json\/wp\/v2\/media\/24049"}],"wp:attachment":[{"href":"https:\/\/choketopus.com\/de\/wp-json\/wp\/v2\/media?parent=26693"}],"wp:term":[{"taxonomy":"product_brand","embeddable":true,"href":"https:\/\/choketopus.com\/de\/wp-json\/wp\/v2\/product_brand?post=26693"},{"taxonomy":"product_cat","embeddable":true,"href":"https:\/\/choketopus.com\/de\/wp-json\/wp\/v2\/product_cat?post=26693"},{"taxonomy":"product_tag","embeddable":true,"href":"https:\/\/choketopus.com\/de\/wp-json\/wp\/v2\/product_tag?post=26693"}],"curies":[{"name":"wp","href":"https:\/\/api.w.org\/{rel}","templated":true}]}}