{"id":26685,"date":"2017-03-15T18:54:53","date_gmt":"2017-03-15T17:54:53","guid":{"rendered":"https:\/\/choketopus.com\/produkt\/finish-him-herren-t-shirt-limited-edition\/"},"modified":"2023-07-13T20:04:21","modified_gmt":"2023-07-13T18:04:21","slug":"finish-him-limited-edition","status":"publish","type":"product","link":"https:\/\/choketopus.com\/de\/produkt\/finish-him-limited-edition\/","title":{"rendered":"FINISH HIM \/ Herren T-Shirt &#8211; Limited Edition"},"content":{"rendered":"<p>Lieben Sie auch alte Arcade-Spiele wie wir? Holen Sie sich die spezielle 8-Bit-Edition des T-Shirts mit Viktor Pe\u0161ta anl\u00e4sslich seines bevorstehenden Kampfes in der renommiertesten MMA-Liga der Welt. Nicht nur, dass Sie ein einzigartiges St\u00fcck in Ihren Kleiderschrank bekommen, Sie unterst\u00fctzen auch Viktor auf dem Weg zu seinem Traum!<\/p>\n","protected":false},"excerpt":{"rendered":"<p>Lieben Sie auch alte Arcade-Spiele wie wir? Holen Sie sich die spezielle 8-Bit-Edition des T-Shirts mit Viktor Pe\u0161ta anl\u00e4sslich seines bevorstehenden Kampfes in der renommiertesten MMA-Liga der Welt. Nicht nur, dass Sie ein einzigartiges St\u00fcck in Ihren Kleiderschrank bekommen, Sie unterst\u00fctzen auch Viktor auf dem Weg zu seinem Traum!<\/p>\n","protected":false},"featured_media":0,"comment_status":"open","ping_status":"closed","template":"","meta":[],"product_brand":[],"product_cat":[564,559],"product_tag":[667,727,674,620,756],"class_list":{"0":"post-26685","1":"product","2":"type-product","3":"status-publish","5":"product_cat-ausverkauf","6":"product_cat-herren","7":"product_tag-ausverkauf","8":"product_tag-fightee-de","9":"product_tag-lifestyle-de","10":"product_tag-mma-de","11":"product_tag-viktor-pesta-de","12":"description-off","14":"first","15":"outofstock","16":"taxable","17":"shipping-taxable","18":"product-type-variable","19":"has-default-attributes"},"yoast_head":"<!-- This site is optimized with the Yoast SEO plugin v27.5 - https:\/\/yoast.com\/product\/yoast-seo-wordpress\/ -->\n<title>FINISH HIM \/ Herren T-Shirt - Limited Edition - Choketopus.com<\/title>\n<meta name=\"robots\" content=\"index, follow, max-snippet:-1, max-image-preview:large, max-video-preview:-1\" \/>\n<link rel=\"canonical\" href=\"https:\/\/choketopus.com\/de\/produkt\/finish-him-limited-edition\/\" \/>\n<meta property=\"og:locale\" content=\"de_DE\" \/>\n<meta property=\"og:type\" content=\"article\" \/>\n<meta property=\"og:title\" content=\"FINISH HIM \/ Herren T-Shirt - Limited Edition - Choketopus.com\" \/>\n<meta property=\"og:description\" content=\"Lieben Sie auch alte Arcade-Spiele wie wir? Holen Sie sich die spezielle 8-Bit-Edition des T-Shirts mit Viktor Pe\u0161ta anl\u00e4sslich seines bevorstehenden Kampfes in der renommiertesten MMA-Liga der Welt. Nicht nur, dass Sie ein einzigartiges St\u00fcck in Ihren Kleiderschrank bekommen, Sie unterst\u00fctzen auch Viktor auf dem Weg zu seinem Traum!\" \/>\n<meta property=\"og:url\" content=\"https:\/\/choketopus.com\/de\/produkt\/finish-him-limited-edition\/\" \/>\n<meta property=\"og:site_name\" content=\"Choketopus.com\" \/>\n<meta property=\"article:publisher\" content=\"https:\/\/www.facebook.com\/choketopus\/\" \/>\n<meta property=\"article:modified_time\" content=\"2023-07-13T18:04:21+00:00\" \/>\n<meta name=\"twitter:card\" content=\"summary_large_image\" \/>\n<meta name=\"twitter:site\" content=\"@choketopus\" \/>\n<script type=\"application\/ld+json\" class=\"yoast-schema-graph\">{\"@context\":\"https:\\\/\\\/schema.org\",\"@graph\":[{\"@type\":\"WebPage\",\"@id\":\"https:\\\/\\\/choketopus.com\\\/de\\\/produkt\\\/finish-him-limited-edition\\\/\",\"url\":\"https:\\\/\\\/choketopus.com\\\/de\\\/produkt\\\/finish-him-limited-edition\\\/\",\"name\":\"FINISH HIM \\\/ Herren T-Shirt - Limited Edition - Choketopus.com\",\"isPartOf\":{\"@id\":\"https:\\\/\\\/choketopus.com\\\/#website\"},\"datePublished\":\"2017-03-15T17:54:53+00:00\",\"dateModified\":\"2023-07-13T18:04:21+00:00\",\"breadcrumb\":{\"@id\":\"https:\\\/\\\/choketopus.com\\\/de\\\/produkt\\\/finish-him-limited-edition\\\/#breadcrumb\"},\"inLanguage\":\"de\",\"potentialAction\":[{\"@type\":\"ReadAction\",\"target\":[\"https:\\\/\\\/choketopus.com\\\/de\\\/produkt\\\/finish-him-limited-edition\\\/\"]}]},{\"@type\":\"BreadcrumbList\",\"@id\":\"https:\\\/\\\/choketopus.com\\\/de\\\/produkt\\\/finish-him-limited-edition\\\/#breadcrumb\",\"itemListElement\":[{\"@type\":\"ListItem\",\"position\":1,\"name\":\"Dom\u016f\",\"item\":\"https:\\\/\\\/choketopus.com\\\/de\\\/\"},{\"@type\":\"ListItem\",\"position\":2,\"name\":\"Obchod\",\"item\":\"https:\\\/\\\/choketopus.com\\\/de\\\/obchod\\\/\"},{\"@type\":\"ListItem\",\"position\":3,\"name\":\"FINISH HIM \\\/ Herren T-Shirt &#8211; Limited Edition\"}]},{\"@type\":\"WebSite\",\"@id\":\"https:\\\/\\\/choketopus.com\\\/#website\",\"url\":\"https:\\\/\\\/choketopus.com\\\/\",\"name\":\"Choketopus.com\",\"description\":\"Original clothing for submissions and choking\",\"publisher\":{\"@id\":\"https:\\\/\\\/choketopus.com\\\/#organization\"},\"potentialAction\":[{\"@type\":\"SearchAction\",\"target\":{\"@type\":\"EntryPoint\",\"urlTemplate\":\"https:\\\/\\\/choketopus.com\\\/?s={search_term_string}\"},\"query-input\":{\"@type\":\"PropertyValueSpecification\",\"valueRequired\":true,\"valueName\":\"search_term_string\"}}],\"inLanguage\":\"de\"},{\"@type\":\"Organization\",\"@id\":\"https:\\\/\\\/choketopus.com\\\/#organization\",\"name\":\"Rashguard.cz s.r.o.\",\"url\":\"https:\\\/\\\/choketopus.com\\\/\",\"logo\":{\"@type\":\"ImageObject\",\"inLanguage\":\"de\",\"@id\":\"https:\\\/\\\/choketopus.com\\\/#\\\/schema\\\/logo\\\/image\\\/\",\"url\":\"\",\"contentUrl\":\"\",\"caption\":\"Rashguard.cz s.r.o.\"},\"image\":{\"@id\":\"https:\\\/\\\/choketopus.com\\\/#\\\/schema\\\/logo\\\/image\\\/\"},\"sameAs\":[\"https:\\\/\\\/www.facebook.com\\\/choketopus\\\/\",\"https:\\\/\\\/x.com\\\/choketopus\"]}]}<\/script>\n<!-- \/ Yoast SEO plugin. -->","yoast_head_json":{"title":"FINISH HIM \/ Herren T-Shirt - Limited Edition - Choketopus.com","robots":{"index":"index","follow":"follow","max-snippet":"max-snippet:-1","max-image-preview":"max-image-preview:large","max-video-preview":"max-video-preview:-1"},"canonical":"https:\/\/choketopus.com\/de\/produkt\/finish-him-limited-edition\/","og_locale":"de_DE","og_type":"article","og_title":"FINISH HIM \/ Herren T-Shirt - Limited Edition - Choketopus.com","og_description":"Lieben Sie auch alte Arcade-Spiele wie wir? Holen Sie sich die spezielle 8-Bit-Edition des T-Shirts mit Viktor Pe\u0161ta anl\u00e4sslich seines bevorstehenden Kampfes in der renommiertesten MMA-Liga der Welt. Nicht nur, dass Sie ein einzigartiges St\u00fcck in Ihren Kleiderschrank bekommen, Sie unterst\u00fctzen auch Viktor auf dem Weg zu seinem Traum!","og_url":"https:\/\/choketopus.com\/de\/produkt\/finish-him-limited-edition\/","og_site_name":"Choketopus.com","article_publisher":"https:\/\/www.facebook.com\/choketopus\/","article_modified_time":"2023-07-13T18:04:21+00:00","twitter_card":"summary_large_image","twitter_site":"@choketopus","schema":{"@context":"https:\/\/schema.org","@graph":[{"@type":"WebPage","@id":"https:\/\/choketopus.com\/de\/produkt\/finish-him-limited-edition\/","url":"https:\/\/choketopus.com\/de\/produkt\/finish-him-limited-edition\/","name":"FINISH HIM \/ Herren T-Shirt - Limited Edition - Choketopus.com","isPartOf":{"@id":"https:\/\/choketopus.com\/#website"},"datePublished":"2017-03-15T17:54:53+00:00","dateModified":"2023-07-13T18:04:21+00:00","breadcrumb":{"@id":"https:\/\/choketopus.com\/de\/produkt\/finish-him-limited-edition\/#breadcrumb"},"inLanguage":"de","potentialAction":[{"@type":"ReadAction","target":["https:\/\/choketopus.com\/de\/produkt\/finish-him-limited-edition\/"]}]},{"@type":"BreadcrumbList","@id":"https:\/\/choketopus.com\/de\/produkt\/finish-him-limited-edition\/#breadcrumb","itemListElement":[{"@type":"ListItem","position":1,"name":"Dom\u016f","item":"https:\/\/choketopus.com\/de\/"},{"@type":"ListItem","position":2,"name":"Obchod","item":"https:\/\/choketopus.com\/de\/obchod\/"},{"@type":"ListItem","position":3,"name":"FINISH HIM \/ Herren T-Shirt &#8211; Limited Edition"}]},{"@type":"WebSite","@id":"https:\/\/choketopus.com\/#website","url":"https:\/\/choketopus.com\/","name":"Choketopus.com","description":"Original clothing for submissions and choking","publisher":{"@id":"https:\/\/choketopus.com\/#organization"},"potentialAction":[{"@type":"SearchAction","target":{"@type":"EntryPoint","urlTemplate":"https:\/\/choketopus.com\/?s={search_term_string}"},"query-input":{"@type":"PropertyValueSpecification","valueRequired":true,"valueName":"search_term_string"}}],"inLanguage":"de"},{"@type":"Organization","@id":"https:\/\/choketopus.com\/#organization","name":"Rashguard.cz s.r.o.","url":"https:\/\/choketopus.com\/","logo":{"@type":"ImageObject","inLanguage":"de","@id":"https:\/\/choketopus.com\/#\/schema\/logo\/image\/","url":"","contentUrl":"","caption":"Rashguard.cz s.r.o."},"image":{"@id":"https:\/\/choketopus.com\/#\/schema\/logo\/image\/"},"sameAs":["https:\/\/www.facebook.com\/choketopus\/","https:\/\/x.com\/choketopus"]}]}},"_links":{"self":[{"href":"https:\/\/choketopus.com\/de\/wp-json\/wp\/v2\/product\/26685","targetHints":{"allow":["GET"]}}],"collection":[{"href":"https:\/\/choketopus.com\/de\/wp-json\/wp\/v2\/product"}],"about":[{"href":"https:\/\/choketopus.com\/de\/wp-json\/wp\/v2\/types\/product"}],"replies":[{"embeddable":true,"href":"https:\/\/choketopus.com\/de\/wp-json\/wp\/v2\/comments?post=26685"}],"wp:attachment":[{"href":"https:\/\/choketopus.com\/de\/wp-json\/wp\/v2\/media?parent=26685"}],"wp:term":[{"taxonomy":"product_brand","embeddable":true,"href":"https:\/\/choketopus.com\/de\/wp-json\/wp\/v2\/product_brand?post=26685"},{"taxonomy":"product_cat","embeddable":true,"href":"https:\/\/choketopus.com\/de\/wp-json\/wp\/v2\/product_cat?post=26685"},{"taxonomy":"product_tag","embeddable":true,"href":"https:\/\/choketopus.com\/de\/wp-json\/wp\/v2\/product_tag?post=26685"}],"curies":[{"name":"wp","href":"https:\/\/api.w.org\/{rel}","templated":true}]}}