{"id":26620,"date":"2017-04-02T19:29:43","date_gmt":"2017-04-02T17:29:43","guid":{"rendered":"https:\/\/choketopus.com\/produkt\/choketopus-herren-rashguard-mit-langen-aermeln\/"},"modified":"2023-07-13T19:42:08","modified_gmt":"2023-07-13T17:42:08","slug":"choketopus","status":"publish","type":"product","link":"https:\/\/choketopus.com\/de\/produkt\/choketopus\/","title":{"rendered":"CHOKETOPUS \/ Herren Rashguard mit langen \u00c4rmeln"},"content":{"rendered":"<p style=\"text-align: left;\">Werde zu Wasser mit einem einzigartigen elementaren Design. Dein Gegner wird die falschen Tentakeln nicht von den echten unterscheiden k\u00f6nnen. Nutze das und sichere dir eine glitschige Submission!<\/p>\n<ul style=\"text-align: left;\">\n<li>Kompressionsunterw\u00e4sche eignet sich als unterste Schicht f\u00fcr die meisten Sportarten.<\/li>\n<li>Sie leitet Schwei\u00df ab und h\u00e4lt die Haut trocken.<\/li>\n<li>Sie hilft dem K\u00f6rper, die Temperatur zu regulieren und Muskelverletzungen vorzubeugen.<\/li>\n<li>Bei niedrigen Temperaturen dient sie als untere W\u00e4rme-Schicht.<\/li>\n<li>Sie sch\u00fctzt vor Absch\u00fcrfungen und Sonnenbrand.<\/li>\n<li>Es besteht aus angenehmem, elastischem, aber dennoch robustem Material.<\/li>\n<\/ul>\n<p style=\"text-align: left;\">Das Rashguard besteht aus hochwertigem, weichem und elastischem Material mit hoher Lebensdauer. Die F\u00e4rbung erfolgt mit dem modernsten m\u00f6glichen Verfahren durch Sublimation, bei dem die gesamte Faser eingef\u00e4rbt wird. Das Ergebnis sind satte Farben, die auch einem langanhaltenden harten Einsatz im Training standhalten und ewig halten. Der gesamte Herstellungsprozess, einschlie\u00dflich der N\u00e4harbeiten, findet in der Tschechischen Republik statt, was eine 100%ige Qualit\u00e4t in allen Produktionsphasen garantiert. Das Ergebnis ist ein Produkt, das f\u00fcr den professionellen Einsatz in jeder Sportart bereit ist.<\/p>\n","protected":false},"excerpt":{"rendered":"<p>Werde zu Wasser mit einem einzigartigen elementaren Design. Dein Gegner wird die falschen Tentakeln nicht von den echten unterscheiden k\u00f6nnen. Nutze das und sichere dir eine glitschige Submission!<\/p>\n","protected":false},"featured_media":21487,"comment_status":"open","ping_status":"closed","template":"","meta":[],"product_brand":[],"product_cat":[662,660],"product_tag":[667,623,621,622,666,620],"class_list":{"0":"post-26620","1":"product","2":"type-product","3":"status-publish","4":"has-post-thumbnail","6":"product_cat-retro-herren","7":"product_cat-retro-woche","8":"product_tag-ausverkauf","9":"product_tag-brazilian-jiu-jitsu-de","10":"product_tag-grappling-de","11":"product_tag-krav-maga-de","12":"product_tag-meloun-de","13":"product_tag-mma-de","14":"description-off","16":"first","17":"onbackorder","18":"featured","19":"taxable","20":"shipping-taxable","21":"purchasable","22":"product-type-variable","23":"has-default-attributes"},"yoast_head":"<!-- This site is optimized with the Yoast SEO plugin v27.4 - https:\/\/yoast.com\/product\/yoast-seo-wordpress\/ -->\n<title>CHOKETOPUS \/ Herren Rashguard mit langen \u00c4rmeln - Choketopus.com<\/title>\n<meta name=\"robots\" content=\"index, follow, max-snippet:-1, max-image-preview:large, max-video-preview:-1\" \/>\n<link rel=\"canonical\" href=\"https:\/\/choketopus.com\/de\/produkt\/choketopus\/\" \/>\n<meta property=\"og:locale\" content=\"de_DE\" \/>\n<meta property=\"og:type\" content=\"article\" \/>\n<meta property=\"og:title\" content=\"CHOKETOPUS \/ Herren Rashguard mit langen \u00c4rmeln - Choketopus.com\" \/>\n<meta property=\"og:description\" content=\"Werde zu Wasser mit einem einzigartigen elementaren Design. Dein Gegner wird die falschen Tentakeln nicht von den echten unterscheiden k\u00f6nnen. Nutze das und sichere dir eine glitschige Submission!\" \/>\n<meta property=\"og:url\" content=\"https:\/\/choketopus.com\/de\/produkt\/choketopus\/\" \/>\n<meta property=\"og:site_name\" content=\"Choketopus.com\" \/>\n<meta property=\"article:publisher\" content=\"https:\/\/www.facebook.com\/choketopus\/\" \/>\n<meta property=\"article:modified_time\" content=\"2023-07-13T17:42:08+00:00\" \/>\n<meta property=\"og:image\" content=\"https:\/\/choketopus.com\/wp-content\/uploads\/2017\/04\/choketopuslong-detail-front.jpg\" \/>\n\t<meta property=\"og:image:width\" content=\"417\" \/>\n\t<meta property=\"og:image:height\" content=\"545\" \/>\n\t<meta property=\"og:image:type\" content=\"image\/jpeg\" \/>\n<meta name=\"twitter:card\" content=\"summary_large_image\" \/>\n<meta name=\"twitter:site\" content=\"@choketopus\" \/>\n<meta name=\"twitter:label1\" content=\"Gesch\u00e4tzte Lesezeit\" \/>\n\t<meta name=\"twitter:data1\" content=\"1\u00a0Minute\" \/>\n<script type=\"application\/ld+json\" class=\"yoast-schema-graph\">{\"@context\":\"https:\\\/\\\/schema.org\",\"@graph\":[{\"@type\":\"WebPage\",\"@id\":\"https:\\\/\\\/choketopus.com\\\/de\\\/produkt\\\/choketopus\\\/\",\"url\":\"https:\\\/\\\/choketopus.com\\\/de\\\/produkt\\\/choketopus\\\/\",\"name\":\"CHOKETOPUS \\\/ Herren Rashguard mit langen \u00c4rmeln - Choketopus.com\",\"isPartOf\":{\"@id\":\"https:\\\/\\\/choketopus.com\\\/#website\"},\"primaryImageOfPage\":{\"@id\":\"https:\\\/\\\/choketopus.com\\\/de\\\/produkt\\\/choketopus\\\/#primaryimage\"},\"image\":{\"@id\":\"https:\\\/\\\/choketopus.com\\\/de\\\/produkt\\\/choketopus\\\/#primaryimage\"},\"thumbnailUrl\":\"https:\\\/\\\/choketopus.com\\\/wp-content\\\/uploads\\\/2017\\\/04\\\/choketopuslong-detail-front.jpg\",\"datePublished\":\"2017-04-02T17:29:43+00:00\",\"dateModified\":\"2023-07-13T17:42:08+00:00\",\"breadcrumb\":{\"@id\":\"https:\\\/\\\/choketopus.com\\\/de\\\/produkt\\\/choketopus\\\/#breadcrumb\"},\"inLanguage\":\"de\",\"potentialAction\":[{\"@type\":\"ReadAction\",\"target\":[\"https:\\\/\\\/choketopus.com\\\/de\\\/produkt\\\/choketopus\\\/\"]}]},{\"@type\":\"ImageObject\",\"inLanguage\":\"de\",\"@id\":\"https:\\\/\\\/choketopus.com\\\/de\\\/produkt\\\/choketopus\\\/#primaryimage\",\"url\":\"https:\\\/\\\/choketopus.com\\\/wp-content\\\/uploads\\\/2017\\\/04\\\/choketopuslong-detail-front.jpg\",\"contentUrl\":\"https:\\\/\\\/choketopus.com\\\/wp-content\\\/uploads\\\/2017\\\/04\\\/choketopuslong-detail-front.jpg\",\"width\":417,\"height\":545},{\"@type\":\"BreadcrumbList\",\"@id\":\"https:\\\/\\\/choketopus.com\\\/de\\\/produkt\\\/choketopus\\\/#breadcrumb\",\"itemListElement\":[{\"@type\":\"ListItem\",\"position\":1,\"name\":\"Dom\u016f\",\"item\":\"https:\\\/\\\/choketopus.com\\\/de\\\/\"},{\"@type\":\"ListItem\",\"position\":2,\"name\":\"Obchod\",\"item\":\"https:\\\/\\\/choketopus.com\\\/de\\\/obchod\\\/\"},{\"@type\":\"ListItem\",\"position\":3,\"name\":\"CHOKETOPUS \\\/ Herren Rashguard mit langen \u00c4rmeln\"}]},{\"@type\":\"WebSite\",\"@id\":\"https:\\\/\\\/choketopus.com\\\/#website\",\"url\":\"https:\\\/\\\/choketopus.com\\\/\",\"name\":\"Choketopus.com\",\"description\":\"Original clothing for submissions and choking\",\"publisher\":{\"@id\":\"https:\\\/\\\/choketopus.com\\\/#organization\"},\"potentialAction\":[{\"@type\":\"SearchAction\",\"target\":{\"@type\":\"EntryPoint\",\"urlTemplate\":\"https:\\\/\\\/choketopus.com\\\/?s={search_term_string}\"},\"query-input\":{\"@type\":\"PropertyValueSpecification\",\"valueRequired\":true,\"valueName\":\"search_term_string\"}}],\"inLanguage\":\"de\"},{\"@type\":\"Organization\",\"@id\":\"https:\\\/\\\/choketopus.com\\\/#organization\",\"name\":\"Rashguard.cz s.r.o.\",\"url\":\"https:\\\/\\\/choketopus.com\\\/\",\"logo\":{\"@type\":\"ImageObject\",\"inLanguage\":\"de\",\"@id\":\"https:\\\/\\\/choketopus.com\\\/#\\\/schema\\\/logo\\\/image\\\/\",\"url\":\"\",\"contentUrl\":\"\",\"caption\":\"Rashguard.cz s.r.o.\"},\"image\":{\"@id\":\"https:\\\/\\\/choketopus.com\\\/#\\\/schema\\\/logo\\\/image\\\/\"},\"sameAs\":[\"https:\\\/\\\/www.facebook.com\\\/choketopus\\\/\",\"https:\\\/\\\/x.com\\\/choketopus\"]}]}<\/script>\n<!-- \/ Yoast SEO plugin. -->","yoast_head_json":{"title":"CHOKETOPUS \/ Herren Rashguard mit langen \u00c4rmeln - Choketopus.com","robots":{"index":"index","follow":"follow","max-snippet":"max-snippet:-1","max-image-preview":"max-image-preview:large","max-video-preview":"max-video-preview:-1"},"canonical":"https:\/\/choketopus.com\/de\/produkt\/choketopus\/","og_locale":"de_DE","og_type":"article","og_title":"CHOKETOPUS \/ Herren Rashguard mit langen \u00c4rmeln - Choketopus.com","og_description":"Werde zu Wasser mit einem einzigartigen elementaren Design. Dein Gegner wird die falschen Tentakeln nicht von den echten unterscheiden k\u00f6nnen. Nutze das und sichere dir eine glitschige Submission!","og_url":"https:\/\/choketopus.com\/de\/produkt\/choketopus\/","og_site_name":"Choketopus.com","article_publisher":"https:\/\/www.facebook.com\/choketopus\/","article_modified_time":"2023-07-13T17:42:08+00:00","og_image":[{"width":417,"height":545,"url":"https:\/\/choketopus.com\/wp-content\/uploads\/2017\/04\/choketopuslong-detail-front.jpg","type":"image\/jpeg"}],"twitter_card":"summary_large_image","twitter_site":"@choketopus","twitter_misc":{"Gesch\u00e4tzte Lesezeit":"1\u00a0Minute"},"schema":{"@context":"https:\/\/schema.org","@graph":[{"@type":"WebPage","@id":"https:\/\/choketopus.com\/de\/produkt\/choketopus\/","url":"https:\/\/choketopus.com\/de\/produkt\/choketopus\/","name":"CHOKETOPUS \/ Herren Rashguard mit langen \u00c4rmeln - Choketopus.com","isPartOf":{"@id":"https:\/\/choketopus.com\/#website"},"primaryImageOfPage":{"@id":"https:\/\/choketopus.com\/de\/produkt\/choketopus\/#primaryimage"},"image":{"@id":"https:\/\/choketopus.com\/de\/produkt\/choketopus\/#primaryimage"},"thumbnailUrl":"https:\/\/choketopus.com\/wp-content\/uploads\/2017\/04\/choketopuslong-detail-front.jpg","datePublished":"2017-04-02T17:29:43+00:00","dateModified":"2023-07-13T17:42:08+00:00","breadcrumb":{"@id":"https:\/\/choketopus.com\/de\/produkt\/choketopus\/#breadcrumb"},"inLanguage":"de","potentialAction":[{"@type":"ReadAction","target":["https:\/\/choketopus.com\/de\/produkt\/choketopus\/"]}]},{"@type":"ImageObject","inLanguage":"de","@id":"https:\/\/choketopus.com\/de\/produkt\/choketopus\/#primaryimage","url":"https:\/\/choketopus.com\/wp-content\/uploads\/2017\/04\/choketopuslong-detail-front.jpg","contentUrl":"https:\/\/choketopus.com\/wp-content\/uploads\/2017\/04\/choketopuslong-detail-front.jpg","width":417,"height":545},{"@type":"BreadcrumbList","@id":"https:\/\/choketopus.com\/de\/produkt\/choketopus\/#breadcrumb","itemListElement":[{"@type":"ListItem","position":1,"name":"Dom\u016f","item":"https:\/\/choketopus.com\/de\/"},{"@type":"ListItem","position":2,"name":"Obchod","item":"https:\/\/choketopus.com\/de\/obchod\/"},{"@type":"ListItem","position":3,"name":"CHOKETOPUS \/ Herren Rashguard mit langen \u00c4rmeln"}]},{"@type":"WebSite","@id":"https:\/\/choketopus.com\/#website","url":"https:\/\/choketopus.com\/","name":"Choketopus.com","description":"Original clothing for submissions and choking","publisher":{"@id":"https:\/\/choketopus.com\/#organization"},"potentialAction":[{"@type":"SearchAction","target":{"@type":"EntryPoint","urlTemplate":"https:\/\/choketopus.com\/?s={search_term_string}"},"query-input":{"@type":"PropertyValueSpecification","valueRequired":true,"valueName":"search_term_string"}}],"inLanguage":"de"},{"@type":"Organization","@id":"https:\/\/choketopus.com\/#organization","name":"Rashguard.cz s.r.o.","url":"https:\/\/choketopus.com\/","logo":{"@type":"ImageObject","inLanguage":"de","@id":"https:\/\/choketopus.com\/#\/schema\/logo\/image\/","url":"","contentUrl":"","caption":"Rashguard.cz s.r.o."},"image":{"@id":"https:\/\/choketopus.com\/#\/schema\/logo\/image\/"},"sameAs":["https:\/\/www.facebook.com\/choketopus\/","https:\/\/x.com\/choketopus"]}]}},"_links":{"self":[{"href":"https:\/\/choketopus.com\/de\/wp-json\/wp\/v2\/product\/26620","targetHints":{"allow":["GET"]}}],"collection":[{"href":"https:\/\/choketopus.com\/de\/wp-json\/wp\/v2\/product"}],"about":[{"href":"https:\/\/choketopus.com\/de\/wp-json\/wp\/v2\/types\/product"}],"replies":[{"embeddable":true,"href":"https:\/\/choketopus.com\/de\/wp-json\/wp\/v2\/comments?post=26620"}],"wp:featuredmedia":[{"embeddable":true,"href":"https:\/\/choketopus.com\/de\/wp-json\/wp\/v2\/media\/21487"}],"wp:attachment":[{"href":"https:\/\/choketopus.com\/de\/wp-json\/wp\/v2\/media?parent=26620"}],"wp:term":[{"taxonomy":"product_brand","embeddable":true,"href":"https:\/\/choketopus.com\/de\/wp-json\/wp\/v2\/product_brand?post=26620"},{"taxonomy":"product_cat","embeddable":true,"href":"https:\/\/choketopus.com\/de\/wp-json\/wp\/v2\/product_cat?post=26620"},{"taxonomy":"product_tag","embeddable":true,"href":"https:\/\/choketopus.com\/de\/wp-json\/wp\/v2\/product_tag?post=26620"}],"curies":[{"name":"wp","href":"https:\/\/api.w.org\/{rel}","templated":true}]}}