{"id":26571,"date":"2019-06-04T10:28:48","date_gmt":"2019-06-04T08:28:48","guid":{"rendered":"https:\/\/choketopus.com\/produkt\/sisu-go-zahnschutz\/"},"modified":"2023-07-13T12:41:48","modified_gmt":"2023-07-13T10:41:48","slug":"sisu-go","status":"publish","type":"product","link":"https:\/\/choketopus.com\/de\/produkt\/sisu-go\/","title":{"rendered":"SISU \/ Go Zahnschutz"},"content":{"rendered":"<p style=\"text-align: left;\">Der minimalistische Zahnschutz Go von der amerikanischen Firma SISU bietet Ihnen maximalen Schutz f\u00fcr Ihr Gebiss zu einem minimalen Preis. Dieser Zahnschutz ist im Vergleich zum SISU Aero verk\u00fcrzt und ist daher haupts\u00e4chlich f\u00fcr diejenigen gedacht, die Freiheit wollen, aber nicht auf Schutz verzichten wollen. Sie werden ihn kaum in Ihrem Mund sp\u00fcren und dennoch bietet er Ihnen maximale Sicherheit bei allen Arten von Kontaktsportarten, ob Grappling, BJJ, MMA oder sogar Eishockey.<\/p>\n<ul>\n<li style=\"text-align: left;\">Verk\u00fcrzter Zahnschutz (siehe Foto).<\/li>\n<li style=\"text-align: left;\">Dicke nur 1,6 mm.<\/li>\n<li style=\"text-align: left;\">Einfach zu formen.<\/li>\n<li style=\"text-align: left;\">Mehrfach formbar (bis zu 20x).<\/li>\n<li style=\"text-align: left;\">Passt perfekt auf die Z\u00e4hne und f\u00e4llt nicht heraus.<\/li>\n<li style=\"text-align: left;\">Mehrere Farben.<\/li>\n<li style=\"text-align: left;\">Geeignet zum Tragen mit Zahnspangen.<\/li>\n<li style=\"text-align: left;\">Enth\u00e4lt kein BPA, Latex, PVC oder Phthalate.<\/li>\n<\/ul>\n","protected":false},"excerpt":{"rendered":"<p>Der Zahnschutz Go von der amerikanischen Firma SISU ist f\u00fcr die h\u00e4rtesten Sportarten entwickelt, bei denen Sie maximalen Schutz f\u00fcr Ihr Gebiss ben\u00f6tigen, wie MMA, Boxen, Kickboxen oder Eishockey.<\/p>\n<p>&nbsp;<\/p>\n<p>Im Mund werden Sie ihn kaum sp\u00fcren, er erm\u00f6glicht es Ihnen zu trinken, zu sprechen und vor allem problemlos zu atmen, ohne den Zahnschutz entfernen zu m\u00fcssen.<\/p>\n","protected":false},"featured_media":24041,"comment_status":"open","ping_status":"closed","template":"","meta":[],"product_brand":[],"product_cat":[581,560,559,654],"product_tag":[],"class_list":{"0":"post-26571","1":"product","2":"type-product","3":"status-publish","4":"has-post-thumbnail","6":"product_cat-accessoires","7":"product_cat-damen","8":"product_cat-herren","9":"product_cat-zahnschuetzer","10":"description-off","12":"first","13":"outofstock","14":"taxable","15":"shipping-taxable","16":"purchasable","17":"product-type-variable","18":"has-default-attributes"},"yoast_head":"<!-- This site is optimized with the Yoast SEO plugin v27.5 - https:\/\/yoast.com\/product\/yoast-seo-wordpress\/ -->\n<title>SISU \/ Go Zahnschutz - Choketopus.com<\/title>\n<meta name=\"robots\" content=\"index, follow, max-snippet:-1, max-image-preview:large, max-video-preview:-1\" \/>\n<link rel=\"canonical\" href=\"https:\/\/choketopus.com\/de\/produkt\/sisu-go\/\" \/>\n<meta property=\"og:locale\" content=\"de_DE\" \/>\n<meta property=\"og:type\" content=\"article\" \/>\n<meta property=\"og:title\" content=\"SISU \/ Go Zahnschutz - Choketopus.com\" \/>\n<meta property=\"og:description\" content=\"Der Zahnschutz Go von der amerikanischen Firma SISU ist f\u00fcr die h\u00e4rtesten Sportarten entwickelt, bei denen Sie maximalen Schutz f\u00fcr Ihr Gebiss ben\u00f6tigen, wie MMA, Boxen, Kickboxen oder Eishockey. &nbsp; Im Mund werden Sie ihn kaum sp\u00fcren, er erm\u00f6glicht es Ihnen zu trinken, zu sprechen und vor allem problemlos zu atmen, ohne den Zahnschutz entfernen zu m\u00fcssen.\" \/>\n<meta property=\"og:url\" content=\"https:\/\/choketopus.com\/de\/produkt\/sisu-go\/\" \/>\n<meta property=\"og:site_name\" content=\"Choketopus.com\" \/>\n<meta property=\"article:publisher\" content=\"https:\/\/www.facebook.com\/choketopus\/\" \/>\n<meta property=\"article:modified_time\" content=\"2023-07-13T10:41:48+00:00\" \/>\n<meta property=\"og:image\" content=\"https:\/\/choketopus.com\/wp-content\/uploads\/2019\/06\/go-sisu-e1649238554997.png\" \/>\n\t<meta property=\"og:image:width\" content=\"459\" \/>\n\t<meta property=\"og:image:height\" content=\"599\" \/>\n\t<meta property=\"og:image:type\" content=\"image\/png\" \/>\n<meta name=\"twitter:card\" content=\"summary_large_image\" \/>\n<meta name=\"twitter:site\" content=\"@choketopus\" \/>\n<meta name=\"twitter:label1\" content=\"Gesch\u00e4tzte Lesezeit\" \/>\n\t<meta name=\"twitter:data1\" content=\"1\u00a0Minute\" \/>\n<script type=\"application\/ld+json\" class=\"yoast-schema-graph\">{\"@context\":\"https:\\\/\\\/schema.org\",\"@graph\":[{\"@type\":\"WebPage\",\"@id\":\"https:\\\/\\\/choketopus.com\\\/de\\\/produkt\\\/sisu-go\\\/\",\"url\":\"https:\\\/\\\/choketopus.com\\\/de\\\/produkt\\\/sisu-go\\\/\",\"name\":\"SISU \\\/ Go Zahnschutz - Choketopus.com\",\"isPartOf\":{\"@id\":\"https:\\\/\\\/choketopus.com\\\/#website\"},\"primaryImageOfPage\":{\"@id\":\"https:\\\/\\\/choketopus.com\\\/de\\\/produkt\\\/sisu-go\\\/#primaryimage\"},\"image\":{\"@id\":\"https:\\\/\\\/choketopus.com\\\/de\\\/produkt\\\/sisu-go\\\/#primaryimage\"},\"thumbnailUrl\":\"https:\\\/\\\/choketopus.com\\\/wp-content\\\/uploads\\\/2019\\\/06\\\/go-sisu.png\",\"datePublished\":\"2019-06-04T08:28:48+00:00\",\"dateModified\":\"2023-07-13T10:41:48+00:00\",\"breadcrumb\":{\"@id\":\"https:\\\/\\\/choketopus.com\\\/de\\\/produkt\\\/sisu-go\\\/#breadcrumb\"},\"inLanguage\":\"de\",\"potentialAction\":[{\"@type\":\"ReadAction\",\"target\":[\"https:\\\/\\\/choketopus.com\\\/de\\\/produkt\\\/sisu-go\\\/\"]}]},{\"@type\":\"ImageObject\",\"inLanguage\":\"de\",\"@id\":\"https:\\\/\\\/choketopus.com\\\/de\\\/produkt\\\/sisu-go\\\/#primaryimage\",\"url\":\"https:\\\/\\\/choketopus.com\\\/wp-content\\\/uploads\\\/2019\\\/06\\\/go-sisu.png\",\"contentUrl\":\"https:\\\/\\\/choketopus.com\\\/wp-content\\\/uploads\\\/2019\\\/06\\\/go-sisu.png\",\"width\":459,\"height\":599},{\"@type\":\"BreadcrumbList\",\"@id\":\"https:\\\/\\\/choketopus.com\\\/de\\\/produkt\\\/sisu-go\\\/#breadcrumb\",\"itemListElement\":[{\"@type\":\"ListItem\",\"position\":1,\"name\":\"Dom\u016f\",\"item\":\"https:\\\/\\\/choketopus.com\\\/de\\\/\"},{\"@type\":\"ListItem\",\"position\":2,\"name\":\"Obchod\",\"item\":\"https:\\\/\\\/choketopus.com\\\/de\\\/obchod\\\/\"},{\"@type\":\"ListItem\",\"position\":3,\"name\":\"SISU \\\/ Go Zahnschutz\"}]},{\"@type\":\"WebSite\",\"@id\":\"https:\\\/\\\/choketopus.com\\\/#website\",\"url\":\"https:\\\/\\\/choketopus.com\\\/\",\"name\":\"Choketopus.com\",\"description\":\"Original clothing for submissions and choking\",\"publisher\":{\"@id\":\"https:\\\/\\\/choketopus.com\\\/#organization\"},\"potentialAction\":[{\"@type\":\"SearchAction\",\"target\":{\"@type\":\"EntryPoint\",\"urlTemplate\":\"https:\\\/\\\/choketopus.com\\\/?s={search_term_string}\"},\"query-input\":{\"@type\":\"PropertyValueSpecification\",\"valueRequired\":true,\"valueName\":\"search_term_string\"}}],\"inLanguage\":\"de\"},{\"@type\":\"Organization\",\"@id\":\"https:\\\/\\\/choketopus.com\\\/#organization\",\"name\":\"Rashguard.cz s.r.o.\",\"url\":\"https:\\\/\\\/choketopus.com\\\/\",\"logo\":{\"@type\":\"ImageObject\",\"inLanguage\":\"de\",\"@id\":\"https:\\\/\\\/choketopus.com\\\/#\\\/schema\\\/logo\\\/image\\\/\",\"url\":\"\",\"contentUrl\":\"\",\"caption\":\"Rashguard.cz s.r.o.\"},\"image\":{\"@id\":\"https:\\\/\\\/choketopus.com\\\/#\\\/schema\\\/logo\\\/image\\\/\"},\"sameAs\":[\"https:\\\/\\\/www.facebook.com\\\/choketopus\\\/\",\"https:\\\/\\\/x.com\\\/choketopus\"]}]}<\/script>\n<!-- \/ Yoast SEO plugin. -->","yoast_head_json":{"title":"SISU \/ Go Zahnschutz - Choketopus.com","robots":{"index":"index","follow":"follow","max-snippet":"max-snippet:-1","max-image-preview":"max-image-preview:large","max-video-preview":"max-video-preview:-1"},"canonical":"https:\/\/choketopus.com\/de\/produkt\/sisu-go\/","og_locale":"de_DE","og_type":"article","og_title":"SISU \/ Go Zahnschutz - Choketopus.com","og_description":"Der Zahnschutz Go von der amerikanischen Firma SISU ist f\u00fcr die h\u00e4rtesten Sportarten entwickelt, bei denen Sie maximalen Schutz f\u00fcr Ihr Gebiss ben\u00f6tigen, wie MMA, Boxen, Kickboxen oder Eishockey. &nbsp; Im Mund werden Sie ihn kaum sp\u00fcren, er erm\u00f6glicht es Ihnen zu trinken, zu sprechen und vor allem problemlos zu atmen, ohne den Zahnschutz entfernen zu m\u00fcssen.","og_url":"https:\/\/choketopus.com\/de\/produkt\/sisu-go\/","og_site_name":"Choketopus.com","article_publisher":"https:\/\/www.facebook.com\/choketopus\/","article_modified_time":"2023-07-13T10:41:48+00:00","og_image":[{"width":459,"height":599,"url":"https:\/\/choketopus.com\/wp-content\/uploads\/2019\/06\/go-sisu-e1649238554997.png","type":"image\/png"}],"twitter_card":"summary_large_image","twitter_site":"@choketopus","twitter_misc":{"Gesch\u00e4tzte Lesezeit":"1\u00a0Minute"},"schema":{"@context":"https:\/\/schema.org","@graph":[{"@type":"WebPage","@id":"https:\/\/choketopus.com\/de\/produkt\/sisu-go\/","url":"https:\/\/choketopus.com\/de\/produkt\/sisu-go\/","name":"SISU \/ Go Zahnschutz - Choketopus.com","isPartOf":{"@id":"https:\/\/choketopus.com\/#website"},"primaryImageOfPage":{"@id":"https:\/\/choketopus.com\/de\/produkt\/sisu-go\/#primaryimage"},"image":{"@id":"https:\/\/choketopus.com\/de\/produkt\/sisu-go\/#primaryimage"},"thumbnailUrl":"https:\/\/choketopus.com\/wp-content\/uploads\/2019\/06\/go-sisu.png","datePublished":"2019-06-04T08:28:48+00:00","dateModified":"2023-07-13T10:41:48+00:00","breadcrumb":{"@id":"https:\/\/choketopus.com\/de\/produkt\/sisu-go\/#breadcrumb"},"inLanguage":"de","potentialAction":[{"@type":"ReadAction","target":["https:\/\/choketopus.com\/de\/produkt\/sisu-go\/"]}]},{"@type":"ImageObject","inLanguage":"de","@id":"https:\/\/choketopus.com\/de\/produkt\/sisu-go\/#primaryimage","url":"https:\/\/choketopus.com\/wp-content\/uploads\/2019\/06\/go-sisu.png","contentUrl":"https:\/\/choketopus.com\/wp-content\/uploads\/2019\/06\/go-sisu.png","width":459,"height":599},{"@type":"BreadcrumbList","@id":"https:\/\/choketopus.com\/de\/produkt\/sisu-go\/#breadcrumb","itemListElement":[{"@type":"ListItem","position":1,"name":"Dom\u016f","item":"https:\/\/choketopus.com\/de\/"},{"@type":"ListItem","position":2,"name":"Obchod","item":"https:\/\/choketopus.com\/de\/obchod\/"},{"@type":"ListItem","position":3,"name":"SISU \/ Go Zahnschutz"}]},{"@type":"WebSite","@id":"https:\/\/choketopus.com\/#website","url":"https:\/\/choketopus.com\/","name":"Choketopus.com","description":"Original clothing for submissions and choking","publisher":{"@id":"https:\/\/choketopus.com\/#organization"},"potentialAction":[{"@type":"SearchAction","target":{"@type":"EntryPoint","urlTemplate":"https:\/\/choketopus.com\/?s={search_term_string}"},"query-input":{"@type":"PropertyValueSpecification","valueRequired":true,"valueName":"search_term_string"}}],"inLanguage":"de"},{"@type":"Organization","@id":"https:\/\/choketopus.com\/#organization","name":"Rashguard.cz s.r.o.","url":"https:\/\/choketopus.com\/","logo":{"@type":"ImageObject","inLanguage":"de","@id":"https:\/\/choketopus.com\/#\/schema\/logo\/image\/","url":"","contentUrl":"","caption":"Rashguard.cz s.r.o."},"image":{"@id":"https:\/\/choketopus.com\/#\/schema\/logo\/image\/"},"sameAs":["https:\/\/www.facebook.com\/choketopus\/","https:\/\/x.com\/choketopus"]}]}},"_links":{"self":[{"href":"https:\/\/choketopus.com\/de\/wp-json\/wp\/v2\/product\/26571","targetHints":{"allow":["GET"]}}],"collection":[{"href":"https:\/\/choketopus.com\/de\/wp-json\/wp\/v2\/product"}],"about":[{"href":"https:\/\/choketopus.com\/de\/wp-json\/wp\/v2\/types\/product"}],"replies":[{"embeddable":true,"href":"https:\/\/choketopus.com\/de\/wp-json\/wp\/v2\/comments?post=26571"}],"wp:featuredmedia":[{"embeddable":true,"href":"https:\/\/choketopus.com\/de\/wp-json\/wp\/v2\/media\/24041"}],"wp:attachment":[{"href":"https:\/\/choketopus.com\/de\/wp-json\/wp\/v2\/media?parent=26571"}],"wp:term":[{"taxonomy":"product_brand","embeddable":true,"href":"https:\/\/choketopus.com\/de\/wp-json\/wp\/v2\/product_brand?post=26571"},{"taxonomy":"product_cat","embeddable":true,"href":"https:\/\/choketopus.com\/de\/wp-json\/wp\/v2\/product_cat?post=26571"},{"taxonomy":"product_tag","embeddable":true,"href":"https:\/\/choketopus.com\/de\/wp-json\/wp\/v2\/product_tag?post=26571"}],"curies":[{"name":"wp","href":"https:\/\/api.w.org\/{rel}","templated":true}]}}