{"id":26492,"date":"2019-10-29T09:57:43","date_gmt":"2019-10-29T08:57:43","guid":{"rendered":"https:\/\/choketopus.com\/produkt\/raw-herren-rashguard-mit-kurzem-aermel\/"},"modified":"2025-01-29T18:12:32","modified_gmt":"2025-01-29T17:12:32","slug":"black-white-raw-pansky-rashguard-kratky","status":"publish","type":"product","link":"https:\/\/choketopus.com\/de\/produkt\/black-white-raw-pansky-rashguard-kratky\/","title":{"rendered":"RAW \/ Herren-Rashguard mit kurzem \u00c4rmel"},"content":{"rendered":"<p>RAW = Richard Andr\u0161 Wrestling &amp; Jiu Jitsu<\/p>\n<p>M\u00f6chten Sie das BJJ Blackbelt Team im Choketopus Gym repr\u00e4sentieren? Oder m\u00f6gen Sie einfach nur ein wirklich rohes (raw) Design? Nun, es gibt nichts zu warten!<\/p>\n<p style=\"text-align: left;\">Das RAW Rashguard ist Teil unserer Black &amp; White Kollektion.<\/p>\n<p>Einfaches Design. Perfektes Material. Kompromisslose Qualit\u00e4t. In diesem wirst du ringen wie ein Traum.<\/p>\n<ul style=\"text-align: left;\">\n<li>Kompressionsunterw\u00e4sche eignet sich als unterste Schicht f\u00fcr die meisten Sportarten.<\/li>\n<li>Sie leitet Schwei\u00df ab und h\u00e4lt die Haut trocken.<\/li>\n<li>Sie hilft dem K\u00f6rper, die Temperatur zu regulieren und Muskelverletzungen vorzubeugen.<\/li>\n<li>Bei niedrigen Temperaturen dient sie als untere W\u00e4rme-Schicht.<\/li>\n<li>Sie sch\u00fctzt vor Absch\u00fcrfungen und Sonnenbrand.<\/li>\n<li>Es besteht aus angenehmem, elastischem, aber dennoch robustem Material.<\/li>\n<\/ul>\n<p style=\"text-align: left;\">Das Rashguard besteht aus hochwertigem, weichem und elastischem Material mit hoher Lebensdauer. Die F\u00e4rbung erfolgt mit dem modernsten m\u00f6glichen Verfahren durch Sublimation, bei dem die gesamte Faser eingef\u00e4rbt wird. Das Ergebnis sind satte Farben, die auch einem langanhaltenden harten Einsatz im Training standhalten und ewig halten. Der gesamte Herstellungsprozess, einschlie\u00dflich der N\u00e4harbeiten, findet in der Tschechischen Republik statt, was eine 100%ige Qualit\u00e4t in allen Produktionsphasen garantiert. Das Ergebnis ist ein Produkt, das f\u00fcr den professionellen Einsatz in jeder Sportart bereit ist. Bei diesem Rashguard wird eine Neuheit aus unserem Sortiment verwendet &#8211; am Bund ist ein spezieller Silikonstreifen gen\u00e4ht, der das Rashguard an Ort und Stelle h\u00e4lt und jegliche unerw\u00fcnschte Bewegung verhindert.<\/p>\n","protected":false},"excerpt":{"rendered":"<p>M\u00f6chten Sie das BJJ Blackbelt Team im Choketopus Gym repr\u00e4sentieren? Oder m\u00f6gen Sie einfach nur ein wirklich rohes (raw) Design? Nun, es gibt nichts zu warten!<\/p>\n<p style=\"text-align: left;\">Das RAW Rashguard ist Teil unserer Black &amp; White Kollektion.<\/p>\n<p>Einfaches Design. Perfektes Material. Kompromisslose Qualit\u00e4t. In diesem wirst du ringen wie ein Traum.<\/p>\n","protected":false},"featured_media":23889,"comment_status":"open","ping_status":"closed","template":"","meta":[],"product_brand":[],"product_cat":[559,608,929,607],"product_tag":[623,637,621,622,620],"class_list":{"0":"post-26492","1":"product","2":"type-product","3":"status-publish","4":"has-post-thumbnail","6":"product_cat-herren","7":"product_cat-herren-rashguard","8":"product_cat-herren-mit-kurzem-aermel","9":"product_cat-rashguards-de","10":"product_tag-brazilian-jiu-jitsu-de","11":"product_tag-get-tangled-de","12":"product_tag-grappling-de","13":"product_tag-krav-maga-de","14":"product_tag-mma-de","15":"description-off","17":"first","18":"instock","19":"taxable","20":"shipping-taxable","21":"purchasable","22":"product-type-variable","23":"has-default-attributes"},"yoast_head":"<!-- This site is optimized with the Yoast SEO plugin v27.4 - https:\/\/yoast.com\/product\/yoast-seo-wordpress\/ -->\n<title>RAW \/ Herren-Rashguard mit kurzem \u00c4rmel - Choketopus.com<\/title>\n<meta name=\"robots\" content=\"index, follow, max-snippet:-1, max-image-preview:large, max-video-preview:-1\" \/>\n<link rel=\"canonical\" href=\"https:\/\/choketopus.com\/de\/produkt\/black-white-raw-pansky-rashguard-kratky\/\" \/>\n<meta property=\"og:locale\" content=\"de_DE\" \/>\n<meta property=\"og:type\" content=\"article\" \/>\n<meta property=\"og:title\" content=\"RAW \/ Herren-Rashguard mit kurzem \u00c4rmel - Choketopus.com\" \/>\n<meta property=\"og:description\" content=\"M\u00f6chten Sie das BJJ Blackbelt Team im Choketopus Gym repr\u00e4sentieren? Oder m\u00f6gen Sie einfach nur ein wirklich rohes (raw) Design? Nun, es gibt nichts zu warten! Das RAW Rashguard ist Teil unserer Black &amp; White Kollektion. Einfaches Design. Perfektes Material. Kompromisslose Qualit\u00e4t. In diesem wirst du ringen wie ein Traum.\" \/>\n<meta property=\"og:url\" content=\"https:\/\/choketopus.com\/de\/produkt\/black-white-raw-pansky-rashguard-kratky\/\" \/>\n<meta property=\"og:site_name\" content=\"Choketopus.com\" \/>\n<meta property=\"article:publisher\" content=\"https:\/\/www.facebook.com\/choketopus\/\" \/>\n<meta property=\"article:modified_time\" content=\"2025-01-29T17:12:32+00:00\" \/>\n<meta property=\"og:image\" content=\"https:\/\/choketopus.com\/wp-content\/uploads\/2021\/11\/MBI09994.jpg\" \/>\n\t<meta property=\"og:image:width\" content=\"459\" \/>\n\t<meta property=\"og:image:height\" content=\"600\" \/>\n\t<meta property=\"og:image:type\" content=\"image\/jpeg\" \/>\n<meta name=\"twitter:card\" content=\"summary_large_image\" \/>\n<meta name=\"twitter:site\" content=\"@choketopus\" \/>\n<meta name=\"twitter:label1\" content=\"Gesch\u00e4tzte Lesezeit\" \/>\n\t<meta name=\"twitter:data1\" content=\"2\u00a0Minuten\" \/>\n<script type=\"application\/ld+json\" class=\"yoast-schema-graph\">{\"@context\":\"https:\\\/\\\/schema.org\",\"@graph\":[{\"@type\":\"WebPage\",\"@id\":\"https:\\\/\\\/choketopus.com\\\/de\\\/produkt\\\/black-white-raw-pansky-rashguard-kratky\\\/\",\"url\":\"https:\\\/\\\/choketopus.com\\\/de\\\/produkt\\\/black-white-raw-pansky-rashguard-kratky\\\/\",\"name\":\"RAW \\\/ Herren-Rashguard mit kurzem \u00c4rmel - Choketopus.com\",\"isPartOf\":{\"@id\":\"https:\\\/\\\/choketopus.com\\\/#website\"},\"primaryImageOfPage\":{\"@id\":\"https:\\\/\\\/choketopus.com\\\/de\\\/produkt\\\/black-white-raw-pansky-rashguard-kratky\\\/#primaryimage\"},\"image\":{\"@id\":\"https:\\\/\\\/choketopus.com\\\/de\\\/produkt\\\/black-white-raw-pansky-rashguard-kratky\\\/#primaryimage\"},\"thumbnailUrl\":\"https:\\\/\\\/choketopus.com\\\/wp-content\\\/uploads\\\/2021\\\/11\\\/MBI09994.jpg\",\"datePublished\":\"2019-10-29T08:57:43+00:00\",\"dateModified\":\"2025-01-29T17:12:32+00:00\",\"breadcrumb\":{\"@id\":\"https:\\\/\\\/choketopus.com\\\/de\\\/produkt\\\/black-white-raw-pansky-rashguard-kratky\\\/#breadcrumb\"},\"inLanguage\":\"de\",\"potentialAction\":[{\"@type\":\"ReadAction\",\"target\":[\"https:\\\/\\\/choketopus.com\\\/de\\\/produkt\\\/black-white-raw-pansky-rashguard-kratky\\\/\"]}]},{\"@type\":\"ImageObject\",\"inLanguage\":\"de\",\"@id\":\"https:\\\/\\\/choketopus.com\\\/de\\\/produkt\\\/black-white-raw-pansky-rashguard-kratky\\\/#primaryimage\",\"url\":\"https:\\\/\\\/choketopus.com\\\/wp-content\\\/uploads\\\/2021\\\/11\\\/MBI09994.jpg\",\"contentUrl\":\"https:\\\/\\\/choketopus.com\\\/wp-content\\\/uploads\\\/2021\\\/11\\\/MBI09994.jpg\",\"width\":459,\"height\":600},{\"@type\":\"BreadcrumbList\",\"@id\":\"https:\\\/\\\/choketopus.com\\\/de\\\/produkt\\\/black-white-raw-pansky-rashguard-kratky\\\/#breadcrumb\",\"itemListElement\":[{\"@type\":\"ListItem\",\"position\":1,\"name\":\"Dom\u016f\",\"item\":\"https:\\\/\\\/choketopus.com\\\/de\\\/\"},{\"@type\":\"ListItem\",\"position\":2,\"name\":\"Obchod\",\"item\":\"https:\\\/\\\/choketopus.com\\\/de\\\/obchod\\\/\"},{\"@type\":\"ListItem\",\"position\":3,\"name\":\"RAW \\\/ Herren-Rashguard mit kurzem \u00c4rmel\"}]},{\"@type\":\"WebSite\",\"@id\":\"https:\\\/\\\/choketopus.com\\\/#website\",\"url\":\"https:\\\/\\\/choketopus.com\\\/\",\"name\":\"Choketopus.com\",\"description\":\"Original clothing for submissions and choking\",\"publisher\":{\"@id\":\"https:\\\/\\\/choketopus.com\\\/#organization\"},\"potentialAction\":[{\"@type\":\"SearchAction\",\"target\":{\"@type\":\"EntryPoint\",\"urlTemplate\":\"https:\\\/\\\/choketopus.com\\\/?s={search_term_string}\"},\"query-input\":{\"@type\":\"PropertyValueSpecification\",\"valueRequired\":true,\"valueName\":\"search_term_string\"}}],\"inLanguage\":\"de\"},{\"@type\":\"Organization\",\"@id\":\"https:\\\/\\\/choketopus.com\\\/#organization\",\"name\":\"Rashguard.cz s.r.o.\",\"url\":\"https:\\\/\\\/choketopus.com\\\/\",\"logo\":{\"@type\":\"ImageObject\",\"inLanguage\":\"de\",\"@id\":\"https:\\\/\\\/choketopus.com\\\/#\\\/schema\\\/logo\\\/image\\\/\",\"url\":\"\",\"contentUrl\":\"\",\"caption\":\"Rashguard.cz s.r.o.\"},\"image\":{\"@id\":\"https:\\\/\\\/choketopus.com\\\/#\\\/schema\\\/logo\\\/image\\\/\"},\"sameAs\":[\"https:\\\/\\\/www.facebook.com\\\/choketopus\\\/\",\"https:\\\/\\\/x.com\\\/choketopus\"]}]}<\/script>\n<!-- \/ Yoast SEO plugin. -->","yoast_head_json":{"title":"RAW \/ Herren-Rashguard mit kurzem \u00c4rmel - Choketopus.com","robots":{"index":"index","follow":"follow","max-snippet":"max-snippet:-1","max-image-preview":"max-image-preview:large","max-video-preview":"max-video-preview:-1"},"canonical":"https:\/\/choketopus.com\/de\/produkt\/black-white-raw-pansky-rashguard-kratky\/","og_locale":"de_DE","og_type":"article","og_title":"RAW \/ Herren-Rashguard mit kurzem \u00c4rmel - Choketopus.com","og_description":"M\u00f6chten Sie das BJJ Blackbelt Team im Choketopus Gym repr\u00e4sentieren? Oder m\u00f6gen Sie einfach nur ein wirklich rohes (raw) Design? Nun, es gibt nichts zu warten! Das RAW Rashguard ist Teil unserer Black &amp; White Kollektion. Einfaches Design. Perfektes Material. Kompromisslose Qualit\u00e4t. In diesem wirst du ringen wie ein Traum.","og_url":"https:\/\/choketopus.com\/de\/produkt\/black-white-raw-pansky-rashguard-kratky\/","og_site_name":"Choketopus.com","article_publisher":"https:\/\/www.facebook.com\/choketopus\/","article_modified_time":"2025-01-29T17:12:32+00:00","og_image":[{"width":459,"height":600,"url":"https:\/\/choketopus.com\/wp-content\/uploads\/2021\/11\/MBI09994.jpg","type":"image\/jpeg"}],"twitter_card":"summary_large_image","twitter_site":"@choketopus","twitter_misc":{"Gesch\u00e4tzte Lesezeit":"2\u00a0Minuten"},"schema":{"@context":"https:\/\/schema.org","@graph":[{"@type":"WebPage","@id":"https:\/\/choketopus.com\/de\/produkt\/black-white-raw-pansky-rashguard-kratky\/","url":"https:\/\/choketopus.com\/de\/produkt\/black-white-raw-pansky-rashguard-kratky\/","name":"RAW \/ Herren-Rashguard mit kurzem \u00c4rmel - Choketopus.com","isPartOf":{"@id":"https:\/\/choketopus.com\/#website"},"primaryImageOfPage":{"@id":"https:\/\/choketopus.com\/de\/produkt\/black-white-raw-pansky-rashguard-kratky\/#primaryimage"},"image":{"@id":"https:\/\/choketopus.com\/de\/produkt\/black-white-raw-pansky-rashguard-kratky\/#primaryimage"},"thumbnailUrl":"https:\/\/choketopus.com\/wp-content\/uploads\/2021\/11\/MBI09994.jpg","datePublished":"2019-10-29T08:57:43+00:00","dateModified":"2025-01-29T17:12:32+00:00","breadcrumb":{"@id":"https:\/\/choketopus.com\/de\/produkt\/black-white-raw-pansky-rashguard-kratky\/#breadcrumb"},"inLanguage":"de","potentialAction":[{"@type":"ReadAction","target":["https:\/\/choketopus.com\/de\/produkt\/black-white-raw-pansky-rashguard-kratky\/"]}]},{"@type":"ImageObject","inLanguage":"de","@id":"https:\/\/choketopus.com\/de\/produkt\/black-white-raw-pansky-rashguard-kratky\/#primaryimage","url":"https:\/\/choketopus.com\/wp-content\/uploads\/2021\/11\/MBI09994.jpg","contentUrl":"https:\/\/choketopus.com\/wp-content\/uploads\/2021\/11\/MBI09994.jpg","width":459,"height":600},{"@type":"BreadcrumbList","@id":"https:\/\/choketopus.com\/de\/produkt\/black-white-raw-pansky-rashguard-kratky\/#breadcrumb","itemListElement":[{"@type":"ListItem","position":1,"name":"Dom\u016f","item":"https:\/\/choketopus.com\/de\/"},{"@type":"ListItem","position":2,"name":"Obchod","item":"https:\/\/choketopus.com\/de\/obchod\/"},{"@type":"ListItem","position":3,"name":"RAW \/ Herren-Rashguard mit kurzem \u00c4rmel"}]},{"@type":"WebSite","@id":"https:\/\/choketopus.com\/#website","url":"https:\/\/choketopus.com\/","name":"Choketopus.com","description":"Original clothing for submissions and choking","publisher":{"@id":"https:\/\/choketopus.com\/#organization"},"potentialAction":[{"@type":"SearchAction","target":{"@type":"EntryPoint","urlTemplate":"https:\/\/choketopus.com\/?s={search_term_string}"},"query-input":{"@type":"PropertyValueSpecification","valueRequired":true,"valueName":"search_term_string"}}],"inLanguage":"de"},{"@type":"Organization","@id":"https:\/\/choketopus.com\/#organization","name":"Rashguard.cz s.r.o.","url":"https:\/\/choketopus.com\/","logo":{"@type":"ImageObject","inLanguage":"de","@id":"https:\/\/choketopus.com\/#\/schema\/logo\/image\/","url":"","contentUrl":"","caption":"Rashguard.cz s.r.o."},"image":{"@id":"https:\/\/choketopus.com\/#\/schema\/logo\/image\/"},"sameAs":["https:\/\/www.facebook.com\/choketopus\/","https:\/\/x.com\/choketopus"]}]}},"_links":{"self":[{"href":"https:\/\/choketopus.com\/de\/wp-json\/wp\/v2\/product\/26492","targetHints":{"allow":["GET"]}}],"collection":[{"href":"https:\/\/choketopus.com\/de\/wp-json\/wp\/v2\/product"}],"about":[{"href":"https:\/\/choketopus.com\/de\/wp-json\/wp\/v2\/types\/product"}],"replies":[{"embeddable":true,"href":"https:\/\/choketopus.com\/de\/wp-json\/wp\/v2\/comments?post=26492"}],"wp:featuredmedia":[{"embeddable":true,"href":"https:\/\/choketopus.com\/de\/wp-json\/wp\/v2\/media\/23889"}],"wp:attachment":[{"href":"https:\/\/choketopus.com\/de\/wp-json\/wp\/v2\/media?parent=26492"}],"wp:term":[{"taxonomy":"product_brand","embeddable":true,"href":"https:\/\/choketopus.com\/de\/wp-json\/wp\/v2\/product_brand?post=26492"},{"taxonomy":"product_cat","embeddable":true,"href":"https:\/\/choketopus.com\/de\/wp-json\/wp\/v2\/product_cat?post=26492"},{"taxonomy":"product_tag","embeddable":true,"href":"https:\/\/choketopus.com\/de\/wp-json\/wp\/v2\/product_tag?post=26492"}],"curies":[{"name":"wp","href":"https:\/\/api.w.org\/{rel}","templated":true}]}}