{"id":26428,"date":"2020-05-05T16:17:34","date_gmt":"2023-07-13T08:14:30","guid":{"rendered":"https:\/\/choketopus.com\/produkt\/defense-antimykotische-seife-behaelter\/"},"modified":"2023-07-13T10:14:33","modified_gmt":"2023-07-13T08:14:33","slug":"antifungal-defense-soap-antimykoticke-mydlo","status":"publish","type":"product","link":"https:\/\/choketopus.com\/de\/produkt\/antifungal-defense-soap-antimykoticke-mydlo\/","title":{"rendered":"DEFENSE \/ Antimykotische Seife + Beh\u00e4lter"},"content":{"rendered":"<p style=\"text-align: left;\">Die Basis ist die Original-Bar-Seife, die mit einer von der FDA zugelassenen antifungalen und antimykotischen Substanz angereichert ist. Das Seifenschaum bildet einen reichen Schaum, der in der Lage ist, Schmutz von der Haut aufzunehmen. Die \u00d6le aus Eukalyptus und Teebaum sorgen f\u00fcr eine breite antimikrobielle Wirkung, die Seife unterst\u00fctzt die Gesundheit der Haut und sch\u00fctzt sie vor Infektionen. Geeignet f\u00fcr den t\u00e4glichen Gebrauch.<\/p>\n<p>Die Seife wird mit einem verschlie\u00dfbaren Beh\u00e4lter geliefert, damit ihre Wirkung auch nach dem Tragen in einer Tasche oder einem Rucksack zusammen mit anderen Dingen so hochwertig wie m\u00f6glich bleibt.<\/p>\n<p>Seife mit sch\u00fctzenden Eigenschaften gegen Pilze und andere mikrobielle Infektionen mit nachgewiesener klinischer Wirkung.<\/p>\n<p>&nbsp;<\/p>\n<p>Defense ist eine amerikanische Marke, gegr\u00fcndet von Guy Sako, einem Athleten und Trainer, der sich seit seiner Kindheit mit Kampfsport besch\u00e4ftigt. H\u00e4ufige Hautinfektionen, die im Fitnessstudio verbreitet wurden, motivierten ihn, nach Wegen zu suchen, um ihnen auszuweichen. Da Guy mit der Zusammensetzung der verf\u00fcgbaren Seifen unzufrieden war, beschloss er, seine eigene Marke zu gr\u00fcnden. Defense Seifen enthalten effektive pflanzliche Inhaltsstoffe wie \u00e4therische \u00d6le und Teebaum\u00f6l, die antibakterielle, antimykotische und antivirale Wirkungen haben. Die Produkte dieser Marke basieren auf nat\u00fcrlichen Inhaltsstoffen, sind nicht an Tieren getestet, sicher und effektiv.<\/p>\n","protected":false},"excerpt":{"rendered":"<p>Seife mit sch\u00fctzenden Eigenschaften gegen Pilze und andere mikrobielle Infektionen mit nachgewiesener klinischer Wirkung. Es bietet Linderung von Juckreiz und Brennen von gereizter Haut.<\/p>\n","protected":false},"featured_media":24051,"comment_status":"closed","ping_status":"closed","template":"","meta":[],"product_brand":[],"product_cat":[581,640],"product_tag":[585,715],"class_list":{"0":"post-26428","1":"product","2":"type-product","3":"status-publish","4":"has-post-thumbnail","6":"product_cat-accessoires","7":"product_cat-kosmetik-fur-athleten","8":"product_tag-bjj-de","9":"product_tag-defense-soap-de","10":"description-off","12":"first","13":"outofstock","14":"taxable","15":"shipping-taxable","16":"purchasable","17":"product-type-simple"},"yoast_head":"<!-- This site is optimized with the Yoast SEO plugin v27.6 - https:\/\/yoast.com\/product\/yoast-seo-wordpress\/ -->\n<title>DEFENSE \/ Antimykotische Seife + Beh\u00e4lter - Choketopus.com<\/title>\n<meta name=\"description\" content=\"Jeder K\u00e4mpfer hat sich unfreiwillig mit dem Ringelflechte-Ausschlag vertraut gemacht und musste so f\u00fcr einige Wochen aus dem Ring aussetzen. Die Seife Defense Soap kann dies verhindern!\" \/>\n<meta name=\"robots\" content=\"index, follow, max-snippet:-1, max-image-preview:large, max-video-preview:-1\" \/>\n<link rel=\"canonical\" href=\"https:\/\/choketopus.com\/de\/produkt\/antifungal-defense-soap-antimykoticke-mydlo\/\" \/>\n<meta property=\"og:locale\" content=\"de_DE\" \/>\n<meta property=\"og:type\" content=\"article\" \/>\n<meta property=\"og:title\" content=\"DEFENSE \/ Antimykotische Seife + Beh\u00e4lter - Choketopus.com\" \/>\n<meta property=\"og:description\" content=\"Jeder K\u00e4mpfer hat sich unfreiwillig mit dem Ringelflechte-Ausschlag vertraut gemacht und musste so f\u00fcr einige Wochen aus dem Ring aussetzen. Die Seife Defense Soap kann dies verhindern!\" \/>\n<meta property=\"og:url\" content=\"https:\/\/choketopus.com\/de\/produkt\/antifungal-defense-soap-antimykoticke-mydlo\/\" \/>\n<meta property=\"og:site_name\" content=\"Choketopus.com\" \/>\n<meta property=\"article:publisher\" content=\"https:\/\/www.facebook.com\/choketopus\/\" \/>\n<meta property=\"article:modified_time\" content=\"2023-07-13T08:14:33+00:00\" \/>\n<meta property=\"og:image\" content=\"https:\/\/choketopus.com\/wp-content\/uploads\/2021\/07\/MBI09482.jpg\" \/>\n\t<meta property=\"og:image:width\" content=\"459\" \/>\n\t<meta property=\"og:image:height\" content=\"600\" \/>\n\t<meta property=\"og:image:type\" content=\"image\/jpeg\" \/>\n<meta name=\"twitter:card\" content=\"summary_large_image\" \/>\n<meta name=\"twitter:site\" content=\"@choketopus\" \/>\n<meta name=\"twitter:label1\" content=\"Gesch\u00e4tzte Lesezeit\" \/>\n\t<meta name=\"twitter:data1\" content=\"1\u00a0Minute\" \/>\n<script type=\"application\/ld+json\" class=\"yoast-schema-graph\">{\"@context\":\"https:\\\/\\\/schema.org\",\"@graph\":[{\"@type\":\"WebPage\",\"@id\":\"https:\\\/\\\/choketopus.com\\\/de\\\/produkt\\\/antifungal-defense-soap-antimykoticke-mydlo\\\/\",\"url\":\"https:\\\/\\\/choketopus.com\\\/de\\\/produkt\\\/antifungal-defense-soap-antimykoticke-mydlo\\\/\",\"name\":\"DEFENSE \\\/ Antimykotische Seife + Beh\u00e4lter - Choketopus.com\",\"isPartOf\":{\"@id\":\"https:\\\/\\\/choketopus.com\\\/#website\"},\"primaryImageOfPage\":{\"@id\":\"https:\\\/\\\/choketopus.com\\\/de\\\/produkt\\\/antifungal-defense-soap-antimykoticke-mydlo\\\/#primaryimage\"},\"image\":{\"@id\":\"https:\\\/\\\/choketopus.com\\\/de\\\/produkt\\\/antifungal-defense-soap-antimykoticke-mydlo\\\/#primaryimage\"},\"thumbnailUrl\":\"https:\\\/\\\/choketopus.com\\\/wp-content\\\/uploads\\\/2021\\\/07\\\/MBI09482.jpg\",\"datePublished\":\"2023-07-13T08:14:30+00:00\",\"dateModified\":\"2023-07-13T08:14:33+00:00\",\"description\":\"Jeder K\u00e4mpfer hat sich unfreiwillig mit dem Ringelflechte-Ausschlag vertraut gemacht und musste so f\u00fcr einige Wochen aus dem Ring aussetzen. Die Seife Defense Soap kann dies verhindern!\",\"breadcrumb\":{\"@id\":\"https:\\\/\\\/choketopus.com\\\/de\\\/produkt\\\/antifungal-defense-soap-antimykoticke-mydlo\\\/#breadcrumb\"},\"inLanguage\":\"de\",\"potentialAction\":[{\"@type\":\"ReadAction\",\"target\":[\"https:\\\/\\\/choketopus.com\\\/de\\\/produkt\\\/antifungal-defense-soap-antimykoticke-mydlo\\\/\"]}]},{\"@type\":\"ImageObject\",\"inLanguage\":\"de\",\"@id\":\"https:\\\/\\\/choketopus.com\\\/de\\\/produkt\\\/antifungal-defense-soap-antimykoticke-mydlo\\\/#primaryimage\",\"url\":\"https:\\\/\\\/choketopus.com\\\/wp-content\\\/uploads\\\/2021\\\/07\\\/MBI09482.jpg\",\"contentUrl\":\"https:\\\/\\\/choketopus.com\\\/wp-content\\\/uploads\\\/2021\\\/07\\\/MBI09482.jpg\",\"width\":459,\"height\":600},{\"@type\":\"BreadcrumbList\",\"@id\":\"https:\\\/\\\/choketopus.com\\\/de\\\/produkt\\\/antifungal-defense-soap-antimykoticke-mydlo\\\/#breadcrumb\",\"itemListElement\":[{\"@type\":\"ListItem\",\"position\":1,\"name\":\"Dom\u016f\",\"item\":\"https:\\\/\\\/choketopus.com\\\/de\\\/\"},{\"@type\":\"ListItem\",\"position\":2,\"name\":\"Obchod\",\"item\":\"https:\\\/\\\/choketopus.com\\\/de\\\/obchod\\\/\"},{\"@type\":\"ListItem\",\"position\":3,\"name\":\"DEFENSE \\\/ Antimykotische Seife + Beh\u00e4lter\"}]},{\"@type\":\"WebSite\",\"@id\":\"https:\\\/\\\/choketopus.com\\\/#website\",\"url\":\"https:\\\/\\\/choketopus.com\\\/\",\"name\":\"Choketopus.com\",\"description\":\"Original clothing for submissions and choking\",\"publisher\":{\"@id\":\"https:\\\/\\\/choketopus.com\\\/#organization\"},\"potentialAction\":[{\"@type\":\"SearchAction\",\"target\":{\"@type\":\"EntryPoint\",\"urlTemplate\":\"https:\\\/\\\/choketopus.com\\\/?s={search_term_string}\"},\"query-input\":{\"@type\":\"PropertyValueSpecification\",\"valueRequired\":true,\"valueName\":\"search_term_string\"}}],\"inLanguage\":\"de\"},{\"@type\":\"Organization\",\"@id\":\"https:\\\/\\\/choketopus.com\\\/#organization\",\"name\":\"Rashguard.cz s.r.o.\",\"url\":\"https:\\\/\\\/choketopus.com\\\/\",\"logo\":{\"@type\":\"ImageObject\",\"inLanguage\":\"de\",\"@id\":\"https:\\\/\\\/choketopus.com\\\/#\\\/schema\\\/logo\\\/image\\\/\",\"url\":\"\",\"contentUrl\":\"\",\"caption\":\"Rashguard.cz s.r.o.\"},\"image\":{\"@id\":\"https:\\\/\\\/choketopus.com\\\/#\\\/schema\\\/logo\\\/image\\\/\"},\"sameAs\":[\"https:\\\/\\\/www.facebook.com\\\/choketopus\\\/\",\"https:\\\/\\\/x.com\\\/choketopus\"]}]}<\/script>\n<!-- \/ Yoast SEO plugin. -->","yoast_head_json":{"title":"DEFENSE \/ Antimykotische Seife + Beh\u00e4lter - Choketopus.com","description":"Jeder K\u00e4mpfer hat sich unfreiwillig mit dem Ringelflechte-Ausschlag vertraut gemacht und musste so f\u00fcr einige Wochen aus dem Ring aussetzen. Die Seife Defense Soap kann dies verhindern!","robots":{"index":"index","follow":"follow","max-snippet":"max-snippet:-1","max-image-preview":"max-image-preview:large","max-video-preview":"max-video-preview:-1"},"canonical":"https:\/\/choketopus.com\/de\/produkt\/antifungal-defense-soap-antimykoticke-mydlo\/","og_locale":"de_DE","og_type":"article","og_title":"DEFENSE \/ Antimykotische Seife + Beh\u00e4lter - Choketopus.com","og_description":"Jeder K\u00e4mpfer hat sich unfreiwillig mit dem Ringelflechte-Ausschlag vertraut gemacht und musste so f\u00fcr einige Wochen aus dem Ring aussetzen. Die Seife Defense Soap kann dies verhindern!","og_url":"https:\/\/choketopus.com\/de\/produkt\/antifungal-defense-soap-antimykoticke-mydlo\/","og_site_name":"Choketopus.com","article_publisher":"https:\/\/www.facebook.com\/choketopus\/","article_modified_time":"2023-07-13T08:14:33+00:00","og_image":[{"width":459,"height":600,"url":"https:\/\/choketopus.com\/wp-content\/uploads\/2021\/07\/MBI09482.jpg","type":"image\/jpeg"}],"twitter_card":"summary_large_image","twitter_site":"@choketopus","twitter_misc":{"Gesch\u00e4tzte Lesezeit":"1\u00a0Minute"},"schema":{"@context":"https:\/\/schema.org","@graph":[{"@type":"WebPage","@id":"https:\/\/choketopus.com\/de\/produkt\/antifungal-defense-soap-antimykoticke-mydlo\/","url":"https:\/\/choketopus.com\/de\/produkt\/antifungal-defense-soap-antimykoticke-mydlo\/","name":"DEFENSE \/ Antimykotische Seife + Beh\u00e4lter - Choketopus.com","isPartOf":{"@id":"https:\/\/choketopus.com\/#website"},"primaryImageOfPage":{"@id":"https:\/\/choketopus.com\/de\/produkt\/antifungal-defense-soap-antimykoticke-mydlo\/#primaryimage"},"image":{"@id":"https:\/\/choketopus.com\/de\/produkt\/antifungal-defense-soap-antimykoticke-mydlo\/#primaryimage"},"thumbnailUrl":"https:\/\/choketopus.com\/wp-content\/uploads\/2021\/07\/MBI09482.jpg","datePublished":"2023-07-13T08:14:30+00:00","dateModified":"2023-07-13T08:14:33+00:00","description":"Jeder K\u00e4mpfer hat sich unfreiwillig mit dem Ringelflechte-Ausschlag vertraut gemacht und musste so f\u00fcr einige Wochen aus dem Ring aussetzen. Die Seife Defense Soap kann dies verhindern!","breadcrumb":{"@id":"https:\/\/choketopus.com\/de\/produkt\/antifungal-defense-soap-antimykoticke-mydlo\/#breadcrumb"},"inLanguage":"de","potentialAction":[{"@type":"ReadAction","target":["https:\/\/choketopus.com\/de\/produkt\/antifungal-defense-soap-antimykoticke-mydlo\/"]}]},{"@type":"ImageObject","inLanguage":"de","@id":"https:\/\/choketopus.com\/de\/produkt\/antifungal-defense-soap-antimykoticke-mydlo\/#primaryimage","url":"https:\/\/choketopus.com\/wp-content\/uploads\/2021\/07\/MBI09482.jpg","contentUrl":"https:\/\/choketopus.com\/wp-content\/uploads\/2021\/07\/MBI09482.jpg","width":459,"height":600},{"@type":"BreadcrumbList","@id":"https:\/\/choketopus.com\/de\/produkt\/antifungal-defense-soap-antimykoticke-mydlo\/#breadcrumb","itemListElement":[{"@type":"ListItem","position":1,"name":"Dom\u016f","item":"https:\/\/choketopus.com\/de\/"},{"@type":"ListItem","position":2,"name":"Obchod","item":"https:\/\/choketopus.com\/de\/obchod\/"},{"@type":"ListItem","position":3,"name":"DEFENSE \/ Antimykotische Seife + Beh\u00e4lter"}]},{"@type":"WebSite","@id":"https:\/\/choketopus.com\/#website","url":"https:\/\/choketopus.com\/","name":"Choketopus.com","description":"Original clothing for submissions and choking","publisher":{"@id":"https:\/\/choketopus.com\/#organization"},"potentialAction":[{"@type":"SearchAction","target":{"@type":"EntryPoint","urlTemplate":"https:\/\/choketopus.com\/?s={search_term_string}"},"query-input":{"@type":"PropertyValueSpecification","valueRequired":true,"valueName":"search_term_string"}}],"inLanguage":"de"},{"@type":"Organization","@id":"https:\/\/choketopus.com\/#organization","name":"Rashguard.cz s.r.o.","url":"https:\/\/choketopus.com\/","logo":{"@type":"ImageObject","inLanguage":"de","@id":"https:\/\/choketopus.com\/#\/schema\/logo\/image\/","url":"","contentUrl":"","caption":"Rashguard.cz s.r.o."},"image":{"@id":"https:\/\/choketopus.com\/#\/schema\/logo\/image\/"},"sameAs":["https:\/\/www.facebook.com\/choketopus\/","https:\/\/x.com\/choketopus"]}]}},"_links":{"self":[{"href":"https:\/\/choketopus.com\/de\/wp-json\/wp\/v2\/product\/26428","targetHints":{"allow":["GET"]}}],"collection":[{"href":"https:\/\/choketopus.com\/de\/wp-json\/wp\/v2\/product"}],"about":[{"href":"https:\/\/choketopus.com\/de\/wp-json\/wp\/v2\/types\/product"}],"replies":[{"embeddable":true,"href":"https:\/\/choketopus.com\/de\/wp-json\/wp\/v2\/comments?post=26428"}],"wp:featuredmedia":[{"embeddable":true,"href":"https:\/\/choketopus.com\/de\/wp-json\/wp\/v2\/media\/24051"}],"wp:attachment":[{"href":"https:\/\/choketopus.com\/de\/wp-json\/wp\/v2\/media?parent=26428"}],"wp:term":[{"taxonomy":"product_brand","embeddable":true,"href":"https:\/\/choketopus.com\/de\/wp-json\/wp\/v2\/product_brand?post=26428"},{"taxonomy":"product_cat","embeddable":true,"href":"https:\/\/choketopus.com\/de\/wp-json\/wp\/v2\/product_cat?post=26428"},{"taxonomy":"product_tag","embeddable":true,"href":"https:\/\/choketopus.com\/de\/wp-json\/wp\/v2\/product_tag?post=26428"}],"curies":[{"name":"wp","href":"https:\/\/api.w.org\/{rel}","templated":true}]}}