{"id":26368,"date":"2020-10-07T23:17:35","date_gmt":"2020-10-07T21:17:35","guid":{"rendered":"https:\/\/choketopus.com\/produkt\/retro-mma-shorts-schwarz\/"},"modified":"2023-07-13T07:40:14","modified_gmt":"2023-07-13T05:40:14","slug":"choketopus-shorts-retro-cerne","status":"publish","type":"product","link":"https:\/\/choketopus.com\/de\/produkt\/choketopus-shorts-retro-cerne\/","title":{"rendered":"RETRO \/ MMA shorts &#8211; Schwarz"},"content":{"rendered":"<p>Zerlegen Sie Ihre Gegner, als w\u00e4ren sie Merkur. Mit unserer neuen Kollektion, die sogar die Smolik-Familie beneiden w\u00fcrde, wird das leicht fallen. Kehren Sie mit ihnen in Ihre Kindheit zur\u00fcck und seien Sie wieder cool, denn Retro ist verdammt cool!<\/p>\n<p>&nbsp;<\/p>\n<p>Wir haben f\u00fcr Sie konkurrenzlose MMA-Shorts, die bis zum letzten Stich in der Tschechischen Republik hergestellt wurden. Die Shorts bestehen aus strapazierf\u00e4higem Polyester, aber die elastische Leiste, die auf der Innenseite der Oberschenkel eingen\u00e4ht ist, erm\u00f6glicht Ihnen freie Bewegung bei akrobatischen Positionen und hohen Tritten. Ein elastischer Streifen l\u00e4uft durch die Taille, den Sie mit festen Schn\u00fcren festziehen und mit einem Trockenrei\u00dfverschluss sichern k\u00f6nnen. Die Shorts bieten Freiheit, halten aber die h\u00e4rteste Belastung aus und trocknen zudem schnell nach dem Waschen. Was k\u00f6nnen Sie sich mehr von Shorts f\u00fcr das Ringen w\u00fcnschen?<\/p>\n","protected":false},"excerpt":{"rendered":"<p>Retro ist cool. Cool wirst du in unserem Rashguard aus der RETRO Kollektion sein. Erinnere dich an die Zeit, als die Rollschuhe oder die Atari-Konsole das Licht der Welt erblickten. Der Druck ist sublimiert, so dass er problemlos weitere siebzig Jahre halten kann. Perfekt unter dem Kimono, f\u00fcr Grappling, MMA oder sogar f\u00fcrs Fitnessstudio!<\/p>\n<p>Die Gr\u00f6\u00dfe entspricht der Taillenweite (genaue Gr\u00f6\u00dfentabelle unten)<\/p>\n<p>*Die Produktion von ma\u00dfgeschneiderten Shorts dauert 3-4 Wochen.<\/p>\n","protected":false},"featured_media":23799,"comment_status":"open","ping_status":"closed","template":"","meta":[],"product_brand":[],"product_cat":[559,561],"product_tag":[585,623,636,637,622,620],"class_list":{"0":"post-26368","1":"product","2":"type-product","3":"status-publish","4":"has-post-thumbnail","6":"product_cat-herren","7":"product_cat-shorts-de","8":"product_tag-bjj-de","9":"product_tag-brazilian-jiu-jitsu-de","10":"product_tag-featured-de","11":"product_tag-get-tangled-de","12":"product_tag-krav-maga-de","13":"product_tag-mma-de","14":"description-off","16":"first","17":"instock","18":"featured","19":"taxable","20":"shipping-taxable","21":"purchasable","22":"product-type-variable","23":"has-default-attributes"},"yoast_head":"<!-- This site is optimized with the Yoast SEO plugin v27.4 - https:\/\/yoast.com\/product\/yoast-seo-wordpress\/ -->\n<title>RETRO \/ MMA shorts - Schwarz - Choketopus.com<\/title>\n<meta name=\"description\" content=\"Tolle Shorts f\u00fcr MMA und BJJ. In den Shorts werden Sie sich ohne jegliche Einschr\u00e4nkung f\u00fchlen, dank innovativem Schnitt und dem widerstandsf\u00e4higsten Material.\" \/>\n<meta name=\"robots\" content=\"index, follow, max-snippet:-1, max-image-preview:large, max-video-preview:-1\" \/>\n<link rel=\"canonical\" href=\"https:\/\/choketopus.com\/de\/produkt\/choketopus-shorts-retro-cerne\/\" \/>\n<meta property=\"og:locale\" content=\"de_DE\" \/>\n<meta property=\"og:type\" content=\"article\" \/>\n<meta property=\"og:title\" content=\"RETRO \/ MMA shorts - Schwarz - Choketopus.com\" \/>\n<meta property=\"og:description\" content=\"Tolle Shorts f\u00fcr MMA und BJJ. In den Shorts werden Sie sich ohne jegliche Einschr\u00e4nkung f\u00fchlen, dank innovativem Schnitt und dem widerstandsf\u00e4higsten Material.\" \/>\n<meta property=\"og:url\" content=\"https:\/\/choketopus.com\/de\/produkt\/choketopus-shorts-retro-cerne\/\" \/>\n<meta property=\"og:site_name\" content=\"Choketopus.com\" \/>\n<meta property=\"article:publisher\" content=\"https:\/\/www.facebook.com\/choketopus\/\" \/>\n<meta property=\"article:modified_time\" content=\"2023-07-13T05:40:14+00:00\" \/>\n<meta property=\"og:image\" content=\"https:\/\/choketopus.com\/wp-content\/uploads\/2021\/11\/MBI09147.jpg\" \/>\n\t<meta property=\"og:image:width\" content=\"459\" \/>\n\t<meta property=\"og:image:height\" content=\"600\" \/>\n\t<meta property=\"og:image:type\" content=\"image\/jpeg\" \/>\n<meta name=\"twitter:card\" content=\"summary_large_image\" \/>\n<meta name=\"twitter:site\" content=\"@choketopus\" \/>\n<meta name=\"twitter:label1\" content=\"Gesch\u00e4tzte Lesezeit\" \/>\n\t<meta name=\"twitter:data1\" content=\"1\u00a0Minute\" \/>\n<script type=\"application\/ld+json\" class=\"yoast-schema-graph\">{\"@context\":\"https:\\\/\\\/schema.org\",\"@graph\":[{\"@type\":\"WebPage\",\"@id\":\"https:\\\/\\\/choketopus.com\\\/de\\\/produkt\\\/choketopus-shorts-retro-cerne\\\/\",\"url\":\"https:\\\/\\\/choketopus.com\\\/de\\\/produkt\\\/choketopus-shorts-retro-cerne\\\/\",\"name\":\"RETRO \\\/ MMA shorts - Schwarz - Choketopus.com\",\"isPartOf\":{\"@id\":\"https:\\\/\\\/choketopus.com\\\/#website\"},\"primaryImageOfPage\":{\"@id\":\"https:\\\/\\\/choketopus.com\\\/de\\\/produkt\\\/choketopus-shorts-retro-cerne\\\/#primaryimage\"},\"image\":{\"@id\":\"https:\\\/\\\/choketopus.com\\\/de\\\/produkt\\\/choketopus-shorts-retro-cerne\\\/#primaryimage\"},\"thumbnailUrl\":\"https:\\\/\\\/choketopus.com\\\/wp-content\\\/uploads\\\/2021\\\/11\\\/MBI09147.jpg\",\"datePublished\":\"2020-10-07T21:17:35+00:00\",\"dateModified\":\"2023-07-13T05:40:14+00:00\",\"description\":\"Tolle Shorts f\u00fcr MMA und BJJ. In den Shorts werden Sie sich ohne jegliche Einschr\u00e4nkung f\u00fchlen, dank innovativem Schnitt und dem widerstandsf\u00e4higsten Material.\",\"breadcrumb\":{\"@id\":\"https:\\\/\\\/choketopus.com\\\/de\\\/produkt\\\/choketopus-shorts-retro-cerne\\\/#breadcrumb\"},\"inLanguage\":\"de\",\"potentialAction\":[{\"@type\":\"ReadAction\",\"target\":[\"https:\\\/\\\/choketopus.com\\\/de\\\/produkt\\\/choketopus-shorts-retro-cerne\\\/\"]}]},{\"@type\":\"ImageObject\",\"inLanguage\":\"de\",\"@id\":\"https:\\\/\\\/choketopus.com\\\/de\\\/produkt\\\/choketopus-shorts-retro-cerne\\\/#primaryimage\",\"url\":\"https:\\\/\\\/choketopus.com\\\/wp-content\\\/uploads\\\/2021\\\/11\\\/MBI09147.jpg\",\"contentUrl\":\"https:\\\/\\\/choketopus.com\\\/wp-content\\\/uploads\\\/2021\\\/11\\\/MBI09147.jpg\",\"width\":459,\"height\":600},{\"@type\":\"BreadcrumbList\",\"@id\":\"https:\\\/\\\/choketopus.com\\\/de\\\/produkt\\\/choketopus-shorts-retro-cerne\\\/#breadcrumb\",\"itemListElement\":[{\"@type\":\"ListItem\",\"position\":1,\"name\":\"Dom\u016f\",\"item\":\"https:\\\/\\\/choketopus.com\\\/de\\\/\"},{\"@type\":\"ListItem\",\"position\":2,\"name\":\"Obchod\",\"item\":\"https:\\\/\\\/choketopus.com\\\/de\\\/obchod\\\/\"},{\"@type\":\"ListItem\",\"position\":3,\"name\":\"RETRO \\\/ MMA shorts &#8211; Schwarz\"}]},{\"@type\":\"WebSite\",\"@id\":\"https:\\\/\\\/choketopus.com\\\/#website\",\"url\":\"https:\\\/\\\/choketopus.com\\\/\",\"name\":\"Choketopus.com\",\"description\":\"Original clothing for submissions and choking\",\"publisher\":{\"@id\":\"https:\\\/\\\/choketopus.com\\\/#organization\"},\"potentialAction\":[{\"@type\":\"SearchAction\",\"target\":{\"@type\":\"EntryPoint\",\"urlTemplate\":\"https:\\\/\\\/choketopus.com\\\/?s={search_term_string}\"},\"query-input\":{\"@type\":\"PropertyValueSpecification\",\"valueRequired\":true,\"valueName\":\"search_term_string\"}}],\"inLanguage\":\"de\"},{\"@type\":\"Organization\",\"@id\":\"https:\\\/\\\/choketopus.com\\\/#organization\",\"name\":\"Rashguard.cz s.r.o.\",\"url\":\"https:\\\/\\\/choketopus.com\\\/\",\"logo\":{\"@type\":\"ImageObject\",\"inLanguage\":\"de\",\"@id\":\"https:\\\/\\\/choketopus.com\\\/#\\\/schema\\\/logo\\\/image\\\/\",\"url\":\"\",\"contentUrl\":\"\",\"caption\":\"Rashguard.cz s.r.o.\"},\"image\":{\"@id\":\"https:\\\/\\\/choketopus.com\\\/#\\\/schema\\\/logo\\\/image\\\/\"},\"sameAs\":[\"https:\\\/\\\/www.facebook.com\\\/choketopus\\\/\",\"https:\\\/\\\/x.com\\\/choketopus\"]}]}<\/script>\n<!-- \/ Yoast SEO plugin. -->","yoast_head_json":{"title":"RETRO \/ MMA shorts - Schwarz - Choketopus.com","description":"Tolle Shorts f\u00fcr MMA und BJJ. In den Shorts werden Sie sich ohne jegliche Einschr\u00e4nkung f\u00fchlen, dank innovativem Schnitt und dem widerstandsf\u00e4higsten Material.","robots":{"index":"index","follow":"follow","max-snippet":"max-snippet:-1","max-image-preview":"max-image-preview:large","max-video-preview":"max-video-preview:-1"},"canonical":"https:\/\/choketopus.com\/de\/produkt\/choketopus-shorts-retro-cerne\/","og_locale":"de_DE","og_type":"article","og_title":"RETRO \/ MMA shorts - Schwarz - Choketopus.com","og_description":"Tolle Shorts f\u00fcr MMA und BJJ. In den Shorts werden Sie sich ohne jegliche Einschr\u00e4nkung f\u00fchlen, dank innovativem Schnitt und dem widerstandsf\u00e4higsten Material.","og_url":"https:\/\/choketopus.com\/de\/produkt\/choketopus-shorts-retro-cerne\/","og_site_name":"Choketopus.com","article_publisher":"https:\/\/www.facebook.com\/choketopus\/","article_modified_time":"2023-07-13T05:40:14+00:00","og_image":[{"width":459,"height":600,"url":"https:\/\/choketopus.com\/wp-content\/uploads\/2021\/11\/MBI09147.jpg","type":"image\/jpeg"}],"twitter_card":"summary_large_image","twitter_site":"@choketopus","twitter_misc":{"Gesch\u00e4tzte Lesezeit":"1\u00a0Minute"},"schema":{"@context":"https:\/\/schema.org","@graph":[{"@type":"WebPage","@id":"https:\/\/choketopus.com\/de\/produkt\/choketopus-shorts-retro-cerne\/","url":"https:\/\/choketopus.com\/de\/produkt\/choketopus-shorts-retro-cerne\/","name":"RETRO \/ MMA shorts - Schwarz - Choketopus.com","isPartOf":{"@id":"https:\/\/choketopus.com\/#website"},"primaryImageOfPage":{"@id":"https:\/\/choketopus.com\/de\/produkt\/choketopus-shorts-retro-cerne\/#primaryimage"},"image":{"@id":"https:\/\/choketopus.com\/de\/produkt\/choketopus-shorts-retro-cerne\/#primaryimage"},"thumbnailUrl":"https:\/\/choketopus.com\/wp-content\/uploads\/2021\/11\/MBI09147.jpg","datePublished":"2020-10-07T21:17:35+00:00","dateModified":"2023-07-13T05:40:14+00:00","description":"Tolle Shorts f\u00fcr MMA und BJJ. In den Shorts werden Sie sich ohne jegliche Einschr\u00e4nkung f\u00fchlen, dank innovativem Schnitt und dem widerstandsf\u00e4higsten Material.","breadcrumb":{"@id":"https:\/\/choketopus.com\/de\/produkt\/choketopus-shorts-retro-cerne\/#breadcrumb"},"inLanguage":"de","potentialAction":[{"@type":"ReadAction","target":["https:\/\/choketopus.com\/de\/produkt\/choketopus-shorts-retro-cerne\/"]}]},{"@type":"ImageObject","inLanguage":"de","@id":"https:\/\/choketopus.com\/de\/produkt\/choketopus-shorts-retro-cerne\/#primaryimage","url":"https:\/\/choketopus.com\/wp-content\/uploads\/2021\/11\/MBI09147.jpg","contentUrl":"https:\/\/choketopus.com\/wp-content\/uploads\/2021\/11\/MBI09147.jpg","width":459,"height":600},{"@type":"BreadcrumbList","@id":"https:\/\/choketopus.com\/de\/produkt\/choketopus-shorts-retro-cerne\/#breadcrumb","itemListElement":[{"@type":"ListItem","position":1,"name":"Dom\u016f","item":"https:\/\/choketopus.com\/de\/"},{"@type":"ListItem","position":2,"name":"Obchod","item":"https:\/\/choketopus.com\/de\/obchod\/"},{"@type":"ListItem","position":3,"name":"RETRO \/ MMA shorts &#8211; Schwarz"}]},{"@type":"WebSite","@id":"https:\/\/choketopus.com\/#website","url":"https:\/\/choketopus.com\/","name":"Choketopus.com","description":"Original clothing for submissions and choking","publisher":{"@id":"https:\/\/choketopus.com\/#organization"},"potentialAction":[{"@type":"SearchAction","target":{"@type":"EntryPoint","urlTemplate":"https:\/\/choketopus.com\/?s={search_term_string}"},"query-input":{"@type":"PropertyValueSpecification","valueRequired":true,"valueName":"search_term_string"}}],"inLanguage":"de"},{"@type":"Organization","@id":"https:\/\/choketopus.com\/#organization","name":"Rashguard.cz s.r.o.","url":"https:\/\/choketopus.com\/","logo":{"@type":"ImageObject","inLanguage":"de","@id":"https:\/\/choketopus.com\/#\/schema\/logo\/image\/","url":"","contentUrl":"","caption":"Rashguard.cz s.r.o."},"image":{"@id":"https:\/\/choketopus.com\/#\/schema\/logo\/image\/"},"sameAs":["https:\/\/www.facebook.com\/choketopus\/","https:\/\/x.com\/choketopus"]}]}},"_links":{"self":[{"href":"https:\/\/choketopus.com\/de\/wp-json\/wp\/v2\/product\/26368","targetHints":{"allow":["GET"]}}],"collection":[{"href":"https:\/\/choketopus.com\/de\/wp-json\/wp\/v2\/product"}],"about":[{"href":"https:\/\/choketopus.com\/de\/wp-json\/wp\/v2\/types\/product"}],"replies":[{"embeddable":true,"href":"https:\/\/choketopus.com\/de\/wp-json\/wp\/v2\/comments?post=26368"}],"wp:featuredmedia":[{"embeddable":true,"href":"https:\/\/choketopus.com\/de\/wp-json\/wp\/v2\/media\/23799"}],"wp:attachment":[{"href":"https:\/\/choketopus.com\/de\/wp-json\/wp\/v2\/media?parent=26368"}],"wp:term":[{"taxonomy":"product_brand","embeddable":true,"href":"https:\/\/choketopus.com\/de\/wp-json\/wp\/v2\/product_brand?post=26368"},{"taxonomy":"product_cat","embeddable":true,"href":"https:\/\/choketopus.com\/de\/wp-json\/wp\/v2\/product_cat?post=26368"},{"taxonomy":"product_tag","embeddable":true,"href":"https:\/\/choketopus.com\/de\/wp-json\/wp\/v2\/product_tag?post=26368"}],"curies":[{"name":"wp","href":"https:\/\/api.w.org\/{rel}","templated":true}]}}