{"id":26262,"date":"2020-11-20T01:14:35","date_gmt":"2020-11-20T00:14:35","guid":{"rendered":"https:\/\/choketopus.com\/produkt\/retro-damen-rashguard-mit-kurzen-aermeln-schwarz\/"},"modified":"2023-12-01T00:41:48","modified_gmt":"2023-11-30T23:41:48","slug":"retro-cerny-damsky-rashguard-s-kratkym-rukavem","status":"publish","type":"product","link":"https:\/\/choketopus.com\/de\/produkt\/retro-cerny-damsky-rashguard-s-kratkym-rukavem\/","title":{"rendered":"RETRO \/ Damen-Rashguard mit kurzen \u00c4rmeln &#8211; schwarz"},"content":{"rendered":"<p style=\"text-align: left;\">Retro ist cool. Cool wirst du in unserem Rashguard aus der RETRO Kollektion sein. Erinnere dich an die Zeit, als die Rollschuhe oder die Atari-Konsole das Licht der Welt erblickten. Der Druck ist sublimiert, so dass er problemlos weitere siebzig Jahre halten kann. Perfekt unter dem Kimono, f\u00fcr Grappling, MMA oder sogar f\u00fcrs Fitnessstudio!<\/p>\n<ul style=\"text-align: left;\">\n<li>Kompressionsunterw\u00e4sche eignet sich als unterste Schicht f\u00fcr die meisten Sportarten.<\/li>\n<li>Sie leitet Schwei\u00df ab und h\u00e4lt die Haut trocken.<\/li>\n<li>Sie hilft dem K\u00f6rper, die Temperatur zu regulieren und Muskelverletzungen vorzubeugen.<\/li>\n<li>Bei niedrigen Temperaturen dient sie als untere W\u00e4rme-Schicht.<\/li>\n<li>Sie sch\u00fctzt vor Absch\u00fcrfungen und Sonnenbrand.<\/li>\n<li>Es besteht aus angenehmem, elastischem, aber dennoch robustem Material.<\/li>\n<\/ul>\n<p style=\"text-align: left;\">Das Rashguard besteht aus hochwertigem, weichem und elastischem Material mit hoher Lebensdauer. Die F\u00e4rbung erfolgt mit dem modernsten m\u00f6glichen Verfahren durch Sublimation, bei dem die gesamte Faser eingef\u00e4rbt wird. Das Ergebnis sind satte Farben, die auch einem langanhaltenden harten Einsatz im Training standhalten und ewig halten. Der gesamte Herstellungsprozess, einschlie\u00dflich der N\u00e4harbeiten, findet in der Tschechischen Republik statt, was eine 100%ige Qualit\u00e4t in allen Produktionsphasen garantiert. Das Ergebnis ist ein Produkt, das f\u00fcr den professionellen Einsatz in jeder Sportart bereit ist. Bei diesem Rashguard wird eine Neuheit aus unserem Sortiment verwendet &#8211; am Bund ist ein spezieller Silikonstreifen gen\u00e4ht, der das Rashguard an Ort und Stelle h\u00e4lt und jegliche unerw\u00fcnschte Bewegung verhindert.<\/p>\n","protected":false},"excerpt":{"rendered":"<p>Retro ist cool. Cool wirst du in unserem Rashguard aus der RETRO Kollektion sein. Erinnere dich an die Zeit, als die Rollschuhe oder die Atari-Konsole das Licht der Welt erblickten. Der Druck ist sublimiert, so dass er problemlos weitere siebzig Jahre halten kann. Perfekt unter dem Kimono, f\u00fcr Grappling, MMA oder sogar f\u00fcrs Fitnessstudio!<\/p>\n<p>&nbsp;<\/p>\n<p><em><strong>Wenn du deinen Namen oder Spitznamen auf dem R\u00fccken haben m\u00f6chtest, f\u00fcge den Text in die Notiz ein. Achte aber auf Gro\u00df- und Kleinschreibung und Tippfehler. Wir drucken, was du schreibst \ud83d\ude42<\/strong><\/em><\/p>\n<p>*Ein individuell angefertigtes Rashguard mit Namen wird speziell f\u00fcr einen bestimmten Kunden hergestellt, daher kann es nicht zur\u00fcckgegeben\/reklamiert werden. Bei Unsicherheit \u00fcber die Gr\u00f6\u00dfe, z\u00f6gere nicht, uns per E-Mail unter info@choketopus.com zu kontaktieren.<\/p>\n","protected":false},"featured_media":23793,"comment_status":"open","ping_status":"closed","template":"","meta":[],"product_brand":[],"product_cat":[560,613,603,926,607,661,660],"product_tag":[623,621,622,620],"class_list":{"0":"post-26262","1":"product","2":"type-product","3":"status-publish","4":"has-post-thumbnail","6":"product_cat-damen","7":"product_cat-damen-rashguard","8":"product_cat-eigener-name","9":"product_cat-damen-mit-kurzem-aermel","10":"product_cat-rashguards-de","11":"product_cat-retro-damen","12":"product_cat-retro-woche","13":"product_tag-brazilian-jiu-jitsu-de","14":"product_tag-grappling-de","15":"product_tag-krav-maga-de","16":"product_tag-mma-de","17":"description-off","19":"first","20":"instock","21":"sale","22":"featured","23":"taxable","24":"shipping-taxable","25":"purchasable","26":"product-type-variable","27":"has-default-attributes"},"yoast_head":"<!-- This site is optimized with the Yoast SEO plugin v27.4 - https:\/\/yoast.com\/product\/yoast-seo-wordpress\/ -->\n<title>RETRO \/ Damen-Rashguard mit kurzen \u00c4rmeln - schwarz - Choketopus.com<\/title>\n<meta name=\"description\" content=\"Neue RETRO-Kollektion von Rashguards. Das Rashguard besteht aus dem hochwertigsten Material und h\u00e4lt Sie in jeder Situation. Dar\u00fcber hinaus werden Sie in diesem Design ziemlich cool aussehen!\" \/>\n<meta name=\"robots\" content=\"index, follow, max-snippet:-1, max-image-preview:large, max-video-preview:-1\" \/>\n<link rel=\"canonical\" href=\"https:\/\/choketopus.com\/de\/produkt\/retro-cerny-damsky-rashguard-s-kratkym-rukavem\/\" \/>\n<meta property=\"og:locale\" content=\"de_DE\" \/>\n<meta property=\"og:type\" content=\"article\" \/>\n<meta property=\"og:title\" content=\"RETRO \/ Damen-Rashguard mit kurzen \u00c4rmeln - schwarz - Choketopus.com\" \/>\n<meta property=\"og:description\" content=\"Neue RETRO-Kollektion von Rashguards. Das Rashguard besteht aus dem hochwertigsten Material und h\u00e4lt Sie in jeder Situation. Dar\u00fcber hinaus werden Sie in diesem Design ziemlich cool aussehen!\" \/>\n<meta property=\"og:url\" content=\"https:\/\/choketopus.com\/de\/produkt\/retro-cerny-damsky-rashguard-s-kratkym-rukavem\/\" \/>\n<meta property=\"og:site_name\" content=\"Choketopus.com\" \/>\n<meta property=\"article:publisher\" content=\"https:\/\/www.facebook.com\/choketopus\/\" \/>\n<meta property=\"article:modified_time\" content=\"2023-11-30T23:41:48+00:00\" \/>\n<meta property=\"og:image\" content=\"https:\/\/choketopus.com\/wp-content\/uploads\/2021\/11\/MBI09121.jpg\" \/>\n\t<meta property=\"og:image:width\" content=\"459\" \/>\n\t<meta property=\"og:image:height\" content=\"600\" \/>\n\t<meta property=\"og:image:type\" content=\"image\/jpeg\" \/>\n<meta name=\"twitter:card\" content=\"summary_large_image\" \/>\n<meta name=\"twitter:site\" content=\"@choketopus\" \/>\n<meta name=\"twitter:label1\" content=\"Gesch\u00e4tzte Lesezeit\" \/>\n\t<meta name=\"twitter:data1\" content=\"2\u00a0Minuten\" \/>\n<script type=\"application\/ld+json\" class=\"yoast-schema-graph\">{\"@context\":\"https:\\\/\\\/schema.org\",\"@graph\":[{\"@type\":\"WebPage\",\"@id\":\"https:\\\/\\\/choketopus.com\\\/de\\\/produkt\\\/retro-cerny-damsky-rashguard-s-kratkym-rukavem\\\/\",\"url\":\"https:\\\/\\\/choketopus.com\\\/de\\\/produkt\\\/retro-cerny-damsky-rashguard-s-kratkym-rukavem\\\/\",\"name\":\"RETRO \\\/ Damen-Rashguard mit kurzen \u00c4rmeln - schwarz - Choketopus.com\",\"isPartOf\":{\"@id\":\"https:\\\/\\\/choketopus.com\\\/#website\"},\"primaryImageOfPage\":{\"@id\":\"https:\\\/\\\/choketopus.com\\\/de\\\/produkt\\\/retro-cerny-damsky-rashguard-s-kratkym-rukavem\\\/#primaryimage\"},\"image\":{\"@id\":\"https:\\\/\\\/choketopus.com\\\/de\\\/produkt\\\/retro-cerny-damsky-rashguard-s-kratkym-rukavem\\\/#primaryimage\"},\"thumbnailUrl\":\"https:\\\/\\\/choketopus.com\\\/wp-content\\\/uploads\\\/2021\\\/11\\\/MBI09121.jpg\",\"datePublished\":\"2020-11-20T00:14:35+00:00\",\"dateModified\":\"2023-11-30T23:41:48+00:00\",\"description\":\"Neue RETRO-Kollektion von Rashguards. Das Rashguard besteht aus dem hochwertigsten Material und h\u00e4lt Sie in jeder Situation. Dar\u00fcber hinaus werden Sie in diesem Design ziemlich cool aussehen!\",\"breadcrumb\":{\"@id\":\"https:\\\/\\\/choketopus.com\\\/de\\\/produkt\\\/retro-cerny-damsky-rashguard-s-kratkym-rukavem\\\/#breadcrumb\"},\"inLanguage\":\"de\",\"potentialAction\":[{\"@type\":\"ReadAction\",\"target\":[\"https:\\\/\\\/choketopus.com\\\/de\\\/produkt\\\/retro-cerny-damsky-rashguard-s-kratkym-rukavem\\\/\"]}]},{\"@type\":\"ImageObject\",\"inLanguage\":\"de\",\"@id\":\"https:\\\/\\\/choketopus.com\\\/de\\\/produkt\\\/retro-cerny-damsky-rashguard-s-kratkym-rukavem\\\/#primaryimage\",\"url\":\"https:\\\/\\\/choketopus.com\\\/wp-content\\\/uploads\\\/2021\\\/11\\\/MBI09121.jpg\",\"contentUrl\":\"https:\\\/\\\/choketopus.com\\\/wp-content\\\/uploads\\\/2021\\\/11\\\/MBI09121.jpg\",\"width\":459,\"height\":600},{\"@type\":\"BreadcrumbList\",\"@id\":\"https:\\\/\\\/choketopus.com\\\/de\\\/produkt\\\/retro-cerny-damsky-rashguard-s-kratkym-rukavem\\\/#breadcrumb\",\"itemListElement\":[{\"@type\":\"ListItem\",\"position\":1,\"name\":\"Dom\u016f\",\"item\":\"https:\\\/\\\/choketopus.com\\\/de\\\/\"},{\"@type\":\"ListItem\",\"position\":2,\"name\":\"Obchod\",\"item\":\"https:\\\/\\\/choketopus.com\\\/de\\\/obchod\\\/\"},{\"@type\":\"ListItem\",\"position\":3,\"name\":\"RETRO \\\/ Damen-Rashguard mit kurzen \u00c4rmeln &#8211; schwarz\"}]},{\"@type\":\"WebSite\",\"@id\":\"https:\\\/\\\/choketopus.com\\\/#website\",\"url\":\"https:\\\/\\\/choketopus.com\\\/\",\"name\":\"Choketopus.com\",\"description\":\"Original clothing for submissions and choking\",\"publisher\":{\"@id\":\"https:\\\/\\\/choketopus.com\\\/#organization\"},\"potentialAction\":[{\"@type\":\"SearchAction\",\"target\":{\"@type\":\"EntryPoint\",\"urlTemplate\":\"https:\\\/\\\/choketopus.com\\\/?s={search_term_string}\"},\"query-input\":{\"@type\":\"PropertyValueSpecification\",\"valueRequired\":true,\"valueName\":\"search_term_string\"}}],\"inLanguage\":\"de\"},{\"@type\":\"Organization\",\"@id\":\"https:\\\/\\\/choketopus.com\\\/#organization\",\"name\":\"Rashguard.cz s.r.o.\",\"url\":\"https:\\\/\\\/choketopus.com\\\/\",\"logo\":{\"@type\":\"ImageObject\",\"inLanguage\":\"de\",\"@id\":\"https:\\\/\\\/choketopus.com\\\/#\\\/schema\\\/logo\\\/image\\\/\",\"url\":\"\",\"contentUrl\":\"\",\"caption\":\"Rashguard.cz s.r.o.\"},\"image\":{\"@id\":\"https:\\\/\\\/choketopus.com\\\/#\\\/schema\\\/logo\\\/image\\\/\"},\"sameAs\":[\"https:\\\/\\\/www.facebook.com\\\/choketopus\\\/\",\"https:\\\/\\\/x.com\\\/choketopus\"]}]}<\/script>\n<!-- \/ Yoast SEO plugin. -->","yoast_head_json":{"title":"RETRO \/ Damen-Rashguard mit kurzen \u00c4rmeln - schwarz - Choketopus.com","description":"Neue RETRO-Kollektion von Rashguards. Das Rashguard besteht aus dem hochwertigsten Material und h\u00e4lt Sie in jeder Situation. Dar\u00fcber hinaus werden Sie in diesem Design ziemlich cool aussehen!","robots":{"index":"index","follow":"follow","max-snippet":"max-snippet:-1","max-image-preview":"max-image-preview:large","max-video-preview":"max-video-preview:-1"},"canonical":"https:\/\/choketopus.com\/de\/produkt\/retro-cerny-damsky-rashguard-s-kratkym-rukavem\/","og_locale":"de_DE","og_type":"article","og_title":"RETRO \/ Damen-Rashguard mit kurzen \u00c4rmeln - schwarz - Choketopus.com","og_description":"Neue RETRO-Kollektion von Rashguards. Das Rashguard besteht aus dem hochwertigsten Material und h\u00e4lt Sie in jeder Situation. Dar\u00fcber hinaus werden Sie in diesem Design ziemlich cool aussehen!","og_url":"https:\/\/choketopus.com\/de\/produkt\/retro-cerny-damsky-rashguard-s-kratkym-rukavem\/","og_site_name":"Choketopus.com","article_publisher":"https:\/\/www.facebook.com\/choketopus\/","article_modified_time":"2023-11-30T23:41:48+00:00","og_image":[{"width":459,"height":600,"url":"https:\/\/choketopus.com\/wp-content\/uploads\/2021\/11\/MBI09121.jpg","type":"image\/jpeg"}],"twitter_card":"summary_large_image","twitter_site":"@choketopus","twitter_misc":{"Gesch\u00e4tzte Lesezeit":"2\u00a0Minuten"},"schema":{"@context":"https:\/\/schema.org","@graph":[{"@type":"WebPage","@id":"https:\/\/choketopus.com\/de\/produkt\/retro-cerny-damsky-rashguard-s-kratkym-rukavem\/","url":"https:\/\/choketopus.com\/de\/produkt\/retro-cerny-damsky-rashguard-s-kratkym-rukavem\/","name":"RETRO \/ Damen-Rashguard mit kurzen \u00c4rmeln - schwarz - Choketopus.com","isPartOf":{"@id":"https:\/\/choketopus.com\/#website"},"primaryImageOfPage":{"@id":"https:\/\/choketopus.com\/de\/produkt\/retro-cerny-damsky-rashguard-s-kratkym-rukavem\/#primaryimage"},"image":{"@id":"https:\/\/choketopus.com\/de\/produkt\/retro-cerny-damsky-rashguard-s-kratkym-rukavem\/#primaryimage"},"thumbnailUrl":"https:\/\/choketopus.com\/wp-content\/uploads\/2021\/11\/MBI09121.jpg","datePublished":"2020-11-20T00:14:35+00:00","dateModified":"2023-11-30T23:41:48+00:00","description":"Neue RETRO-Kollektion von Rashguards. Das Rashguard besteht aus dem hochwertigsten Material und h\u00e4lt Sie in jeder Situation. Dar\u00fcber hinaus werden Sie in diesem Design ziemlich cool aussehen!","breadcrumb":{"@id":"https:\/\/choketopus.com\/de\/produkt\/retro-cerny-damsky-rashguard-s-kratkym-rukavem\/#breadcrumb"},"inLanguage":"de","potentialAction":[{"@type":"ReadAction","target":["https:\/\/choketopus.com\/de\/produkt\/retro-cerny-damsky-rashguard-s-kratkym-rukavem\/"]}]},{"@type":"ImageObject","inLanguage":"de","@id":"https:\/\/choketopus.com\/de\/produkt\/retro-cerny-damsky-rashguard-s-kratkym-rukavem\/#primaryimage","url":"https:\/\/choketopus.com\/wp-content\/uploads\/2021\/11\/MBI09121.jpg","contentUrl":"https:\/\/choketopus.com\/wp-content\/uploads\/2021\/11\/MBI09121.jpg","width":459,"height":600},{"@type":"BreadcrumbList","@id":"https:\/\/choketopus.com\/de\/produkt\/retro-cerny-damsky-rashguard-s-kratkym-rukavem\/#breadcrumb","itemListElement":[{"@type":"ListItem","position":1,"name":"Dom\u016f","item":"https:\/\/choketopus.com\/de\/"},{"@type":"ListItem","position":2,"name":"Obchod","item":"https:\/\/choketopus.com\/de\/obchod\/"},{"@type":"ListItem","position":3,"name":"RETRO \/ Damen-Rashguard mit kurzen \u00c4rmeln &#8211; schwarz"}]},{"@type":"WebSite","@id":"https:\/\/choketopus.com\/#website","url":"https:\/\/choketopus.com\/","name":"Choketopus.com","description":"Original clothing for submissions and choking","publisher":{"@id":"https:\/\/choketopus.com\/#organization"},"potentialAction":[{"@type":"SearchAction","target":{"@type":"EntryPoint","urlTemplate":"https:\/\/choketopus.com\/?s={search_term_string}"},"query-input":{"@type":"PropertyValueSpecification","valueRequired":true,"valueName":"search_term_string"}}],"inLanguage":"de"},{"@type":"Organization","@id":"https:\/\/choketopus.com\/#organization","name":"Rashguard.cz s.r.o.","url":"https:\/\/choketopus.com\/","logo":{"@type":"ImageObject","inLanguage":"de","@id":"https:\/\/choketopus.com\/#\/schema\/logo\/image\/","url":"","contentUrl":"","caption":"Rashguard.cz s.r.o."},"image":{"@id":"https:\/\/choketopus.com\/#\/schema\/logo\/image\/"},"sameAs":["https:\/\/www.facebook.com\/choketopus\/","https:\/\/x.com\/choketopus"]}]}},"_links":{"self":[{"href":"https:\/\/choketopus.com\/de\/wp-json\/wp\/v2\/product\/26262","targetHints":{"allow":["GET"]}}],"collection":[{"href":"https:\/\/choketopus.com\/de\/wp-json\/wp\/v2\/product"}],"about":[{"href":"https:\/\/choketopus.com\/de\/wp-json\/wp\/v2\/types\/product"}],"replies":[{"embeddable":true,"href":"https:\/\/choketopus.com\/de\/wp-json\/wp\/v2\/comments?post=26262"}],"wp:featuredmedia":[{"embeddable":true,"href":"https:\/\/choketopus.com\/de\/wp-json\/wp\/v2\/media\/23793"}],"wp:attachment":[{"href":"https:\/\/choketopus.com\/de\/wp-json\/wp\/v2\/media?parent=26262"}],"wp:term":[{"taxonomy":"product_brand","embeddable":true,"href":"https:\/\/choketopus.com\/de\/wp-json\/wp\/v2\/product_brand?post=26262"},{"taxonomy":"product_cat","embeddable":true,"href":"https:\/\/choketopus.com\/de\/wp-json\/wp\/v2\/product_cat?post=26262"},{"taxonomy":"product_tag","embeddable":true,"href":"https:\/\/choketopus.com\/de\/wp-json\/wp\/v2\/product_tag?post=26262"}],"curies":[{"name":"wp","href":"https:\/\/api.w.org\/{rel}","templated":true}]}}