{"id":26201,"date":"2021-02-17T12:49:22","date_gmt":"2021-02-17T11:49:22","guid":{"rendered":"https:\/\/choketopus.com\/produkt\/retro-damen-rashguard-mit-langen-aermeln-weiss\/"},"modified":"2023-07-12T17:35:25","modified_gmt":"2023-07-12T15:35:25","slug":"retro-bily-damsky-rashguard-s-dlouhym-rukavem","status":"publish","type":"product","link":"https:\/\/choketopus.com\/de\/produkt\/retro-bily-damsky-rashguard-s-dlouhym-rukavem\/","title":{"rendered":"RETRO \/ Damen Rashguard mit langen \u00c4rmeln &#8211; Wei\u00df"},"content":{"rendered":"<p>Das Rashguard besteht aus hochwertigem, weichem und elastischem Material mit hoher Lebensdauer. Die F\u00e4rbung erfolgt mit dem modernsten m\u00f6glichen Verfahren durch Sublimation, bei dem die gesamte Faser eingef\u00e4rbt wird. Das Ergebnis sind <strong>satte Farben<\/strong>, die auch einem langanhaltenden harten Einsatz im Training standhalten und ewig halten.<\/p>\n<p>Der <strong>gesamte Herstellungsprozess<\/strong>, einschlie\u00dflich der N\u00e4harbeiten, findet <strong>in<\/strong> <strong>der Tschechischen Republik<\/strong> statt, was eine <strong>100%ige Qualit\u00e4t<\/strong> in allen Produktionsphasen garantiert. Das Ergebnis ist ein Produkt, das f\u00fcr den professionellen Einsatz in jeder Sportart bereit ist.<\/p>\n<p>Bei diesem Rashguard wird eine Neuheit aus unserem Sortiment verwendet &#8211; am Bund ist ein <strong>spezieller Silikonstreifen gen\u00e4ht<\/strong>, der das Rashguard an Ort und Stelle h\u00e4lt und jegliche unerw\u00fcnschte Bewegung verhindert.<\/p>\n<p>&nbsp;<\/p>\n<ul>\n<li>Kompressionsunterw\u00e4sche eignet sich als unterste Schicht f\u00fcr die meisten Sportarten.<\/li>\n<li>Sie leitet Schwei\u00df ab und h\u00e4lt die Haut trocken.<\/li>\n<li>Sie hilft dem K\u00f6rper, die Temperatur zu regulieren und Muskelverletzungen vorzubeugen.<\/li>\n<li>Bei niedrigen Temperaturen dient sie als untere W\u00e4rme-Schicht.<\/li>\n<li>Sie sch\u00fctzt vor Absch\u00fcrfungen und Sonnenbrand.<\/li>\n<li>Es besteht aus angenehmem, elastischem, aber dennoch robustem Material.<\/li>\n<\/ul>\n<p>&nbsp;<\/p>\n","protected":false},"excerpt":{"rendered":"<p><strong>Retro rashguard<\/strong><\/p>\n<p><strong>Retro ist cool.<\/strong> Cool wirst du in unserem Rashguard aus der <strong>RETRO<\/strong> Kollektion sein. Erinnere dich an die Zeit, als die Rollschuhe oder die Atari-Konsole das Licht der Welt erblickten. Der Druck ist sublimiert, so dass er problemlos weitere siebzig Jahre halten kann. Perfekt unter dem Kimono, f\u00fcr Grappling, MMA oder sogar f\u00fcrs Fitnessstudio!<\/p>\n","protected":false},"featured_media":23780,"comment_status":"open","ping_status":"closed","template":"","meta":[],"product_brand":[],"product_cat":[564,560,649,661,660],"product_tag":[623,621,622,620],"class_list":{"0":"post-26201","1":"product","2":"type-product","3":"status-publish","4":"has-post-thumbnail","6":"product_cat-ausverkauf","7":"product_cat-damen","8":"product_cat-damen-ausverkauf","9":"product_cat-retro-damen","10":"product_cat-retro-woche","11":"product_tag-brazilian-jiu-jitsu-de","12":"product_tag-grappling-de","13":"product_tag-krav-maga-de","14":"product_tag-mma-de","15":"description-off","17":"first","18":"instock","19":"sale","20":"featured","21":"taxable","22":"shipping-taxable","23":"purchasable","24":"product-type-variable","25":"has-default-attributes"},"yoast_head":"<!-- This site is optimized with the Yoast SEO plugin v27.4 - https:\/\/yoast.com\/product\/yoast-seo-wordpress\/ -->\n<title>RETRO \/ Damen Rashguard mit langen \u00c4rmeln - Wei\u00df - Choketopus.com<\/title>\n<meta name=\"description\" content=\"Neue RETRO Rashguard Kollektion. Das Rashguard besteht aus dem hochwertigsten Material und h\u00e4lt Sie in jeder Situation. Dar\u00fcber hinaus werden Sie in diesem Design ziemlich cool aussehen!\" \/>\n<meta name=\"robots\" content=\"index, follow, max-snippet:-1, max-image-preview:large, max-video-preview:-1\" \/>\n<link rel=\"canonical\" href=\"https:\/\/choketopus.com\/de\/produkt\/retro-bily-damsky-rashguard-s-dlouhym-rukavem\/\" \/>\n<meta property=\"og:locale\" content=\"de_DE\" \/>\n<meta property=\"og:type\" content=\"article\" \/>\n<meta property=\"og:title\" content=\"RETRO \/ Damen Rashguard mit langen \u00c4rmeln - Wei\u00df - Choketopus.com\" \/>\n<meta property=\"og:description\" content=\"Neue RETRO Rashguard Kollektion. Das Rashguard besteht aus dem hochwertigsten Material und h\u00e4lt Sie in jeder Situation. Dar\u00fcber hinaus werden Sie in diesem Design ziemlich cool aussehen!\" \/>\n<meta property=\"og:url\" content=\"https:\/\/choketopus.com\/de\/produkt\/retro-bily-damsky-rashguard-s-dlouhym-rukavem\/\" \/>\n<meta property=\"og:site_name\" content=\"Choketopus.com\" \/>\n<meta property=\"article:publisher\" content=\"https:\/\/www.facebook.com\/choketopus\/\" \/>\n<meta property=\"article:modified_time\" content=\"2023-07-12T15:35:25+00:00\" \/>\n<meta property=\"og:image\" content=\"https:\/\/choketopus.com\/wp-content\/uploads\/2021\/11\/MBI09085.jpg\" \/>\n\t<meta property=\"og:image:width\" content=\"459\" \/>\n\t<meta property=\"og:image:height\" content=\"600\" \/>\n\t<meta property=\"og:image:type\" content=\"image\/jpeg\" \/>\n<meta name=\"twitter:card\" content=\"summary_large_image\" \/>\n<meta name=\"twitter:site\" content=\"@choketopus\" \/>\n<meta name=\"twitter:label1\" content=\"Gesch\u00e4tzte Lesezeit\" \/>\n\t<meta name=\"twitter:data1\" content=\"1\u00a0Minute\" \/>\n<script type=\"application\/ld+json\" class=\"yoast-schema-graph\">{\"@context\":\"https:\\\/\\\/schema.org\",\"@graph\":[{\"@type\":\"WebPage\",\"@id\":\"https:\\\/\\\/choketopus.com\\\/de\\\/produkt\\\/retro-bily-damsky-rashguard-s-dlouhym-rukavem\\\/\",\"url\":\"https:\\\/\\\/choketopus.com\\\/de\\\/produkt\\\/retro-bily-damsky-rashguard-s-dlouhym-rukavem\\\/\",\"name\":\"RETRO \\\/ Damen Rashguard mit langen \u00c4rmeln - Wei\u00df - Choketopus.com\",\"isPartOf\":{\"@id\":\"https:\\\/\\\/choketopus.com\\\/#website\"},\"primaryImageOfPage\":{\"@id\":\"https:\\\/\\\/choketopus.com\\\/de\\\/produkt\\\/retro-bily-damsky-rashguard-s-dlouhym-rukavem\\\/#primaryimage\"},\"image\":{\"@id\":\"https:\\\/\\\/choketopus.com\\\/de\\\/produkt\\\/retro-bily-damsky-rashguard-s-dlouhym-rukavem\\\/#primaryimage\"},\"thumbnailUrl\":\"https:\\\/\\\/choketopus.com\\\/wp-content\\\/uploads\\\/2021\\\/11\\\/MBI09085.jpg\",\"datePublished\":\"2021-02-17T11:49:22+00:00\",\"dateModified\":\"2023-07-12T15:35:25+00:00\",\"description\":\"Neue RETRO Rashguard Kollektion. Das Rashguard besteht aus dem hochwertigsten Material und h\u00e4lt Sie in jeder Situation. Dar\u00fcber hinaus werden Sie in diesem Design ziemlich cool aussehen!\",\"breadcrumb\":{\"@id\":\"https:\\\/\\\/choketopus.com\\\/de\\\/produkt\\\/retro-bily-damsky-rashguard-s-dlouhym-rukavem\\\/#breadcrumb\"},\"inLanguage\":\"de\",\"potentialAction\":[{\"@type\":\"ReadAction\",\"target\":[\"https:\\\/\\\/choketopus.com\\\/de\\\/produkt\\\/retro-bily-damsky-rashguard-s-dlouhym-rukavem\\\/\"]}]},{\"@type\":\"ImageObject\",\"inLanguage\":\"de\",\"@id\":\"https:\\\/\\\/choketopus.com\\\/de\\\/produkt\\\/retro-bily-damsky-rashguard-s-dlouhym-rukavem\\\/#primaryimage\",\"url\":\"https:\\\/\\\/choketopus.com\\\/wp-content\\\/uploads\\\/2021\\\/11\\\/MBI09085.jpg\",\"contentUrl\":\"https:\\\/\\\/choketopus.com\\\/wp-content\\\/uploads\\\/2021\\\/11\\\/MBI09085.jpg\",\"width\":459,\"height\":600},{\"@type\":\"BreadcrumbList\",\"@id\":\"https:\\\/\\\/choketopus.com\\\/de\\\/produkt\\\/retro-bily-damsky-rashguard-s-dlouhym-rukavem\\\/#breadcrumb\",\"itemListElement\":[{\"@type\":\"ListItem\",\"position\":1,\"name\":\"Dom\u016f\",\"item\":\"https:\\\/\\\/choketopus.com\\\/de\\\/\"},{\"@type\":\"ListItem\",\"position\":2,\"name\":\"Obchod\",\"item\":\"https:\\\/\\\/choketopus.com\\\/de\\\/obchod\\\/\"},{\"@type\":\"ListItem\",\"position\":3,\"name\":\"RETRO \\\/ Damen Rashguard mit langen \u00c4rmeln &#8211; Wei\u00df\"}]},{\"@type\":\"WebSite\",\"@id\":\"https:\\\/\\\/choketopus.com\\\/#website\",\"url\":\"https:\\\/\\\/choketopus.com\\\/\",\"name\":\"Choketopus.com\",\"description\":\"Original clothing for submissions and choking\",\"publisher\":{\"@id\":\"https:\\\/\\\/choketopus.com\\\/#organization\"},\"potentialAction\":[{\"@type\":\"SearchAction\",\"target\":{\"@type\":\"EntryPoint\",\"urlTemplate\":\"https:\\\/\\\/choketopus.com\\\/?s={search_term_string}\"},\"query-input\":{\"@type\":\"PropertyValueSpecification\",\"valueRequired\":true,\"valueName\":\"search_term_string\"}}],\"inLanguage\":\"de\"},{\"@type\":\"Organization\",\"@id\":\"https:\\\/\\\/choketopus.com\\\/#organization\",\"name\":\"Rashguard.cz s.r.o.\",\"url\":\"https:\\\/\\\/choketopus.com\\\/\",\"logo\":{\"@type\":\"ImageObject\",\"inLanguage\":\"de\",\"@id\":\"https:\\\/\\\/choketopus.com\\\/#\\\/schema\\\/logo\\\/image\\\/\",\"url\":\"\",\"contentUrl\":\"\",\"caption\":\"Rashguard.cz s.r.o.\"},\"image\":{\"@id\":\"https:\\\/\\\/choketopus.com\\\/#\\\/schema\\\/logo\\\/image\\\/\"},\"sameAs\":[\"https:\\\/\\\/www.facebook.com\\\/choketopus\\\/\",\"https:\\\/\\\/x.com\\\/choketopus\"]}]}<\/script>\n<!-- \/ Yoast SEO plugin. -->","yoast_head_json":{"title":"RETRO \/ Damen Rashguard mit langen \u00c4rmeln - Wei\u00df - Choketopus.com","description":"Neue RETRO Rashguard Kollektion. Das Rashguard besteht aus dem hochwertigsten Material und h\u00e4lt Sie in jeder Situation. Dar\u00fcber hinaus werden Sie in diesem Design ziemlich cool aussehen!","robots":{"index":"index","follow":"follow","max-snippet":"max-snippet:-1","max-image-preview":"max-image-preview:large","max-video-preview":"max-video-preview:-1"},"canonical":"https:\/\/choketopus.com\/de\/produkt\/retro-bily-damsky-rashguard-s-dlouhym-rukavem\/","og_locale":"de_DE","og_type":"article","og_title":"RETRO \/ Damen Rashguard mit langen \u00c4rmeln - Wei\u00df - Choketopus.com","og_description":"Neue RETRO Rashguard Kollektion. Das Rashguard besteht aus dem hochwertigsten Material und h\u00e4lt Sie in jeder Situation. Dar\u00fcber hinaus werden Sie in diesem Design ziemlich cool aussehen!","og_url":"https:\/\/choketopus.com\/de\/produkt\/retro-bily-damsky-rashguard-s-dlouhym-rukavem\/","og_site_name":"Choketopus.com","article_publisher":"https:\/\/www.facebook.com\/choketopus\/","article_modified_time":"2023-07-12T15:35:25+00:00","og_image":[{"width":459,"height":600,"url":"https:\/\/choketopus.com\/wp-content\/uploads\/2021\/11\/MBI09085.jpg","type":"image\/jpeg"}],"twitter_card":"summary_large_image","twitter_site":"@choketopus","twitter_misc":{"Gesch\u00e4tzte Lesezeit":"1\u00a0Minute"},"schema":{"@context":"https:\/\/schema.org","@graph":[{"@type":"WebPage","@id":"https:\/\/choketopus.com\/de\/produkt\/retro-bily-damsky-rashguard-s-dlouhym-rukavem\/","url":"https:\/\/choketopus.com\/de\/produkt\/retro-bily-damsky-rashguard-s-dlouhym-rukavem\/","name":"RETRO \/ Damen Rashguard mit langen \u00c4rmeln - Wei\u00df - Choketopus.com","isPartOf":{"@id":"https:\/\/choketopus.com\/#website"},"primaryImageOfPage":{"@id":"https:\/\/choketopus.com\/de\/produkt\/retro-bily-damsky-rashguard-s-dlouhym-rukavem\/#primaryimage"},"image":{"@id":"https:\/\/choketopus.com\/de\/produkt\/retro-bily-damsky-rashguard-s-dlouhym-rukavem\/#primaryimage"},"thumbnailUrl":"https:\/\/choketopus.com\/wp-content\/uploads\/2021\/11\/MBI09085.jpg","datePublished":"2021-02-17T11:49:22+00:00","dateModified":"2023-07-12T15:35:25+00:00","description":"Neue RETRO Rashguard Kollektion. Das Rashguard besteht aus dem hochwertigsten Material und h\u00e4lt Sie in jeder Situation. Dar\u00fcber hinaus werden Sie in diesem Design ziemlich cool aussehen!","breadcrumb":{"@id":"https:\/\/choketopus.com\/de\/produkt\/retro-bily-damsky-rashguard-s-dlouhym-rukavem\/#breadcrumb"},"inLanguage":"de","potentialAction":[{"@type":"ReadAction","target":["https:\/\/choketopus.com\/de\/produkt\/retro-bily-damsky-rashguard-s-dlouhym-rukavem\/"]}]},{"@type":"ImageObject","inLanguage":"de","@id":"https:\/\/choketopus.com\/de\/produkt\/retro-bily-damsky-rashguard-s-dlouhym-rukavem\/#primaryimage","url":"https:\/\/choketopus.com\/wp-content\/uploads\/2021\/11\/MBI09085.jpg","contentUrl":"https:\/\/choketopus.com\/wp-content\/uploads\/2021\/11\/MBI09085.jpg","width":459,"height":600},{"@type":"BreadcrumbList","@id":"https:\/\/choketopus.com\/de\/produkt\/retro-bily-damsky-rashguard-s-dlouhym-rukavem\/#breadcrumb","itemListElement":[{"@type":"ListItem","position":1,"name":"Dom\u016f","item":"https:\/\/choketopus.com\/de\/"},{"@type":"ListItem","position":2,"name":"Obchod","item":"https:\/\/choketopus.com\/de\/obchod\/"},{"@type":"ListItem","position":3,"name":"RETRO \/ Damen Rashguard mit langen \u00c4rmeln &#8211; Wei\u00df"}]},{"@type":"WebSite","@id":"https:\/\/choketopus.com\/#website","url":"https:\/\/choketopus.com\/","name":"Choketopus.com","description":"Original clothing for submissions and choking","publisher":{"@id":"https:\/\/choketopus.com\/#organization"},"potentialAction":[{"@type":"SearchAction","target":{"@type":"EntryPoint","urlTemplate":"https:\/\/choketopus.com\/?s={search_term_string}"},"query-input":{"@type":"PropertyValueSpecification","valueRequired":true,"valueName":"search_term_string"}}],"inLanguage":"de"},{"@type":"Organization","@id":"https:\/\/choketopus.com\/#organization","name":"Rashguard.cz s.r.o.","url":"https:\/\/choketopus.com\/","logo":{"@type":"ImageObject","inLanguage":"de","@id":"https:\/\/choketopus.com\/#\/schema\/logo\/image\/","url":"","contentUrl":"","caption":"Rashguard.cz s.r.o."},"image":{"@id":"https:\/\/choketopus.com\/#\/schema\/logo\/image\/"},"sameAs":["https:\/\/www.facebook.com\/choketopus\/","https:\/\/x.com\/choketopus"]}]}},"_links":{"self":[{"href":"https:\/\/choketopus.com\/de\/wp-json\/wp\/v2\/product\/26201","targetHints":{"allow":["GET"]}}],"collection":[{"href":"https:\/\/choketopus.com\/de\/wp-json\/wp\/v2\/product"}],"about":[{"href":"https:\/\/choketopus.com\/de\/wp-json\/wp\/v2\/types\/product"}],"replies":[{"embeddable":true,"href":"https:\/\/choketopus.com\/de\/wp-json\/wp\/v2\/comments?post=26201"}],"wp:featuredmedia":[{"embeddable":true,"href":"https:\/\/choketopus.com\/de\/wp-json\/wp\/v2\/media\/23780"}],"wp:attachment":[{"href":"https:\/\/choketopus.com\/de\/wp-json\/wp\/v2\/media?parent=26201"}],"wp:term":[{"taxonomy":"product_brand","embeddable":true,"href":"https:\/\/choketopus.com\/de\/wp-json\/wp\/v2\/product_brand?post=26201"},{"taxonomy":"product_cat","embeddable":true,"href":"https:\/\/choketopus.com\/de\/wp-json\/wp\/v2\/product_cat?post=26201"},{"taxonomy":"product_tag","embeddable":true,"href":"https:\/\/choketopus.com\/de\/wp-json\/wp\/v2\/product_tag?post=26201"}],"curies":[{"name":"wp","href":"https:\/\/api.w.org\/{rel}","templated":true}]}}