{"id":26171,"date":"2021-02-18T13:51:27","date_gmt":"2021-02-18T12:51:27","guid":{"rendered":"https:\/\/choketopus.com\/produkt\/artichoke-damen-ultraleicht-t-shirt-weiss\/"},"modified":"2023-07-12T17:23:50","modified_gmt":"2023-07-12T15:23:50","slug":"artichoke-ultralight-triko-bile-damske","status":"publish","type":"product","link":"https:\/\/choketopus.com\/de\/produkt\/artichoke-ultralight-triko-bile-damske\/","title":{"rendered":"ARTICHOKE \/ Damen Ultraleicht-T-Shirt &#8211; Wei\u00df"},"content":{"rendered":"<p style=\"text-align: left;\">Luxuri\u00f6ses T-Shirt mit riesigem Druck aus der BJJ-T-Shirt-Serie f\u00fcr Feinschmecker mit Design von <strong>Adam Le\u0161ikar<\/strong> alias <a href=\"https:\/\/www.facebook.com\/skotacivy.humr\">Skota\u010div\u00fd humr.<\/a><\/p>\n<p>Der gesamte <strong>Produktionsprozess<\/strong> findet <strong>in<\/strong> <strong>der Tschechischen Republik<\/strong> statt, was eine <strong>100% Qualit\u00e4t<\/strong> in allen Produktionsphasen garantiert. Das Ergebnis ist ein Produkt, das f\u00fcr den professionellen Einsatz in jeder Sportart bereit ist.<\/p>\n<p>&nbsp;<\/p>\n<ul>\n<li>BJJ Lifestyle T-Shirt.<\/li>\n<li style=\"text-align: left;\">Der Druck ist sublimiert, so dass er das T-Shirt selbst \u00fcberleben wird.<\/li>\n<li style=\"text-align: left;\">Das T-Shirt besteht aus 65 % Polyester und 35 % Baumwolle mit einem Gewicht von 160 g\/m2.<\/li>\n<li>Geeignet f\u00fcr den t\u00e4glichen Gebrauch und f\u00fcr das Fitnessstudio.<\/li>\n<\/ul>\n","protected":false},"excerpt":{"rendered":"<p><strong>Artischocken-T-Shirt<\/strong><\/p>\n<p>Hast du genug von langweiligen gew\u00f6hnlichen T-Shirts und suchst du etwas Witziges mit BJJ-Thematik? Dann ist das <strong>Artischocken<\/strong>-T-Shirt die ideale Wahl f\u00fcr dich!<\/p>\n<p>T-Shirt f\u00fcr alle Entspannten mit einer Vorliebe f\u00fcr m\u00f6rderisches Gem\u00fcse aus der Werkstatt von <strong>Choketopus.<\/strong><\/p>\n","protected":false},"featured_media":23691,"comment_status":"open","ping_status":"closed","template":"","meta":[],"product_brand":[],"product_cat":[560,696,694],"product_tag":[585,623,728,727,622,674],"class_list":{"0":"post-26171","1":"product","2":"type-product","3":"status-publish","4":"has-post-thumbnail","6":"product_cat-damen","7":"product_cat-damen-t-shirts","8":"product_cat-t-shirts-de","9":"product_tag-bjj-de","10":"product_tag-brazilian-jiu-jitsu-de","11":"product_tag-choketopus-gym-de","12":"product_tag-fightee-de","13":"product_tag-krav-maga-de","14":"product_tag-lifestyle-de","15":"description-off","17":"first","18":"onbackorder","19":"featured","20":"taxable","21":"shipping-taxable","22":"purchasable","23":"product-type-variable","24":"has-default-attributes"},"yoast_head":"<!-- This site is optimized with the Yoast SEO plugin v27.5 - https:\/\/yoast.com\/product\/yoast-seo-wordpress\/ -->\n<title>ARTICHOKE \/ Damen Ultraleicht-T-Shirt - Wei\u00df - Choketopus.com<\/title>\n<meta name=\"description\" content=\"T-Shirt mit originalem Design. T-Shirt f\u00fcr alle Liebhaber von BJJ und m\u00f6rderischem Gem\u00fcse. Komfortabel mit kompromissloser Qualit\u00e4t und in der Tschechischen Republik hergestellt.\" \/>\n<meta name=\"robots\" content=\"index, follow, max-snippet:-1, max-image-preview:large, max-video-preview:-1\" \/>\n<link rel=\"canonical\" href=\"https:\/\/choketopus.com\/de\/produkt\/artichoke-ultralight-triko-bile-damske\/\" \/>\n<meta property=\"og:locale\" content=\"de_DE\" \/>\n<meta property=\"og:type\" content=\"article\" \/>\n<meta property=\"og:title\" content=\"ARTICHOKE \/ Damen Ultraleicht-T-Shirt - Wei\u00df - Choketopus.com\" \/>\n<meta property=\"og:description\" content=\"T-Shirt mit originalem Design. T-Shirt f\u00fcr alle Liebhaber von BJJ und m\u00f6rderischem Gem\u00fcse. Komfortabel mit kompromissloser Qualit\u00e4t und in der Tschechischen Republik hergestellt.\" \/>\n<meta property=\"og:url\" content=\"https:\/\/choketopus.com\/de\/produkt\/artichoke-ultralight-triko-bile-damske\/\" \/>\n<meta property=\"og:site_name\" content=\"Choketopus.com\" \/>\n<meta property=\"article:publisher\" content=\"https:\/\/www.facebook.com\/choketopus\/\" \/>\n<meta property=\"article:modified_time\" content=\"2023-07-12T15:23:50+00:00\" \/>\n<meta property=\"og:image\" content=\"https:\/\/choketopus.com\/wp-content\/uploads\/2021\/11\/MBI08750.jpg\" \/>\n\t<meta property=\"og:image:width\" content=\"459\" \/>\n\t<meta property=\"og:image:height\" content=\"600\" \/>\n\t<meta property=\"og:image:type\" content=\"image\/jpeg\" \/>\n<meta name=\"twitter:card\" content=\"summary_large_image\" \/>\n<meta name=\"twitter:site\" content=\"@choketopus\" \/>\n<script type=\"application\/ld+json\" class=\"yoast-schema-graph\">{\"@context\":\"https:\\\/\\\/schema.org\",\"@graph\":[{\"@type\":\"WebPage\",\"@id\":\"https:\\\/\\\/choketopus.com\\\/de\\\/produkt\\\/artichoke-ultralight-triko-bile-damske\\\/\",\"url\":\"https:\\\/\\\/choketopus.com\\\/de\\\/produkt\\\/artichoke-ultralight-triko-bile-damske\\\/\",\"name\":\"ARTICHOKE \\\/ Damen Ultraleicht-T-Shirt - Wei\u00df - Choketopus.com\",\"isPartOf\":{\"@id\":\"https:\\\/\\\/choketopus.com\\\/#website\"},\"primaryImageOfPage\":{\"@id\":\"https:\\\/\\\/choketopus.com\\\/de\\\/produkt\\\/artichoke-ultralight-triko-bile-damske\\\/#primaryimage\"},\"image\":{\"@id\":\"https:\\\/\\\/choketopus.com\\\/de\\\/produkt\\\/artichoke-ultralight-triko-bile-damske\\\/#primaryimage\"},\"thumbnailUrl\":\"https:\\\/\\\/choketopus.com\\\/wp-content\\\/uploads\\\/2021\\\/11\\\/MBI08750.jpg\",\"datePublished\":\"2021-02-18T12:51:27+00:00\",\"dateModified\":\"2023-07-12T15:23:50+00:00\",\"description\":\"T-Shirt mit originalem Design. T-Shirt f\u00fcr alle Liebhaber von BJJ und m\u00f6rderischem Gem\u00fcse. Komfortabel mit kompromissloser Qualit\u00e4t und in der Tschechischen Republik hergestellt.\",\"breadcrumb\":{\"@id\":\"https:\\\/\\\/choketopus.com\\\/de\\\/produkt\\\/artichoke-ultralight-triko-bile-damske\\\/#breadcrumb\"},\"inLanguage\":\"de\",\"potentialAction\":[{\"@type\":\"ReadAction\",\"target\":[\"https:\\\/\\\/choketopus.com\\\/de\\\/produkt\\\/artichoke-ultralight-triko-bile-damske\\\/\"]}]},{\"@type\":\"ImageObject\",\"inLanguage\":\"de\",\"@id\":\"https:\\\/\\\/choketopus.com\\\/de\\\/produkt\\\/artichoke-ultralight-triko-bile-damske\\\/#primaryimage\",\"url\":\"https:\\\/\\\/choketopus.com\\\/wp-content\\\/uploads\\\/2021\\\/11\\\/MBI08750.jpg\",\"contentUrl\":\"https:\\\/\\\/choketopus.com\\\/wp-content\\\/uploads\\\/2021\\\/11\\\/MBI08750.jpg\",\"width\":459,\"height\":600},{\"@type\":\"BreadcrumbList\",\"@id\":\"https:\\\/\\\/choketopus.com\\\/de\\\/produkt\\\/artichoke-ultralight-triko-bile-damske\\\/#breadcrumb\",\"itemListElement\":[{\"@type\":\"ListItem\",\"position\":1,\"name\":\"Dom\u016f\",\"item\":\"https:\\\/\\\/choketopus.com\\\/de\\\/\"},{\"@type\":\"ListItem\",\"position\":2,\"name\":\"Obchod\",\"item\":\"https:\\\/\\\/choketopus.com\\\/de\\\/obchod\\\/\"},{\"@type\":\"ListItem\",\"position\":3,\"name\":\"ARTICHOKE \\\/ Damen Ultraleicht-T-Shirt &#8211; Wei\u00df\"}]},{\"@type\":\"WebSite\",\"@id\":\"https:\\\/\\\/choketopus.com\\\/#website\",\"url\":\"https:\\\/\\\/choketopus.com\\\/\",\"name\":\"Choketopus.com\",\"description\":\"Original clothing for submissions and choking\",\"publisher\":{\"@id\":\"https:\\\/\\\/choketopus.com\\\/#organization\"},\"potentialAction\":[{\"@type\":\"SearchAction\",\"target\":{\"@type\":\"EntryPoint\",\"urlTemplate\":\"https:\\\/\\\/choketopus.com\\\/?s={search_term_string}\"},\"query-input\":{\"@type\":\"PropertyValueSpecification\",\"valueRequired\":true,\"valueName\":\"search_term_string\"}}],\"inLanguage\":\"de\"},{\"@type\":\"Organization\",\"@id\":\"https:\\\/\\\/choketopus.com\\\/#organization\",\"name\":\"Rashguard.cz s.r.o.\",\"url\":\"https:\\\/\\\/choketopus.com\\\/\",\"logo\":{\"@type\":\"ImageObject\",\"inLanguage\":\"de\",\"@id\":\"https:\\\/\\\/choketopus.com\\\/#\\\/schema\\\/logo\\\/image\\\/\",\"url\":\"\",\"contentUrl\":\"\",\"caption\":\"Rashguard.cz s.r.o.\"},\"image\":{\"@id\":\"https:\\\/\\\/choketopus.com\\\/#\\\/schema\\\/logo\\\/image\\\/\"},\"sameAs\":[\"https:\\\/\\\/www.facebook.com\\\/choketopus\\\/\",\"https:\\\/\\\/x.com\\\/choketopus\"]}]}<\/script>\n<!-- \/ Yoast SEO plugin. -->","yoast_head_json":{"title":"ARTICHOKE \/ Damen Ultraleicht-T-Shirt - Wei\u00df - Choketopus.com","description":"T-Shirt mit originalem Design. T-Shirt f\u00fcr alle Liebhaber von BJJ und m\u00f6rderischem Gem\u00fcse. Komfortabel mit kompromissloser Qualit\u00e4t und in der Tschechischen Republik hergestellt.","robots":{"index":"index","follow":"follow","max-snippet":"max-snippet:-1","max-image-preview":"max-image-preview:large","max-video-preview":"max-video-preview:-1"},"canonical":"https:\/\/choketopus.com\/de\/produkt\/artichoke-ultralight-triko-bile-damske\/","og_locale":"de_DE","og_type":"article","og_title":"ARTICHOKE \/ Damen Ultraleicht-T-Shirt - Wei\u00df - Choketopus.com","og_description":"T-Shirt mit originalem Design. T-Shirt f\u00fcr alle Liebhaber von BJJ und m\u00f6rderischem Gem\u00fcse. Komfortabel mit kompromissloser Qualit\u00e4t und in der Tschechischen Republik hergestellt.","og_url":"https:\/\/choketopus.com\/de\/produkt\/artichoke-ultralight-triko-bile-damske\/","og_site_name":"Choketopus.com","article_publisher":"https:\/\/www.facebook.com\/choketopus\/","article_modified_time":"2023-07-12T15:23:50+00:00","og_image":[{"width":459,"height":600,"url":"https:\/\/choketopus.com\/wp-content\/uploads\/2021\/11\/MBI08750.jpg","type":"image\/jpeg"}],"twitter_card":"summary_large_image","twitter_site":"@choketopus","schema":{"@context":"https:\/\/schema.org","@graph":[{"@type":"WebPage","@id":"https:\/\/choketopus.com\/de\/produkt\/artichoke-ultralight-triko-bile-damske\/","url":"https:\/\/choketopus.com\/de\/produkt\/artichoke-ultralight-triko-bile-damske\/","name":"ARTICHOKE \/ Damen Ultraleicht-T-Shirt - Wei\u00df - Choketopus.com","isPartOf":{"@id":"https:\/\/choketopus.com\/#website"},"primaryImageOfPage":{"@id":"https:\/\/choketopus.com\/de\/produkt\/artichoke-ultralight-triko-bile-damske\/#primaryimage"},"image":{"@id":"https:\/\/choketopus.com\/de\/produkt\/artichoke-ultralight-triko-bile-damske\/#primaryimage"},"thumbnailUrl":"https:\/\/choketopus.com\/wp-content\/uploads\/2021\/11\/MBI08750.jpg","datePublished":"2021-02-18T12:51:27+00:00","dateModified":"2023-07-12T15:23:50+00:00","description":"T-Shirt mit originalem Design. T-Shirt f\u00fcr alle Liebhaber von BJJ und m\u00f6rderischem Gem\u00fcse. Komfortabel mit kompromissloser Qualit\u00e4t und in der Tschechischen Republik hergestellt.","breadcrumb":{"@id":"https:\/\/choketopus.com\/de\/produkt\/artichoke-ultralight-triko-bile-damske\/#breadcrumb"},"inLanguage":"de","potentialAction":[{"@type":"ReadAction","target":["https:\/\/choketopus.com\/de\/produkt\/artichoke-ultralight-triko-bile-damske\/"]}]},{"@type":"ImageObject","inLanguage":"de","@id":"https:\/\/choketopus.com\/de\/produkt\/artichoke-ultralight-triko-bile-damske\/#primaryimage","url":"https:\/\/choketopus.com\/wp-content\/uploads\/2021\/11\/MBI08750.jpg","contentUrl":"https:\/\/choketopus.com\/wp-content\/uploads\/2021\/11\/MBI08750.jpg","width":459,"height":600},{"@type":"BreadcrumbList","@id":"https:\/\/choketopus.com\/de\/produkt\/artichoke-ultralight-triko-bile-damske\/#breadcrumb","itemListElement":[{"@type":"ListItem","position":1,"name":"Dom\u016f","item":"https:\/\/choketopus.com\/de\/"},{"@type":"ListItem","position":2,"name":"Obchod","item":"https:\/\/choketopus.com\/de\/obchod\/"},{"@type":"ListItem","position":3,"name":"ARTICHOKE \/ Damen Ultraleicht-T-Shirt &#8211; Wei\u00df"}]},{"@type":"WebSite","@id":"https:\/\/choketopus.com\/#website","url":"https:\/\/choketopus.com\/","name":"Choketopus.com","description":"Original clothing for submissions and choking","publisher":{"@id":"https:\/\/choketopus.com\/#organization"},"potentialAction":[{"@type":"SearchAction","target":{"@type":"EntryPoint","urlTemplate":"https:\/\/choketopus.com\/?s={search_term_string}"},"query-input":{"@type":"PropertyValueSpecification","valueRequired":true,"valueName":"search_term_string"}}],"inLanguage":"de"},{"@type":"Organization","@id":"https:\/\/choketopus.com\/#organization","name":"Rashguard.cz s.r.o.","url":"https:\/\/choketopus.com\/","logo":{"@type":"ImageObject","inLanguage":"de","@id":"https:\/\/choketopus.com\/#\/schema\/logo\/image\/","url":"","contentUrl":"","caption":"Rashguard.cz s.r.o."},"image":{"@id":"https:\/\/choketopus.com\/#\/schema\/logo\/image\/"},"sameAs":["https:\/\/www.facebook.com\/choketopus\/","https:\/\/x.com\/choketopus"]}]}},"_links":{"self":[{"href":"https:\/\/choketopus.com\/de\/wp-json\/wp\/v2\/product\/26171","targetHints":{"allow":["GET"]}}],"collection":[{"href":"https:\/\/choketopus.com\/de\/wp-json\/wp\/v2\/product"}],"about":[{"href":"https:\/\/choketopus.com\/de\/wp-json\/wp\/v2\/types\/product"}],"replies":[{"embeddable":true,"href":"https:\/\/choketopus.com\/de\/wp-json\/wp\/v2\/comments?post=26171"}],"wp:featuredmedia":[{"embeddable":true,"href":"https:\/\/choketopus.com\/de\/wp-json\/wp\/v2\/media\/23691"}],"wp:attachment":[{"href":"https:\/\/choketopus.com\/de\/wp-json\/wp\/v2\/media?parent=26171"}],"wp:term":[{"taxonomy":"product_brand","embeddable":true,"href":"https:\/\/choketopus.com\/de\/wp-json\/wp\/v2\/product_brand?post=26171"},{"taxonomy":"product_cat","embeddable":true,"href":"https:\/\/choketopus.com\/de\/wp-json\/wp\/v2\/product_cat?post=26171"},{"taxonomy":"product_tag","embeddable":true,"href":"https:\/\/choketopus.com\/de\/wp-json\/wp\/v2\/product_tag?post=26171"}],"curies":[{"name":"wp","href":"https:\/\/api.w.org\/{rel}","templated":true}]}}