{"id":25973,"date":"2021-11-02T00:52:13","date_gmt":"2021-11-01T23:52:13","guid":{"rendered":"https:\/\/choketopus.com\/produkt\/square-herren-leggings\/"},"modified":"2023-07-09T18:20:03","modified_gmt":"2023-07-09T16:20:03","slug":"square-panske-leginy","status":"publish","type":"product","link":"https:\/\/choketopus.com\/de\/produkt\/square-panske-leginy\/","title":{"rendered":"SQUARE \/ Herren Leggings"},"content":{"rendered":"<p>Einfaches Design. Perfektes Material. Kompromisslose Qualit\u00e4t. In diesem wirst du ringen wie ein Traum.<\/p>\n<ul>\n<li>Kompressionsunterw\u00e4sche eignet sich als unterste Schicht f\u00fcr die meisten Sportarten.<\/li>\n<li>Sie leitet Schwei\u00df ab und h\u00e4lt die Haut trocken.<\/li>\n<li>Sie hilft dem K\u00f6rper, die Temperatur zu regulieren und Muskelverletzungen vorzubeugen.<\/li>\n<li>Bei niedrigen Temperaturen dient sie als untere W\u00e4rme-Schicht.<\/li>\n<li>Sie sch\u00fctzt vor Absch\u00fcrfungen und Sonnenbrand.<\/li>\n<li>Es besteht aus angenehmem, elastischem, aber dennoch robustem Material.<\/li>\n<\/ul>\n","protected":false},"excerpt":{"rendered":"<p>Leggings aus der neuen SQUARE Kollektion. Minimalistisches Design und hervorragende Materialbest\u00e4ndigkeit. Leitet Schwei\u00df ab, sch\u00fctzt die Haut vor Kratzern und erm\u00f6glicht v\u00f6llig uneingeschr\u00e4nkte Bewegungen. Sie sind daher nicht nur f\u00fcr das Ringen geeignet, sondern auch f\u00fcr Yoga, das Fitnessstudio oder sogar f\u00fcr die Berge&#8230; kurz gesagt, \u00fcberall dort, wo hochwertige Kleidung ben\u00f6tigt wird.<\/p>\n","protected":false},"featured_media":23990,"comment_status":"open","ping_status":"closed","template":"","meta":[],"product_brand":[],"product_cat":[560,627],"product_tag":[],"class_list":{"0":"post-25973","1":"product","2":"type-product","3":"status-publish","4":"has-post-thumbnail","6":"product_cat-damen","7":"product_cat-herren-leggings","8":"description-off","10":"first","11":"instock","12":"taxable","13":"shipping-taxable","14":"purchasable","15":"product-type-variable"},"yoast_head":"<!-- This site is optimized with the Yoast SEO plugin v27.4 - https:\/\/yoast.com\/product\/yoast-seo-wordpress\/ -->\n<title>SQUARE \/ Herren Leggings - Choketopus.com<\/title>\n<meta name=\"robots\" content=\"index, follow, max-snippet:-1, max-image-preview:large, max-video-preview:-1\" \/>\n<link rel=\"canonical\" href=\"https:\/\/choketopus.com\/de\/produkt\/square-panske-leginy\/\" \/>\n<meta property=\"og:locale\" content=\"de_DE\" \/>\n<meta property=\"og:type\" content=\"article\" \/>\n<meta property=\"og:title\" content=\"SQUARE \/ Herren Leggings - Choketopus.com\" \/>\n<meta property=\"og:description\" content=\"Leggings aus der neuen SQUARE Kollektion. Minimalistisches Design und hervorragende Materialbest\u00e4ndigkeit. Leitet Schwei\u00df ab, sch\u00fctzt die Haut vor Kratzern und erm\u00f6glicht v\u00f6llig uneingeschr\u00e4nkte Bewegungen. Sie sind daher nicht nur f\u00fcr das Ringen geeignet, sondern auch f\u00fcr Yoga, das Fitnessstudio oder sogar f\u00fcr die Berge... kurz gesagt, \u00fcberall dort, wo hochwertige Kleidung ben\u00f6tigt wird.\" \/>\n<meta property=\"og:url\" content=\"https:\/\/choketopus.com\/de\/produkt\/square-panske-leginy\/\" \/>\n<meta property=\"og:site_name\" content=\"Choketopus.com\" \/>\n<meta property=\"article:publisher\" content=\"https:\/\/www.facebook.com\/choketopus\/\" \/>\n<meta property=\"article:modified_time\" content=\"2023-07-09T16:20:03+00:00\" \/>\n<meta property=\"og:image\" content=\"https:\/\/choketopus.com\/wp-content\/uploads\/2022\/01\/MBI08939.jpg\" \/>\n\t<meta property=\"og:image:width\" content=\"459\" \/>\n\t<meta property=\"og:image:height\" content=\"600\" \/>\n\t<meta property=\"og:image:type\" content=\"image\/jpeg\" \/>\n<meta name=\"twitter:card\" content=\"summary_large_image\" \/>\n<meta name=\"twitter:site\" content=\"@choketopus\" \/>\n<script type=\"application\/ld+json\" class=\"yoast-schema-graph\">{\"@context\":\"https:\\\/\\\/schema.org\",\"@graph\":[{\"@type\":\"WebPage\",\"@id\":\"https:\\\/\\\/choketopus.com\\\/de\\\/produkt\\\/square-panske-leginy\\\/\",\"url\":\"https:\\\/\\\/choketopus.com\\\/de\\\/produkt\\\/square-panske-leginy\\\/\",\"name\":\"SQUARE \\\/ Herren Leggings - Choketopus.com\",\"isPartOf\":{\"@id\":\"https:\\\/\\\/choketopus.com\\\/#website\"},\"primaryImageOfPage\":{\"@id\":\"https:\\\/\\\/choketopus.com\\\/de\\\/produkt\\\/square-panske-leginy\\\/#primaryimage\"},\"image\":{\"@id\":\"https:\\\/\\\/choketopus.com\\\/de\\\/produkt\\\/square-panske-leginy\\\/#primaryimage\"},\"thumbnailUrl\":\"https:\\\/\\\/choketopus.com\\\/wp-content\\\/uploads\\\/2022\\\/01\\\/MBI08939.jpg\",\"datePublished\":\"2021-11-01T23:52:13+00:00\",\"dateModified\":\"2023-07-09T16:20:03+00:00\",\"breadcrumb\":{\"@id\":\"https:\\\/\\\/choketopus.com\\\/de\\\/produkt\\\/square-panske-leginy\\\/#breadcrumb\"},\"inLanguage\":\"de\",\"potentialAction\":[{\"@type\":\"ReadAction\",\"target\":[\"https:\\\/\\\/choketopus.com\\\/de\\\/produkt\\\/square-panske-leginy\\\/\"]}]},{\"@type\":\"ImageObject\",\"inLanguage\":\"de\",\"@id\":\"https:\\\/\\\/choketopus.com\\\/de\\\/produkt\\\/square-panske-leginy\\\/#primaryimage\",\"url\":\"https:\\\/\\\/choketopus.com\\\/wp-content\\\/uploads\\\/2022\\\/01\\\/MBI08939.jpg\",\"contentUrl\":\"https:\\\/\\\/choketopus.com\\\/wp-content\\\/uploads\\\/2022\\\/01\\\/MBI08939.jpg\",\"width\":459,\"height\":600},{\"@type\":\"BreadcrumbList\",\"@id\":\"https:\\\/\\\/choketopus.com\\\/de\\\/produkt\\\/square-panske-leginy\\\/#breadcrumb\",\"itemListElement\":[{\"@type\":\"ListItem\",\"position\":1,\"name\":\"Dom\u016f\",\"item\":\"https:\\\/\\\/choketopus.com\\\/de\\\/\"},{\"@type\":\"ListItem\",\"position\":2,\"name\":\"Obchod\",\"item\":\"https:\\\/\\\/choketopus.com\\\/de\\\/obchod\\\/\"},{\"@type\":\"ListItem\",\"position\":3,\"name\":\"SQUARE \\\/ Herren Leggings\"}]},{\"@type\":\"WebSite\",\"@id\":\"https:\\\/\\\/choketopus.com\\\/#website\",\"url\":\"https:\\\/\\\/choketopus.com\\\/\",\"name\":\"Choketopus.com\",\"description\":\"Original clothing for submissions and choking\",\"publisher\":{\"@id\":\"https:\\\/\\\/choketopus.com\\\/#organization\"},\"potentialAction\":[{\"@type\":\"SearchAction\",\"target\":{\"@type\":\"EntryPoint\",\"urlTemplate\":\"https:\\\/\\\/choketopus.com\\\/?s={search_term_string}\"},\"query-input\":{\"@type\":\"PropertyValueSpecification\",\"valueRequired\":true,\"valueName\":\"search_term_string\"}}],\"inLanguage\":\"de\"},{\"@type\":\"Organization\",\"@id\":\"https:\\\/\\\/choketopus.com\\\/#organization\",\"name\":\"Rashguard.cz s.r.o.\",\"url\":\"https:\\\/\\\/choketopus.com\\\/\",\"logo\":{\"@type\":\"ImageObject\",\"inLanguage\":\"de\",\"@id\":\"https:\\\/\\\/choketopus.com\\\/#\\\/schema\\\/logo\\\/image\\\/\",\"url\":\"\",\"contentUrl\":\"\",\"caption\":\"Rashguard.cz s.r.o.\"},\"image\":{\"@id\":\"https:\\\/\\\/choketopus.com\\\/#\\\/schema\\\/logo\\\/image\\\/\"},\"sameAs\":[\"https:\\\/\\\/www.facebook.com\\\/choketopus\\\/\",\"https:\\\/\\\/x.com\\\/choketopus\"]}]}<\/script>\n<!-- \/ Yoast SEO plugin. -->","yoast_head_json":{"title":"SQUARE \/ Herren Leggings - Choketopus.com","robots":{"index":"index","follow":"follow","max-snippet":"max-snippet:-1","max-image-preview":"max-image-preview:large","max-video-preview":"max-video-preview:-1"},"canonical":"https:\/\/choketopus.com\/de\/produkt\/square-panske-leginy\/","og_locale":"de_DE","og_type":"article","og_title":"SQUARE \/ Herren Leggings - Choketopus.com","og_description":"Leggings aus der neuen SQUARE Kollektion. Minimalistisches Design und hervorragende Materialbest\u00e4ndigkeit. Leitet Schwei\u00df ab, sch\u00fctzt die Haut vor Kratzern und erm\u00f6glicht v\u00f6llig uneingeschr\u00e4nkte Bewegungen. Sie sind daher nicht nur f\u00fcr das Ringen geeignet, sondern auch f\u00fcr Yoga, das Fitnessstudio oder sogar f\u00fcr die Berge... kurz gesagt, \u00fcberall dort, wo hochwertige Kleidung ben\u00f6tigt wird.","og_url":"https:\/\/choketopus.com\/de\/produkt\/square-panske-leginy\/","og_site_name":"Choketopus.com","article_publisher":"https:\/\/www.facebook.com\/choketopus\/","article_modified_time":"2023-07-09T16:20:03+00:00","og_image":[{"width":459,"height":600,"url":"https:\/\/choketopus.com\/wp-content\/uploads\/2022\/01\/MBI08939.jpg","type":"image\/jpeg"}],"twitter_card":"summary_large_image","twitter_site":"@choketopus","schema":{"@context":"https:\/\/schema.org","@graph":[{"@type":"WebPage","@id":"https:\/\/choketopus.com\/de\/produkt\/square-panske-leginy\/","url":"https:\/\/choketopus.com\/de\/produkt\/square-panske-leginy\/","name":"SQUARE \/ Herren Leggings - Choketopus.com","isPartOf":{"@id":"https:\/\/choketopus.com\/#website"},"primaryImageOfPage":{"@id":"https:\/\/choketopus.com\/de\/produkt\/square-panske-leginy\/#primaryimage"},"image":{"@id":"https:\/\/choketopus.com\/de\/produkt\/square-panske-leginy\/#primaryimage"},"thumbnailUrl":"https:\/\/choketopus.com\/wp-content\/uploads\/2022\/01\/MBI08939.jpg","datePublished":"2021-11-01T23:52:13+00:00","dateModified":"2023-07-09T16:20:03+00:00","breadcrumb":{"@id":"https:\/\/choketopus.com\/de\/produkt\/square-panske-leginy\/#breadcrumb"},"inLanguage":"de","potentialAction":[{"@type":"ReadAction","target":["https:\/\/choketopus.com\/de\/produkt\/square-panske-leginy\/"]}]},{"@type":"ImageObject","inLanguage":"de","@id":"https:\/\/choketopus.com\/de\/produkt\/square-panske-leginy\/#primaryimage","url":"https:\/\/choketopus.com\/wp-content\/uploads\/2022\/01\/MBI08939.jpg","contentUrl":"https:\/\/choketopus.com\/wp-content\/uploads\/2022\/01\/MBI08939.jpg","width":459,"height":600},{"@type":"BreadcrumbList","@id":"https:\/\/choketopus.com\/de\/produkt\/square-panske-leginy\/#breadcrumb","itemListElement":[{"@type":"ListItem","position":1,"name":"Dom\u016f","item":"https:\/\/choketopus.com\/de\/"},{"@type":"ListItem","position":2,"name":"Obchod","item":"https:\/\/choketopus.com\/de\/obchod\/"},{"@type":"ListItem","position":3,"name":"SQUARE \/ Herren Leggings"}]},{"@type":"WebSite","@id":"https:\/\/choketopus.com\/#website","url":"https:\/\/choketopus.com\/","name":"Choketopus.com","description":"Original clothing for submissions and choking","publisher":{"@id":"https:\/\/choketopus.com\/#organization"},"potentialAction":[{"@type":"SearchAction","target":{"@type":"EntryPoint","urlTemplate":"https:\/\/choketopus.com\/?s={search_term_string}"},"query-input":{"@type":"PropertyValueSpecification","valueRequired":true,"valueName":"search_term_string"}}],"inLanguage":"de"},{"@type":"Organization","@id":"https:\/\/choketopus.com\/#organization","name":"Rashguard.cz s.r.o.","url":"https:\/\/choketopus.com\/","logo":{"@type":"ImageObject","inLanguage":"de","@id":"https:\/\/choketopus.com\/#\/schema\/logo\/image\/","url":"","contentUrl":"","caption":"Rashguard.cz s.r.o."},"image":{"@id":"https:\/\/choketopus.com\/#\/schema\/logo\/image\/"},"sameAs":["https:\/\/www.facebook.com\/choketopus\/","https:\/\/x.com\/choketopus"]}]}},"_links":{"self":[{"href":"https:\/\/choketopus.com\/de\/wp-json\/wp\/v2\/product\/25973","targetHints":{"allow":["GET"]}}],"collection":[{"href":"https:\/\/choketopus.com\/de\/wp-json\/wp\/v2\/product"}],"about":[{"href":"https:\/\/choketopus.com\/de\/wp-json\/wp\/v2\/types\/product"}],"replies":[{"embeddable":true,"href":"https:\/\/choketopus.com\/de\/wp-json\/wp\/v2\/comments?post=25973"}],"wp:featuredmedia":[{"embeddable":true,"href":"https:\/\/choketopus.com\/de\/wp-json\/wp\/v2\/media\/23990"}],"wp:attachment":[{"href":"https:\/\/choketopus.com\/de\/wp-json\/wp\/v2\/media?parent=25973"}],"wp:term":[{"taxonomy":"product_brand","embeddable":true,"href":"https:\/\/choketopus.com\/de\/wp-json\/wp\/v2\/product_brand?post=25973"},{"taxonomy":"product_cat","embeddable":true,"href":"https:\/\/choketopus.com\/de\/wp-json\/wp\/v2\/product_cat?post=25973"},{"taxonomy":"product_tag","embeddable":true,"href":"https:\/\/choketopus.com\/de\/wp-json\/wp\/v2\/product_tag?post=25973"}],"curies":[{"name":"wp","href":"https:\/\/api.w.org\/{rel}","templated":true}]}}