{"id":25966,"date":"2021-11-02T00:58:09","date_gmt":"2021-11-01T23:58:09","guid":{"rendered":"https:\/\/choketopus.com\/produkt\/square-kurze-hosen\/"},"modified":"2023-07-09T18:18:14","modified_gmt":"2023-07-09T16:18:14","slug":"square-kratasy","status":"publish","type":"product","link":"https:\/\/choketopus.com\/de\/produkt\/square-kratasy\/","title":{"rendered":"SQUARE \/ Kurze Hosen"},"content":{"rendered":"<p>Einfaches Design. Perfektes Material. Kompromisslose Qualit\u00e4t. In diesem wirst du ringen wie ein Traum.<\/p>\n<p>&nbsp;<\/p>\n<p>Die Shorts bestehen aus strapazierf\u00e4higem Polyester, aber die elastische Leiste, die auf der Innenseite der Oberschenkel eingen\u00e4ht ist, erm\u00f6glicht Ihnen freie Bewegung bei akrobatischen Positionen und hohen Tritten. Ein elastischer Streifen l\u00e4uft durch die Taille, den Sie mit festen Schn\u00fcren festziehen und mit einem Trockenrei\u00dfverschluss sichern k\u00f6nnen. Die Shorts bieten Freiheit, halten aber die h\u00e4rteste Belastung aus und trocknen zudem schnell nach dem Waschen. Was k\u00f6nnen Sie sich mehr von Shorts f\u00fcr das Ringen w\u00fcnschen?<\/p>\n","protected":false},"excerpt":{"rendered":"<p>Top Shorts, die bis zum letzten Stich in der Tschechischen Republik hergestellt wurden. Minimalistisches Design, kompromisslose Robustheit und unglaubliche Bewegungsfreiheit. (Alternativ: au\u00dfergew\u00f6hnliche Bewegungsfreiheit) Dar\u00fcber hinaus trocknen sie schnell nach dem Waschen. Was kann man sich mehr von Sportshorts w\u00fcnschen? Ideal f\u00fcr MMA, Grappling oder jeden Sport, bei dem widerstandsf\u00e4hige und funktionale Shorts mit tollem Design ben\u00f6tigt werden.<\/p>\n<p>Die Gr\u00f6\u00dfe entspricht der Taillenweite (genaue Gr\u00f6\u00dfentabelle unten)<\/p>\n<p>&nbsp;<\/p>\n<p>*Die Produktion von ma\u00dfgeschneiderten Shorts dauert 3-4 Wochen.<\/p>\n","protected":false},"featured_media":23713,"comment_status":"open","ping_status":"closed","template":"","meta":[],"product_brand":[],"product_cat":[560,559,561],"product_tag":[],"class_list":{"0":"post-25966","1":"product","2":"type-product","3":"status-publish","4":"has-post-thumbnail","6":"product_cat-damen","7":"product_cat-herren","8":"product_cat-shorts-de","9":"description-off","11":"first","12":"instock","13":"taxable","14":"shipping-taxable","15":"purchasable","16":"product-type-variable"},"yoast_head":"<!-- This site is optimized with the Yoast SEO plugin v27.4 - https:\/\/yoast.com\/product\/yoast-seo-wordpress\/ -->\n<title>SQUARE \/ Kurze Hosen - Choketopus.com<\/title>\n<meta name=\"robots\" content=\"index, follow, max-snippet:-1, max-image-preview:large, max-video-preview:-1\" \/>\n<link rel=\"canonical\" href=\"https:\/\/choketopus.com\/de\/produkt\/square-kratasy\/\" \/>\n<meta property=\"og:locale\" content=\"de_DE\" \/>\n<meta property=\"og:type\" content=\"article\" \/>\n<meta property=\"og:title\" content=\"SQUARE \/ Kurze Hosen - Choketopus.com\" \/>\n<meta property=\"og:description\" content=\"Top Shorts, die bis zum letzten Stich in der Tschechischen Republik hergestellt wurden. Minimalistisches Design, kompromisslose Robustheit und unglaubliche Bewegungsfreiheit. (Alternativ: au\u00dfergew\u00f6hnliche Bewegungsfreiheit) Dar\u00fcber hinaus trocknen sie schnell nach dem Waschen. Was kann man sich mehr von Sportshorts w\u00fcnschen? Ideal f\u00fcr MMA, Grappling oder jeden Sport, bei dem widerstandsf\u00e4hige und funktionale Shorts mit tollem Design ben\u00f6tigt werden. Die Gr\u00f6\u00dfe entspricht der Taillenweite (genaue Gr\u00f6\u00dfentabelle unten) &nbsp; *Die Produktion von ma\u00dfgeschneiderten Shorts dauert 3-4 Wochen.\" \/>\n<meta property=\"og:url\" content=\"https:\/\/choketopus.com\/de\/produkt\/square-kratasy\/\" \/>\n<meta property=\"og:site_name\" content=\"Choketopus.com\" \/>\n<meta property=\"article:publisher\" content=\"https:\/\/www.facebook.com\/choketopus\/\" \/>\n<meta property=\"article:modified_time\" content=\"2023-07-09T16:18:14+00:00\" \/>\n<meta property=\"og:image\" content=\"https:\/\/choketopus.com\/wp-content\/uploads\/2021\/11\/MBI08839.jpg\" \/>\n\t<meta property=\"og:image:width\" content=\"459\" \/>\n\t<meta property=\"og:image:height\" content=\"600\" \/>\n\t<meta property=\"og:image:type\" content=\"image\/jpeg\" \/>\n<meta name=\"twitter:card\" content=\"summary_large_image\" \/>\n<meta name=\"twitter:site\" content=\"@choketopus\" \/>\n<meta name=\"twitter:label1\" content=\"Gesch\u00e4tzte Lesezeit\" \/>\n\t<meta name=\"twitter:data1\" content=\"1\u00a0Minute\" \/>\n<script type=\"application\/ld+json\" class=\"yoast-schema-graph\">{\"@context\":\"https:\\\/\\\/schema.org\",\"@graph\":[{\"@type\":\"WebPage\",\"@id\":\"https:\\\/\\\/choketopus.com\\\/de\\\/produkt\\\/square-kratasy\\\/\",\"url\":\"https:\\\/\\\/choketopus.com\\\/de\\\/produkt\\\/square-kratasy\\\/\",\"name\":\"SQUARE \\\/ Kurze Hosen - Choketopus.com\",\"isPartOf\":{\"@id\":\"https:\\\/\\\/choketopus.com\\\/#website\"},\"primaryImageOfPage\":{\"@id\":\"https:\\\/\\\/choketopus.com\\\/de\\\/produkt\\\/square-kratasy\\\/#primaryimage\"},\"image\":{\"@id\":\"https:\\\/\\\/choketopus.com\\\/de\\\/produkt\\\/square-kratasy\\\/#primaryimage\"},\"thumbnailUrl\":\"https:\\\/\\\/choketopus.com\\\/wp-content\\\/uploads\\\/2021\\\/11\\\/MBI08839.jpg\",\"datePublished\":\"2021-11-01T23:58:09+00:00\",\"dateModified\":\"2023-07-09T16:18:14+00:00\",\"breadcrumb\":{\"@id\":\"https:\\\/\\\/choketopus.com\\\/de\\\/produkt\\\/square-kratasy\\\/#breadcrumb\"},\"inLanguage\":\"de\",\"potentialAction\":[{\"@type\":\"ReadAction\",\"target\":[\"https:\\\/\\\/choketopus.com\\\/de\\\/produkt\\\/square-kratasy\\\/\"]}]},{\"@type\":\"ImageObject\",\"inLanguage\":\"de\",\"@id\":\"https:\\\/\\\/choketopus.com\\\/de\\\/produkt\\\/square-kratasy\\\/#primaryimage\",\"url\":\"https:\\\/\\\/choketopus.com\\\/wp-content\\\/uploads\\\/2021\\\/11\\\/MBI08839.jpg\",\"contentUrl\":\"https:\\\/\\\/choketopus.com\\\/wp-content\\\/uploads\\\/2021\\\/11\\\/MBI08839.jpg\",\"width\":459,\"height\":600},{\"@type\":\"BreadcrumbList\",\"@id\":\"https:\\\/\\\/choketopus.com\\\/de\\\/produkt\\\/square-kratasy\\\/#breadcrumb\",\"itemListElement\":[{\"@type\":\"ListItem\",\"position\":1,\"name\":\"Dom\u016f\",\"item\":\"https:\\\/\\\/choketopus.com\\\/de\\\/\"},{\"@type\":\"ListItem\",\"position\":2,\"name\":\"Obchod\",\"item\":\"https:\\\/\\\/choketopus.com\\\/de\\\/obchod\\\/\"},{\"@type\":\"ListItem\",\"position\":3,\"name\":\"SQUARE \\\/ Kurze Hosen\"}]},{\"@type\":\"WebSite\",\"@id\":\"https:\\\/\\\/choketopus.com\\\/#website\",\"url\":\"https:\\\/\\\/choketopus.com\\\/\",\"name\":\"Choketopus.com\",\"description\":\"Original clothing for submissions and choking\",\"publisher\":{\"@id\":\"https:\\\/\\\/choketopus.com\\\/#organization\"},\"potentialAction\":[{\"@type\":\"SearchAction\",\"target\":{\"@type\":\"EntryPoint\",\"urlTemplate\":\"https:\\\/\\\/choketopus.com\\\/?s={search_term_string}\"},\"query-input\":{\"@type\":\"PropertyValueSpecification\",\"valueRequired\":true,\"valueName\":\"search_term_string\"}}],\"inLanguage\":\"de\"},{\"@type\":\"Organization\",\"@id\":\"https:\\\/\\\/choketopus.com\\\/#organization\",\"name\":\"Rashguard.cz s.r.o.\",\"url\":\"https:\\\/\\\/choketopus.com\\\/\",\"logo\":{\"@type\":\"ImageObject\",\"inLanguage\":\"de\",\"@id\":\"https:\\\/\\\/choketopus.com\\\/#\\\/schema\\\/logo\\\/image\\\/\",\"url\":\"\",\"contentUrl\":\"\",\"caption\":\"Rashguard.cz s.r.o.\"},\"image\":{\"@id\":\"https:\\\/\\\/choketopus.com\\\/#\\\/schema\\\/logo\\\/image\\\/\"},\"sameAs\":[\"https:\\\/\\\/www.facebook.com\\\/choketopus\\\/\",\"https:\\\/\\\/x.com\\\/choketopus\"]}]}<\/script>\n<!-- \/ Yoast SEO plugin. -->","yoast_head_json":{"title":"SQUARE \/ Kurze Hosen - Choketopus.com","robots":{"index":"index","follow":"follow","max-snippet":"max-snippet:-1","max-image-preview":"max-image-preview:large","max-video-preview":"max-video-preview:-1"},"canonical":"https:\/\/choketopus.com\/de\/produkt\/square-kratasy\/","og_locale":"de_DE","og_type":"article","og_title":"SQUARE \/ Kurze Hosen - Choketopus.com","og_description":"Top Shorts, die bis zum letzten Stich in der Tschechischen Republik hergestellt wurden. Minimalistisches Design, kompromisslose Robustheit und unglaubliche Bewegungsfreiheit. (Alternativ: au\u00dfergew\u00f6hnliche Bewegungsfreiheit) Dar\u00fcber hinaus trocknen sie schnell nach dem Waschen. Was kann man sich mehr von Sportshorts w\u00fcnschen? Ideal f\u00fcr MMA, Grappling oder jeden Sport, bei dem widerstandsf\u00e4hige und funktionale Shorts mit tollem Design ben\u00f6tigt werden. Die Gr\u00f6\u00dfe entspricht der Taillenweite (genaue Gr\u00f6\u00dfentabelle unten) &nbsp; *Die Produktion von ma\u00dfgeschneiderten Shorts dauert 3-4 Wochen.","og_url":"https:\/\/choketopus.com\/de\/produkt\/square-kratasy\/","og_site_name":"Choketopus.com","article_publisher":"https:\/\/www.facebook.com\/choketopus\/","article_modified_time":"2023-07-09T16:18:14+00:00","og_image":[{"width":459,"height":600,"url":"https:\/\/choketopus.com\/wp-content\/uploads\/2021\/11\/MBI08839.jpg","type":"image\/jpeg"}],"twitter_card":"summary_large_image","twitter_site":"@choketopus","twitter_misc":{"Gesch\u00e4tzte Lesezeit":"1\u00a0Minute"},"schema":{"@context":"https:\/\/schema.org","@graph":[{"@type":"WebPage","@id":"https:\/\/choketopus.com\/de\/produkt\/square-kratasy\/","url":"https:\/\/choketopus.com\/de\/produkt\/square-kratasy\/","name":"SQUARE \/ Kurze Hosen - Choketopus.com","isPartOf":{"@id":"https:\/\/choketopus.com\/#website"},"primaryImageOfPage":{"@id":"https:\/\/choketopus.com\/de\/produkt\/square-kratasy\/#primaryimage"},"image":{"@id":"https:\/\/choketopus.com\/de\/produkt\/square-kratasy\/#primaryimage"},"thumbnailUrl":"https:\/\/choketopus.com\/wp-content\/uploads\/2021\/11\/MBI08839.jpg","datePublished":"2021-11-01T23:58:09+00:00","dateModified":"2023-07-09T16:18:14+00:00","breadcrumb":{"@id":"https:\/\/choketopus.com\/de\/produkt\/square-kratasy\/#breadcrumb"},"inLanguage":"de","potentialAction":[{"@type":"ReadAction","target":["https:\/\/choketopus.com\/de\/produkt\/square-kratasy\/"]}]},{"@type":"ImageObject","inLanguage":"de","@id":"https:\/\/choketopus.com\/de\/produkt\/square-kratasy\/#primaryimage","url":"https:\/\/choketopus.com\/wp-content\/uploads\/2021\/11\/MBI08839.jpg","contentUrl":"https:\/\/choketopus.com\/wp-content\/uploads\/2021\/11\/MBI08839.jpg","width":459,"height":600},{"@type":"BreadcrumbList","@id":"https:\/\/choketopus.com\/de\/produkt\/square-kratasy\/#breadcrumb","itemListElement":[{"@type":"ListItem","position":1,"name":"Dom\u016f","item":"https:\/\/choketopus.com\/de\/"},{"@type":"ListItem","position":2,"name":"Obchod","item":"https:\/\/choketopus.com\/de\/obchod\/"},{"@type":"ListItem","position":3,"name":"SQUARE \/ Kurze Hosen"}]},{"@type":"WebSite","@id":"https:\/\/choketopus.com\/#website","url":"https:\/\/choketopus.com\/","name":"Choketopus.com","description":"Original clothing for submissions and choking","publisher":{"@id":"https:\/\/choketopus.com\/#organization"},"potentialAction":[{"@type":"SearchAction","target":{"@type":"EntryPoint","urlTemplate":"https:\/\/choketopus.com\/?s={search_term_string}"},"query-input":{"@type":"PropertyValueSpecification","valueRequired":true,"valueName":"search_term_string"}}],"inLanguage":"de"},{"@type":"Organization","@id":"https:\/\/choketopus.com\/#organization","name":"Rashguard.cz s.r.o.","url":"https:\/\/choketopus.com\/","logo":{"@type":"ImageObject","inLanguage":"de","@id":"https:\/\/choketopus.com\/#\/schema\/logo\/image\/","url":"","contentUrl":"","caption":"Rashguard.cz s.r.o."},"image":{"@id":"https:\/\/choketopus.com\/#\/schema\/logo\/image\/"},"sameAs":["https:\/\/www.facebook.com\/choketopus\/","https:\/\/x.com\/choketopus"]}]}},"_links":{"self":[{"href":"https:\/\/choketopus.com\/de\/wp-json\/wp\/v2\/product\/25966","targetHints":{"allow":["GET"]}}],"collection":[{"href":"https:\/\/choketopus.com\/de\/wp-json\/wp\/v2\/product"}],"about":[{"href":"https:\/\/choketopus.com\/de\/wp-json\/wp\/v2\/types\/product"}],"replies":[{"embeddable":true,"href":"https:\/\/choketopus.com\/de\/wp-json\/wp\/v2\/comments?post=25966"}],"wp:featuredmedia":[{"embeddable":true,"href":"https:\/\/choketopus.com\/de\/wp-json\/wp\/v2\/media\/23713"}],"wp:attachment":[{"href":"https:\/\/choketopus.com\/de\/wp-json\/wp\/v2\/media?parent=25966"}],"wp:term":[{"taxonomy":"product_brand","embeddable":true,"href":"https:\/\/choketopus.com\/de\/wp-json\/wp\/v2\/product_brand?post=25966"},{"taxonomy":"product_cat","embeddable":true,"href":"https:\/\/choketopus.com\/de\/wp-json\/wp\/v2\/product_cat?post=25966"},{"taxonomy":"product_tag","embeddable":true,"href":"https:\/\/choketopus.com\/de\/wp-json\/wp\/v2\/product_tag?post=25966"}],"curies":[{"name":"wp","href":"https:\/\/api.w.org\/{rel}","templated":true}]}}