{"id":25533,"date":"2022-09-04T21:23:18","date_gmt":"2022-09-04T19:23:18","guid":{"rendered":"https:\/\/choketopus.com\/produkt\/captain-mint-deodorant-fuer-ausruestung-und-schuhe\/"},"modified":"2023-06-29T16:41:04","modified_gmt":"2023-06-29T14:41:04","slug":"captain-mint-deodorant-na-vybaveni-a-boty","status":"publish","type":"product","link":"https:\/\/choketopus.com\/de\/produkt\/captain-mint-deodorant-na-vybaveni-a-boty\/","title":{"rendered":"Captain Mint Deodorant f\u00fcr Ausr\u00fcstung und Schuhe"},"content":{"rendered":"<p><b>Kann verwendet werden f\u00fcr:<\/b><\/p>\n<ul>\n<li style=\"list-style-type: none;\">\n<ul>\n<li>Schuhe<\/li>\n<li>Trainingsmatten<\/li>\n<li>Boxhandschuhe<\/li>\n<li>Suspensorien<\/li>\n<li>Sporttaschen<\/li>\n<li>Skistiefel<\/li>\n<li>Innenr\u00e4ume<\/li>\n<\/ul>\n<\/li>\n<\/ul>\n<p><strong>Zusammensetzung:<\/strong><\/p>\n<p><span style=\"text-decoration: underline;\">Lavendel &#8211; Teebaum<\/span><br \/>\nAqua, Lavandula Hybrida (lavander) flower oil, Hamamaelis virginiana (witch hazel) leaf extract\/ Glycerin\/aqua, Rosmarinus officinalis (rosemary) leaf oil, Melaleuca alternifolia (tea tree) leaf oil, Gluconolactone\/Sodium benzoate\/calcium gluconate, Eugenia caryophyllus (clove) leaf oil, Pyrus malus vinegar.<\/p>\n<p>&nbsp;<\/p>\n<p><span style=\"text-decoration: underline;\">Zitrone &#8211; Rosmarin<\/span><br \/>\nAqua, Hamamaelis virginiana (witch hazel) leaf extract\/ Glycerin\/aqua , Citrus limon (lemon) oil, Rosmarinus officinalis (rosemary) leaf oil, Cymbopogon citratus (lemongrass) leaf oil, Gluconolac-tone\/Sodium benzoate\/Calcium gluconate, Citrus sinensis (sweet orange) oil, Pyrus malus vinegar, Eugenia caryophyllus (clove) leaf oil<\/p>\n<p>&nbsp;<\/p>\n<p><b>Anwendung:<\/b><\/p>\n<ul>\n<li>Die Anwendung des Produkts ist einfach und kann von jedem bew\u00e4ltigt werden. Es reicht aus, das Spray zu sch\u00fctteln und dann auf die Kleidung oder Schuhe zu spr\u00fchen, die Sie vom Geruch befreien m\u00f6chten. Die Ver\u00e4nderungen treten fast sofort auf. Es ist am besten, das Produkt \u00fcber Nacht wirken zu lassen. Vor Gebrauch gut sch\u00fctteln.<\/li>\n<\/ul>\n<p><b>Hinweis:<\/b> Nicht essen und nicht in die Augen spr\u00fchen. Stoppen Sie die Anwendung, wenn R\u00f6tung, Ausschlag oder Juckreiz auftreten. Das Produkt ist nicht f\u00fcr den internen Gebrauch bestimmt. Au\u00dferhalb der Reichweite von Kindern aufbewahren.<\/p>\n","protected":false},"excerpt":{"rendered":"<p>Befreien Sie sich von unangenehmen Ger\u00fcchen durch die Verwendung von \u00e4therischen \u00d6len im Captain Mint Deodorant. 100% nat\u00fcrliche Formel beseitigt unangenehme Ger\u00fcche mit den besten nat\u00fcrlichen \u00e4therischen \u00d6len.<\/p>\n<p>Starke nat\u00fcrliche Deodorants von Captain Mint enthalten mehr als 7 verschiedene \u00e4therische \u00d6le mit <b>antiseptischen<\/b>, antibakteriellen und fungiziden Eigenschaften, die selbst den hartn\u00e4ckigsten Geruch entfernen und Ihre Sachen sauber und frisch hinterlassen.<\/p>\n","protected":false},"featured_media":24387,"comment_status":"open","ping_status":"closed","template":"","meta":[],"product_brand":[],"product_cat":[581,640],"product_tag":[585],"class_list":{"0":"post-25533","1":"product","2":"type-product","3":"status-publish","4":"has-post-thumbnail","6":"product_cat-accessoires","7":"product_cat-kosmetik-fur-athleten","8":"product_tag-bjj-de","9":"description-off","11":"first","12":"outofstock","13":"taxable","14":"shipping-taxable","15":"product-type-variable"},"yoast_head":"<!-- This site is optimized with the Yoast SEO plugin v27.4 - https:\/\/yoast.com\/product\/yoast-seo-wordpress\/ -->\n<title>Captain Mint Deodorant f\u00fcr Ausr\u00fcstung und Schuhe - Choketopus.com<\/title>\n<meta name=\"robots\" content=\"index, follow, max-snippet:-1, max-image-preview:large, max-video-preview:-1\" \/>\n<link rel=\"canonical\" href=\"https:\/\/choketopus.com\/de\/produkt\/captain-mint-deodorant-na-vybaveni-a-boty\/\" \/>\n<meta property=\"og:locale\" content=\"de_DE\" \/>\n<meta property=\"og:type\" content=\"article\" \/>\n<meta property=\"og:title\" content=\"Captain Mint Deodorant f\u00fcr Ausr\u00fcstung und Schuhe - Choketopus.com\" \/>\n<meta property=\"og:description\" content=\"Befreien Sie sich von unangenehmen Ger\u00fcchen durch die Verwendung von \u00e4therischen \u00d6len im Captain Mint Deodorant. 100% nat\u00fcrliche Formel beseitigt unangenehme Ger\u00fcche mit den besten nat\u00fcrlichen \u00e4therischen \u00d6len. Starke nat\u00fcrliche Deodorants von Captain Mint enthalten mehr als 7 verschiedene \u00e4therische \u00d6le mit antiseptischen, antibakteriellen und fungiziden Eigenschaften, die selbst den hartn\u00e4ckigsten Geruch entfernen und Ihre Sachen sauber und frisch hinterlassen.\" \/>\n<meta property=\"og:url\" content=\"https:\/\/choketopus.com\/de\/produkt\/captain-mint-deodorant-na-vybaveni-a-boty\/\" \/>\n<meta property=\"og:site_name\" content=\"Choketopus.com\" \/>\n<meta property=\"article:publisher\" content=\"https:\/\/www.facebook.com\/choketopus\/\" \/>\n<meta property=\"article:modified_time\" content=\"2023-06-29T14:41:04+00:00\" \/>\n<meta property=\"og:image\" content=\"https:\/\/choketopus.com\/wp-content\/uploads\/2022\/09\/125782_captain-mint-levandula-cajovnik.jpg\" \/>\n\t<meta property=\"og:image:width\" content=\"417\" \/>\n\t<meta property=\"og:image:height\" content=\"545\" \/>\n\t<meta property=\"og:image:type\" content=\"image\/jpeg\" \/>\n<meta name=\"twitter:card\" content=\"summary_large_image\" \/>\n<meta name=\"twitter:site\" content=\"@choketopus\" \/>\n<meta name=\"twitter:label1\" content=\"Gesch\u00e4tzte Lesezeit\" \/>\n\t<meta name=\"twitter:data1\" content=\"1\u00a0Minute\" \/>\n<script type=\"application\/ld+json\" class=\"yoast-schema-graph\">{\"@context\":\"https:\\\/\\\/schema.org\",\"@graph\":[{\"@type\":\"WebPage\",\"@id\":\"https:\\\/\\\/choketopus.com\\\/de\\\/produkt\\\/captain-mint-deodorant-na-vybaveni-a-boty\\\/\",\"url\":\"https:\\\/\\\/choketopus.com\\\/de\\\/produkt\\\/captain-mint-deodorant-na-vybaveni-a-boty\\\/\",\"name\":\"Captain Mint Deodorant f\u00fcr Ausr\u00fcstung und Schuhe - Choketopus.com\",\"isPartOf\":{\"@id\":\"https:\\\/\\\/choketopus.com\\\/#website\"},\"primaryImageOfPage\":{\"@id\":\"https:\\\/\\\/choketopus.com\\\/de\\\/produkt\\\/captain-mint-deodorant-na-vybaveni-a-boty\\\/#primaryimage\"},\"image\":{\"@id\":\"https:\\\/\\\/choketopus.com\\\/de\\\/produkt\\\/captain-mint-deodorant-na-vybaveni-a-boty\\\/#primaryimage\"},\"thumbnailUrl\":\"https:\\\/\\\/choketopus.com\\\/wp-content\\\/uploads\\\/2022\\\/09\\\/125782_captain-mint-levandula-cajovnik.jpg\",\"datePublished\":\"2022-09-04T19:23:18+00:00\",\"dateModified\":\"2023-06-29T14:41:04+00:00\",\"breadcrumb\":{\"@id\":\"https:\\\/\\\/choketopus.com\\\/de\\\/produkt\\\/captain-mint-deodorant-na-vybaveni-a-boty\\\/#breadcrumb\"},\"inLanguage\":\"de\",\"potentialAction\":[{\"@type\":\"ReadAction\",\"target\":[\"https:\\\/\\\/choketopus.com\\\/de\\\/produkt\\\/captain-mint-deodorant-na-vybaveni-a-boty\\\/\"]}]},{\"@type\":\"ImageObject\",\"inLanguage\":\"de\",\"@id\":\"https:\\\/\\\/choketopus.com\\\/de\\\/produkt\\\/captain-mint-deodorant-na-vybaveni-a-boty\\\/#primaryimage\",\"url\":\"https:\\\/\\\/choketopus.com\\\/wp-content\\\/uploads\\\/2022\\\/09\\\/125782_captain-mint-levandula-cajovnik.jpg\",\"contentUrl\":\"https:\\\/\\\/choketopus.com\\\/wp-content\\\/uploads\\\/2022\\\/09\\\/125782_captain-mint-levandula-cajovnik.jpg\",\"width\":417,\"height\":545},{\"@type\":\"BreadcrumbList\",\"@id\":\"https:\\\/\\\/choketopus.com\\\/de\\\/produkt\\\/captain-mint-deodorant-na-vybaveni-a-boty\\\/#breadcrumb\",\"itemListElement\":[{\"@type\":\"ListItem\",\"position\":1,\"name\":\"Dom\u016f\",\"item\":\"https:\\\/\\\/choketopus.com\\\/de\\\/\"},{\"@type\":\"ListItem\",\"position\":2,\"name\":\"Obchod\",\"item\":\"https:\\\/\\\/choketopus.com\\\/de\\\/obchod\\\/\"},{\"@type\":\"ListItem\",\"position\":3,\"name\":\"Captain Mint Deodorant f\u00fcr Ausr\u00fcstung und Schuhe\"}]},{\"@type\":\"WebSite\",\"@id\":\"https:\\\/\\\/choketopus.com\\\/#website\",\"url\":\"https:\\\/\\\/choketopus.com\\\/\",\"name\":\"Choketopus.com\",\"description\":\"Original clothing for submissions and choking\",\"publisher\":{\"@id\":\"https:\\\/\\\/choketopus.com\\\/#organization\"},\"potentialAction\":[{\"@type\":\"SearchAction\",\"target\":{\"@type\":\"EntryPoint\",\"urlTemplate\":\"https:\\\/\\\/choketopus.com\\\/?s={search_term_string}\"},\"query-input\":{\"@type\":\"PropertyValueSpecification\",\"valueRequired\":true,\"valueName\":\"search_term_string\"}}],\"inLanguage\":\"de\"},{\"@type\":\"Organization\",\"@id\":\"https:\\\/\\\/choketopus.com\\\/#organization\",\"name\":\"Rashguard.cz s.r.o.\",\"url\":\"https:\\\/\\\/choketopus.com\\\/\",\"logo\":{\"@type\":\"ImageObject\",\"inLanguage\":\"de\",\"@id\":\"https:\\\/\\\/choketopus.com\\\/#\\\/schema\\\/logo\\\/image\\\/\",\"url\":\"\",\"contentUrl\":\"\",\"caption\":\"Rashguard.cz s.r.o.\"},\"image\":{\"@id\":\"https:\\\/\\\/choketopus.com\\\/#\\\/schema\\\/logo\\\/image\\\/\"},\"sameAs\":[\"https:\\\/\\\/www.facebook.com\\\/choketopus\\\/\",\"https:\\\/\\\/x.com\\\/choketopus\"]}]}<\/script>\n<!-- \/ Yoast SEO plugin. -->","yoast_head_json":{"title":"Captain Mint Deodorant f\u00fcr Ausr\u00fcstung und Schuhe - Choketopus.com","robots":{"index":"index","follow":"follow","max-snippet":"max-snippet:-1","max-image-preview":"max-image-preview:large","max-video-preview":"max-video-preview:-1"},"canonical":"https:\/\/choketopus.com\/de\/produkt\/captain-mint-deodorant-na-vybaveni-a-boty\/","og_locale":"de_DE","og_type":"article","og_title":"Captain Mint Deodorant f\u00fcr Ausr\u00fcstung und Schuhe - Choketopus.com","og_description":"Befreien Sie sich von unangenehmen Ger\u00fcchen durch die Verwendung von \u00e4therischen \u00d6len im Captain Mint Deodorant. 100% nat\u00fcrliche Formel beseitigt unangenehme Ger\u00fcche mit den besten nat\u00fcrlichen \u00e4therischen \u00d6len. Starke nat\u00fcrliche Deodorants von Captain Mint enthalten mehr als 7 verschiedene \u00e4therische \u00d6le mit antiseptischen, antibakteriellen und fungiziden Eigenschaften, die selbst den hartn\u00e4ckigsten Geruch entfernen und Ihre Sachen sauber und frisch hinterlassen.","og_url":"https:\/\/choketopus.com\/de\/produkt\/captain-mint-deodorant-na-vybaveni-a-boty\/","og_site_name":"Choketopus.com","article_publisher":"https:\/\/www.facebook.com\/choketopus\/","article_modified_time":"2023-06-29T14:41:04+00:00","og_image":[{"width":417,"height":545,"url":"https:\/\/choketopus.com\/wp-content\/uploads\/2022\/09\/125782_captain-mint-levandula-cajovnik.jpg","type":"image\/jpeg"}],"twitter_card":"summary_large_image","twitter_site":"@choketopus","twitter_misc":{"Gesch\u00e4tzte Lesezeit":"1\u00a0Minute"},"schema":{"@context":"https:\/\/schema.org","@graph":[{"@type":"WebPage","@id":"https:\/\/choketopus.com\/de\/produkt\/captain-mint-deodorant-na-vybaveni-a-boty\/","url":"https:\/\/choketopus.com\/de\/produkt\/captain-mint-deodorant-na-vybaveni-a-boty\/","name":"Captain Mint Deodorant f\u00fcr Ausr\u00fcstung und Schuhe - Choketopus.com","isPartOf":{"@id":"https:\/\/choketopus.com\/#website"},"primaryImageOfPage":{"@id":"https:\/\/choketopus.com\/de\/produkt\/captain-mint-deodorant-na-vybaveni-a-boty\/#primaryimage"},"image":{"@id":"https:\/\/choketopus.com\/de\/produkt\/captain-mint-deodorant-na-vybaveni-a-boty\/#primaryimage"},"thumbnailUrl":"https:\/\/choketopus.com\/wp-content\/uploads\/2022\/09\/125782_captain-mint-levandula-cajovnik.jpg","datePublished":"2022-09-04T19:23:18+00:00","dateModified":"2023-06-29T14:41:04+00:00","breadcrumb":{"@id":"https:\/\/choketopus.com\/de\/produkt\/captain-mint-deodorant-na-vybaveni-a-boty\/#breadcrumb"},"inLanguage":"de","potentialAction":[{"@type":"ReadAction","target":["https:\/\/choketopus.com\/de\/produkt\/captain-mint-deodorant-na-vybaveni-a-boty\/"]}]},{"@type":"ImageObject","inLanguage":"de","@id":"https:\/\/choketopus.com\/de\/produkt\/captain-mint-deodorant-na-vybaveni-a-boty\/#primaryimage","url":"https:\/\/choketopus.com\/wp-content\/uploads\/2022\/09\/125782_captain-mint-levandula-cajovnik.jpg","contentUrl":"https:\/\/choketopus.com\/wp-content\/uploads\/2022\/09\/125782_captain-mint-levandula-cajovnik.jpg","width":417,"height":545},{"@type":"BreadcrumbList","@id":"https:\/\/choketopus.com\/de\/produkt\/captain-mint-deodorant-na-vybaveni-a-boty\/#breadcrumb","itemListElement":[{"@type":"ListItem","position":1,"name":"Dom\u016f","item":"https:\/\/choketopus.com\/de\/"},{"@type":"ListItem","position":2,"name":"Obchod","item":"https:\/\/choketopus.com\/de\/obchod\/"},{"@type":"ListItem","position":3,"name":"Captain Mint Deodorant f\u00fcr Ausr\u00fcstung und Schuhe"}]},{"@type":"WebSite","@id":"https:\/\/choketopus.com\/#website","url":"https:\/\/choketopus.com\/","name":"Choketopus.com","description":"Original clothing for submissions and choking","publisher":{"@id":"https:\/\/choketopus.com\/#organization"},"potentialAction":[{"@type":"SearchAction","target":{"@type":"EntryPoint","urlTemplate":"https:\/\/choketopus.com\/?s={search_term_string}"},"query-input":{"@type":"PropertyValueSpecification","valueRequired":true,"valueName":"search_term_string"}}],"inLanguage":"de"},{"@type":"Organization","@id":"https:\/\/choketopus.com\/#organization","name":"Rashguard.cz s.r.o.","url":"https:\/\/choketopus.com\/","logo":{"@type":"ImageObject","inLanguage":"de","@id":"https:\/\/choketopus.com\/#\/schema\/logo\/image\/","url":"","contentUrl":"","caption":"Rashguard.cz s.r.o."},"image":{"@id":"https:\/\/choketopus.com\/#\/schema\/logo\/image\/"},"sameAs":["https:\/\/www.facebook.com\/choketopus\/","https:\/\/x.com\/choketopus"]}]}},"_links":{"self":[{"href":"https:\/\/choketopus.com\/de\/wp-json\/wp\/v2\/product\/25533","targetHints":{"allow":["GET"]}}],"collection":[{"href":"https:\/\/choketopus.com\/de\/wp-json\/wp\/v2\/product"}],"about":[{"href":"https:\/\/choketopus.com\/de\/wp-json\/wp\/v2\/types\/product"}],"replies":[{"embeddable":true,"href":"https:\/\/choketopus.com\/de\/wp-json\/wp\/v2\/comments?post=25533"}],"wp:featuredmedia":[{"embeddable":true,"href":"https:\/\/choketopus.com\/de\/wp-json\/wp\/v2\/media\/24387"}],"wp:attachment":[{"href":"https:\/\/choketopus.com\/de\/wp-json\/wp\/v2\/media?parent=25533"}],"wp:term":[{"taxonomy":"product_brand","embeddable":true,"href":"https:\/\/choketopus.com\/de\/wp-json\/wp\/v2\/product_brand?post=25533"},{"taxonomy":"product_cat","embeddable":true,"href":"https:\/\/choketopus.com\/de\/wp-json\/wp\/v2\/product_cat?post=25533"},{"taxonomy":"product_tag","embeddable":true,"href":"https:\/\/choketopus.com\/de\/wp-json\/wp\/v2\/product_tag?post=25533"}],"curies":[{"name":"wp","href":"https:\/\/api.w.org\/{rel}","templated":true}]}}