{"id":25492,"date":"2022-09-17T19:08:27","date_gmt":"2022-09-17T17:08:27","guid":{"rendered":"https:\/\/choketopus.com\/produkt\/geisha-shorts\/"},"modified":"2023-06-29T15:19:48","modified_gmt":"2023-06-29T13:19:48","slug":"geisha-kratasy","status":"publish","type":"product","link":"https:\/\/choketopus.com\/de\/produkt\/geisha-kratasy\/","title":{"rendered":"GEISHA \/ Shorts"},"content":{"rendered":"<p>Wir haben f\u00fcr Sie konkurrenzlose Shorts, die bis zum letzten Stich in der Tschechischen Republik hergestellt wurden. Die Shorts bestehen aus strapazierf\u00e4higem Polyester, aber die elastische Leiste, die auf der Innenseite der Oberschenkel eingen\u00e4ht ist, erm\u00f6glicht Ihnen freie Bewegung bei akrobatischen Positionen und hohen Tritten. Ein elastischer Streifen l\u00e4uft durch die Taille, den Sie mit festen Schn\u00fcren festziehen und mit einem Trockenrei\u00dfverschluss sichern k\u00f6nnen. Die Shorts bieten Freiheit, halten aber die h\u00e4rteste Belastung aus und trocknen zudem schnell nach dem Waschen. Was k\u00f6nnen Sie mehr von Shorts f\u00fcr die Matte und Sport erwarten?<\/p>\n","protected":false},"excerpt":{"rendered":"<p><strong>Die Geisha-Shorts<\/strong> sind Teil unserer <strong>&#8222;Mythisches Japan&#8220;<\/strong> Kollektion. Gaisha ist ein japanisches Wort f\u00fcr eine <strong>sch\u00f6ne und intelligente Begleiterin<\/strong> und genauso ist diese. Sie wird Sie in Ihren Shorts auch in die brutalsten K\u00e4mpfe oder alle sportlichen Abenteuer begleiten.<\/p>\n<p>Die Gr\u00f6\u00dfe entspricht der Taillenweite (genaue Gr\u00f6\u00dfentabelle unten)<\/p>\n<p>*Die Produktion von ma\u00dfgeschneiderten Shorts dauert 3-4 Wochen.<\/p>\n<p>&nbsp;<\/p>\n","protected":false},"featured_media":24443,"comment_status":"open","ping_status":"closed","template":"","meta":[],"product_brand":[],"product_cat":[559,596,561],"product_tag":[585,623,636,637,622,620],"class_list":{"0":"post-25492","1":"product","2":"type-product","3":"status-publish","4":"has-post-thumbnail","6":"product_cat-herren","7":"product_cat-marchenhaftes-japan","8":"product_cat-shorts-de","9":"product_tag-bjj-de","10":"product_tag-brazilian-jiu-jitsu-de","11":"product_tag-featured-de","12":"product_tag-get-tangled-de","13":"product_tag-krav-maga-de","14":"product_tag-mma-de","15":"description-off","17":"first","18":"instock","19":"featured","20":"taxable","21":"shipping-taxable","22":"purchasable","23":"product-type-variable","24":"has-default-attributes"},"yoast_head":"<!-- This site is optimized with the Yoast SEO plugin v27.4 - https:\/\/yoast.com\/product\/yoast-seo-wordpress\/ -->\n<title>GEISHA \/ Shorts - Choketopus.com<\/title>\n<meta name=\"description\" content=\"Tolle Shorts f\u00fcr MMA und BJJ. In den Shorts werden Sie sich ohne jegliche Einschr\u00e4nkung f\u00fchlen, dank innovativem Schnitt und dem widerstandsf\u00e4higsten Material.\" \/>\n<meta name=\"robots\" content=\"index, follow, max-snippet:-1, max-image-preview:large, max-video-preview:-1\" \/>\n<link rel=\"canonical\" href=\"https:\/\/choketopus.com\/de\/produkt\/geisha-kratasy\/\" \/>\n<meta property=\"og:locale\" content=\"de_DE\" \/>\n<meta property=\"og:type\" content=\"article\" \/>\n<meta property=\"og:title\" content=\"GEISHA \/ Shorts - Choketopus.com\" \/>\n<meta property=\"og:description\" content=\"Tolle Shorts f\u00fcr MMA und BJJ. In den Shorts werden Sie sich ohne jegliche Einschr\u00e4nkung f\u00fchlen, dank innovativem Schnitt und dem widerstandsf\u00e4higsten Material.\" \/>\n<meta property=\"og:url\" content=\"https:\/\/choketopus.com\/de\/produkt\/geisha-kratasy\/\" \/>\n<meta property=\"og:site_name\" content=\"Choketopus.com\" \/>\n<meta property=\"article:publisher\" content=\"https:\/\/www.facebook.com\/choketopus\/\" \/>\n<meta property=\"article:modified_time\" content=\"2023-06-29T13:19:48+00:00\" \/>\n<meta property=\"og:image\" content=\"https:\/\/choketopus.com\/wp-content\/uploads\/2022\/09\/MBI07318.jpg\" \/>\n\t<meta property=\"og:image:width\" content=\"459\" \/>\n\t<meta property=\"og:image:height\" content=\"600\" \/>\n\t<meta property=\"og:image:type\" content=\"image\/jpeg\" \/>\n<meta name=\"twitter:card\" content=\"summary_large_image\" \/>\n<meta name=\"twitter:site\" content=\"@choketopus\" \/>\n<meta name=\"twitter:label1\" content=\"Gesch\u00e4tzte Lesezeit\" \/>\n\t<meta name=\"twitter:data1\" content=\"1\u00a0Minute\" \/>\n<script type=\"application\/ld+json\" class=\"yoast-schema-graph\">{\"@context\":\"https:\\\/\\\/schema.org\",\"@graph\":[{\"@type\":\"WebPage\",\"@id\":\"https:\\\/\\\/choketopus.com\\\/de\\\/produkt\\\/geisha-kratasy\\\/\",\"url\":\"https:\\\/\\\/choketopus.com\\\/de\\\/produkt\\\/geisha-kratasy\\\/\",\"name\":\"GEISHA \\\/ Shorts - Choketopus.com\",\"isPartOf\":{\"@id\":\"https:\\\/\\\/choketopus.com\\\/#website\"},\"primaryImageOfPage\":{\"@id\":\"https:\\\/\\\/choketopus.com\\\/de\\\/produkt\\\/geisha-kratasy\\\/#primaryimage\"},\"image\":{\"@id\":\"https:\\\/\\\/choketopus.com\\\/de\\\/produkt\\\/geisha-kratasy\\\/#primaryimage\"},\"thumbnailUrl\":\"https:\\\/\\\/choketopus.com\\\/wp-content\\\/uploads\\\/2022\\\/09\\\/MBI07318.jpg\",\"datePublished\":\"2022-09-17T17:08:27+00:00\",\"dateModified\":\"2023-06-29T13:19:48+00:00\",\"description\":\"Tolle Shorts f\u00fcr MMA und BJJ. In den Shorts werden Sie sich ohne jegliche Einschr\u00e4nkung f\u00fchlen, dank innovativem Schnitt und dem widerstandsf\u00e4higsten Material.\",\"breadcrumb\":{\"@id\":\"https:\\\/\\\/choketopus.com\\\/de\\\/produkt\\\/geisha-kratasy\\\/#breadcrumb\"},\"inLanguage\":\"de\",\"potentialAction\":[{\"@type\":\"ReadAction\",\"target\":[\"https:\\\/\\\/choketopus.com\\\/de\\\/produkt\\\/geisha-kratasy\\\/\"]}]},{\"@type\":\"ImageObject\",\"inLanguage\":\"de\",\"@id\":\"https:\\\/\\\/choketopus.com\\\/de\\\/produkt\\\/geisha-kratasy\\\/#primaryimage\",\"url\":\"https:\\\/\\\/choketopus.com\\\/wp-content\\\/uploads\\\/2022\\\/09\\\/MBI07318.jpg\",\"contentUrl\":\"https:\\\/\\\/choketopus.com\\\/wp-content\\\/uploads\\\/2022\\\/09\\\/MBI07318.jpg\",\"width\":459,\"height\":600},{\"@type\":\"BreadcrumbList\",\"@id\":\"https:\\\/\\\/choketopus.com\\\/de\\\/produkt\\\/geisha-kratasy\\\/#breadcrumb\",\"itemListElement\":[{\"@type\":\"ListItem\",\"position\":1,\"name\":\"Dom\u016f\",\"item\":\"https:\\\/\\\/choketopus.com\\\/de\\\/\"},{\"@type\":\"ListItem\",\"position\":2,\"name\":\"Obchod\",\"item\":\"https:\\\/\\\/choketopus.com\\\/de\\\/obchod\\\/\"},{\"@type\":\"ListItem\",\"position\":3,\"name\":\"GEISHA \\\/ Shorts\"}]},{\"@type\":\"WebSite\",\"@id\":\"https:\\\/\\\/choketopus.com\\\/#website\",\"url\":\"https:\\\/\\\/choketopus.com\\\/\",\"name\":\"Choketopus.com\",\"description\":\"Original clothing for submissions and choking\",\"publisher\":{\"@id\":\"https:\\\/\\\/choketopus.com\\\/#organization\"},\"potentialAction\":[{\"@type\":\"SearchAction\",\"target\":{\"@type\":\"EntryPoint\",\"urlTemplate\":\"https:\\\/\\\/choketopus.com\\\/?s={search_term_string}\"},\"query-input\":{\"@type\":\"PropertyValueSpecification\",\"valueRequired\":true,\"valueName\":\"search_term_string\"}}],\"inLanguage\":\"de\"},{\"@type\":\"Organization\",\"@id\":\"https:\\\/\\\/choketopus.com\\\/#organization\",\"name\":\"Rashguard.cz s.r.o.\",\"url\":\"https:\\\/\\\/choketopus.com\\\/\",\"logo\":{\"@type\":\"ImageObject\",\"inLanguage\":\"de\",\"@id\":\"https:\\\/\\\/choketopus.com\\\/#\\\/schema\\\/logo\\\/image\\\/\",\"url\":\"\",\"contentUrl\":\"\",\"caption\":\"Rashguard.cz s.r.o.\"},\"image\":{\"@id\":\"https:\\\/\\\/choketopus.com\\\/#\\\/schema\\\/logo\\\/image\\\/\"},\"sameAs\":[\"https:\\\/\\\/www.facebook.com\\\/choketopus\\\/\",\"https:\\\/\\\/x.com\\\/choketopus\"]}]}<\/script>\n<!-- \/ Yoast SEO plugin. -->","yoast_head_json":{"title":"GEISHA \/ Shorts - Choketopus.com","description":"Tolle Shorts f\u00fcr MMA und BJJ. In den Shorts werden Sie sich ohne jegliche Einschr\u00e4nkung f\u00fchlen, dank innovativem Schnitt und dem widerstandsf\u00e4higsten Material.","robots":{"index":"index","follow":"follow","max-snippet":"max-snippet:-1","max-image-preview":"max-image-preview:large","max-video-preview":"max-video-preview:-1"},"canonical":"https:\/\/choketopus.com\/de\/produkt\/geisha-kratasy\/","og_locale":"de_DE","og_type":"article","og_title":"GEISHA \/ Shorts - Choketopus.com","og_description":"Tolle Shorts f\u00fcr MMA und BJJ. In den Shorts werden Sie sich ohne jegliche Einschr\u00e4nkung f\u00fchlen, dank innovativem Schnitt und dem widerstandsf\u00e4higsten Material.","og_url":"https:\/\/choketopus.com\/de\/produkt\/geisha-kratasy\/","og_site_name":"Choketopus.com","article_publisher":"https:\/\/www.facebook.com\/choketopus\/","article_modified_time":"2023-06-29T13:19:48+00:00","og_image":[{"width":459,"height":600,"url":"https:\/\/choketopus.com\/wp-content\/uploads\/2022\/09\/MBI07318.jpg","type":"image\/jpeg"}],"twitter_card":"summary_large_image","twitter_site":"@choketopus","twitter_misc":{"Gesch\u00e4tzte Lesezeit":"1\u00a0Minute"},"schema":{"@context":"https:\/\/schema.org","@graph":[{"@type":"WebPage","@id":"https:\/\/choketopus.com\/de\/produkt\/geisha-kratasy\/","url":"https:\/\/choketopus.com\/de\/produkt\/geisha-kratasy\/","name":"GEISHA \/ Shorts - Choketopus.com","isPartOf":{"@id":"https:\/\/choketopus.com\/#website"},"primaryImageOfPage":{"@id":"https:\/\/choketopus.com\/de\/produkt\/geisha-kratasy\/#primaryimage"},"image":{"@id":"https:\/\/choketopus.com\/de\/produkt\/geisha-kratasy\/#primaryimage"},"thumbnailUrl":"https:\/\/choketopus.com\/wp-content\/uploads\/2022\/09\/MBI07318.jpg","datePublished":"2022-09-17T17:08:27+00:00","dateModified":"2023-06-29T13:19:48+00:00","description":"Tolle Shorts f\u00fcr MMA und BJJ. In den Shorts werden Sie sich ohne jegliche Einschr\u00e4nkung f\u00fchlen, dank innovativem Schnitt und dem widerstandsf\u00e4higsten Material.","breadcrumb":{"@id":"https:\/\/choketopus.com\/de\/produkt\/geisha-kratasy\/#breadcrumb"},"inLanguage":"de","potentialAction":[{"@type":"ReadAction","target":["https:\/\/choketopus.com\/de\/produkt\/geisha-kratasy\/"]}]},{"@type":"ImageObject","inLanguage":"de","@id":"https:\/\/choketopus.com\/de\/produkt\/geisha-kratasy\/#primaryimage","url":"https:\/\/choketopus.com\/wp-content\/uploads\/2022\/09\/MBI07318.jpg","contentUrl":"https:\/\/choketopus.com\/wp-content\/uploads\/2022\/09\/MBI07318.jpg","width":459,"height":600},{"@type":"BreadcrumbList","@id":"https:\/\/choketopus.com\/de\/produkt\/geisha-kratasy\/#breadcrumb","itemListElement":[{"@type":"ListItem","position":1,"name":"Dom\u016f","item":"https:\/\/choketopus.com\/de\/"},{"@type":"ListItem","position":2,"name":"Obchod","item":"https:\/\/choketopus.com\/de\/obchod\/"},{"@type":"ListItem","position":3,"name":"GEISHA \/ Shorts"}]},{"@type":"WebSite","@id":"https:\/\/choketopus.com\/#website","url":"https:\/\/choketopus.com\/","name":"Choketopus.com","description":"Original clothing for submissions and choking","publisher":{"@id":"https:\/\/choketopus.com\/#organization"},"potentialAction":[{"@type":"SearchAction","target":{"@type":"EntryPoint","urlTemplate":"https:\/\/choketopus.com\/?s={search_term_string}"},"query-input":{"@type":"PropertyValueSpecification","valueRequired":true,"valueName":"search_term_string"}}],"inLanguage":"de"},{"@type":"Organization","@id":"https:\/\/choketopus.com\/#organization","name":"Rashguard.cz s.r.o.","url":"https:\/\/choketopus.com\/","logo":{"@type":"ImageObject","inLanguage":"de","@id":"https:\/\/choketopus.com\/#\/schema\/logo\/image\/","url":"","contentUrl":"","caption":"Rashguard.cz s.r.o."},"image":{"@id":"https:\/\/choketopus.com\/#\/schema\/logo\/image\/"},"sameAs":["https:\/\/www.facebook.com\/choketopus\/","https:\/\/x.com\/choketopus"]}]}},"_links":{"self":[{"href":"https:\/\/choketopus.com\/de\/wp-json\/wp\/v2\/product\/25492","targetHints":{"allow":["GET"]}}],"collection":[{"href":"https:\/\/choketopus.com\/de\/wp-json\/wp\/v2\/product"}],"about":[{"href":"https:\/\/choketopus.com\/de\/wp-json\/wp\/v2\/types\/product"}],"replies":[{"embeddable":true,"href":"https:\/\/choketopus.com\/de\/wp-json\/wp\/v2\/comments?post=25492"}],"wp:featuredmedia":[{"embeddable":true,"href":"https:\/\/choketopus.com\/de\/wp-json\/wp\/v2\/media\/24443"}],"wp:attachment":[{"href":"https:\/\/choketopus.com\/de\/wp-json\/wp\/v2\/media?parent=25492"}],"wp:term":[{"taxonomy":"product_brand","embeddable":true,"href":"https:\/\/choketopus.com\/de\/wp-json\/wp\/v2\/product_brand?post=25492"},{"taxonomy":"product_cat","embeddable":true,"href":"https:\/\/choketopus.com\/de\/wp-json\/wp\/v2\/product_cat?post=25492"},{"taxonomy":"product_tag","embeddable":true,"href":"https:\/\/choketopus.com\/de\/wp-json\/wp\/v2\/product_tag?post=25492"}],"curies":[{"name":"wp","href":"https:\/\/api.w.org\/{rel}","templated":true}]}}