{"id":25366,"date":"2023-02-28T12:43:43","date_gmt":"2023-02-28T11:43:43","guid":{"rendered":"https:\/\/choketopus.com\/produkt\/ussuri-crane-gi-hose\/"},"modified":"2023-12-01T00:24:27","modified_gmt":"2023-11-30T23:24:27","slug":"ussuri-crane-gi-kalhoty","status":"publish","type":"product","link":"https:\/\/choketopus.com\/de\/produkt\/ussuri-crane-gi-kalhoty\/","title":{"rendered":"USSURI CRANE GI \/ Hose"},"content":{"rendered":"<p>Bisher konnten wir in Tschechien nicht die gew\u00fcnschte Verarbeitungsqualit\u00e4t finden, daher haben wir uns entschieden, direkt beim Hersteller in Pakistan zu produzieren, der f\u00fcr weltbekannte Marken herstellt. Die direkte Kommunikation mit dem Hersteller erm\u00f6glicht es uns, den gesamten Produktionsprozess zu beeinflussen und jedes letzte Detail zu optimieren.<\/p>\n<p>&nbsp;<\/p>\n<p><em><strong>*Gr\u00f6\u00dfentabelle zwischen den Bildern<\/strong><\/em><\/p>\n<p>&nbsp;<\/p>\n<p><b>Gi Jacke:<\/b><\/p>\n<ul>\n<li>Hergestellt aus 450 g\/m2 High Tech Pearl Weave Stoff<\/li>\n<li>Sublimationsdruck auf der Innenseite<\/li>\n<li>Themenbezogene Patches im Voraus aufgen\u00e4ht<\/li>\n<li>95% vorgewaschen<\/li>\n<\/ul>\n<p><b>Hose:<\/b><\/p>\n<ul>\n<li>10 oz Rip Stop<\/li>\n<li>Sublimationsdruck<\/li>\n<\/ul>\n","protected":false},"excerpt":{"rendered":"<p>Neuer Schnitt, besseres Design, gleichbleibend kompromisslose Qualit\u00e4t. Die neue CHKTPS Kimono-Kollektion Ussuri CRANE<\/p>\n<p>Wir haben eure Bitten geh\u00f6rt, wir verstehen, dass nicht jeder dasselbe ist und ihm das ganze Set passt, daher verkaufen wir nun Jacke und Hose separat. So k\u00f6nnt ihr verschiedene Gr\u00f6\u00dfen w\u00e4hlen, je nachdem, was euch besser passt. Der Preis bleibt jedoch derselbe wie f\u00fcr das komplette Set!<\/p>\n<p>&#8222;XIAN HE&#8220; oder der m\u00e4rchenhafte Kranich ist das Hauptmotiv des gesamten Kimonos. In Japan werden Kraniche als Symbol f\u00fcr Erhabenheit, Eleganz und Unsterblichkeit verehrt. Und genau diese Unsterblichkeit bringt das Kimono auch dir. Ob bei Wettk\u00e4mpfen oder beim Training&#8230; Du wirst als Letzter stehen bleiben!<\/p>\n","protected":false},"featured_media":24349,"comment_status":"open","ping_status":"closed","template":"","meta":[],"product_brand":[],"product_cat":[583],"product_tag":[],"class_list":{"0":"post-25366","1":"product","2":"type-product","3":"status-publish","4":"has-post-thumbnail","6":"product_cat-kimonos","7":"description-off","9":"first","10":"instock","11":"taxable","12":"shipping-taxable","13":"purchasable","14":"product-type-variable","15":"has-default-attributes"},"yoast_head":"<!-- This site is optimized with the Yoast SEO plugin v27.4 - https:\/\/yoast.com\/product\/yoast-seo-wordpress\/ -->\n<title>USSURI CRANE GI \/ Hose - Choketopus.com<\/title>\n<meta name=\"description\" content=\"Premium Kimono mit dem Design der legend\u00e4ren japanischen Kraniche. Neuer Schnitt, kompromisslose Qualit\u00e4t und konkurrenzloses Design. Dieses BJJ-Kimono muss man haben!\" \/>\n<meta name=\"robots\" content=\"index, follow, max-snippet:-1, max-image-preview:large, max-video-preview:-1\" \/>\n<link rel=\"canonical\" href=\"https:\/\/choketopus.com\/de\/produkt\/ussuri-crane-gi-kalhoty\/\" \/>\n<meta property=\"og:locale\" content=\"de_DE\" \/>\n<meta property=\"og:type\" content=\"article\" \/>\n<meta property=\"og:title\" content=\"USSURI CRANE GI \/ Hose - Choketopus.com\" \/>\n<meta property=\"og:description\" content=\"Premium Kimono mit dem Design der legend\u00e4ren japanischen Kraniche. Neuer Schnitt, kompromisslose Qualit\u00e4t und konkurrenzloses Design. Dieses BJJ-Kimono muss man haben!\" \/>\n<meta property=\"og:url\" content=\"https:\/\/choketopus.com\/de\/produkt\/ussuri-crane-gi-kalhoty\/\" \/>\n<meta property=\"og:site_name\" content=\"Choketopus.com\" \/>\n<meta property=\"article:publisher\" content=\"https:\/\/www.facebook.com\/choketopus\/\" \/>\n<meta property=\"article:modified_time\" content=\"2023-11-30T23:24:27+00:00\" \/>\n<meta property=\"og:image\" content=\"https:\/\/choketopus.com\/wp-content\/uploads\/2022\/04\/MBI00728.jpg\" \/>\n\t<meta property=\"og:image:width\" content=\"459\" \/>\n\t<meta property=\"og:image:height\" content=\"600\" \/>\n\t<meta property=\"og:image:type\" content=\"image\/jpeg\" \/>\n<meta name=\"twitter:card\" content=\"summary_large_image\" \/>\n<meta name=\"twitter:site\" content=\"@choketopus\" \/>\n<meta name=\"twitter:label1\" content=\"Gesch\u00e4tzte Lesezeit\" \/>\n\t<meta name=\"twitter:data1\" content=\"1\u00a0Minute\" \/>\n<script type=\"application\/ld+json\" class=\"yoast-schema-graph\">{\"@context\":\"https:\\\/\\\/schema.org\",\"@graph\":[{\"@type\":\"WebPage\",\"@id\":\"https:\\\/\\\/choketopus.com\\\/de\\\/produkt\\\/ussuri-crane-gi-kalhoty\\\/\",\"url\":\"https:\\\/\\\/choketopus.com\\\/de\\\/produkt\\\/ussuri-crane-gi-kalhoty\\\/\",\"name\":\"USSURI CRANE GI \\\/ Hose - Choketopus.com\",\"isPartOf\":{\"@id\":\"https:\\\/\\\/choketopus.com\\\/#website\"},\"primaryImageOfPage\":{\"@id\":\"https:\\\/\\\/choketopus.com\\\/de\\\/produkt\\\/ussuri-crane-gi-kalhoty\\\/#primaryimage\"},\"image\":{\"@id\":\"https:\\\/\\\/choketopus.com\\\/de\\\/produkt\\\/ussuri-crane-gi-kalhoty\\\/#primaryimage\"},\"thumbnailUrl\":\"https:\\\/\\\/choketopus.com\\\/wp-content\\\/uploads\\\/2022\\\/04\\\/MBI00728.jpg\",\"datePublished\":\"2023-02-28T11:43:43+00:00\",\"dateModified\":\"2023-11-30T23:24:27+00:00\",\"description\":\"Premium Kimono mit dem Design der legend\u00e4ren japanischen Kraniche. Neuer Schnitt, kompromisslose Qualit\u00e4t und konkurrenzloses Design. Dieses BJJ-Kimono muss man haben!\",\"breadcrumb\":{\"@id\":\"https:\\\/\\\/choketopus.com\\\/de\\\/produkt\\\/ussuri-crane-gi-kalhoty\\\/#breadcrumb\"},\"inLanguage\":\"de\",\"potentialAction\":[{\"@type\":\"ReadAction\",\"target\":[\"https:\\\/\\\/choketopus.com\\\/de\\\/produkt\\\/ussuri-crane-gi-kalhoty\\\/\"]}]},{\"@type\":\"ImageObject\",\"inLanguage\":\"de\",\"@id\":\"https:\\\/\\\/choketopus.com\\\/de\\\/produkt\\\/ussuri-crane-gi-kalhoty\\\/#primaryimage\",\"url\":\"https:\\\/\\\/choketopus.com\\\/wp-content\\\/uploads\\\/2022\\\/04\\\/MBI00728.jpg\",\"contentUrl\":\"https:\\\/\\\/choketopus.com\\\/wp-content\\\/uploads\\\/2022\\\/04\\\/MBI00728.jpg\",\"width\":459,\"height\":600},{\"@type\":\"BreadcrumbList\",\"@id\":\"https:\\\/\\\/choketopus.com\\\/de\\\/produkt\\\/ussuri-crane-gi-kalhoty\\\/#breadcrumb\",\"itemListElement\":[{\"@type\":\"ListItem\",\"position\":1,\"name\":\"Dom\u016f\",\"item\":\"https:\\\/\\\/choketopus.com\\\/de\\\/\"},{\"@type\":\"ListItem\",\"position\":2,\"name\":\"Obchod\",\"item\":\"https:\\\/\\\/choketopus.com\\\/de\\\/obchod\\\/\"},{\"@type\":\"ListItem\",\"position\":3,\"name\":\"USSURI CRANE GI \\\/ Hose\"}]},{\"@type\":\"WebSite\",\"@id\":\"https:\\\/\\\/choketopus.com\\\/#website\",\"url\":\"https:\\\/\\\/choketopus.com\\\/\",\"name\":\"Choketopus.com\",\"description\":\"Original clothing for submissions and choking\",\"publisher\":{\"@id\":\"https:\\\/\\\/choketopus.com\\\/#organization\"},\"potentialAction\":[{\"@type\":\"SearchAction\",\"target\":{\"@type\":\"EntryPoint\",\"urlTemplate\":\"https:\\\/\\\/choketopus.com\\\/?s={search_term_string}\"},\"query-input\":{\"@type\":\"PropertyValueSpecification\",\"valueRequired\":true,\"valueName\":\"search_term_string\"}}],\"inLanguage\":\"de\"},{\"@type\":\"Organization\",\"@id\":\"https:\\\/\\\/choketopus.com\\\/#organization\",\"name\":\"Rashguard.cz s.r.o.\",\"url\":\"https:\\\/\\\/choketopus.com\\\/\",\"logo\":{\"@type\":\"ImageObject\",\"inLanguage\":\"de\",\"@id\":\"https:\\\/\\\/choketopus.com\\\/#\\\/schema\\\/logo\\\/image\\\/\",\"url\":\"\",\"contentUrl\":\"\",\"caption\":\"Rashguard.cz s.r.o.\"},\"image\":{\"@id\":\"https:\\\/\\\/choketopus.com\\\/#\\\/schema\\\/logo\\\/image\\\/\"},\"sameAs\":[\"https:\\\/\\\/www.facebook.com\\\/choketopus\\\/\",\"https:\\\/\\\/x.com\\\/choketopus\"]}]}<\/script>\n<!-- \/ Yoast SEO plugin. -->","yoast_head_json":{"title":"USSURI CRANE GI \/ Hose - Choketopus.com","description":"Premium Kimono mit dem Design der legend\u00e4ren japanischen Kraniche. Neuer Schnitt, kompromisslose Qualit\u00e4t und konkurrenzloses Design. Dieses BJJ-Kimono muss man haben!","robots":{"index":"index","follow":"follow","max-snippet":"max-snippet:-1","max-image-preview":"max-image-preview:large","max-video-preview":"max-video-preview:-1"},"canonical":"https:\/\/choketopus.com\/de\/produkt\/ussuri-crane-gi-kalhoty\/","og_locale":"de_DE","og_type":"article","og_title":"USSURI CRANE GI \/ Hose - Choketopus.com","og_description":"Premium Kimono mit dem Design der legend\u00e4ren japanischen Kraniche. Neuer Schnitt, kompromisslose Qualit\u00e4t und konkurrenzloses Design. Dieses BJJ-Kimono muss man haben!","og_url":"https:\/\/choketopus.com\/de\/produkt\/ussuri-crane-gi-kalhoty\/","og_site_name":"Choketopus.com","article_publisher":"https:\/\/www.facebook.com\/choketopus\/","article_modified_time":"2023-11-30T23:24:27+00:00","og_image":[{"width":459,"height":600,"url":"https:\/\/choketopus.com\/wp-content\/uploads\/2022\/04\/MBI00728.jpg","type":"image\/jpeg"}],"twitter_card":"summary_large_image","twitter_site":"@choketopus","twitter_misc":{"Gesch\u00e4tzte Lesezeit":"1\u00a0Minute"},"schema":{"@context":"https:\/\/schema.org","@graph":[{"@type":"WebPage","@id":"https:\/\/choketopus.com\/de\/produkt\/ussuri-crane-gi-kalhoty\/","url":"https:\/\/choketopus.com\/de\/produkt\/ussuri-crane-gi-kalhoty\/","name":"USSURI CRANE GI \/ Hose - Choketopus.com","isPartOf":{"@id":"https:\/\/choketopus.com\/#website"},"primaryImageOfPage":{"@id":"https:\/\/choketopus.com\/de\/produkt\/ussuri-crane-gi-kalhoty\/#primaryimage"},"image":{"@id":"https:\/\/choketopus.com\/de\/produkt\/ussuri-crane-gi-kalhoty\/#primaryimage"},"thumbnailUrl":"https:\/\/choketopus.com\/wp-content\/uploads\/2022\/04\/MBI00728.jpg","datePublished":"2023-02-28T11:43:43+00:00","dateModified":"2023-11-30T23:24:27+00:00","description":"Premium Kimono mit dem Design der legend\u00e4ren japanischen Kraniche. Neuer Schnitt, kompromisslose Qualit\u00e4t und konkurrenzloses Design. Dieses BJJ-Kimono muss man haben!","breadcrumb":{"@id":"https:\/\/choketopus.com\/de\/produkt\/ussuri-crane-gi-kalhoty\/#breadcrumb"},"inLanguage":"de","potentialAction":[{"@type":"ReadAction","target":["https:\/\/choketopus.com\/de\/produkt\/ussuri-crane-gi-kalhoty\/"]}]},{"@type":"ImageObject","inLanguage":"de","@id":"https:\/\/choketopus.com\/de\/produkt\/ussuri-crane-gi-kalhoty\/#primaryimage","url":"https:\/\/choketopus.com\/wp-content\/uploads\/2022\/04\/MBI00728.jpg","contentUrl":"https:\/\/choketopus.com\/wp-content\/uploads\/2022\/04\/MBI00728.jpg","width":459,"height":600},{"@type":"BreadcrumbList","@id":"https:\/\/choketopus.com\/de\/produkt\/ussuri-crane-gi-kalhoty\/#breadcrumb","itemListElement":[{"@type":"ListItem","position":1,"name":"Dom\u016f","item":"https:\/\/choketopus.com\/de\/"},{"@type":"ListItem","position":2,"name":"Obchod","item":"https:\/\/choketopus.com\/de\/obchod\/"},{"@type":"ListItem","position":3,"name":"USSURI CRANE GI \/ Hose"}]},{"@type":"WebSite","@id":"https:\/\/choketopus.com\/#website","url":"https:\/\/choketopus.com\/","name":"Choketopus.com","description":"Original clothing for submissions and choking","publisher":{"@id":"https:\/\/choketopus.com\/#organization"},"potentialAction":[{"@type":"SearchAction","target":{"@type":"EntryPoint","urlTemplate":"https:\/\/choketopus.com\/?s={search_term_string}"},"query-input":{"@type":"PropertyValueSpecification","valueRequired":true,"valueName":"search_term_string"}}],"inLanguage":"de"},{"@type":"Organization","@id":"https:\/\/choketopus.com\/#organization","name":"Rashguard.cz s.r.o.","url":"https:\/\/choketopus.com\/","logo":{"@type":"ImageObject","inLanguage":"de","@id":"https:\/\/choketopus.com\/#\/schema\/logo\/image\/","url":"","contentUrl":"","caption":"Rashguard.cz s.r.o."},"image":{"@id":"https:\/\/choketopus.com\/#\/schema\/logo\/image\/"},"sameAs":["https:\/\/www.facebook.com\/choketopus\/","https:\/\/x.com\/choketopus"]}]}},"_links":{"self":[{"href":"https:\/\/choketopus.com\/de\/wp-json\/wp\/v2\/product\/25366","targetHints":{"allow":["GET"]}}],"collection":[{"href":"https:\/\/choketopus.com\/de\/wp-json\/wp\/v2\/product"}],"about":[{"href":"https:\/\/choketopus.com\/de\/wp-json\/wp\/v2\/types\/product"}],"replies":[{"embeddable":true,"href":"https:\/\/choketopus.com\/de\/wp-json\/wp\/v2\/comments?post=25366"}],"wp:featuredmedia":[{"embeddable":true,"href":"https:\/\/choketopus.com\/de\/wp-json\/wp\/v2\/media\/24349"}],"wp:attachment":[{"href":"https:\/\/choketopus.com\/de\/wp-json\/wp\/v2\/media?parent=25366"}],"wp:term":[{"taxonomy":"product_brand","embeddable":true,"href":"https:\/\/choketopus.com\/de\/wp-json\/wp\/v2\/product_brand?post=25366"},{"taxonomy":"product_cat","embeddable":true,"href":"https:\/\/choketopus.com\/de\/wp-json\/wp\/v2\/product_cat?post=25366"},{"taxonomy":"product_tag","embeddable":true,"href":"https:\/\/choketopus.com\/de\/wp-json\/wp\/v2\/product_tag?post=25366"}],"curies":[{"name":"wp","href":"https:\/\/api.w.org\/{rel}","templated":true}]}}