{"id":25346,"date":"2023-03-06T08:57:54","date_gmt":"2023-03-06T07:57:54","guid":{"rendered":"https:\/\/choketopus.com\/produkt\/sakura-bjj-guertel-weiss-blau-lila-braun-schwarz\/"},"modified":"2023-11-26T18:46:02","modified_gmt":"2023-11-26T17:46:02","slug":"sakura-bjj-pasek-bily-modry-fialovy-hnedy-cerny","status":"publish","type":"product","link":"https:\/\/choketopus.com\/de\/produkt\/sakura-bjj-pasek-bily-modry-fialovy-hnedy-cerny\/","title":{"rendered":"SAKURA SALE \/ BJJ G\u00fcrtel &#8211; Wei\u00df, Blau, Lila, Braun, Schwarz"},"content":{"rendered":"<p>100% Baumwolle, pr\u00e4zise Verarbeitung.<br \/>\nHergestellt in Pakistan.<\/p>\n","protected":false},"excerpt":{"rendered":"<p><strong>ORIGINAL CLOTHING FOR SUBMISSIONS AND CLOTHING <\/strong><\/p>\n<p>Warten, was? Wir stellen dir unsere originale limitierte G\u00fcrtelkollektion vor!<\/p>\n<p><strong>Zum Kimono im japanischen Stil haben wir passende G\u00fcrtel mit Sakura-Motiv und gesticktem Schriftzug innen kreiert.<\/strong> Und warum ist die Edition limitiert? Weil sich in den Schriftzug ein kleiner Fehler eingeschlichen hat. Wichtig ist jedoch, den Fehler zuzugeben und daran zu arbeiten, dass es das n\u00e4chste Mal besser wird. Wir bedauern das, aber gleichzeitig entstand so eine originale Edition, die nicht mehr produziert wird\u2026.<\/p>\n<p>&nbsp;<\/p>\n<p><strong>Der Schriftzug erinnert dich, genauso wie uns, bei jedem Binden daran, wie wichtig es ist, aus Fehlern zu lernen und daran zu arbeiten.<\/strong><\/p>\n<p><strong>Zieh dir das &#8222;originale Anziehen f\u00fcr Submissionen und Anziehen&#8220; an und trage stolz auch das, was nicht ganz perfekt ist.<\/strong><\/p>\n","protected":false},"featured_media":24650,"comment_status":"open","ping_status":"closed","template":"","meta":[],"product_brand":[],"product_cat":[564,560,649,559,565],"product_tag":[],"class_list":{"0":"post-25346","1":"product","2":"type-product","3":"status-publish","4":"has-post-thumbnail","6":"product_cat-ausverkauf","7":"product_cat-damen","8":"product_cat-damen-ausverkauf","9":"product_cat-herren","10":"product_cat-herrenausverkauf","11":"description-off","13":"first","14":"instock","15":"sale","16":"taxable","17":"shipping-taxable","18":"purchasable","19":"product-type-variable","20":"has-default-attributes"},"yoast_head":"<!-- This site is optimized with the Yoast SEO plugin v27.4 - https:\/\/yoast.com\/product\/yoast-seo-wordpress\/ -->\n<title>SAKURA SALE \/ BJJ G\u00fcrtel - Wei\u00df, Blau, Lila, Braun, Schwarz - Choketopus.com<\/title>\n<meta name=\"description\" content=\"BJJ-G\u00fcrtel aus der Werkstatt von Choketopus. Qualit\u00e4tsg\u00fcrtel mit Motiven des japanischen Kirschbaums Sakura, ideal passend zum USSURI CRANE GI. Diesen G\u00fcrtel wirst du nicht mehr l\u00f6sen!\" \/>\n<meta name=\"robots\" content=\"index, follow, max-snippet:-1, max-image-preview:large, max-video-preview:-1\" \/>\n<link rel=\"canonical\" href=\"https:\/\/choketopus.com\/de\/produkt\/sakura-bjj-pasek-bily-modry-fialovy-hnedy-cerny\/\" \/>\n<meta property=\"og:locale\" content=\"de_DE\" \/>\n<meta property=\"og:type\" content=\"article\" \/>\n<meta property=\"og:title\" content=\"SAKURA SALE \/ BJJ G\u00fcrtel - Wei\u00df, Blau, Lila, Braun, Schwarz - Choketopus.com\" \/>\n<meta property=\"og:description\" content=\"BJJ-G\u00fcrtel aus der Werkstatt von Choketopus. Qualit\u00e4tsg\u00fcrtel mit Motiven des japanischen Kirschbaums Sakura, ideal passend zum USSURI CRANE GI. Diesen G\u00fcrtel wirst du nicht mehr l\u00f6sen!\" \/>\n<meta property=\"og:url\" content=\"https:\/\/choketopus.com\/de\/produkt\/sakura-bjj-pasek-bily-modry-fialovy-hnedy-cerny\/\" \/>\n<meta property=\"og:site_name\" content=\"Choketopus.com\" \/>\n<meta property=\"article:publisher\" content=\"https:\/\/www.facebook.com\/choketopus\/\" \/>\n<meta property=\"article:modified_time\" content=\"2023-11-26T17:46:02+00:00\" \/>\n<meta property=\"og:image\" content=\"https:\/\/choketopus.com\/wp-content\/uploads\/2023\/03\/DSC07827.jpg\" \/>\n\t<meta property=\"og:image:width\" content=\"1004\" \/>\n\t<meta property=\"og:image:height\" content=\"1504\" \/>\n\t<meta property=\"og:image:type\" content=\"image\/jpeg\" \/>\n<meta name=\"twitter:card\" content=\"summary_large_image\" \/>\n<meta name=\"twitter:site\" content=\"@choketopus\" \/>\n<script type=\"application\/ld+json\" class=\"yoast-schema-graph\">{\"@context\":\"https:\\\/\\\/schema.org\",\"@graph\":[{\"@type\":\"WebPage\",\"@id\":\"https:\\\/\\\/choketopus.com\\\/de\\\/produkt\\\/sakura-bjj-pasek-bily-modry-fialovy-hnedy-cerny\\\/\",\"url\":\"https:\\\/\\\/choketopus.com\\\/de\\\/produkt\\\/sakura-bjj-pasek-bily-modry-fialovy-hnedy-cerny\\\/\",\"name\":\"SAKURA SALE \\\/ BJJ G\u00fcrtel - Wei\u00df, Blau, Lila, Braun, Schwarz - Choketopus.com\",\"isPartOf\":{\"@id\":\"https:\\\/\\\/choketopus.com\\\/#website\"},\"primaryImageOfPage\":{\"@id\":\"https:\\\/\\\/choketopus.com\\\/de\\\/produkt\\\/sakura-bjj-pasek-bily-modry-fialovy-hnedy-cerny\\\/#primaryimage\"},\"image\":{\"@id\":\"https:\\\/\\\/choketopus.com\\\/de\\\/produkt\\\/sakura-bjj-pasek-bily-modry-fialovy-hnedy-cerny\\\/#primaryimage\"},\"thumbnailUrl\":\"https:\\\/\\\/choketopus.com\\\/wp-content\\\/uploads\\\/2023\\\/03\\\/DSC07827.jpg\",\"datePublished\":\"2023-03-06T07:57:54+00:00\",\"dateModified\":\"2023-11-26T17:46:02+00:00\",\"description\":\"BJJ-G\u00fcrtel aus der Werkstatt von Choketopus. Qualit\u00e4tsg\u00fcrtel mit Motiven des japanischen Kirschbaums Sakura, ideal passend zum USSURI CRANE GI. Diesen G\u00fcrtel wirst du nicht mehr l\u00f6sen!\",\"breadcrumb\":{\"@id\":\"https:\\\/\\\/choketopus.com\\\/de\\\/produkt\\\/sakura-bjj-pasek-bily-modry-fialovy-hnedy-cerny\\\/#breadcrumb\"},\"inLanguage\":\"de\",\"potentialAction\":[{\"@type\":\"ReadAction\",\"target\":[\"https:\\\/\\\/choketopus.com\\\/de\\\/produkt\\\/sakura-bjj-pasek-bily-modry-fialovy-hnedy-cerny\\\/\"]}]},{\"@type\":\"ImageObject\",\"inLanguage\":\"de\",\"@id\":\"https:\\\/\\\/choketopus.com\\\/de\\\/produkt\\\/sakura-bjj-pasek-bily-modry-fialovy-hnedy-cerny\\\/#primaryimage\",\"url\":\"https:\\\/\\\/choketopus.com\\\/wp-content\\\/uploads\\\/2023\\\/03\\\/DSC07827.jpg\",\"contentUrl\":\"https:\\\/\\\/choketopus.com\\\/wp-content\\\/uploads\\\/2023\\\/03\\\/DSC07827.jpg\",\"width\":1004,\"height\":1504},{\"@type\":\"BreadcrumbList\",\"@id\":\"https:\\\/\\\/choketopus.com\\\/de\\\/produkt\\\/sakura-bjj-pasek-bily-modry-fialovy-hnedy-cerny\\\/#breadcrumb\",\"itemListElement\":[{\"@type\":\"ListItem\",\"position\":1,\"name\":\"Dom\u016f\",\"item\":\"https:\\\/\\\/choketopus.com\\\/de\\\/\"},{\"@type\":\"ListItem\",\"position\":2,\"name\":\"Obchod\",\"item\":\"https:\\\/\\\/choketopus.com\\\/de\\\/obchod\\\/\"},{\"@type\":\"ListItem\",\"position\":3,\"name\":\"SAKURA SALE \\\/ BJJ G\u00fcrtel &#8211; Wei\u00df, Blau, Lila, Braun, Schwarz\"}]},{\"@type\":\"WebSite\",\"@id\":\"https:\\\/\\\/choketopus.com\\\/#website\",\"url\":\"https:\\\/\\\/choketopus.com\\\/\",\"name\":\"Choketopus.com\",\"description\":\"Original clothing for submissions and choking\",\"publisher\":{\"@id\":\"https:\\\/\\\/choketopus.com\\\/#organization\"},\"potentialAction\":[{\"@type\":\"SearchAction\",\"target\":{\"@type\":\"EntryPoint\",\"urlTemplate\":\"https:\\\/\\\/choketopus.com\\\/?s={search_term_string}\"},\"query-input\":{\"@type\":\"PropertyValueSpecification\",\"valueRequired\":true,\"valueName\":\"search_term_string\"}}],\"inLanguage\":\"de\"},{\"@type\":\"Organization\",\"@id\":\"https:\\\/\\\/choketopus.com\\\/#organization\",\"name\":\"Rashguard.cz s.r.o.\",\"url\":\"https:\\\/\\\/choketopus.com\\\/\",\"logo\":{\"@type\":\"ImageObject\",\"inLanguage\":\"de\",\"@id\":\"https:\\\/\\\/choketopus.com\\\/#\\\/schema\\\/logo\\\/image\\\/\",\"url\":\"\",\"contentUrl\":\"\",\"caption\":\"Rashguard.cz s.r.o.\"},\"image\":{\"@id\":\"https:\\\/\\\/choketopus.com\\\/#\\\/schema\\\/logo\\\/image\\\/\"},\"sameAs\":[\"https:\\\/\\\/www.facebook.com\\\/choketopus\\\/\",\"https:\\\/\\\/x.com\\\/choketopus\"]}]}<\/script>\n<!-- \/ Yoast SEO plugin. -->","yoast_head_json":{"title":"SAKURA SALE \/ BJJ G\u00fcrtel - Wei\u00df, Blau, Lila, Braun, Schwarz - Choketopus.com","description":"BJJ-G\u00fcrtel aus der Werkstatt von Choketopus. Qualit\u00e4tsg\u00fcrtel mit Motiven des japanischen Kirschbaums Sakura, ideal passend zum USSURI CRANE GI. Diesen G\u00fcrtel wirst du nicht mehr l\u00f6sen!","robots":{"index":"index","follow":"follow","max-snippet":"max-snippet:-1","max-image-preview":"max-image-preview:large","max-video-preview":"max-video-preview:-1"},"canonical":"https:\/\/choketopus.com\/de\/produkt\/sakura-bjj-pasek-bily-modry-fialovy-hnedy-cerny\/","og_locale":"de_DE","og_type":"article","og_title":"SAKURA SALE \/ BJJ G\u00fcrtel - Wei\u00df, Blau, Lila, Braun, Schwarz - Choketopus.com","og_description":"BJJ-G\u00fcrtel aus der Werkstatt von Choketopus. Qualit\u00e4tsg\u00fcrtel mit Motiven des japanischen Kirschbaums Sakura, ideal passend zum USSURI CRANE GI. Diesen G\u00fcrtel wirst du nicht mehr l\u00f6sen!","og_url":"https:\/\/choketopus.com\/de\/produkt\/sakura-bjj-pasek-bily-modry-fialovy-hnedy-cerny\/","og_site_name":"Choketopus.com","article_publisher":"https:\/\/www.facebook.com\/choketopus\/","article_modified_time":"2023-11-26T17:46:02+00:00","og_image":[{"width":1004,"height":1504,"url":"https:\/\/choketopus.com\/wp-content\/uploads\/2023\/03\/DSC07827.jpg","type":"image\/jpeg"}],"twitter_card":"summary_large_image","twitter_site":"@choketopus","schema":{"@context":"https:\/\/schema.org","@graph":[{"@type":"WebPage","@id":"https:\/\/choketopus.com\/de\/produkt\/sakura-bjj-pasek-bily-modry-fialovy-hnedy-cerny\/","url":"https:\/\/choketopus.com\/de\/produkt\/sakura-bjj-pasek-bily-modry-fialovy-hnedy-cerny\/","name":"SAKURA SALE \/ BJJ G\u00fcrtel - Wei\u00df, Blau, Lila, Braun, Schwarz - Choketopus.com","isPartOf":{"@id":"https:\/\/choketopus.com\/#website"},"primaryImageOfPage":{"@id":"https:\/\/choketopus.com\/de\/produkt\/sakura-bjj-pasek-bily-modry-fialovy-hnedy-cerny\/#primaryimage"},"image":{"@id":"https:\/\/choketopus.com\/de\/produkt\/sakura-bjj-pasek-bily-modry-fialovy-hnedy-cerny\/#primaryimage"},"thumbnailUrl":"https:\/\/choketopus.com\/wp-content\/uploads\/2023\/03\/DSC07827.jpg","datePublished":"2023-03-06T07:57:54+00:00","dateModified":"2023-11-26T17:46:02+00:00","description":"BJJ-G\u00fcrtel aus der Werkstatt von Choketopus. Qualit\u00e4tsg\u00fcrtel mit Motiven des japanischen Kirschbaums Sakura, ideal passend zum USSURI CRANE GI. Diesen G\u00fcrtel wirst du nicht mehr l\u00f6sen!","breadcrumb":{"@id":"https:\/\/choketopus.com\/de\/produkt\/sakura-bjj-pasek-bily-modry-fialovy-hnedy-cerny\/#breadcrumb"},"inLanguage":"de","potentialAction":[{"@type":"ReadAction","target":["https:\/\/choketopus.com\/de\/produkt\/sakura-bjj-pasek-bily-modry-fialovy-hnedy-cerny\/"]}]},{"@type":"ImageObject","inLanguage":"de","@id":"https:\/\/choketopus.com\/de\/produkt\/sakura-bjj-pasek-bily-modry-fialovy-hnedy-cerny\/#primaryimage","url":"https:\/\/choketopus.com\/wp-content\/uploads\/2023\/03\/DSC07827.jpg","contentUrl":"https:\/\/choketopus.com\/wp-content\/uploads\/2023\/03\/DSC07827.jpg","width":1004,"height":1504},{"@type":"BreadcrumbList","@id":"https:\/\/choketopus.com\/de\/produkt\/sakura-bjj-pasek-bily-modry-fialovy-hnedy-cerny\/#breadcrumb","itemListElement":[{"@type":"ListItem","position":1,"name":"Dom\u016f","item":"https:\/\/choketopus.com\/de\/"},{"@type":"ListItem","position":2,"name":"Obchod","item":"https:\/\/choketopus.com\/de\/obchod\/"},{"@type":"ListItem","position":3,"name":"SAKURA SALE \/ BJJ G\u00fcrtel &#8211; Wei\u00df, Blau, Lila, Braun, Schwarz"}]},{"@type":"WebSite","@id":"https:\/\/choketopus.com\/#website","url":"https:\/\/choketopus.com\/","name":"Choketopus.com","description":"Original clothing for submissions and choking","publisher":{"@id":"https:\/\/choketopus.com\/#organization"},"potentialAction":[{"@type":"SearchAction","target":{"@type":"EntryPoint","urlTemplate":"https:\/\/choketopus.com\/?s={search_term_string}"},"query-input":{"@type":"PropertyValueSpecification","valueRequired":true,"valueName":"search_term_string"}}],"inLanguage":"de"},{"@type":"Organization","@id":"https:\/\/choketopus.com\/#organization","name":"Rashguard.cz s.r.o.","url":"https:\/\/choketopus.com\/","logo":{"@type":"ImageObject","inLanguage":"de","@id":"https:\/\/choketopus.com\/#\/schema\/logo\/image\/","url":"","contentUrl":"","caption":"Rashguard.cz s.r.o."},"image":{"@id":"https:\/\/choketopus.com\/#\/schema\/logo\/image\/"},"sameAs":["https:\/\/www.facebook.com\/choketopus\/","https:\/\/x.com\/choketopus"]}]}},"_links":{"self":[{"href":"https:\/\/choketopus.com\/de\/wp-json\/wp\/v2\/product\/25346","targetHints":{"allow":["GET"]}}],"collection":[{"href":"https:\/\/choketopus.com\/de\/wp-json\/wp\/v2\/product"}],"about":[{"href":"https:\/\/choketopus.com\/de\/wp-json\/wp\/v2\/types\/product"}],"replies":[{"embeddable":true,"href":"https:\/\/choketopus.com\/de\/wp-json\/wp\/v2\/comments?post=25346"}],"wp:featuredmedia":[{"embeddable":true,"href":"https:\/\/choketopus.com\/de\/wp-json\/wp\/v2\/media\/24650"}],"wp:attachment":[{"href":"https:\/\/choketopus.com\/de\/wp-json\/wp\/v2\/media?parent=25346"}],"wp:term":[{"taxonomy":"product_brand","embeddable":true,"href":"https:\/\/choketopus.com\/de\/wp-json\/wp\/v2\/product_brand?post=25346"},{"taxonomy":"product_cat","embeddable":true,"href":"https:\/\/choketopus.com\/de\/wp-json\/wp\/v2\/product_cat?post=25346"},{"taxonomy":"product_tag","embeddable":true,"href":"https:\/\/choketopus.com\/de\/wp-json\/wp\/v2\/product_tag?post=25346"}],"curies":[{"name":"wp","href":"https:\/\/api.w.org\/{rel}","templated":true}]}}