{"id":37120,"date":"2024-11-05T11:58:39","date_gmt":"2024-11-05T10:58:39","guid":{"rendered":"https:\/\/choketopus.com\/artikel\/"},"modified":"2024-11-05T11:58:40","modified_gmt":"2024-11-05T10:58:40","slug":"artikel","status":"publish","type":"page","link":"https:\/\/choketopus.com\/de\/artikel\/","title":{"rendered":"Artikel"},"content":{"rendered":"\t\t<div data-elementor-type=\"wp-page\" data-elementor-id=\"37120\" class=\"elementor elementor-37120\" data-elementor-post-type=\"page\">\n\t\t\t\t<div class=\"elementor-element elementor-element-1aa11b0 e-flex e-con-boxed e-con e-parent\" data-id=\"1aa11b0\" data-element_type=\"container\" data-e-type=\"container\">\n\t\t\t\t\t<div class=\"e-con-inner\">\n\t\t\t\t<div class=\"elementor-element elementor-element-8cf8288 elementor-widget elementor-widget-heading\" data-id=\"8cf8288\" data-element_type=\"widget\" data-e-type=\"widget\" data-widget_type=\"heading.default\">\n\t\t\t\t<div class=\"elementor-widget-container\">\n\t\t\t\t\t<h2 class=\"elementor-heading-title elementor-size-default\">Unsere ARTIKEL, RATGEBER UND TIPPS<\/h2>\t\t\t\t<\/div>\n\t\t\t\t<\/div>\n\t\t\t\t<div class=\"elementor-element elementor-element-d11bb46 elementor-widget elementor-widget-spacer\" data-id=\"d11bb46\" data-element_type=\"widget\" data-e-type=\"widget\" data-widget_type=\"spacer.default\">\n\t\t\t\t<div class=\"elementor-widget-container\">\n\t\t\t\t\t\t\t<div class=\"elementor-spacer\">\n\t\t\t<div class=\"elementor-spacer-inner\"><\/div>\n\t\t<\/div>\n\t\t\t\t\t\t<\/div>\n\t\t\t\t<\/div>\n\t\t\t\t<div class=\"elementor-element elementor-element-077099c elementor-widget elementor-widget-heading\" data-id=\"077099c\" data-element_type=\"widget\" data-e-type=\"widget\" data-widget_type=\"heading.default\">\n\t\t\t\t<div class=\"elementor-widget-container\">\n\t\t\t\t\t<h2 class=\"elementor-heading-title elementor-size-default\">Wir sind nicht nur Hersteller \u2013 wir nutzen alles selbst und wissen, wie wichtig es ist, die richtige Ausr\u00fcstung zu haben, die auch h\u00e4lt. <\/h2>\t\t\t\t<\/div>\n\t\t\t\t<\/div>\n\t\t\t\t<div class=\"elementor-element elementor-element-e022326 elementor-widget elementor-widget-heading\" data-id=\"e022326\" data-element_type=\"widget\" data-e-type=\"widget\" data-widget_type=\"heading.default\">\n\t\t\t\t<div class=\"elementor-widget-container\">\n\t\t\t\t\t<h2 class=\"elementor-heading-title elementor-size-default\">Basierend auf \u00fcber zehn Jahren Produktionserfahrung und Jahrzehnten im Sport haben wir einige praktische Artikel zusammengestellt, die dir nicht nur bei der Auswahl unserer Kleidung helfen, sondern auch kleine Tipps geben, die dir das Leben auf der Matte, im Fitnessstudio oder drau\u00dfen erleichtern.<\/h2>\t\t\t\t<\/div>\n\t\t\t\t<\/div>\n\t\t\t\t<div class=\"elementor-element elementor-element-46e04a1 elementor-widget elementor-widget-spacer\" data-id=\"46e04a1\" data-element_type=\"widget\" data-e-type=\"widget\" data-widget_type=\"spacer.default\">\n\t\t\t\t<div class=\"elementor-widget-container\">\n\t\t\t\t\t\t\t<div class=\"elementor-spacer\">\n\t\t\t<div class=\"elementor-spacer-inner\"><\/div>\n\t\t<\/div>\n\t\t\t\t\t\t<\/div>\n\t\t\t\t<\/div>\n\t\t\t\t\t<\/div>\n\t\t\t\t<\/div>\n\t\t<div class=\"elementor-element elementor-element-ba4f57b e-con-full e-flex e-con e-parent\" data-id=\"ba4f57b\" data-element_type=\"container\" data-e-type=\"container\">\n\t\t\t\t<div class=\"elementor-element elementor-element-6c0878a elementor-widget-divider--view-line elementor-widget elementor-widget-divider\" data-id=\"6c0878a\" data-element_type=\"widget\" data-e-type=\"widget\" data-widget_type=\"divider.default\">\n\t\t\t\t<div class=\"elementor-widget-container\">\n\t\t\t\t\t\t\t<div class=\"elementor-divider\">\n\t\t\t<span class=\"elementor-divider-separator\">\n\t\t\t\t\t\t<\/span>\n\t\t<\/div>\n\t\t\t\t\t\t<\/div>\n\t\t\t\t<\/div>\n\t\t\t\t<\/div>\n\t\t<div class=\"elementor-element elementor-element-5f5683e e-flex e-con-boxed e-con e-parent\" data-id=\"5f5683e\" data-element_type=\"container\" data-e-type=\"container\">\n\t\t\t\t\t<div class=\"e-con-inner\">\n\t\t<div class=\"elementor-element elementor-element-b476d27 e-con-full e-flex e-con e-child\" data-id=\"b476d27\" data-element_type=\"container\" data-e-type=\"container\">\n\t\t\t\t<div class=\"elementor-element elementor-element-02a8b52 elementor-widget elementor-widget-spacer\" data-id=\"02a8b52\" data-element_type=\"widget\" data-e-type=\"widget\" data-widget_type=\"spacer.default\">\n\t\t\t\t<div class=\"elementor-widget-container\">\n\t\t\t\t\t\t\t<div class=\"elementor-spacer\">\n\t\t\t<div class=\"elementor-spacer-inner\"><\/div>\n\t\t<\/div>\n\t\t\t\t\t\t<\/div>\n\t\t\t\t<\/div>\n\t\t\t\t<div class=\"elementor-element elementor-element-445cd27 elementor-widget elementor-widget-heading\" data-id=\"445cd27\" data-element_type=\"widget\" data-e-type=\"widget\" data-widget_type=\"heading.default\">\n\t\t\t\t<div class=\"elementor-widget-container\">\n\t\t\t\t\t<h1 class=\"elementor-heading-title elementor-size-default\"><a href=\"https:\/\/choketopus.com\/jak-vybrat-kimono-bjj\/\">WIE W\u00c4HLE ICH EIN KIMONO F\u00dcR BJJ AUS<\/a><\/h1>\t\t\t\t<\/div>\n\t\t\t\t<\/div>\n\t\t\t\t<div class=\"elementor-element elementor-element-bc31be8 elementor-widget elementor-widget-heading\" data-id=\"bc31be8\" data-element_type=\"widget\" data-e-type=\"widget\" data-widget_type=\"heading.default\">\n\t\t\t\t<div class=\"elementor-widget-container\">\n\t\t\t\t\t<h2 class=\"elementor-heading-title elementor-size-default\">Das Kimono ist das A und O im Brazilian Jiu-Jitsu, denn jede Minute auf der Matte verbringst du in ihm. Die richtige Wahl der Gr\u00f6\u00dfe, des Schnitts und des Materials kann einen entscheidenden Einfluss nicht nur auf deine Technik und den Komfort im Training haben, sondern auch darauf, wie lange dein Kimono h\u00e4lt. <\/h2>\t\t\t\t<\/div>\n\t\t\t\t<\/div>\n\t\t\t\t<div class=\"elementor-element elementor-element-5b6f482 elementor-widget elementor-widget-heading\" data-id=\"5b6f482\" data-element_type=\"widget\" data-e-type=\"widget\" data-widget_type=\"heading.default\">\n\t\t\t\t<div class=\"elementor-widget-container\">\n\t\t\t\t\t<h2 class=\"elementor-heading-title elementor-size-default\">Egal, ob du Anf\u00e4nger bist und die Grundlagen lernst oder ein erfahrener K\u00e4mpfer \u2013 das richtige Kimono macht dir das Leben um einiges leichter. <\/h2>\t\t\t\t<\/div>\n\t\t\t\t<\/div>\n\t\t\t\t<div class=\"elementor-element elementor-element-e82646c elementor-widget elementor-widget-spacer\" data-id=\"e82646c\" data-element_type=\"widget\" data-e-type=\"widget\" data-widget_type=\"spacer.default\">\n\t\t\t\t<div class=\"elementor-widget-container\">\n\t\t\t\t\t\t\t<div class=\"elementor-spacer\">\n\t\t\t<div class=\"elementor-spacer-inner\"><\/div>\n\t\t<\/div>\n\t\t\t\t\t\t<\/div>\n\t\t\t\t<\/div>\n\t\t\t\t<div class=\"elementor-element elementor-element-a406a47 elementor-align-left animated-slow elementor-widget elementor-widget-button\" data-id=\"a406a47\" data-element_type=\"widget\" data-e-type=\"widget\" data-settings=\"{&quot;_animation&quot;:&quot;none&quot;,&quot;_animation_tablet&quot;:&quot;none&quot;,&quot;_animation_delay&quot;:500}\" data-widget_type=\"button.default\">\n\t\t\t\t<div class=\"elementor-widget-container\">\n\t\t\t\t\t\t\t\t\t<div class=\"elementor-button-wrapper\">\n\t\t\t\t\t<a class=\"elementor-button elementor-button-link elementor-size-sm\" href=\"https:\/\/choketopus.com\/jak-vybrat-kimono-bjj\/\">\n\t\t\t\t\t\t<span class=\"elementor-button-content-wrapper\">\n\t\t\t\t\t\t\t\t\t<span class=\"elementor-button-text\">WIE W\u00c4HLE ICH EIN KIMONO<\/span>\n\t\t\t\t\t<\/span>\n\t\t\t\t\t<\/a>\n\t\t\t\t<\/div>\n\t\t\t\t\t\t\t\t<\/div>\n\t\t\t\t<\/div>\n\t\t\t\t<\/div>\n\t\t<div class=\"elementor-element elementor-element-aee5e48 e-con-full e-flex e-con e-child\" data-id=\"aee5e48\" data-element_type=\"container\" data-e-type=\"container\">\n\t\t\t\t<div class=\"elementor-element elementor-element-98421f6 elementor-widget elementor-widget-image\" data-id=\"98421f6\" data-element_type=\"widget\" data-e-type=\"widget\" data-widget_type=\"image.default\">\n\t\t\t\t<div class=\"elementor-widget-container\">\n\t\t\t\t\t\t\t\t\t\t\t\t\t\t\t\t<a href=\"https:\/\/choketopus.com\/jak-vybrat-kimono-bjj\/\">\n\t\t\t\t\t\t\t<img decoding=\"async\" src=\"https:\/\/choketopus.com\/wp-content\/uploads\/elementor\/thumbs\/MBI00794-qo7e2gh053xd50s0ux4err3upl2fijsul5dlzlpwdk.jpg\" title=\"MBI00794\" alt=\"MBI00794\" loading=\"lazy\" \/>\t\t\t\t\t\t\t\t<\/a>\n\t\t\t\t\t\t\t\t\t\t\t\t\t\t\t<\/div>\n\t\t\t\t<\/div>\n\t\t\t\t<\/div>\n\t\t\t\t\t<\/div>\n\t\t\t\t<\/div>\n\t\t\t\t<\/div>\n\t\t","protected":false},"excerpt":{"rendered":"<p>Unsere ARTIKEL, RATGEBER UND TIPPS Wir sind nicht nur Hersteller \u2013 wir nutzen alles selbst und wissen, wie wichtig es ist, die richtige Ausr\u00fcstung zu haben, die auch h\u00e4lt. Basierend auf \u00fcber zehn Jahren Produktionserfahrung und Jahrzehnten im Sport haben wir einige praktische Artikel zusammengestellt, die dir nicht nur bei der Auswahl unserer Kleidung helfen,&hellip;<\/p>\n","protected":false},"author":288,"featured_media":0,"parent":0,"menu_order":0,"comment_status":"closed","ping_status":"closed","template":"","meta":{"footnotes":""},"class_list":["post-37120","page","type-page","status-publish","hentry"],"yoast_head":"<!-- This site is optimized with the Yoast SEO plugin v27.4 - https:\/\/yoast.com\/product\/yoast-seo-wordpress\/ -->\n<title>Artikel - Choketopus.com<\/title>\n<meta name=\"robots\" content=\"index, follow, max-snippet:-1, max-image-preview:large, max-video-preview:-1\" \/>\n<link rel=\"canonical\" href=\"https:\/\/choketopus.com\/de\/artikel\/\" \/>\n<meta property=\"og:locale\" content=\"de_DE\" \/>\n<meta property=\"og:type\" content=\"article\" \/>\n<meta property=\"og:title\" content=\"Artikel - Choketopus.com\" \/>\n<meta property=\"og:description\" content=\"Unsere ARTIKEL, RATGEBER UND TIPPS Wir sind nicht nur Hersteller \u2013 wir nutzen alles selbst und wissen, wie wichtig es ist, die richtige Ausr\u00fcstung zu haben, die auch h\u00e4lt. Basierend auf \u00fcber zehn Jahren Produktionserfahrung und Jahrzehnten im Sport haben wir einige praktische Artikel zusammengestellt, die dir nicht nur bei der Auswahl unserer Kleidung helfen,&hellip;\" \/>\n<meta property=\"og:url\" content=\"https:\/\/choketopus.com\/de\/artikel\/\" \/>\n<meta property=\"og:site_name\" content=\"Choketopus.com\" \/>\n<meta property=\"article:publisher\" content=\"https:\/\/www.facebook.com\/choketopus\/\" \/>\n<meta property=\"article:modified_time\" content=\"2024-11-05T10:58:40+00:00\" \/>\n<meta property=\"og:image\" content=\"https:\/\/choketopus.com\/wp-content\/uploads\/elementor\/thumbs\/MBI00794-qo7e2gh053xd50s0ux4err3upl2fijsul5dlzlpwdk.jpg\" \/>\n<meta name=\"twitter:card\" content=\"summary_large_image\" \/>\n<meta name=\"twitter:site\" content=\"@choketopus\" \/>\n<meta name=\"twitter:label1\" content=\"Gesch\u00e4tzte Lesezeit\" \/>\n\t<meta name=\"twitter:data1\" content=\"1\u00a0Minute\" \/>\n<script type=\"application\/ld+json\" class=\"yoast-schema-graph\">{\"@context\":\"https:\\\/\\\/schema.org\",\"@graph\":[{\"@type\":\"WebPage\",\"@id\":\"https:\\\/\\\/choketopus.com\\\/de\\\/artikel\\\/\",\"url\":\"https:\\\/\\\/choketopus.com\\\/de\\\/artikel\\\/\",\"name\":\"Artikel - Choketopus.com\",\"isPartOf\":{\"@id\":\"https:\\\/\\\/choketopus.com\\\/#website\"},\"primaryImageOfPage\":{\"@id\":\"https:\\\/\\\/choketopus.com\\\/de\\\/artikel\\\/#primaryimage\"},\"image\":{\"@id\":\"https:\\\/\\\/choketopus.com\\\/de\\\/artikel\\\/#primaryimage\"},\"thumbnailUrl\":\"https:\\\/\\\/choketopus.com\\\/wp-content\\\/uploads\\\/elementor\\\/thumbs\\\/MBI00794-qo7e2gh053xd50s0ux4err3upl2fijsul5dlzlpwdk.jpg\",\"datePublished\":\"2024-11-05T10:58:39+00:00\",\"dateModified\":\"2024-11-05T10:58:40+00:00\",\"breadcrumb\":{\"@id\":\"https:\\\/\\\/choketopus.com\\\/de\\\/artikel\\\/#breadcrumb\"},\"inLanguage\":\"de\",\"potentialAction\":[{\"@type\":\"ReadAction\",\"target\":[\"https:\\\/\\\/choketopus.com\\\/de\\\/artikel\\\/\"]}]},{\"@type\":\"ImageObject\",\"inLanguage\":\"de\",\"@id\":\"https:\\\/\\\/choketopus.com\\\/de\\\/artikel\\\/#primaryimage\",\"url\":\"https:\\\/\\\/choketopus.com\\\/wp-content\\\/uploads\\\/elementor\\\/thumbs\\\/MBI00794-qo7e2gh053xd50s0ux4err3upl2fijsul5dlzlpwdk.jpg\",\"contentUrl\":\"https:\\\/\\\/choketopus.com\\\/wp-content\\\/uploads\\\/elementor\\\/thumbs\\\/MBI00794-qo7e2gh053xd50s0ux4err3upl2fijsul5dlzlpwdk.jpg\"},{\"@type\":\"BreadcrumbList\",\"@id\":\"https:\\\/\\\/choketopus.com\\\/de\\\/artikel\\\/#breadcrumb\",\"itemListElement\":[{\"@type\":\"ListItem\",\"position\":1,\"name\":\"Dom\u016f\",\"item\":\"https:\\\/\\\/choketopus.com\\\/de\\\/\"},{\"@type\":\"ListItem\",\"position\":2,\"name\":\"Artikel\"}]},{\"@type\":\"WebSite\",\"@id\":\"https:\\\/\\\/choketopus.com\\\/#website\",\"url\":\"https:\\\/\\\/choketopus.com\\\/\",\"name\":\"Choketopus.com\",\"description\":\"Original clothing for submissions and choking\",\"publisher\":{\"@id\":\"https:\\\/\\\/choketopus.com\\\/#organization\"},\"potentialAction\":[{\"@type\":\"SearchAction\",\"target\":{\"@type\":\"EntryPoint\",\"urlTemplate\":\"https:\\\/\\\/choketopus.com\\\/?s={search_term_string}\"},\"query-input\":{\"@type\":\"PropertyValueSpecification\",\"valueRequired\":true,\"valueName\":\"search_term_string\"}}],\"inLanguage\":\"de\"},{\"@type\":\"Organization\",\"@id\":\"https:\\\/\\\/choketopus.com\\\/#organization\",\"name\":\"Rashguard.cz s.r.o.\",\"url\":\"https:\\\/\\\/choketopus.com\\\/\",\"logo\":{\"@type\":\"ImageObject\",\"inLanguage\":\"de\",\"@id\":\"https:\\\/\\\/choketopus.com\\\/#\\\/schema\\\/logo\\\/image\\\/\",\"url\":\"\",\"contentUrl\":\"\",\"caption\":\"Rashguard.cz s.r.o.\"},\"image\":{\"@id\":\"https:\\\/\\\/choketopus.com\\\/#\\\/schema\\\/logo\\\/image\\\/\"},\"sameAs\":[\"https:\\\/\\\/www.facebook.com\\\/choketopus\\\/\",\"https:\\\/\\\/x.com\\\/choketopus\"]}]}<\/script>\n<!-- \/ Yoast SEO plugin. -->","yoast_head_json":{"title":"Artikel - Choketopus.com","robots":{"index":"index","follow":"follow","max-snippet":"max-snippet:-1","max-image-preview":"max-image-preview:large","max-video-preview":"max-video-preview:-1"},"canonical":"https:\/\/choketopus.com\/de\/artikel\/","og_locale":"de_DE","og_type":"article","og_title":"Artikel - Choketopus.com","og_description":"Unsere ARTIKEL, RATGEBER UND TIPPS Wir sind nicht nur Hersteller \u2013 wir nutzen alles selbst und wissen, wie wichtig es ist, die richtige Ausr\u00fcstung zu haben, die auch h\u00e4lt. Basierend auf \u00fcber zehn Jahren Produktionserfahrung und Jahrzehnten im Sport haben wir einige praktische Artikel zusammengestellt, die dir nicht nur bei der Auswahl unserer Kleidung helfen,&hellip;","og_url":"https:\/\/choketopus.com\/de\/artikel\/","og_site_name":"Choketopus.com","article_publisher":"https:\/\/www.facebook.com\/choketopus\/","article_modified_time":"2024-11-05T10:58:40+00:00","og_image":[{"url":"https:\/\/choketopus.com\/wp-content\/uploads\/elementor\/thumbs\/MBI00794-qo7e2gh053xd50s0ux4err3upl2fijsul5dlzlpwdk.jpg","type":"","width":"","height":""}],"twitter_card":"summary_large_image","twitter_site":"@choketopus","twitter_misc":{"Gesch\u00e4tzte Lesezeit":"1\u00a0Minute"},"schema":{"@context":"https:\/\/schema.org","@graph":[{"@type":"WebPage","@id":"https:\/\/choketopus.com\/de\/artikel\/","url":"https:\/\/choketopus.com\/de\/artikel\/","name":"Artikel - Choketopus.com","isPartOf":{"@id":"https:\/\/choketopus.com\/#website"},"primaryImageOfPage":{"@id":"https:\/\/choketopus.com\/de\/artikel\/#primaryimage"},"image":{"@id":"https:\/\/choketopus.com\/de\/artikel\/#primaryimage"},"thumbnailUrl":"https:\/\/choketopus.com\/wp-content\/uploads\/elementor\/thumbs\/MBI00794-qo7e2gh053xd50s0ux4err3upl2fijsul5dlzlpwdk.jpg","datePublished":"2024-11-05T10:58:39+00:00","dateModified":"2024-11-05T10:58:40+00:00","breadcrumb":{"@id":"https:\/\/choketopus.com\/de\/artikel\/#breadcrumb"},"inLanguage":"de","potentialAction":[{"@type":"ReadAction","target":["https:\/\/choketopus.com\/de\/artikel\/"]}]},{"@type":"ImageObject","inLanguage":"de","@id":"https:\/\/choketopus.com\/de\/artikel\/#primaryimage","url":"https:\/\/choketopus.com\/wp-content\/uploads\/elementor\/thumbs\/MBI00794-qo7e2gh053xd50s0ux4err3upl2fijsul5dlzlpwdk.jpg","contentUrl":"https:\/\/choketopus.com\/wp-content\/uploads\/elementor\/thumbs\/MBI00794-qo7e2gh053xd50s0ux4err3upl2fijsul5dlzlpwdk.jpg"},{"@type":"BreadcrumbList","@id":"https:\/\/choketopus.com\/de\/artikel\/#breadcrumb","itemListElement":[{"@type":"ListItem","position":1,"name":"Dom\u016f","item":"https:\/\/choketopus.com\/de\/"},{"@type":"ListItem","position":2,"name":"Artikel"}]},{"@type":"WebSite","@id":"https:\/\/choketopus.com\/#website","url":"https:\/\/choketopus.com\/","name":"Choketopus.com","description":"Original clothing for submissions and choking","publisher":{"@id":"https:\/\/choketopus.com\/#organization"},"potentialAction":[{"@type":"SearchAction","target":{"@type":"EntryPoint","urlTemplate":"https:\/\/choketopus.com\/?s={search_term_string}"},"query-input":{"@type":"PropertyValueSpecification","valueRequired":true,"valueName":"search_term_string"}}],"inLanguage":"de"},{"@type":"Organization","@id":"https:\/\/choketopus.com\/#organization","name":"Rashguard.cz s.r.o.","url":"https:\/\/choketopus.com\/","logo":{"@type":"ImageObject","inLanguage":"de","@id":"https:\/\/choketopus.com\/#\/schema\/logo\/image\/","url":"","contentUrl":"","caption":"Rashguard.cz s.r.o."},"image":{"@id":"https:\/\/choketopus.com\/#\/schema\/logo\/image\/"},"sameAs":["https:\/\/www.facebook.com\/choketopus\/","https:\/\/x.com\/choketopus"]}]}},"_links":{"self":[{"href":"https:\/\/choketopus.com\/de\/wp-json\/wp\/v2\/pages\/37120","targetHints":{"allow":["GET"]}}],"collection":[{"href":"https:\/\/choketopus.com\/de\/wp-json\/wp\/v2\/pages"}],"about":[{"href":"https:\/\/choketopus.com\/de\/wp-json\/wp\/v2\/types\/page"}],"author":[{"embeddable":true,"href":"https:\/\/choketopus.com\/de\/wp-json\/wp\/v2\/users\/288"}],"replies":[{"embeddable":true,"href":"https:\/\/choketopus.com\/de\/wp-json\/wp\/v2\/comments?post=37120"}],"version-history":[{"count":1,"href":"https:\/\/choketopus.com\/de\/wp-json\/wp\/v2\/pages\/37120\/revisions"}],"predecessor-version":[{"id":37121,"href":"https:\/\/choketopus.com\/de\/wp-json\/wp\/v2\/pages\/37120\/revisions\/37121"}],"wp:attachment":[{"href":"https:\/\/choketopus.com\/de\/wp-json\/wp\/v2\/media?parent=37120"}],"curies":[{"name":"wp","href":"https:\/\/api.w.org\/{rel}","templated":true}]}}