{"id":27346,"date":"2023-10-22T15:31:27","date_gmt":"2023-10-22T13:31:27","guid":{"rendered":"https:\/\/choketopus.com\/warenruecksendung-und-reklamation\/"},"modified":"2023-10-22T15:31:27","modified_gmt":"2023-10-22T13:31:27","slug":"warenruecksendung-und-reklamation","status":"publish","type":"page","link":"https:\/\/choketopus.com\/de\/warenruecksendung-und-reklamation\/","title":{"rendered":"Warenr\u00fccksendung und Reklamation"},"content":{"rendered":"\t\t<div data-elementor-type=\"wp-page\" data-elementor-id=\"27346\" class=\"elementor elementor-27346 elementor-5810\" data-elementor-post-type=\"page\">\n\t\t\t\t\t\t<section class=\"elementor-section elementor-top-section elementor-element elementor-element-bf941b4 elementor-section-boxed elementor-section-height-default elementor-section-height-default\" data-id=\"bf941b4\" data-element_type=\"section\" data-e-type=\"section\">\n\t\t\t\t\t\t<div class=\"elementor-container elementor-column-gap-default\">\n\t\t\t\t\t<div class=\"elementor-column elementor-col-100 elementor-top-column elementor-element elementor-element-9bf8018\" data-id=\"9bf8018\" data-element_type=\"column\" data-e-type=\"column\">\n\t\t\t<div class=\"elementor-widget-wrap elementor-element-populated\">\n\t\t\t\t\t\t<div class=\"elementor-element elementor-element-878fa23 elementor-widget elementor-widget-heading\" data-id=\"878fa23\" data-element_type=\"widget\" data-e-type=\"widget\" data-widget_type=\"heading.default\">\n\t\t\t\t<div class=\"elementor-widget-container\">\n\t\t\t\t\t<h2 class=\"elementor-heading-title elementor-size-default\">Passt dir die Gr\u00f6\u00dfe nicht oder gibt es einen Mangel an der Ware?<\/h2>\t\t\t\t<\/div>\n\t\t\t\t<\/div>\n\t\t\t\t<div class=\"elementor-element elementor-element-3a14ca8 elementor-widget elementor-widget-heading\" data-id=\"3a14ca8\" data-element_type=\"widget\" data-e-type=\"widget\" data-widget_type=\"heading.default\">\n\t\t\t\t<div class=\"elementor-widget-container\">\n\t\t\t\t\t<h2 class=\"elementor-heading-title elementor-size-default\">Das kann vorkommen Jedes Produkt wird von den H\u00e4nden unserer N\u00e4herinnen durchlaufen, und ein Fehler kann jedem passieren.<\/h2>\t\t\t\t<\/div>\n\t\t\t\t<\/div>\n\t\t\t\t<div class=\"elementor-element elementor-element-be35dc0 elementor-widget elementor-widget-text-editor\" data-id=\"be35dc0\" data-element_type=\"widget\" data-e-type=\"widget\" data-widget_type=\"text-editor.default\">\n\t\t\t\t<div class=\"elementor-widget-container\">\n\t\t\t\t\t\t\t\t\t<p style=\"text-align: center;\">Ihnen gen\u00fcgt es, uns eine E-Mail an info@choketopus.com zu schreiben&nbsp;<\/p>\n<p style=\"text-align: center;\">Wir schicken Ihnen ein Etikett f\u00fcr Z\u00e1silkovna, Sie verpacken die Kleidung und bringen sie mit dem Etikett zu einer beliebigen Z\u00e1silkovna-Annahmestelle. Das Paket wird auf unsere Kosten zur\u00fcckgeschickt. Wenn ein fehlerhaftes oder nicht passendes St\u00fcck dabei ist, werden wir es umtauschen oder Ihnen Ihr Geld zur\u00fcckerstatten. Und die Quittung? Kein Problem&#8230; Ihre Bestellnummer reicht aus. Wir werden Sie finden \ud83d\ude42&nbsp;<\/p>\n\t\t\t\t\t\t\t\t<\/div>\n\t\t\t\t<\/div>\n\t\t\t\t<div class=\"elementor-element elementor-element-d7177fa elementor-widget elementor-widget-text-editor\" data-id=\"d7177fa\" data-element_type=\"widget\" data-e-type=\"widget\" data-widget_type=\"text-editor.default\">\n\t\t\t\t<div class=\"elementor-widget-container\">\n\t\t\t\t\t\t\t\t\t<p style=\"text-align: center;\">Wir sind hier f\u00fcr dich und werden unser Bestes tun, um dir entgegenzukommen. F\u00fcr deine ruhigen Abende hier ist etwas rechtliches Lesematerial:<\/p>\n\t\t\t\t\t\t\t\t<\/div>\n\t\t\t\t<\/div>\n\t\t\t\t<div class=\"elementor-element elementor-element-7eb4d7a elementor-widget-divider--view-line elementor-widget elementor-widget-divider\" data-id=\"7eb4d7a\" data-element_type=\"widget\" data-e-type=\"widget\" data-widget_type=\"divider.default\">\n\t\t\t\t<div class=\"elementor-widget-container\">\n\t\t\t\t\t\t\t<div class=\"elementor-divider\">\n\t\t\t<span class=\"elementor-divider-separator\">\n\t\t\t\t\t\t<\/span>\n\t\t<\/div>\n\t\t\t\t\t\t<\/div>\n\t\t\t\t<\/div>\n\t\t\t\t\t<\/div>\n\t\t<\/div>\n\t\t\t\t\t<\/div>\n\t\t<\/section>\n\t\t\t\t<section class=\"elementor-section elementor-top-section elementor-element elementor-element-6c45514d elementor-section-boxed elementor-section-height-default elementor-section-height-default\" data-id=\"6c45514d\" data-element_type=\"section\" data-e-type=\"section\">\n\t\t\t\t\t\t<div class=\"elementor-container elementor-column-gap-default\">\n\t\t\t\t\t<div class=\"elementor-column elementor-col-100 elementor-top-column elementor-element elementor-element-50dd623a\" data-id=\"50dd623a\" data-element_type=\"column\" data-e-type=\"column\">\n\t\t\t<div class=\"elementor-widget-wrap elementor-element-populated\">\n\t\t\t\t\t\t<div class=\"elementor-element elementor-element-7d880c7b elementor-widget elementor-widget-text-editor\" data-id=\"7d880c7b\" data-element_type=\"widget\" data-e-type=\"widget\" data-widget_type=\"text-editor.default\">\n\t\t\t\t<div class=\"elementor-widget-container\">\n\t\t\t\t\t\t\t\t\t<p>Der K\u00e4ufer hat das Recht, vom Kaufvertrag innerhalb von vierzehn (14) Tagen nach Erhalt der Ware zur\u00fcckzutreten. Wenn der Kaufvertrag mehrere Arten von Waren oder die Lieferung von mehreren Teilen betrifft, beginnt diese Frist ab dem Tag des Erhalts der letzten Lieferung der Ware. Die R\u00fccktrittserkl\u00e4rung vom Kaufvertrag muss dem Verk\u00e4ufer innerhalb von 14 Tagen gesendet werden. Die R\u00fccktrittserkl\u00e4rung vom Kaufvertrag kann der K\u00e4ufer unter anderem an die Gesch\u00e4ftsadresse des Verk\u00e4ufers (wie oben angegeben) oder an die E-Mail-Adresse des Verk\u00e4ufers (<a href=\"mailto:info@choketopus.com\">info@choketopus.com.<\/a>) seden.<\/p>\n<ul>\n<li>Im Falle eines R\u00fccktritts vom Kaufvertrag innerhalb von 14 Tagen und gem\u00e4\u00df Artikel <a href=\"#_bookmark3\">2<\/a> der Gesch\u00e4ftsbedingungen wird der Kaufvertrag von Anfang an f\u00fcr nichtig erkl\u00e4rt. Die Ware muss dem Verk\u00e4ufer innerhalb von vierzehn (14) Tagen nach dem R\u00fccktritt vom Vertrag an den Verk\u00e4ufer zur\u00fcckgegeben werden. Wenn der K\u00e4ufer vom Kaufvertrag zur\u00fccktritt, <strong>tr\u00e4gt der K\u00e4ufer die Kosten f\u00fcr die R\u00fccksendung der Ware an den Verk\u00e4ufer,<\/strong> auch wenn die Ware aufgrund ihrer Beschaffenheit nicht auf dem \u00fcblichen Postweg zur\u00fcckgegeben werden kann.<\/li>\n<\/ul>\n<ul>\n<li>Im Falle eines R\u00fccktritts gem\u00e4\u00df Artikel <a href=\"#_bookmark3\">2<\/a> der Gesch\u00e4ftsbedingungen erstattet der Verk\u00e4ufer die vom K\u00e4ufer erhaltenen Geldmittel innerhalb von vierzehn <strong>(14<\/strong>) Tagen nach dem R\u00fccktritt vom Kaufvertrag auf die gleiche Weise, wie sie vom K\u00e4ufer erhalten wurden. Der Verk\u00e4ufer ist ebenfalls berechtigt, die erbrachte Leistung dem K\u00e4ufer bereits bei der R\u00fcckgabe der Ware durch den K\u00e4ufer oder auf andere Weise zur\u00fcckzugeben, sofern der K\u00e4ufer damit einverstanden ist und dem K\u00e4ufer dadurch keine zus\u00e4tzlichen Kosten entstehen. Falls der K\u00e4ufer vom Kaufvertrag zur\u00fccktritt, ist der Verk\u00e4ufer nicht verpflichtet, die erhaltenen Geldmittel an den K\u00e4ufer zur\u00fcckzuerstatten, bevor der K\u00e4ufer die Ware zur\u00fcckgibt oder nachweist, dass er die Ware dem Verk\u00e4ufer gesendet hat.<\/li>\n<\/ul>\n<ul>\n<li>Der Verk\u00e4ufer hat das Recht, Schadenersatzanspr\u00fcche, die an der Ware entstanden sind, einseitig gegen den Anspruch des K\u00e4ufers auf R\u00fcckerstattung des Kaufpreises geltend zu machen.<\/li>\n<\/ul>\n<ul>\n<li>Vor der \u00dcbergabe der Ware an den K\u00e4ufer hat der Verk\u00e4ufer das Recht, jederzeit vom Kaufvertrag zur\u00fcckzutreten. In diesem Fall erstattet der Verk\u00e4ufer dem K\u00e4ufer den Kaufpreis unverz\u00fcglich und bargeldlos auf das vom K\u00e4ufer angegebene Konto zur\u00fcck.<\/li>\n<\/ul>\n<ul>\n<li>Wenn zusammen mit der Ware dem K\u00e4ufer ein Geschenk \u00fcberreicht wird, wird zwischen dem Verk\u00e4ufer und dem K\u00e4ufer ein Schenkungsvertrag unter der aufl\u00f6senden Bedingung abgeschlossen, dass im Falle eines R\u00fccktritts vom Kaufvertrag durch den K\u00e4ufer der Schenkungsvertrag in Bezug auf ein solches Geschenk seine Wirksamkeit verliert, und der K\u00e4ufer ist verpflichtet, das bereitgestellte Geschenk zusammen mit der Ware an den Verk\u00e4ufer zur\u00fcckzugeben.<\/li>\n<\/ul>\n\t\t\t\t\t\t\t\t<\/div>\n\t\t\t\t<\/div>\n\t\t\t\t\t<\/div>\n\t\t<\/div>\n\t\t\t\t\t<\/div>\n\t\t<\/section>\n\t\t\t\t<\/div>\n\t\t","protected":false},"excerpt":{"rendered":"<p>Passt dir die Gr\u00f6\u00dfe nicht oder gibt es einen Mangel an der Ware? Das kann vorkommen Jedes Produkt wird von den H\u00e4nden unserer N\u00e4herinnen durchlaufen, und ein Fehler kann jedem passieren. Ihnen gen\u00fcgt es, uns eine E-Mail an info@choketopus.com zu schreiben&nbsp; Wir schicken Ihnen ein Etikett f\u00fcr Z\u00e1silkovna, Sie verpacken die Kleidung und bringen sie&hellip;<\/p>\n","protected":false},"author":3,"featured_media":0,"parent":0,"menu_order":0,"comment_status":"closed","ping_status":"closed","template":"","meta":{"footnotes":""},"class_list":["post-27346","page","type-page","status-publish","hentry"],"yoast_head":"<!-- This site is optimized with the Yoast SEO plugin v27.4 - https:\/\/yoast.com\/product\/yoast-seo-wordpress\/ -->\n<title>Warenr\u00fccksendung und Reklamation - Choketopus.com<\/title>\n<meta name=\"robots\" content=\"index, follow, max-snippet:-1, max-image-preview:large, max-video-preview:-1\" \/>\n<link rel=\"canonical\" href=\"https:\/\/choketopus.com\/de\/warenruecksendung-und-reklamation\/\" \/>\n<meta property=\"og:locale\" content=\"de_DE\" \/>\n<meta property=\"og:type\" content=\"article\" \/>\n<meta property=\"og:title\" content=\"Warenr\u00fccksendung und Reklamation - Choketopus.com\" \/>\n<meta property=\"og:description\" content=\"Passt dir die Gr\u00f6\u00dfe nicht oder gibt es einen Mangel an der Ware? Das kann vorkommen Jedes Produkt wird von den H\u00e4nden unserer N\u00e4herinnen durchlaufen, und ein Fehler kann jedem passieren. Ihnen gen\u00fcgt es, uns eine E-Mail an info@choketopus.com zu schreiben&nbsp; Wir schicken Ihnen ein Etikett f\u00fcr Z\u00e1silkovna, Sie verpacken die Kleidung und bringen sie&hellip;\" \/>\n<meta property=\"og:url\" content=\"https:\/\/choketopus.com\/de\/warenruecksendung-und-reklamation\/\" \/>\n<meta property=\"og:site_name\" content=\"Choketopus.com\" \/>\n<meta property=\"article:publisher\" content=\"https:\/\/www.facebook.com\/choketopus\/\" \/>\n<meta name=\"twitter:card\" content=\"summary_large_image\" \/>\n<meta name=\"twitter:site\" content=\"@choketopus\" \/>\n<meta name=\"twitter:label1\" content=\"Gesch\u00e4tzte Lesezeit\" \/>\n\t<meta name=\"twitter:data1\" content=\"3\u00a0Minuten\" \/>\n<script type=\"application\/ld+json\" class=\"yoast-schema-graph\">{\"@context\":\"https:\\\/\\\/schema.org\",\"@graph\":[{\"@type\":\"WebPage\",\"@id\":\"https:\\\/\\\/choketopus.com\\\/de\\\/warenruecksendung-und-reklamation\\\/\",\"url\":\"https:\\\/\\\/choketopus.com\\\/de\\\/warenruecksendung-und-reklamation\\\/\",\"name\":\"Warenr\u00fccksendung und Reklamation - Choketopus.com\",\"isPartOf\":{\"@id\":\"https:\\\/\\\/choketopus.com\\\/#website\"},\"datePublished\":\"2023-10-22T13:31:27+00:00\",\"breadcrumb\":{\"@id\":\"https:\\\/\\\/choketopus.com\\\/de\\\/warenruecksendung-und-reklamation\\\/#breadcrumb\"},\"inLanguage\":\"de\",\"potentialAction\":[{\"@type\":\"ReadAction\",\"target\":[\"https:\\\/\\\/choketopus.com\\\/de\\\/warenruecksendung-und-reklamation\\\/\"]}]},{\"@type\":\"BreadcrumbList\",\"@id\":\"https:\\\/\\\/choketopus.com\\\/de\\\/warenruecksendung-und-reklamation\\\/#breadcrumb\",\"itemListElement\":[{\"@type\":\"ListItem\",\"position\":1,\"name\":\"Dom\u016f\",\"item\":\"https:\\\/\\\/choketopus.com\\\/de\\\/\"},{\"@type\":\"ListItem\",\"position\":2,\"name\":\"Warenr\u00fccksendung und Reklamation\"}]},{\"@type\":\"WebSite\",\"@id\":\"https:\\\/\\\/choketopus.com\\\/#website\",\"url\":\"https:\\\/\\\/choketopus.com\\\/\",\"name\":\"Choketopus.com\",\"description\":\"Original clothing for submissions and choking\",\"publisher\":{\"@id\":\"https:\\\/\\\/choketopus.com\\\/#organization\"},\"potentialAction\":[{\"@type\":\"SearchAction\",\"target\":{\"@type\":\"EntryPoint\",\"urlTemplate\":\"https:\\\/\\\/choketopus.com\\\/?s={search_term_string}\"},\"query-input\":{\"@type\":\"PropertyValueSpecification\",\"valueRequired\":true,\"valueName\":\"search_term_string\"}}],\"inLanguage\":\"de\"},{\"@type\":\"Organization\",\"@id\":\"https:\\\/\\\/choketopus.com\\\/#organization\",\"name\":\"Rashguard.cz s.r.o.\",\"url\":\"https:\\\/\\\/choketopus.com\\\/\",\"logo\":{\"@type\":\"ImageObject\",\"inLanguage\":\"de\",\"@id\":\"https:\\\/\\\/choketopus.com\\\/#\\\/schema\\\/logo\\\/image\\\/\",\"url\":\"\",\"contentUrl\":\"\",\"caption\":\"Rashguard.cz s.r.o.\"},\"image\":{\"@id\":\"https:\\\/\\\/choketopus.com\\\/#\\\/schema\\\/logo\\\/image\\\/\"},\"sameAs\":[\"https:\\\/\\\/www.facebook.com\\\/choketopus\\\/\",\"https:\\\/\\\/x.com\\\/choketopus\"]}]}<\/script>\n<!-- \/ Yoast SEO plugin. -->","yoast_head_json":{"title":"Warenr\u00fccksendung und Reklamation - Choketopus.com","robots":{"index":"index","follow":"follow","max-snippet":"max-snippet:-1","max-image-preview":"max-image-preview:large","max-video-preview":"max-video-preview:-1"},"canonical":"https:\/\/choketopus.com\/de\/warenruecksendung-und-reklamation\/","og_locale":"de_DE","og_type":"article","og_title":"Warenr\u00fccksendung und Reklamation - Choketopus.com","og_description":"Passt dir die Gr\u00f6\u00dfe nicht oder gibt es einen Mangel an der Ware? Das kann vorkommen Jedes Produkt wird von den H\u00e4nden unserer N\u00e4herinnen durchlaufen, und ein Fehler kann jedem passieren. Ihnen gen\u00fcgt es, uns eine E-Mail an info@choketopus.com zu schreiben&nbsp; Wir schicken Ihnen ein Etikett f\u00fcr Z\u00e1silkovna, Sie verpacken die Kleidung und bringen sie&hellip;","og_url":"https:\/\/choketopus.com\/de\/warenruecksendung-und-reklamation\/","og_site_name":"Choketopus.com","article_publisher":"https:\/\/www.facebook.com\/choketopus\/","twitter_card":"summary_large_image","twitter_site":"@choketopus","twitter_misc":{"Gesch\u00e4tzte Lesezeit":"3\u00a0Minuten"},"schema":{"@context":"https:\/\/schema.org","@graph":[{"@type":"WebPage","@id":"https:\/\/choketopus.com\/de\/warenruecksendung-und-reklamation\/","url":"https:\/\/choketopus.com\/de\/warenruecksendung-und-reklamation\/","name":"Warenr\u00fccksendung und Reklamation - Choketopus.com","isPartOf":{"@id":"https:\/\/choketopus.com\/#website"},"datePublished":"2023-10-22T13:31:27+00:00","breadcrumb":{"@id":"https:\/\/choketopus.com\/de\/warenruecksendung-und-reklamation\/#breadcrumb"},"inLanguage":"de","potentialAction":[{"@type":"ReadAction","target":["https:\/\/choketopus.com\/de\/warenruecksendung-und-reklamation\/"]}]},{"@type":"BreadcrumbList","@id":"https:\/\/choketopus.com\/de\/warenruecksendung-und-reklamation\/#breadcrumb","itemListElement":[{"@type":"ListItem","position":1,"name":"Dom\u016f","item":"https:\/\/choketopus.com\/de\/"},{"@type":"ListItem","position":2,"name":"Warenr\u00fccksendung und Reklamation"}]},{"@type":"WebSite","@id":"https:\/\/choketopus.com\/#website","url":"https:\/\/choketopus.com\/","name":"Choketopus.com","description":"Original clothing for submissions and choking","publisher":{"@id":"https:\/\/choketopus.com\/#organization"},"potentialAction":[{"@type":"SearchAction","target":{"@type":"EntryPoint","urlTemplate":"https:\/\/choketopus.com\/?s={search_term_string}"},"query-input":{"@type":"PropertyValueSpecification","valueRequired":true,"valueName":"search_term_string"}}],"inLanguage":"de"},{"@type":"Organization","@id":"https:\/\/choketopus.com\/#organization","name":"Rashguard.cz s.r.o.","url":"https:\/\/choketopus.com\/","logo":{"@type":"ImageObject","inLanguage":"de","@id":"https:\/\/choketopus.com\/#\/schema\/logo\/image\/","url":"","contentUrl":"","caption":"Rashguard.cz s.r.o."},"image":{"@id":"https:\/\/choketopus.com\/#\/schema\/logo\/image\/"},"sameAs":["https:\/\/www.facebook.com\/choketopus\/","https:\/\/x.com\/choketopus"]}]}},"_links":{"self":[{"href":"https:\/\/choketopus.com\/de\/wp-json\/wp\/v2\/pages\/27346","targetHints":{"allow":["GET"]}}],"collection":[{"href":"https:\/\/choketopus.com\/de\/wp-json\/wp\/v2\/pages"}],"about":[{"href":"https:\/\/choketopus.com\/de\/wp-json\/wp\/v2\/types\/page"}],"author":[{"embeddable":true,"href":"https:\/\/choketopus.com\/de\/wp-json\/wp\/v2\/users\/3"}],"replies":[{"embeddable":true,"href":"https:\/\/choketopus.com\/de\/wp-json\/wp\/v2\/comments?post=27346"}],"version-history":[{"count":1,"href":"https:\/\/choketopus.com\/de\/wp-json\/wp\/v2\/pages\/27346\/revisions"}],"predecessor-version":[{"id":27347,"href":"https:\/\/choketopus.com\/de\/wp-json\/wp\/v2\/pages\/27346\/revisions\/27347"}],"wp:attachment":[{"href":"https:\/\/choketopus.com\/de\/wp-json\/wp\/v2\/media?parent=27346"}],"curies":[{"name":"wp","href":"https:\/\/api.w.org\/{rel}","templated":true}]}}